{"id":14271,"date":"2023-01-31T06:33:40","date_gmt":"2023-01-31T04:33:40","guid":{"rendered":"https:\/\/greencells.com\/karriere-2023\/"},"modified":"2026-04-28T10:20:27","modified_gmt":"2026-04-28T08:20:27","slug":"karriere","status":"publish","type":"page","link":"https:\/\/greencells.com\/de\/karriere\/","title":{"rendered":"Karriere"},"content":{"rendered":"<p>[et_pb_section fb_built=&#8220;1&#8243; fullwidth=&#8220;on&#8220; disabled_on=&#8220;off|off|off&#8220; admin_label=&#8220;Hero&#8220; _builder_version=&#8220;4.16&#8243; background_color=&#8220;#2b3648&#8243; custom_padding=&#8220;|||&#8220; transparent_background=&#8220;on&#8220; saved_tabs=&#8220;all&#8220; global_colors_info=&#8220;{}&#8220;][et_pb_fullwidth_header title=&#8220;KARRIERE&#8220; text_orientation=&#8220;center&#8220; background_overlay_color=&#8220;#85bd35&#8243; subhead_font_color=&#8220;#bebebe&#8220; _builder_version=&#8220;4.27.5&#8243; title_level=&#8220;h3&#8243; title_font=&#8220;|300|||||||&#8220; title_text_color=&#8220;#ffffff&#8220; title_font_size=&#8220;32px&#8220; title_letter_spacing=&#8220;16px&#8220; content_font=&#8220;Montserrat||||&#8220; content_text_color=&#8220;#bfbfbf&#8220; content_line_height=&#8220;1.8em&#8220; subhead_font=&#8220;Montserrat||||&#8220; subhead_text_color=&#8220;#bebebe&#8220; subhead_line_height=&#8220;1.8em&#8220; background_color=&#8220;#2b3648&#8243; background_enable_image=&#8220;off&#8220; custom_padding=&#8220;0%||0%||false|false&#8220; animation_style=&#8220;fade&#8220; animation_duration=&#8220;1500ms&#8220; title_line_height_last_edited=&#8220;off|desktop&#8220; global_colors_info=&#8220;{}&#8220; button_one_text_size__hover_enabled=&#8220;off&#8220; button_two_text_size__hover_enabled=&#8220;off&#8220; button_one_text_color__hover_enabled=&#8220;off&#8220; button_two_text_color__hover_enabled=&#8220;off&#8220; button_one_border_width__hover_enabled=&#8220;off&#8220; button_two_border_width__hover_enabled=&#8220;off&#8220; button_one_border_color__hover_enabled=&#8220;off&#8220; button_two_border_color__hover_enabled=&#8220;off&#8220; button_one_border_radius__hover_enabled=&#8220;off&#8220; button_two_border_radius__hover_enabled=&#8220;off&#8220; button_one_letter_spacing__hover_enabled=&#8220;off&#8220; button_two_letter_spacing__hover_enabled=&#8220;off&#8220; button_one_bg_color__hover_enabled=&#8220;off&#8220; button_two_bg_color__hover_enabled=&#8220;off&#8220;][\/et_pb_fullwidth_header][\/et_pb_section][et_pb_section fb_built=&#8220;1&#8243; fullwidth=&#8220;on&#8220; _builder_version=&#8220;4.27.6&#8243; _module_preset=&#8220;default&#8220; background_image=&#8220;https:\/\/greencells.com\/wp-content\/uploads\/2026\/04\/GFX_Corporate_Careers_01_130426-scaled.jpg&#8220; background_position=&#8220;top_center&#8220; background_vertical_offset=&#8220;19%&#8220; custom_css_main_element=&#8220;overflow: hidden; height: 350px;&#8220; custom_css_free_form=&#8220;selector img { width: 100%; height: 100%; object-fit: cover; object-position: center 30%; }&#8220; global_colors_info=&#8220;{}&#8220;][et_pb_fullwidth_image src=&#8220;https:\/\/greencells.com\/wp-content\/uploads\/2026\/04\/GFX_Corporate_Careers_01_130426-scaled.jpg&#8220; title_text=&#8220;GFX_Corporate_Careers_01_130426&#8243; _builder_version=&#8220;4.27.6&#8243; _module_preset=&#8220;default&#8220; vertical_offset=&#8220;-778px&#8220; min_height=&#8220;100px&#8220; max_height=&#8220;300px&#8220; custom_css_main_element=&#8220;overflow: hidden; height: 350px;||&#8220; custom_css_free_form=&#8220;selector img { width: 100%; height: 100%; object-fit: cover; object-position: center 40%; }&#8220; global_colors_info=&#8220;{}&#8220;][\/et_pb_fullwidth_image][\/et_pb_section][et_pb_section fb_built=&#8220;1&#8243; _builder_version=&#8220;4.27.5&#8243; _module_preset=&#8220;default&#8220; min_height=&#8220;215.7px&#8220; custom_margin=&#8220;||0px||false|false&#8220; custom_padding=&#8220;0px||40px||false|false&#8220; locked=&#8220;off&#8220; global_colors_info=&#8220;{}&#8220;][et_pb_row _builder_version=&#8220;4.21.0&#8243; custom_padding=&#8220;50px||0px||false|false&#8220; locked=&#8220;off&#8220; global_colors_info=&#8220;{}&#8220; parallax_1__hover=&#8220;off&#8220; parallax_1__hover_enabled=&#8220;off&#8220; parallax_2__hover=&#8220;off&#8220; parallax_2__hover_enabled=&#8220;off&#8220; parallax_3__hover=&#8220;off&#8220; parallax_3__hover_enabled=&#8220;off&#8220; parallax_4__hover=&#8220;off&#8220; parallax_4__hover_enabled=&#8220;off&#8220; parallax_method_1__hover=&#8220;on&#8220; parallax_method_1__hover_enabled=&#8220;on&#8220; parallax_method_2__hover=&#8220;on&#8220; parallax_method_2__hover_enabled=&#8220;on&#8220; parallax_method_3__hover=&#8220;on&#8220; parallax_method_3__hover_enabled=&#8220;on&#8220; parallax_method_4__hover=&#8220;on&#8220; parallax_method_4__hover_enabled=&#8220;on&#8220;][et_pb_column type=&#8220;4_4&#8243; _builder_version=&#8220;4.16&#8243; custom_padding=&#8220;|||&#8220; global_colors_info=&#8220;{}&#8220; custom_padding__hover=&#8220;|||&#8220;][et_pb_text _builder_version=&#8220;4.27.5&#8243; text_font=&#8220;Ubuntu||||||||&#8220; text_text_color=&#8220;#838383&#8243; text_font_size=&#8220;18px&#8220; text_line_height=&#8220;30px&#8220; header_font=&#8220;Source Sans Pro||||||||&#8220; header_2_font=&#8220;Source Sans Pro|600|||||||&#8220; header_2_text_color=&#8220;#2b3648&#8243; header_2_font_size=&#8220;58px&#8220; header_2_line_height=&#8220;1.4em&#8220; header_4_font=&#8220;Source Sans Pro|||on|||||&#8220; header_4_text_color=&#8220;#85bd35&#8243; header_4_font_size=&#8220;16px&#8220; header_4_letter_spacing=&#8220;2px&#8220; header_4_line_height=&#8220;1.6em&#8220; text_orientation=&#8220;center&#8220; max_width=&#8220;700px&#8220; module_alignment=&#8220;center&#8220; min_height=&#8220;6.6px&#8220; custom_margin=&#8220;||0px||false|false&#8220; custom_padding=&#8220;3px||0px||false|false&#8220; header_2_font_size_tablet=&#8220;30px&#8220; header_2_font_size_phone=&#8220;22px&#8220; header_2_font_size_last_edited=&#8220;on|phone&#8220; header_4_font_size_tablet=&#8220;&#8220; header_4_font_size_phone=&#8220;14px&#8220; header_4_font_size_last_edited=&#8220;on|phone&#8220; locked=&#8220;off&#8220; global_colors_info=&#8220;{}&#8220;]<\/p>\n<h4>SAUBERE ENERGIE &#8211; GEMEINSAM AUFBAUEN<\/h4>\n<p>[\/et_pb_text][et_pb_text _builder_version=&#8220;4.27.5&#8243; text_font=&#8220;Source Sans Pro||||||||&#8220; text_text_color=&#8220;#838383&#8243; text_font_size=&#8220;18px&#8220; text_line_height=&#8220;30px&#8220; header_font=&#8220;Source Sans Pro||||||||&#8220; header_2_font=&#8220;Source Sans Pro||||||||&#8220; header_2_text_color=&#8220;#2b3648&#8243; header_2_font_size=&#8220;24px&#8220; header_2_letter_spacing=&#8220;6px&#8220; header_2_line_height=&#8220;1.4em&#8220; header_4_font=&#8220;Ubuntu|700||on|||||&#8220; header_4_text_color=&#8220;#85bd35&#8243; header_4_font_size=&#8220;16px&#8220; header_4_letter_spacing=&#8220;2px&#8220; header_4_line_height=&#8220;1.6em&#8220; text_orientation=&#8220;center&#8220; max_width=&#8220;700px&#8220; module_alignment=&#8220;center&#8220; custom_margin=&#8220;0px||||false|false&#8220; custom_padding=&#8220;0px||13px||false|false&#8220; header_2_font_size_tablet=&#8220;30px&#8220; header_2_font_size_phone=&#8220;22px&#8220; header_2_font_size_last_edited=&#8220;on|phone&#8220; header_4_font_size_tablet=&#8220;&#8220; header_4_font_size_phone=&#8220;14px&#8220; header_4_font_size_last_edited=&#8220;on|phone&#8220; locked=&#8220;off&#8220; global_colors_info=&#8220;{}&#8220;]<\/p>\n<h2>KARRIEREN BEI GREENCELLS<\/h2>\n<p>[\/et_pb_text][\/et_pb_column][\/et_pb_row][et_pb_row _builder_version=&#8220;4.18.1&#8243; _module_preset=&#8220;default&#8220; custom_margin=&#8220;|auto|-25px|auto|false|false&#8220; custom_padding=&#8220;0px||0px||false|false&#8220; global_colors_info=&#8220;{}&#8220;][et_pb_column type=&#8220;4_4&#8243; _builder_version=&#8220;4.16&#8243; _module_preset=&#8220;default&#8220; global_colors_info=&#8220;{}&#8220;][et_pb_text _builder_version=&#8220;4.27.6&#8243; _module_preset=&#8220;default&#8220; custom_padding=&#8220;||0px|||&#8220; locked=&#8220;off&#8220; global_colors_info=&#8220;{}&#8220;]<\/p>\n<p>Greencells baut nicht nur Solaranlagen &#8211; wir gestalten die Energiezukunft Europas mit. Mit \u00dcberzeugung, Verantwortung und starken Teams. <\/p>\n<p>Mit mehr als 180 abgeschlossenen Projekten und einer installierten Leistung von \u00fcber 3,3 GWp sind wir einer der f\u00fchrenden europ\u00e4ischen EPC- und O&amp;M-Anbieter f\u00fcr Solarkraftwerke im industriellen Ma\u00dfstab. Wir erbringen Planungs-, Bau- und technische Betriebsf\u00fchrungsleistungen f\u00fcr netzgekoppelte PV-Anlagen in Deutschland, den Niederlanden, Gro\u00dfbritannien, Irland, Rum\u00e4nien und Ungarn &#8211; effizient, zuverl\u00e4ssig und immer mit Blick nach vorn. Weitere Informationen zu unserem Unternehmen finden Sie <a href=\"https:\/\/staging.greencells.com\/about-us\/\">hier<\/a>.  <\/p>\n<p>Was uns antreibt:<strong><br \/>Wir entwickeln saubere Energiel\u00f6sungen f\u00fcr eine bessere Zukunft.<\/strong><\/p>\n<p>Es ist nicht nur ein Satz &#8211; es ist das, wof\u00fcr wir stehen.<\/p>\n<p>Und das spiegelt sich in unserer Arbeitsweise wider: Wir \u00fcbernehmen Verantwortung. Wir h\u00f6ren zu, denken voraus und handeln zielgerichtet. Wir bleiben pragmatisch, wenn die Dinge komplex werden. Und wir halten uns gegenseitig den R\u00fccken frei, wenn es darauf ankommt. F\u00fcr uns ist Qualit\u00e4t keine Verpflichtung &#8211; sie ist eine Einstellung.    <\/p>\n<p>Ob Sie Projekte leiten, Systeme entwerfen, B\u00fccher f\u00fchren oder die Kommunikation gestalten &#8211; hier finden Sie Freiraum, keine starren Strukturen. Ihre Ideen sind wichtig. Ihre Initiative ist willkommen. Und Ihre Wirkung ist sp\u00fcrbar &#8211; in Ergebnissen, in Teams, in der Energiewende.   <\/p>\n<p>Bei Greencells arbeiten Sie in interkulturellen, interdisziplin\u00e4ren Teams &#8211; mit flachen Hierarchien, echter Eigenverantwortung und der Chance, sich zu profilieren. Flexible Arbeitsmodelle, gegenseitiges Vertrauen und die M\u00f6glichkeit, sich weiterzuentwickeln, geh\u00f6ren ebenso zu unserer Kultur wie der gemeinsame Ehrgeiz, beruflich und pers\u00f6nlich weiterzukommen. <\/p>\n<p><strong>Wenn das nach der Art von Ort klingt, den Sie suchen, w\u00fcrden wir Sie gerne kennen lernen.<\/strong><\/p>\n<p>&nbsp;<\/p>\n<p>[\/et_pb_text][\/et_pb_column][\/et_pb_row][\/et_pb_section][et_pb_section fb_built=&#8220;1&#8243; _builder_version=&#8220;4.27.5&#8243; _module_preset=&#8220;default&#8220; background_color=&#8220;#f7f7f7&#8243; min_height=&#8220;215.7px&#8220; custom_margin=&#8220;||0px||false|false&#8220; custom_padding=&#8220;0px||40px||false|false&#8220; locked=&#8220;off&#8220; global_colors_info=&#8220;{}&#8220;][et_pb_row _builder_version=&#8220;4.21.0&#8243; custom_padding=&#8220;50px||0px||false|false&#8220; locked=&#8220;off&#8220; global_colors_info=&#8220;{}&#8220; parallax_1__hover=&#8220;off&#8220; parallax_1__hover_enabled=&#8220;off&#8220; parallax_2__hover=&#8220;off&#8220; parallax_2__hover_enabled=&#8220;off&#8220; parallax_3__hover=&#8220;off&#8220; parallax_3__hover_enabled=&#8220;off&#8220; parallax_4__hover=&#8220;off&#8220; parallax_4__hover_enabled=&#8220;off&#8220; parallax_method_1__hover=&#8220;on&#8220; parallax_method_1__hover_enabled=&#8220;on&#8220; parallax_method_2__hover=&#8220;on&#8220; parallax_method_2__hover_enabled=&#8220;on&#8220; parallax_method_3__hover=&#8220;on&#8220; parallax_method_3__hover_enabled=&#8220;on&#8220; parallax_method_4__hover=&#8220;on&#8220; parallax_method_4__hover_enabled=&#8220;on&#8220;][et_pb_column type=&#8220;4_4&#8243; _builder_version=&#8220;4.16&#8243; custom_padding=&#8220;|||&#8220; global_colors_info=&#8220;{}&#8220; custom_padding__hover=&#8220;|||&#8220;][et_pb_text _builder_version=&#8220;4.27.6&#8243; text_font=&#8220;Ubuntu||||||||&#8220; text_text_color=&#8220;#838383&#8243; text_font_size=&#8220;18px&#8220; text_line_height=&#8220;30px&#8220; header_font=&#8220;Source Sans Pro||||||||&#8220; header_2_font=&#8220;Source Sans Pro|600|||||||&#8220; header_2_text_color=&#8220;#2b3648&#8243; header_2_font_size=&#8220;58px&#8220; header_2_line_height=&#8220;1.4em&#8220; header_4_font=&#8220;Source Sans Pro|||on|||||&#8220; header_4_text_color=&#8220;#85bd35&#8243; header_4_font_size=&#8220;16px&#8220; header_4_letter_spacing=&#8220;2px&#8220; header_4_line_height=&#8220;1.6em&#8220; text_orientation=&#8220;center&#8220; max_width=&#8220;700px&#8220; module_alignment=&#8220;center&#8220; min_height=&#8220;6.6px&#8220; custom_margin=&#8220;||0px||false|false&#8220; custom_padding=&#8220;3px||0px||false|false&#8220; header_2_font_size_tablet=&#8220;30px&#8220; header_2_font_size_phone=&#8220;22px&#8220; header_2_font_size_last_edited=&#8220;on|phone&#8220; header_4_font_size_tablet=&#8220;&#8220; header_4_font_size_phone=&#8220;14px&#8220; header_4_font_size_last_edited=&#8220;on|phone&#8220; locked=&#8220;off&#8220; global_colors_info=&#8220;{}&#8220;]<\/p>\n<h4>KARRIEREM\u00d6GLICHKEITEN<\/h4>\n<p>[\/et_pb_text][et_pb_text _builder_version=&#8220;4.27.6&#8243; text_font=&#8220;Source Sans Pro||||||||&#8220; text_text_color=&#8220;#838383&#8243; text_font_size=&#8220;18px&#8220; text_line_height=&#8220;30px&#8220; header_font=&#8220;Source Sans Pro||||||||&#8220; header_2_font=&#8220;Source Sans Pro||||||||&#8220; header_2_text_color=&#8220;#2b3648&#8243; header_2_font_size=&#8220;24px&#8220; header_2_letter_spacing=&#8220;6px&#8220; header_2_line_height=&#8220;1.4em&#8220; header_4_font=&#8220;Ubuntu|700||on|||||&#8220; header_4_text_color=&#8220;#85bd35&#8243; header_4_font_size=&#8220;16px&#8220; header_4_letter_spacing=&#8220;2px&#8220; header_4_line_height=&#8220;1.6em&#8220; text_orientation=&#8220;center&#8220; max_width=&#8220;700px&#8220; module_alignment=&#8220;center&#8220; custom_margin=&#8220;0px||||false|false&#8220; custom_padding=&#8220;0px||13px||false|false&#8220; header_2_font_size_tablet=&#8220;30px&#8220; header_2_font_size_phone=&#8220;22px&#8220; header_2_font_size_last_edited=&#8220;on|phone&#8220; header_4_font_size_tablet=&#8220;&#8220; header_4_font_size_phone=&#8220;14px&#8220; header_4_font_size_last_edited=&#8220;on|phone&#8220; locked=&#8220;off&#8220; global_colors_info=&#8220;{}&#8220;]<\/p>\n<h2>OFFENE POSITIONEN<\/h2>\n<p>[\/et_pb_text][\/et_pb_column][\/et_pb_row][et_pb_row _builder_version=&#8220;4.18.1&#8243; _module_preset=&#8220;default&#8220; custom_margin=&#8220;|auto|-25px|auto|false|false&#8220; custom_padding=&#8220;0px||0px||false|false&#8220; global_colors_info=&#8220;{}&#8220;][et_pb_column type=&#8220;4_4&#8243; _builder_version=&#8220;4.16&#8243; _module_preset=&#8220;default&#8220; global_colors_info=&#8220;{}&#8220;][et_pb_text _builder_version=&#8220;4.27.6&#8243; _module_preset=&#8220;default&#8220; text_font=&#8220;Source Sans Pro||||||||&#8220; text_orientation=&#8220;justified&#8220; min_height=&#8220;100px&#8220; custom_margin=&#8220;||0px||false|false&#8220; custom_padding=&#8220;10px||45px||false|false&#8220; locked=&#8220;off&#8220; global_colors_info=&#8220;{}&#8220;]<\/p>\n<p>Entdecken Sie die aktuellen Karrierem\u00f6glichkeiten bei Greencells. Ganz gleich, ob Sie in unseren Unternehmensteams oder direkt an unseren Projektstandorten mitarbeiten m\u00f6chten, Sie finden Stellen, die die Entwicklung, den Bau und den Betrieb von Solarprojekten in ganz Europa unterst\u00fctzen. <\/p>\n<p>W\u00e4hlen Sie den Weg, der zu Ihrem Profil passt, und entdecken Sie, wie Sie mit uns zum Aufbau sauberer Energiel\u00f6sungen beitragen k\u00f6nnen.<\/p>\n<p>[\/et_pb_text][\/et_pb_column][\/et_pb_row][et_pb_row column_structure=&#8220;1_2,1_2&#8243; _builder_version=&#8220;4.27.6&#8243; _module_preset=&#8220;default&#8220; global_colors_info=&#8220;{}&#8220;][et_pb_column type=&#8220;1_2&#8243; _builder_version=&#8220;4.27.6&#8243; _module_preset=&#8220;default&#8220; global_colors_info=&#8220;{}&#8220;][et_pb_blurb title=&#8220;OFFICE JOBS&#8220; url=&#8220;https:\/\/greencells.com\/de\/karriere\/unternehmens-karrieren\/&#8220; url_new_window=&#8220;on&#8220; image=&#8220;https:\/\/greencells.com\/wp-content\/uploads\/2026\/04\/GFX_Corporate_Careers_04_130426-scaled.jpg&#8220; _builder_version=&#8220;4.27.6&#8243; _module_preset=&#8220;default&#8220; header_letter_spacing=&#8220;3px&#8220; link_option_url=&#8220;https:\/\/greencells.com\/de\/karriere\/unternehmens-karrieren\/&#8220; link_option_url_new_window=&#8220;on&#8220; global_colors_info=&#8220;{}&#8220;]<\/p>\n<p>Arbeiten Sie in unseren Unternehmensteams in Bereichen wie Technik, Finanzen, Projektmanagement, Recht, Personal, Marketing und Unternehmensdienstleistungen. Arbeiten Sie im Zentrum unseres Unternehmens und gestalten Sie die Zukunft von Solarstromprojekten in ganz Europa mit. <\/p>\n<p>[\/et_pb_blurb][\/et_pb_column][et_pb_column type=&#8220;1_2&#8243; _builder_version=&#8220;4.27.6&#8243; _module_preset=&#8220;default&#8220; global_colors_info=&#8220;{}&#8220;][et_pb_blurb title=&#8220;CONSTRUCTION JOBS&#8220; url=&#8220;https:\/\/greencells.com\/de\/karriere\/on-site-careers\/&#8220; url_new_window=&#8220;on&#8220; image=&#8220;https:\/\/greencells.com\/wp-content\/uploads\/2026\/04\/GFX_Onsite_Careers_01_160426-scaled.jpg&#8220; _builder_version=&#8220;4.27.6&#8243; _module_preset=&#8220;default&#8220; header_letter_spacing=&#8220;3px&#8220; link_option_url=&#8220;https:\/\/greencells.com\/de\/karriere\/on-site-careers\/&#8220; link_option_url_new_window=&#8220;on&#8220; global_colors_info=&#8220;{}&#8220;]<\/p>\n<p>Werden Sie Teil der Teams, die unsere Solarprojekte in ganz Europa bauen. Vom Bau und der Elektroinstallation bis hin zur Inbetriebnahme und dem Baustellenmanagement &#8211; unsere Mitarbeiter vor Ort setzen die Pl\u00e4ne in funktionierende Solarparks um. <\/p>\n<p>[\/et_pb_blurb][\/et_pb_column][\/et_pb_row][\/et_pb_section]<\/p>\n","protected":false},"excerpt":{"rendered":"<p>SAUBERE ENERGIE &#8211; GEMEINSAM AUFBAUENKARRIEREN BEI GREENCELLSGreencells baut nicht nur Solaranlagen &#8211; wir gestalten die Energiezukunft Europas mit. Mit \u00dcberzeugung, Verantwortung und starken Teams. Mit mehr als 180 abgeschlossenen Projekten und einer installierten Leistung von \u00fcber 3,3 GWp sind wir einer der f\u00fchrenden europ\u00e4ischen EPC- und O&amp;M-Anbieter f\u00fcr Solarkraftwerke im industriellen Ma\u00dfstab. Wir erbringen Planungs-, [&hellip;]<\/p>\n","protected":false},"author":22,"featured_media":0,"parent":0,"menu_order":0,"comment_status":"closed","ping_status":"closed","template":"","meta":{"_et_pb_use_builder":"on","_et_pb_old_content":"","_et_gb_content_width":"","footnotes":""},"class_list":["post-14271","page","type-page","status-publish","hentry"],"yoast_head":"<!-- This site is optimized with the Yoast SEO plugin v27.4 - https:\/\/yoast.com\/product\/yoast-seo-wordpress\/ -->\n<title>Karriere | Greencells Group - Arbeiten mit Sinn in der Solarbranche<\/title>\n<meta name=\"description\" content=\"Karriere bei der Greencells Gruppe: Werden Sie Teil unseres globalen EPC-Teams und gestalten Sie die Zukunft der Solarenergie als Ingenieur, Elektriker oder Controller mit.\" \/>\n<meta name=\"robots\" content=\"index, follow, max-snippet:-1, max-image-preview:large, max-video-preview:-1\" \/>\n<link rel=\"canonical\" href=\"https:\/\/greencells.com\/de\/karriere\/\" \/>\n<meta property=\"og:locale\" content=\"de_DE\" \/>\n<meta property=\"og:type\" content=\"article\" \/>\n<meta property=\"og:title\" content=\"Karriere | Greencells Group - Arbeiten mit Sinn in der Solarbranche\" \/>\n<meta property=\"og:description\" content=\"Karriere bei der Greencells Gruppe: Werden Sie Teil unseres globalen EPC-Teams und gestalten Sie die Zukunft der Solarenergie als Ingenieur, Elektriker oder Controller mit.\" \/>\n<meta property=\"og:url\" content=\"https:\/\/greencells.com\/de\/karriere\/\" \/>\n<meta property=\"og:site_name\" content=\"Greencells Group\" \/>\n<meta property=\"article:modified_time\" content=\"2026-04-28T08:20:27+00:00\" \/>\n<meta name=\"twitter:card\" content=\"summary_large_image\" \/>\n<meta name=\"twitter:label1\" content=\"Gesch\u00e4tzte Lesezeit\" \/>\n\t<meta name=\"twitter:data1\" content=\"1\u00a0Minute\" \/>\n<script type=\"application\/ld+json\" class=\"yoast-schema-graph\">{\"@context\":\"https:\\\/\\\/schema.org\",\"@graph\":[{\"@type\":\"WebPage\",\"@id\":\"https:\\\/\\\/greencells.com\\\/de\\\/karriere\\\/\",\"url\":\"https:\\\/\\\/greencells.com\\\/de\\\/karriere\\\/\",\"name\":\"Karriere | Greencells Group - Arbeiten mit Sinn in der Solarbranche\",\"isPartOf\":{\"@id\":\"https:\\\/\\\/greencells.com\\\/de\\\/#website\"},\"datePublished\":\"2023-01-31T04:33:40+00:00\",\"dateModified\":\"2026-04-28T08:20:27+00:00\",\"description\":\"Karriere bei der Greencells Gruppe: Werden Sie Teil unseres globalen EPC-Teams und gestalten Sie die Zukunft der Solarenergie als Ingenieur, Elektriker oder Controller mit.\",\"breadcrumb\":{\"@id\":\"https:\\\/\\\/greencells.com\\\/de\\\/karriere\\\/#breadcrumb\"},\"inLanguage\":\"de\",\"potentialAction\":[{\"@type\":\"ReadAction\",\"target\":[\"https:\\\/\\\/greencells.com\\\/de\\\/karriere\\\/\"]}]},{\"@type\":\"BreadcrumbList\",\"@id\":\"https:\\\/\\\/greencells.com\\\/de\\\/karriere\\\/#breadcrumb\",\"itemListElement\":[{\"@type\":\"ListItem\",\"position\":1,\"name\":\"Home\",\"item\":\"https:\\\/\\\/greencells.com\\\/de\\\/startseite-greencells-group\\\/\"},{\"@type\":\"ListItem\",\"position\":2,\"name\":\"Karriere\"}]},{\"@type\":\"WebSite\",\"@id\":\"https:\\\/\\\/greencells.com\\\/de\\\/#website\",\"url\":\"https:\\\/\\\/greencells.com\\\/de\\\/\",\"name\":\"Greencells Group\",\"description\":\"Greencells Group Homepage\",\"potentialAction\":[{\"@type\":\"SearchAction\",\"target\":{\"@type\":\"EntryPoint\",\"urlTemplate\":\"https:\\\/\\\/greencells.com\\\/de\\\/?s={search_term_string}\"},\"query-input\":{\"@type\":\"PropertyValueSpecification\",\"valueRequired\":true,\"valueName\":\"search_term_string\"}}],\"inLanguage\":\"de\"}]}<\/script>\n<!-- \/ Yoast SEO plugin. -->","yoast_head_json":{"title":"Karriere | Greencells Group - Arbeiten mit Sinn in der Solarbranche","description":"Karriere bei der Greencells Gruppe: Werden Sie Teil unseres globalen EPC-Teams und gestalten Sie die Zukunft der Solarenergie als Ingenieur, Elektriker oder Controller mit.","robots":{"index":"index","follow":"follow","max-snippet":"max-snippet:-1","max-image-preview":"max-image-preview:large","max-video-preview":"max-video-preview:-1"},"canonical":"https:\/\/greencells.com\/de\/karriere\/","og_locale":"de_DE","og_type":"article","og_title":"Karriere | Greencells Group - Arbeiten mit Sinn in der Solarbranche","og_description":"Karriere bei der Greencells Gruppe: Werden Sie Teil unseres globalen EPC-Teams und gestalten Sie die Zukunft der Solarenergie als Ingenieur, Elektriker oder Controller mit.","og_url":"https:\/\/greencells.com\/de\/karriere\/","og_site_name":"Greencells Group","article_modified_time":"2026-04-28T08:20:27+00:00","twitter_card":"summary_large_image","twitter_misc":{"Gesch\u00e4tzte Lesezeit":"1\u00a0Minute"},"schema":{"@context":"https:\/\/schema.org","@graph":[{"@type":"WebPage","@id":"https:\/\/greencells.com\/de\/karriere\/","url":"https:\/\/greencells.com\/de\/karriere\/","name":"Karriere | Greencells Group - Arbeiten mit Sinn in der Solarbranche","isPartOf":{"@id":"https:\/\/greencells.com\/de\/#website"},"datePublished":"2023-01-31T04:33:40+00:00","dateModified":"2026-04-28T08:20:27+00:00","description":"Karriere bei der Greencells Gruppe: Werden Sie Teil unseres globalen EPC-Teams und gestalten Sie die Zukunft der Solarenergie als Ingenieur, Elektriker oder Controller mit.","breadcrumb":{"@id":"https:\/\/greencells.com\/de\/karriere\/#breadcrumb"},"inLanguage":"de","potentialAction":[{"@type":"ReadAction","target":["https:\/\/greencells.com\/de\/karriere\/"]}]},{"@type":"BreadcrumbList","@id":"https:\/\/greencells.com\/de\/karriere\/#breadcrumb","itemListElement":[{"@type":"ListItem","position":1,"name":"Home","item":"https:\/\/greencells.com\/de\/startseite-greencells-group\/"},{"@type":"ListItem","position":2,"name":"Karriere"}]},{"@type":"WebSite","@id":"https:\/\/greencells.com\/de\/#website","url":"https:\/\/greencells.com\/de\/","name":"Greencells Group","description":"Greencells Group Homepage","potentialAction":[{"@type":"SearchAction","target":{"@type":"EntryPoint","urlTemplate":"https:\/\/greencells.com\/de\/?s={search_term_string}"},"query-input":{"@type":"PropertyValueSpecification","valueRequired":true,"valueName":"search_term_string"}}],"inLanguage":"de"}]}},"_links":{"self":[{"href":"https:\/\/greencells.com\/de\/wp-json\/wp\/v2\/pages\/14271","targetHints":{"allow":["GET"]}}],"collection":[{"href":"https:\/\/greencells.com\/de\/wp-json\/wp\/v2\/pages"}],"about":[{"href":"https:\/\/greencells.com\/de\/wp-json\/wp\/v2\/types\/page"}],"author":[{"embeddable":true,"href":"https:\/\/greencells.com\/de\/wp-json\/wp\/v2\/users\/22"}],"replies":[{"embeddable":true,"href":"https:\/\/greencells.com\/de\/wp-json\/wp\/v2\/comments?post=14271"}],"version-history":[{"count":21,"href":"https:\/\/greencells.com\/de\/wp-json\/wp\/v2\/pages\/14271\/revisions"}],"predecessor-version":[{"id":20082,"href":"https:\/\/greencells.com\/de\/wp-json\/wp\/v2\/pages\/14271\/revisions\/20082"}],"wp:attachment":[{"href":"https:\/\/greencells.com\/de\/wp-json\/wp\/v2\/media?parent=14271"}],"curies":[{"name":"wp","href":"https:\/\/api.w.org\/{rel}","templated":true}]}}