{"id":17213,"date":"2024-08-07T09:49:20","date_gmt":"2024-08-07T09:49:20","guid":{"rendered":"https:\/\/greencells.com\/?page_id=17213"},"modified":"2026-03-23T18:15:04","modified_gmt":"2026-03-23T16:15:04","slug":"esg-ir","status":"publish","type":"page","link":"https:\/\/greencells.com\/de\/ueber-uns\/esg-ir\/","title":{"rendered":"ESG"},"content":{"rendered":"<p>[et_pb_section fb_built=&#8220;1&#8243; fullwidth=&#8220;on&#8220; disabled_on=&#8220;off|off|off&#8220; admin_label=&#8220;Hero&#8220; _builder_version=&#8220;4.16&#8243; background_color=&#8220;#2b3648&#8243; custom_padding=&#8220;|||&#8220; transparent_background=&#8220;on&#8220; saved_tabs=&#8220;all&#8220; global_colors_info=&#8220;{}&#8220;][et_pb_fullwidth_header title=&#8220;ESG&#8220; text_orientation=&#8220;center&#8220; background_overlay_color=&#8220;#85bd35&#8243; subhead_font_color=&#8220;#bebebe&#8220; _builder_version=&#8220;4.27.6&#8243; title_level=&#8220;h3&#8243; title_font=&#8220;Source Sans Pro|300|||||||&#8220; title_text_color=&#8220;#ffffff&#8220; title_font_size=&#8220;32px&#8220; title_letter_spacing=&#8220;16px&#8220; content_font=&#8220;Montserrat||||&#8220; content_text_color=&#8220;#bfbfbf&#8220; content_line_height=&#8220;1.8em&#8220; subhead_font=&#8220;Montserrat||||&#8220; subhead_text_color=&#8220;#bebebe&#8220; subhead_line_height=&#8220;1.8em&#8220; background_color=&#8220;#2b3648&#8243; background_enable_image=&#8220;off&#8220; custom_padding=&#8220;0%||0%||false|false&#8220; animation_style=&#8220;fade&#8220; animation_duration=&#8220;1500ms&#8220; hover_enabled=&#8220;0&#8243; title_line_height_last_edited=&#8220;off|desktop&#8220; global_colors_info=&#8220;{}&#8220; button_one_text_size__hover_enabled=&#8220;off&#8220; button_two_text_size__hover_enabled=&#8220;off&#8220; button_one_text_color__hover_enabled=&#8220;off&#8220; button_two_text_color__hover_enabled=&#8220;off&#8220; button_one_border_width__hover_enabled=&#8220;off&#8220; button_two_border_width__hover_enabled=&#8220;off&#8220; button_one_border_color__hover_enabled=&#8220;off&#8220; button_two_border_color__hover_enabled=&#8220;off&#8220; button_one_border_radius__hover_enabled=&#8220;off&#8220; button_two_border_radius__hover_enabled=&#8220;off&#8220; button_one_letter_spacing__hover_enabled=&#8220;off&#8220; button_two_letter_spacing__hover_enabled=&#8220;off&#8220; button_one_bg_color__hover_enabled=&#8220;off&#8220; button_two_bg_color__hover_enabled=&#8220;off&#8220; sticky_enabled=&#8220;0&#8243;][\/et_pb_fullwidth_header][et_pb_fullwidth_image src=&#8220;https:\/\/greencells.com\/wp-content\/uploads\/2023\/07\/GFX_170723_ESG_Header-scaled.jpg&#8220; title_text=&#8220;Die Hand des Unternehmers zeigt auf den digitalen Bildschirm des Armaturenbretts, w\u00e4hrend er den Kohlendioxidaussto\u00df kontrolliert und reduziert, um die Umwelt zu schonen. Unternehmen mit Umweltbewusstsein, Emissionsgutschriften und Null-Emissionen. &#8220; _builder_version=&#8220;4.21.0&#8243; _module_preset=&#8220;default&#8220; vertical_offset=&#8220;-428px&#8220; height=&#8220;300px&#8220; global_colors_info=&#8220;{}&#8220;][\/et_pb_fullwidth_image][\/et_pb_section][et_pb_section fb_built=&#8220;1&#8243; _builder_version=&#8220;4.21.0&#8243; _module_preset=&#8220;default&#8220; min_height=&#8220;215.7px&#8220; custom_margin=&#8220;||0px||false|false&#8220; custom_padding=&#8220;0px||0px|||&#8220; locked=&#8220;off&#8220; global_colors_info=&#8220;{}&#8220;][et_pb_row _builder_version=&#8220;4.21.0&#8243; custom_padding=&#8220;50px||0px||false|false&#8220; locked=&#8220;off&#8220; global_colors_info=&#8220;{}&#8220; parallax_1__hover=&#8220;off&#8220; parallax_1__hover_enabled=&#8220;off&#8220; parallax_2__hover=&#8220;off&#8220; parallax_2__hover_enabled=&#8220;off&#8220; parallax_3__hover=&#8220;off&#8220; parallax_3__hover_enabled=&#8220;off&#8220; parallax_4__hover=&#8220;off&#8220; parallax_4__hover_enabled=&#8220;off&#8220; parallax_method_1__hover=&#8220;on&#8220; parallax_method_1__hover_enabled=&#8220;on&#8220; parallax_method_2__hover=&#8220;on&#8220; parallax_method_2__hover_enabled=&#8220;on&#8220; parallax_method_3__hover=&#8220;on&#8220; parallax_method_3__hover_enabled=&#8220;on&#8220; parallax_method_4__hover=&#8220;on&#8220; parallax_method_4__hover_enabled=&#8220;on&#8220;][et_pb_column type=&#8220;4_4&#8243; _builder_version=&#8220;4.16&#8243; custom_padding=&#8220;|||&#8220; global_colors_info=&#8220;{}&#8220; custom_padding__hover=&#8220;|||&#8220;][et_pb_text _builder_version=&#8220;4.18.1&#8243; text_font=&#8220;Ubuntu||||||||&#8220; text_text_color=&#8220;#838383&#8243; text_font_size=&#8220;18px&#8220; text_line_height=&#8220;30px&#8220; header_font=&#8220;Source Sans Pro||||||||&#8220; header_2_font=&#8220;Source Sans Pro|600|||||||&#8220; header_2_text_color=&#8220;#2b3648&#8243; header_2_font_size=&#8220;58px&#8220; header_2_line_height=&#8220;1.4em&#8220; header_4_font=&#8220;Source Sans Pro|||on|||||&#8220; header_4_text_color=&#8220;#85bd35&#8243; header_4_font_size=&#8220;16px&#8220; header_4_letter_spacing=&#8220;2px&#8220; header_4_line_height=&#8220;1.6em&#8220; text_orientation=&#8220;center&#8220; max_width=&#8220;700px&#8220; module_alignment=&#8220;center&#8220; min_height=&#8220;6.6px&#8220; custom_margin=&#8220;||-8px||false|false&#8220; custom_padding=&#8220;3px||0px||false|false&#8220; header_2_font_size_tablet=&#8220;30px&#8220; header_2_font_size_phone=&#8220;22px&#8220; header_2_font_size_last_edited=&#8220;on|phone&#8220; header_4_font_size_tablet=&#8220;&#8220; header_4_font_size_phone=&#8220;14px&#8220; header_4_font_size_last_edited=&#8220;on|phone&#8220; locked=&#8220;off&#8220; global_colors_info=&#8220;{}&#8220;]<\/p>\n<h4><span>UMWELT, SOZIALES, VERWALTUNG<\/span><\/h4>\n<p>[\/et_pb_text][et_pb_text _builder_version=&#8220;4.21.0&#8243; text_font=&#8220;Source Sans Pro||||||||&#8220; text_text_color=&#8220;#838383&#8243; text_font_size=&#8220;18px&#8220; text_line_height=&#8220;30px&#8220; header_font=&#8220;Source Sans Pro||||||||&#8220; header_2_font=&#8220;Source Sans Pro||||||||&#8220; header_2_text_color=&#8220;#2b3648&#8243; header_2_font_size=&#8220;24px&#8220; header_2_letter_spacing=&#8220;6px&#8220; header_2_line_height=&#8220;1.4em&#8220; header_4_font=&#8220;Ubuntu|700||on|||||&#8220; header_4_text_color=&#8220;#85bd35&#8243; header_4_font_size=&#8220;16px&#8220; header_4_letter_spacing=&#8220;2px&#8220; header_4_line_height=&#8220;1.6em&#8220; text_orientation=&#8220;center&#8220; max_width=&#8220;700px&#8220; module_alignment=&#8220;center&#8220; custom_margin=&#8220;0px||||false|false&#8220; custom_padding=&#8220;0px||13px||false|false&#8220; header_2_font_size_tablet=&#8220;30px&#8220; header_2_font_size_phone=&#8220;22px&#8220; header_2_font_size_last_edited=&#8220;on|phone&#8220; header_4_font_size_tablet=&#8220;&#8220; header_4_font_size_phone=&#8220;14px&#8220; header_4_font_size_last_edited=&#8220;on|phone&#8220; locked=&#8220;off&#8220; global_colors_info=&#8220;{}&#8220;]<\/p>\n<h2>WIR \u00dcBERNEHMEN VERANTWORTUNG<\/h2>\n<p>[\/et_pb_text][\/et_pb_column][\/et_pb_row][et_pb_row _builder_version=&#8220;4.18.1&#8243; _module_preset=&#8220;default&#8220; custom_margin=&#8220;|auto|-25px|auto|false|false&#8220; custom_padding=&#8220;0px||0px||false|false&#8220; global_colors_info=&#8220;{}&#8220;][et_pb_column type=&#8220;4_4&#8243; _builder_version=&#8220;4.16&#8243; _module_preset=&#8220;default&#8220; global_colors_info=&#8220;{}&#8220;][et_pb_text _builder_version=&#8220;4.21.0&#8243; _module_preset=&#8220;default&#8220; text_font=&#8220;Source Sans Pro||||||||&#8220; text_orientation=&#8220;justified&#8220; min_height=&#8220;158.5px&#8220; custom_margin=&#8220;||-22px||false|false&#8220; custom_padding=&#8220;10px||45px||false|false&#8220; locked=&#8220;off&#8220; global_colors_info=&#8220;{}&#8220;]<\/p>\n<p style=\"text-align: left\"><span><span class=\"ui-provider fy b c d e f g h i j k l m n o p q r s t u v w x y z ab ac ae af ag ah ai aj ak\" dir=\"ltr\">Als f\u00fchrendes Unternehmen im Bereich der Solarenergie steht Greencells bereits an vorderster Front im Kampf gegen den Klimawandel. Bei der Entwicklung und dem Bau unserer Solaranlagen wollen wir sicherstellen, dass wir die neuesten ESG-Standards erf\u00fcllen. Daher geht Greencells ESG-Themen intern und extern strategisch an.  <\/span><\/span><\/p>\n<p>[\/et_pb_text][\/et_pb_column][\/et_pb_row][\/et_pb_section][et_pb_section fb_built=&#8220;1&#8243; admin_label=&#8220;Feature Section&#8220; module_class=&#8220;ubuntu-normal&#8220; _builder_version=&#8220;4.21.0&#8243; background_color=&#8220;#f7f7f7&#8243; min_height=&#8220;872px&#8220; custom_margin=&#8220;7px||0px||false|false&#8220; custom_padding=&#8220;22px||0px||false|false&#8220; locked=&#8220;off&#8220; global_colors_info=&#8220;{}&#8220;][et_pb_row column_structure=&#8220;1_6,1_6,1_6,1_6,1_6,1_6&#8243; make_equal=&#8220;on&#8220; _builder_version=&#8220;4.27.4&#8243; _module_preset=&#8220;default&#8220; min_height=&#8220;116px&#8220; custom_margin=&#8220;0px|auto|0px|auto|false|false&#8220; custom_padding=&#8220;19px||70px||false|false&#8220; global_colors_info=&#8220;{}&#8220;][et_pb_column type=&#8220;1_6&#8243; _builder_version=&#8220;4.27.4&#8243; _module_preset=&#8220;default&#8220; link_option_url=&#8220;NACHHALTIGKEITSBERICHT 2024&#8243; global_colors_info=&#8220;{}&#8220;][et_pb_blurb title=&#8220;GREENCELLS NACHHALTIGKEITSBERICHT 2024&#8243; url=&#8220;https:\/\/greencells.com\/flipbook\/greencells-sustainability-report-2024\/&#8220; image=&#8220;https:\/\/greencells.com\/wp-content\/uploads\/2025\/08\/GFX_Sustainability_Report_2024_Cover_200825.jpg&#8220; _builder_version=&#8220;4.27.4&#8243; _module_preset=&#8220;default&#8220; header_font=&#8220;Source Sans Pro||||||||&#8220; header_text_color=&#8220;#85BD35&#8243; header_font_size=&#8220;16px&#8220; header_letter_spacing=&#8220;2px&#8220; header_line_height=&#8220;1.2em&#8220; body_font=&#8220;Source Sans Pro||||||||&#8220; global_colors_info=&#8220;{}&#8220;]<\/p>\n<p>Unser Nachhaltigkeitsbericht macht transparent, wie wir Umwelt-, Sozial- und Governance-Grunds\u00e4tze in unsere t\u00e4gliche Arbeit integrieren. Er hebt die Ma\u00dfnahmen hervor, die wir ergreifen, um unseren \u00f6kologischen Fu\u00dfabdruck zu verringern, einen integrativen Arbeitsplatz zu f\u00f6rdern, strenge Governance-Standards aufrechtzuerhalten und langfristige Werte f\u00fcr unsere Stakeholder zu schaffen. <\/p>\n<p><span style=\"font-size: 17px;\"><\/span><\/p>\n<p><span><\/span><\/p>\n<p><span><\/span><\/p>\n<p><span><\/span><\/p>\n<p>[\/et_pb_blurb][\/et_pb_column][et_pb_column type=&#8220;1_6&#8243; _builder_version=&#8220;4.25.2&#8243; _module_preset=&#8220;default&#8220; global_colors_info=&#8220;{}&#8220;][et_pb_blurb title=&#8220;RAHMEN F\u00dcR UMWELT, SOZIALES UND GOVERNANCE &#8220; url=&#8220;https:\/\/greencells.com\/es\/flipbook\/greencells-sustainability-report-2024\/&#8220; image=&#8220;https:\/\/greencells.com\/wp-content\/uploads\/2023\/07\/GFX_170723_ESG_Framework_Cover-scaled.jpg&#8220; _builder_version=&#8220;4.27.4&#8243; _module_preset=&#8220;default&#8220; header_font=&#8220;Source Sans Pro||||||||&#8220; header_text_color=&#8220;#85BD35&#8243; header_font_size=&#8220;16px&#8220; header_letter_spacing=&#8220;2px&#8220; header_line_height=&#8220;1.2em&#8220; body_font=&#8220;Source Sans Pro||||||||&#8220; global_colors_info=&#8220;{}&#8220;]<\/p>\n<p><span style=\"font-size: 17px;\">Unser ESG-Rahmenwerk legt fest, wie wir als Unternehmen handeln, um sicherzustellen, dass unsere T\u00e4tigkeiten auf umweltfreundliche und sozial verantwortliche Weise durchgef\u00fchrt werden,<\/span><span style=\"font-size: 17px;\"> wie wir die Beziehungen zu Mitarbeitern, Lieferanten, Kunden und den Gemeinden, in denen wir t\u00e4tig sind, gestalten.<\/span><span style=\"font-size: 17px;\"><\/span><\/p>\n<p><span style=\"font-size: 17px;\"><\/span><\/p>\n<p><span><\/span><\/p>\n<p><span><\/span><\/p>\n<p><span><\/span><\/p>\n<p>[\/et_pb_blurb][\/et_pb_column][et_pb_column type=&#8220;1_6&#8243; _builder_version=&#8220;4.21.0&#8243; _module_preset=&#8220;default&#8220; global_colors_info=&#8220;{}&#8220;][et_pb_blurb title=&#8220;BERICHT \u00dcBER DIE MITTELVERWENDUNG DES BESICHERTEN GREENCELLS GREEN BOND 2020\/2025 &#8211; GESCH\u00c4FTSJAHR 2023&#8243; url=&#8220;https:\/\/greencells.com\/?r3d=green-bond-mittelallokation-2023-deutsch&#8220; image=&#8220;https:\/\/greencells.com\/wp-content\/uploads\/2024\/06\/GFX_270624_Green_Bond_Mittelallokation_2023_DE.jpg&#8220; _builder_version=&#8220;4.27.4&#8243; _module_preset=&#8220;default&#8220; header_font=&#8220;||||||||&#8220; header_text_color=&#8220;#85BD35&#8243; header_font_size=&#8220;16px&#8220; header_letter_spacing=&#8220;2px&#8220; header_line_height=&#8220;1.2em&#8220; body_font=&#8220;||||||||&#8220; body_text_color=&#8220;#848484&#8243; custom_padding=&#8220;0px|||||&#8220; global_colors_info=&#8220;{}&#8220;]<\/p>\n<p><span>Auch f\u00fcr das Gesch\u00e4ftsjahr 2023 berichten wir \u00fcber die Mittelverwendung unseres Green Bonds 2020 \/ 2025. Dank des Engagements nachhaltig orientierter Investoren konnten im Jahr 2023 \u00fcber 8 Mio. Euro in die Entwicklung neuer Solarparks investiert werden. Diese werden mit einer erwarteten j\u00e4hrlichen CO<sub>2<\/sub>-Ersparnis von rund 1,39 Mio. Tonnen einen signifikanten Beitrag zum Klimaschutz leisten.   <\/span><\/p>\n<p>[\/et_pb_blurb][\/et_pb_column][et_pb_column type=&#8220;1_6&#8243; _builder_version=&#8220;4.21.0&#8243; _module_preset=&#8220;default&#8220; global_colors_info=&#8220;{}&#8220;][et_pb_blurb title=&#8220;BERICHT \u00dcBER DIE MITTELVERWENDUNG DES BESICHERTEN GREENCELLS GREEN BOND 2020\/2025 &#8211; GESCH\u00c4FTSJAHR 2022&#8243; url=&#8220;https:\/\/greencells.com\/?r3d=green_bond_mittelallokation_2022_en&#8220; image=&#8220;https:\/\/greencells.com\/wp-content\/uploads\/2023\/08\/GFX_160823_Allokationsbericht-22-ENG.jpg&#8220; _builder_version=&#8220;4.27.4&#8243; _module_preset=&#8220;default&#8220; header_font=&#8220;Source Sans Pro||||||||&#8220; header_text_color=&#8220;#85BD35&#8243; header_font_size=&#8220;16px&#8220; header_letter_spacing=&#8220;2px&#8220; header_line_height=&#8220;1.2em&#8220; body_font=&#8220;||||||||&#8220; custom_padding=&#8220;0px|||||&#8220; global_colors_info=&#8220;{}&#8220;]<\/p>\n<p>In Bezug auf unseren Green Bond sind wir verpflichtet, j\u00e4hrlich \u00fcber die Zuteilung der Green Bond-Mittel zu berichten. In diesem Zusammenhang berichten wir nicht nur \u00fcber die Mittelvergabe selbst, sondern auch \u00fcber ihren positiven Beitrag zur Nachhaltigkeit. Im Jahr 2022 unterst\u00fctzten Green Bond-Fonds die Entwicklung von Solarparks mit einer Gesamtkapazit\u00e4t von etwa 2,1 GW.  <\/p>\n<p>[\/et_pb_blurb][\/et_pb_column][et_pb_column type=&#8220;1_6&#8243; _builder_version=&#8220;4.21.0&#8243; _module_preset=&#8220;default&#8220; global_colors_info=&#8220;{}&#8220;][et_pb_blurb title=&#8220;BERICHT \u00dcBER DIE MITTELVERWENDUNG DES BESICHERTEN GREENCELLS GREEN BOND 2020\/2025 &#8211; GESCH\u00c4FTSJAHR 2021&#8243; url=&#8220;https:\/\/greencells.com\/?r3d=green_bond_mittelallokation_2021_de&#8220; image=&#8220;https:\/\/greencells.com\/wp-content\/uploads\/2023\/08\/GFX_160823_Allokationsbericht-21-DE.jpg&#8220; _builder_version=&#8220;4.21.2&#8243; _module_preset=&#8220;default&#8220; header_font=&#8220;Source Sans Pro||||||||&#8220; header_text_color=&#8220;#85BD35&#8243; header_font_size=&#8220;16px&#8220; header_letter_spacing=&#8220;2px&#8220; header_line_height=&#8220;1.2em&#8220; body_font=&#8220;Source Sans Pro||||||||&#8220; global_colors_info=&#8220;{}&#8220;]<\/p>\n<p>In unserem j\u00e4hrlichen Bericht \u00fcber die Verwendung von Green Bond-Fonds berichten wir nicht nur \u00fcber die Mittelverwendung selbst, sondern auch \u00fcber ihren positiven Beitrag zur Nachhaltigkeit. Im Jahr 2021 trugen die Mittel der Gr\u00fcnen Anleihe zur Entwicklung von Solarparks bei, die in Zukunft j\u00e4hrlich etwa 2 Millionen tCO2 einsparen werden. <\/p>\n<p>[\/et_pb_blurb][\/et_pb_column][et_pb_column type=&#8220;1_6&#8243; _builder_version=&#8220;4.21.0&#8243; _module_preset=&#8220;default&#8220; global_colors_info=&#8220;{}&#8220;][et_pb_blurb title=&#8220;FALLSTUDIE &#8211; REVITALISIERUNG EINES EHEMALIGEN BERGBAUGEBIETS PROJEKT ST. CHARLES &#8220; url=&#8220;https:\/\/greencells.com\/wp-content\/uploads\/2023\/07\/GFX_250723_Case_Studies_St.Charles_DE.pdf&#8220; image=&#8220;https:\/\/greencells.com\/wp-content\/uploads\/2023\/07\/GFX_170723_Case_Studies_Cover-scaled.jpg&#8220; _builder_version=&#8220;4.21.0&#8243; _module_preset=&#8220;default&#8220; header_font=&#8220;Source Sans Pro||||||||&#8220; header_text_color=&#8220;#85BD35&#8243; header_font_size=&#8220;16px&#8220; header_letter_spacing=&#8220;2px&#8220; header_line_height=&#8220;1.2em&#8220; body_font=&#8220;Source Sans Pro||||||||&#8220; custom_margin=&#8220;2px|||||&#8220; global_colors_info=&#8220;{}&#8220;]<\/p>\n<p>Diese Fallstudie veranschaulicht den fortschrittlichen Ansatz unseres Unternehmens bei der Entwicklung gro\u00dfer Solaranlagen und der umwelt- und sozialvertr\u00e4glichen Integration unserer Projekte in die Standortgemeinden.<\/p>\n<p>[\/et_pb_blurb][\/et_pb_column][\/et_pb_row][\/et_pb_section]<\/p>\n","protected":false},"excerpt":{"rendered":"<p>UMWELT, SOZIALES, VERWALTUNGWIR \u00dcBERNEHMEN VERANTWORTUNGAls f\u00fchrendes Unternehmen im Bereich der Solarenergie steht Greencells bereits an vorderster Front im Kampf gegen den Klimawandel. Bei der Entwicklung und dem Bau unserer Solaranlagen wollen wir sicherstellen, dass wir die neuesten ESG-Standards erf\u00fcllen. Daher geht Greencells ESG-Themen intern und extern strategisch an. Unser Nachhaltigkeitsbericht macht transparent, wie wir Umwelt-, [&hellip;]<\/p>\n","protected":false},"author":13,"featured_media":0,"parent":4075,"menu_order":0,"comment_status":"closed","ping_status":"closed","template":"","meta":{"_et_pb_use_builder":"on","_et_pb_old_content":"","_et_gb_content_width":"","footnotes":""},"class_list":["post-17213","page","type-page","status-publish","hentry"],"yoast_head":"<!-- This site is optimized with the Yoast SEO plugin v27.4 - https:\/\/yoast.com\/product\/yoast-seo-wordpress\/ -->\n<title>Greencells ESG | Greencells Group<\/title>\n<meta name=\"description\" content=\"Entdecken Sie den ESG-Ansatz von Greencells und erfahren Sie, wie Nachhaltigkeit und verantwortungsvolle Unternehmensf\u00fchrung unsere Solarprojekte in ganz Europa pr\u00e4gen.\" \/>\n<meta name=\"robots\" content=\"index, follow, max-snippet:-1, max-image-preview:large, max-video-preview:-1\" \/>\n<link rel=\"canonical\" href=\"https:\/\/greencells.com\/de\/ueber-uns\/esg-ir\/\" \/>\n<meta property=\"og:locale\" content=\"de_DE\" \/>\n<meta property=\"og:type\" content=\"article\" \/>\n<meta property=\"og:title\" content=\"Greencells ESG | Greencells Group\" \/>\n<meta property=\"og:description\" content=\"Entdecken Sie den ESG-Ansatz von Greencells und erfahren Sie, wie Nachhaltigkeit und verantwortungsvolle Unternehmensf\u00fchrung unsere Solarprojekte in ganz Europa pr\u00e4gen.\" \/>\n<meta property=\"og:url\" content=\"https:\/\/greencells.com\/de\/ueber-uns\/esg-ir\/\" \/>\n<meta property=\"og:site_name\" content=\"Greencells Group\" \/>\n<meta property=\"article:modified_time\" content=\"2026-03-23T16:15:04+00:00\" \/>\n<meta name=\"twitter:card\" content=\"summary_large_image\" \/>\n<meta name=\"twitter:label1\" content=\"Gesch\u00e4tzte Lesezeit\" \/>\n\t<meta name=\"twitter:data1\" content=\"4\u00a0Minuten\" \/>\n<script type=\"application\/ld+json\" class=\"yoast-schema-graph\">{\"@context\":\"https:\\\/\\\/schema.org\",\"@graph\":[{\"@type\":\"WebPage\",\"@id\":\"https:\\\/\\\/greencells.com\\\/de\\\/ueber-uns\\\/esg-ir\\\/\",\"url\":\"https:\\\/\\\/greencells.com\\\/de\\\/ueber-uns\\\/esg-ir\\\/\",\"name\":\"Greencells ESG | Greencells Group\",\"isPartOf\":{\"@id\":\"https:\\\/\\\/greencells.com\\\/de\\\/#website\"},\"datePublished\":\"2024-08-07T09:49:20+00:00\",\"dateModified\":\"2026-03-23T16:15:04+00:00\",\"description\":\"Entdecken Sie den ESG-Ansatz von Greencells und erfahren Sie, wie Nachhaltigkeit und verantwortungsvolle Unternehmensf\u00fchrung unsere Solarprojekte in ganz Europa pr\u00e4gen.\",\"breadcrumb\":{\"@id\":\"https:\\\/\\\/greencells.com\\\/de\\\/ueber-uns\\\/esg-ir\\\/#breadcrumb\"},\"inLanguage\":\"de\",\"potentialAction\":[{\"@type\":\"ReadAction\",\"target\":[\"https:\\\/\\\/greencells.com\\\/de\\\/ueber-uns\\\/esg-ir\\\/\"]}]},{\"@type\":\"BreadcrumbList\",\"@id\":\"https:\\\/\\\/greencells.com\\\/de\\\/ueber-uns\\\/esg-ir\\\/#breadcrumb\",\"itemListElement\":[{\"@type\":\"ListItem\",\"position\":1,\"name\":\"Home\",\"item\":\"https:\\\/\\\/greencells.com\\\/de\\\/startseite-greencells-group\\\/\"},{\"@type\":\"ListItem\",\"position\":2,\"name\":\"\u00dcber uns\",\"item\":\"https:\\\/\\\/greencells.com\\\/de\\\/ueber-uns\\\/\"},{\"@type\":\"ListItem\",\"position\":3,\"name\":\"ESG\"}]},{\"@type\":\"WebSite\",\"@id\":\"https:\\\/\\\/greencells.com\\\/de\\\/#website\",\"url\":\"https:\\\/\\\/greencells.com\\\/de\\\/\",\"name\":\"Greencells Group\",\"description\":\"Greencells Group Homepage\",\"potentialAction\":[{\"@type\":\"SearchAction\",\"target\":{\"@type\":\"EntryPoint\",\"urlTemplate\":\"https:\\\/\\\/greencells.com\\\/de\\\/?s={search_term_string}\"},\"query-input\":{\"@type\":\"PropertyValueSpecification\",\"valueRequired\":true,\"valueName\":\"search_term_string\"}}],\"inLanguage\":\"de\"}]}<\/script>\n<!-- \/ Yoast SEO plugin. -->","yoast_head_json":{"title":"Greencells ESG | Greencells Group","description":"Entdecken Sie den ESG-Ansatz von Greencells und erfahren Sie, wie Nachhaltigkeit und verantwortungsvolle Unternehmensf\u00fchrung unsere Solarprojekte in ganz Europa pr\u00e4gen.","robots":{"index":"index","follow":"follow","max-snippet":"max-snippet:-1","max-image-preview":"max-image-preview:large","max-video-preview":"max-video-preview:-1"},"canonical":"https:\/\/greencells.com\/de\/ueber-uns\/esg-ir\/","og_locale":"de_DE","og_type":"article","og_title":"Greencells ESG | Greencells Group","og_description":"Entdecken Sie den ESG-Ansatz von Greencells und erfahren Sie, wie Nachhaltigkeit und verantwortungsvolle Unternehmensf\u00fchrung unsere Solarprojekte in ganz Europa pr\u00e4gen.","og_url":"https:\/\/greencells.com\/de\/ueber-uns\/esg-ir\/","og_site_name":"Greencells Group","article_modified_time":"2026-03-23T16:15:04+00:00","twitter_card":"summary_large_image","twitter_misc":{"Gesch\u00e4tzte Lesezeit":"4\u00a0Minuten"},"schema":{"@context":"https:\/\/schema.org","@graph":[{"@type":"WebPage","@id":"https:\/\/greencells.com\/de\/ueber-uns\/esg-ir\/","url":"https:\/\/greencells.com\/de\/ueber-uns\/esg-ir\/","name":"Greencells ESG | Greencells Group","isPartOf":{"@id":"https:\/\/greencells.com\/de\/#website"},"datePublished":"2024-08-07T09:49:20+00:00","dateModified":"2026-03-23T16:15:04+00:00","description":"Entdecken Sie den ESG-Ansatz von Greencells und erfahren Sie, wie Nachhaltigkeit und verantwortungsvolle Unternehmensf\u00fchrung unsere Solarprojekte in ganz Europa pr\u00e4gen.","breadcrumb":{"@id":"https:\/\/greencells.com\/de\/ueber-uns\/esg-ir\/#breadcrumb"},"inLanguage":"de","potentialAction":[{"@type":"ReadAction","target":["https:\/\/greencells.com\/de\/ueber-uns\/esg-ir\/"]}]},{"@type":"BreadcrumbList","@id":"https:\/\/greencells.com\/de\/ueber-uns\/esg-ir\/#breadcrumb","itemListElement":[{"@type":"ListItem","position":1,"name":"Home","item":"https:\/\/greencells.com\/de\/startseite-greencells-group\/"},{"@type":"ListItem","position":2,"name":"\u00dcber uns","item":"https:\/\/greencells.com\/de\/ueber-uns\/"},{"@type":"ListItem","position":3,"name":"ESG"}]},{"@type":"WebSite","@id":"https:\/\/greencells.com\/de\/#website","url":"https:\/\/greencells.com\/de\/","name":"Greencells Group","description":"Greencells Group Homepage","potentialAction":[{"@type":"SearchAction","target":{"@type":"EntryPoint","urlTemplate":"https:\/\/greencells.com\/de\/?s={search_term_string}"},"query-input":{"@type":"PropertyValueSpecification","valueRequired":true,"valueName":"search_term_string"}}],"inLanguage":"de"}]}},"_links":{"self":[{"href":"https:\/\/greencells.com\/de\/wp-json\/wp\/v2\/pages\/17213","targetHints":{"allow":["GET"]}}],"collection":[{"href":"https:\/\/greencells.com\/de\/wp-json\/wp\/v2\/pages"}],"about":[{"href":"https:\/\/greencells.com\/de\/wp-json\/wp\/v2\/types\/page"}],"author":[{"embeddable":true,"href":"https:\/\/greencells.com\/de\/wp-json\/wp\/v2\/users\/13"}],"replies":[{"embeddable":true,"href":"https:\/\/greencells.com\/de\/wp-json\/wp\/v2\/comments?post=17213"}],"version-history":[{"count":10,"href":"https:\/\/greencells.com\/de\/wp-json\/wp\/v2\/pages\/17213\/revisions"}],"predecessor-version":[{"id":19500,"href":"https:\/\/greencells.com\/de\/wp-json\/wp\/v2\/pages\/17213\/revisions\/19500"}],"up":[{"embeddable":true,"href":"https:\/\/greencells.com\/de\/wp-json\/wp\/v2\/pages\/4075"}],"wp:attachment":[{"href":"https:\/\/greencells.com\/de\/wp-json\/wp\/v2\/media?parent=17213"}],"curies":[{"name":"wp","href":"https:\/\/api.w.org\/{rel}","templated":true}]}}