{"id":17275,"date":"2024-08-07T09:54:44","date_gmt":"2024-08-07T09:54:44","guid":{"rendered":"https:\/\/greencells.com\/impressum-2\/"},"modified":"2025-06-24T16:54:09","modified_gmt":"2025-06-24T14:54:09","slug":"impressum","status":"publish","type":"page","link":"https:\/\/greencells.com\/de\/impressum\/","title":{"rendered":"Impressum"},"content":{"rendered":"<p>[et_pb_section fb_built=&#8220;1&#8243; fullwidth=&#8220;on&#8220; disabled_on=&#8220;off|off|off&#8220; admin_label=&#8220;Hero&#8220; _builder_version=&#8220;4.16&#8243; background_color=&#8220;#2b3648&#8243; custom_padding=&#8220;|||&#8220; transparent_background=&#8220;on&#8220; saved_tabs=&#8220;all&#8220; global_colors_info=&#8220;{}&#8220;][et_pb_fullwidth_header title=&#8220;IMPRESSUM&#8220; text_orientation=&#8220;center&#8220; background_overlay_color=&#8220;#85bd35&#8243; subhead_font_color=&#8220;#bebebe&#8220; _builder_version=&#8220;4.18.0&#8243; title_level=&#8220;h3&#8243; title_font=&#8220;Source Sans Pro|300|||||||&#8220; title_text_color=&#8220;#ffffff&#8220; title_font_size=&#8220;32px&#8220; title_letter_spacing=&#8220;16px&#8220; content_font=&#8220;Montserrat||||&#8220; content_text_color=&#8220;#bfbfbf&#8220; content_line_height=&#8220;1.8em&#8220; subhead_font=&#8220;Montserrat||||&#8220; subhead_text_color=&#8220;#bebebe&#8220; subhead_line_height=&#8220;1.8em&#8220; background_color=&#8220;#2b3648&#8243; background_enable_image=&#8220;off&#8220; custom_padding=&#8220;0%||0%||false|false&#8220; animation_style=&#8220;fade&#8220; animation_duration=&#8220;1500ms&#8220; title_line_height_last_edited=&#8220;off|desktop&#8220; global_colors_info=&#8220;{}&#8220; button_one_text_size__hover_enabled=&#8220;off&#8220; button_two_text_size__hover_enabled=&#8220;off&#8220; button_one_text_color__hover_enabled=&#8220;off&#8220; button_two_text_color__hover_enabled=&#8220;off&#8220; button_one_border_width__hover_enabled=&#8220;off&#8220; button_two_border_width__hover_enabled=&#8220;off&#8220; button_one_border_color__hover_enabled=&#8220;off&#8220; button_two_border_color__hover_enabled=&#8220;off&#8220; button_one_border_radius__hover_enabled=&#8220;off&#8220; button_two_border_radius__hover_enabled=&#8220;off&#8220; button_one_letter_spacing__hover_enabled=&#8220;off&#8220; button_two_letter_spacing__hover_enabled=&#8220;off&#8220; button_one_bg_color__hover_enabled=&#8220;off&#8220; button_two_bg_color__hover_enabled=&#8220;off&#8220;][\/et_pb_fullwidth_header][\/et_pb_section][et_pb_section fb_built=&#8220;1&#8243; _builder_version=&#8220;4.16&#8243; _module_preset=&#8220;default&#8220; custom_padding=&#8220;0px||0px|||&#8220; global_colors_info=&#8220;{}&#8220;][et_pb_row _builder_version=&#8220;4.16&#8243; _module_preset=&#8220;default&#8220; global_colors_info=&#8220;{}&#8220;][et_pb_column type=&#8220;4_4&#8243; _builder_version=&#8220;4.16&#8243; _module_preset=&#8220;default&#8220; global_colors_info=&#8220;{}&#8220;][lwp_divi_breadcrumbs _builder_version=&#8220;4.16&#8243; _module_preset=&#8220;default&#8220; global_colors_info=&#8220;{}&#8220;][\/lwp_divi_breadcrumbs][\/et_pb_column][\/et_pb_row][\/et_pb_section][et_pb_section fb_built=&#8220;1&#8243; _builder_version=&#8220;4.16&#8243; _module_preset=&#8220;default&#8220; custom_padding=&#8220;0px|||||&#8220; global_colors_info=&#8220;{}&#8220;][et_pb_row _builder_version=&#8220;4.16&#8243; _module_preset=&#8220;default&#8220; global_colors_info=&#8220;{}&#8220;][et_pb_column type=&#8220;4_4&#8243; _builder_version=&#8220;4.16&#8243; _module_preset=&#8220;default&#8220; global_colors_info=&#8220;{}&#8220;][et_pb_text _builder_version=&#8220;4.27.4&#8243; _module_preset=&#8220;default&#8220; text_font=&#8220;Source Sans Pro||||||||&#8220; header_font=&#8220;Source Sans Pro|600|||||||&#8220; header_2_font=&#8220;Source Sans Pro||||||||&#8220; header_2_font_size=&#8220;28px&#8220; header_2_letter_spacing=&#8220;3px&#8220; hover_enabled=&#8220;0&#8243; global_colors_info=&#8220;{}&#8220; sticky_enabled=&#8220;0&#8243;]<\/p>\n<h2>IMPRESSUM<\/h2>\n<p>&nbsp;<\/p>\n<p><strong>INFORMATIONEN NACH \u00a7 5 TMG<\/strong><\/p>\n<p>Greencells GmbH<br \/>Bahnhofstr.<br \/>\n28<br \/>66111 Saarbr\u00fccken <\/p>\n<p>Handelsregister: HRB17943<br \/>Registergericht: Landgericht Saarbr\u00fccken<\/p>\n<p><strong>VERTRETEN DURCH DIE GESCH\u00c4FTSF\u00dcHRER<\/strong><\/p>\n<p>Fabian Herr<\/p>\n<p><strong>KONTAKT<\/strong><\/p>\n<p>Telefon: +49 (0) 681 992 669 10<br \/>E-Mail: mail(at)greencells.com<\/p>\n<p><strong>UMSATZSTEUER-ID<\/strong><\/p>\n<p>Umsatzsteuer-Identifikationsnummer gem\u00e4\u00df \u00a7 27 a Umsatzsteuergesetz:<br \/>DE 268444464<\/p>\n<p><strong>EU-STREITBEILEGUNG<\/strong><\/p>\n<p>Die Europ\u00e4ische Kommission stellt eine Plattform zur Online-Streitbeilegung (OS) zur Verf\u00fcgung: https:\/\/ec.europa.eu\/consumers\/odr.<br \/>Unsere E-Mail-Adresse finden Sie im obigen Impressum.<\/p>\n<p><strong>VERBRAUCHERSTREITBEILEGUNG\/UNIVERSELLE SCHLICHTUNGSSTELLE<\/strong><\/p>\n<p>Wir sind nicht bereit oder verpflichtet, an Streitbeilegungsverfahren vor einer Verbraucherschlichtungsstelle teilzunehmen.<\/p>\n<p><strong>HAFTUNG F\u00dcR INHALTE<\/strong><\/p>\n<p>Als Diensteanbieter sind wir gem\u00e4\u00df \u00a7 7 Abs. 1 TMG f\u00fcr eigene Inhalte auf diesen Seiten nach den allgemeinen Gesetzen verantwortlich. Nach \u00a7\u00a7 8 bis 10 TMG sind wir nicht verpflichtet, \u00fcbermittelte oder gespeicherte fremde Informationen zu \u00fcberwachen oder nach Umst\u00e4nden zu forschen, die auf eine rechtswidrige T\u00e4tigkeit hinweisen.<\/p>\n<p>Verpflichtungen zur Entfernung oder Sperrung der Nutzung von Informationen nach den allgemeinen Gesetzen bleiben hiervon unber\u00fchrt. Eine diesbez\u00fcgliche Haftung ist jedoch erst ab dem Zeitpunkt m\u00f6glich, zu dem eine konkrete Rechtsverletzung bekannt wird. Bei Bekanntwerden von derartigen Rechtsverletzungen werden wir die entsprechenden Inhalte umgehend entfernen.<\/p>\n<p><strong>HAFTUNG F\u00dcR LINKS<\/strong><\/p>\n<p>Unser Angebot enth\u00e4lt Links zu externen Webseiten Dritter, auf deren Inhalte wir keinen Einfluss haben. Daher k\u00f6nnen wir f\u00fcr diese fremden Inhalte keine Haftung \u00fcbernehmen. F\u00fcr den Inhalt der verlinkten Seiten ist stets der jeweilige Anbieter oder Betreiber der Seiten verantwortlich. Die verlinkten Seiten wurden zum Zeitpunkt der Verlinkung auf m\u00f6gliche Rechtsverst\u00f6\u00dfe \u00fcberpr\u00fcft. Rechtswidrige Inhalte waren zum Zeitpunkt der Verlinkung nicht erkennbar.<\/p>\n<p>Eine permanente inhaltliche Kontrolle der verlinkten Seiten ist jedoch ohne konkrete Anhaltspunkte einer Rechtsverletzung nicht zumutbar. Bei Bekanntwerden von Rechtsverletzungen werden wir derartige Links umgehend entfernen.<\/p>\n<p><strong>COPYRIGHT<\/strong><\/p>\n<p>Die durch die Seitenbetreiber erstellten Inhalte und Werke auf diesen Seiten unterliegen dem deutschen Urheberrecht. Die Vervielf\u00e4ltigung, Bearbeitung, Verbreitung oder jede Form der Verwertung au\u00dferhalb der Grenzen des Urheberrechtes bed\u00fcrfen der vorherigen schriftlichen Zustimmung des jeweiligen Autors oder Erstellers. Downloads und Kopien dieser Website sind nur f\u00fcr den privaten, nicht kommerziellen Gebrauch gestattet.<\/p>\n<p>Soweit die Inhalte auf dieser Seite nicht vom Betreiber erstellt wurden, werden die Urheberrechte Dritter beachtet. Insbesondere werden fremde Inhalte als solche gekennzeichnet. Sollten Sie dennoch auf eine Urheberrechtsverletzung aufmerksam werden, teilen Sie uns dies bitte mit. Bei Bekanntwerden von Rechtsverletzungen werden wir diese Inhalte umgehend entfernen.<\/p>\n<p>[\/et_pb_text][\/et_pb_column][\/et_pb_row][\/et_pb_section]<\/p>\n","protected":false},"excerpt":{"rendered":"<p><div class=\"et_pb_module lwp_divi_breadcrumbs lwp_divi_breadcrumbs_0\">\n\t\t\t\t\n\t\t\t\t\n\t\t\t\t\n\t\t\t\t\n\t\t\t\t\n\t\t\t\t\n\t\t\t\t<div class=\"et_pb_module_inner\">\n\t\t\t\t\t<div class=\"lwp-breadcrumbs\"> <span class=\"before\"><\/span> <span vocab=\"https:\/\/schema.org\/\" typeof=\"BreadcrumbList\"><span property=\"itemListElement\" typeof=\"ListItem\"><a property=\"item\" typeof=\"WebPage\" href=\"https:\/\/greencells.com\/de\/\" class=\"home\"><span property=\"name\">Home<\/span><\/a><meta property=\"position\" content=\"1\"><\/span> <span class=\"separator et-pb-icon\">&#x39;<\/span> <\/span><\/div>\n\t\t\t\t<\/div>\n\t\t\t<\/div>IMPRESSUM &nbsp; INFORMATIONEN NACH \u00a7 5 TMG Greencells GmbHBahnhofstr. 2866111 Saarbr\u00fccken Handelsregister: HRB17943Registergericht: Landgericht Saarbr\u00fccken VERTRETEN DURCH DIE GESCH\u00c4FTSF\u00dcHRER Fabian Herr KONTAKT Telefon: +49 (0) 681 992 669 10E-Mail: mail(at)greencells.com UMSATZSTEUER-ID Umsatzsteuer-Identifikationsnummer gem\u00e4\u00df \u00a7 27 a Umsatzsteuergesetz:DE 268444464 EU-STREITBEILEGUNG Die Europ\u00e4ische Kommission stellt eine Plattform zur Online-Streitbeilegung (OS) zur Verf\u00fcgung: https:\/\/ec.europa.eu\/consumers\/odr.Unsere E-Mail-Adresse [&hellip;]<\/p>\n","protected":false},"author":18,"featured_media":0,"parent":0,"menu_order":0,"comment_status":"closed","ping_status":"closed","template":"","meta":{"_et_pb_use_builder":"on","_et_pb_old_content":"","_et_gb_content_width":"","footnotes":""},"class_list":["post-17275","page","type-page","status-publish","hentry"],"yoast_head":"<!-- This site is optimized with the Yoast SEO plugin v27.4 - https:\/\/yoast.com\/product\/yoast-seo-wordpress\/ -->\n<title>Impressum | Greencells Group - Rechtliche Informationen &amp; Kontakte<\/title>\n<meta name=\"description\" content=\"Hier finden Sie rechtliche Informationen, Unternehmensdaten und Kontaktinformationen zur Greencells Group. Dieses Impressum gilt f\u00fcr alle Seiten unter dieser Domain.\" \/>\n<meta name=\"robots\" content=\"index, follow, max-snippet:-1, max-image-preview:large, max-video-preview:-1\" \/>\n<link rel=\"canonical\" href=\"https:\/\/greencells.com\/de\/impressum\/\" \/>\n<meta property=\"og:locale\" content=\"de_DE\" \/>\n<meta property=\"og:type\" content=\"article\" \/>\n<meta property=\"og:title\" content=\"Impressum | Greencells Group - Rechtliche Informationen &amp; Kontakte\" \/>\n<meta property=\"og:description\" content=\"Hier finden Sie rechtliche Informationen, Unternehmensdaten und Kontaktinformationen zur Greencells Group. Dieses Impressum gilt f\u00fcr alle Seiten unter dieser Domain.\" \/>\n<meta property=\"og:url\" content=\"https:\/\/greencells.com\/de\/impressum\/\" \/>\n<meta property=\"og:site_name\" content=\"Greencells Group\" \/>\n<meta property=\"article:modified_time\" content=\"2025-06-24T14:54:09+00:00\" \/>\n<meta name=\"twitter:card\" content=\"summary_large_image\" \/>\n<meta name=\"twitter:label1\" content=\"Gesch\u00e4tzte Lesezeit\" \/>\n\t<meta name=\"twitter:data1\" content=\"3\u00a0Minuten\" \/>\n<script type=\"application\/ld+json\" class=\"yoast-schema-graph\">{\"@context\":\"https:\\\/\\\/schema.org\",\"@graph\":[{\"@type\":\"WebPage\",\"@id\":\"https:\\\/\\\/greencells.com\\\/de\\\/impressum\\\/\",\"url\":\"https:\\\/\\\/greencells.com\\\/de\\\/impressum\\\/\",\"name\":\"Impressum | Greencells Group - Rechtliche Informationen & Kontakte\",\"isPartOf\":{\"@id\":\"https:\\\/\\\/greencells.com\\\/de\\\/#website\"},\"datePublished\":\"2024-08-07T09:54:44+00:00\",\"dateModified\":\"2025-06-24T14:54:09+00:00\",\"description\":\"Hier finden Sie rechtliche Informationen, Unternehmensdaten und Kontaktinformationen zur Greencells Group. Dieses Impressum gilt f\u00fcr alle Seiten unter dieser Domain.\",\"breadcrumb\":{\"@id\":\"https:\\\/\\\/greencells.com\\\/de\\\/impressum\\\/#breadcrumb\"},\"inLanguage\":\"de\",\"potentialAction\":[{\"@type\":\"ReadAction\",\"target\":[\"https:\\\/\\\/greencells.com\\\/de\\\/impressum\\\/\"]}]},{\"@type\":\"BreadcrumbList\",\"@id\":\"https:\\\/\\\/greencells.com\\\/de\\\/impressum\\\/#breadcrumb\",\"itemListElement\":[{\"@type\":\"ListItem\",\"position\":1,\"name\":\"Home\",\"item\":\"https:\\\/\\\/greencells.com\\\/de\\\/startseite-greencells-group\\\/\"},{\"@type\":\"ListItem\",\"position\":2,\"name\":\"Impressum\"}]},{\"@type\":\"WebSite\",\"@id\":\"https:\\\/\\\/greencells.com\\\/de\\\/#website\",\"url\":\"https:\\\/\\\/greencells.com\\\/de\\\/\",\"name\":\"Greencells Group\",\"description\":\"Greencells Group Homepage\",\"potentialAction\":[{\"@type\":\"SearchAction\",\"target\":{\"@type\":\"EntryPoint\",\"urlTemplate\":\"https:\\\/\\\/greencells.com\\\/de\\\/?s={search_term_string}\"},\"query-input\":{\"@type\":\"PropertyValueSpecification\",\"valueRequired\":true,\"valueName\":\"search_term_string\"}}],\"inLanguage\":\"de\"}]}<\/script>\n<!-- \/ Yoast SEO plugin. -->","yoast_head_json":{"title":"Impressum | Greencells Group - Rechtliche Informationen & Kontakte","description":"Hier finden Sie rechtliche Informationen, Unternehmensdaten und Kontaktinformationen zur Greencells Group. Dieses Impressum gilt f\u00fcr alle Seiten unter dieser Domain.","robots":{"index":"index","follow":"follow","max-snippet":"max-snippet:-1","max-image-preview":"max-image-preview:large","max-video-preview":"max-video-preview:-1"},"canonical":"https:\/\/greencells.com\/de\/impressum\/","og_locale":"de_DE","og_type":"article","og_title":"Impressum | Greencells Group - Rechtliche Informationen & Kontakte","og_description":"Hier finden Sie rechtliche Informationen, Unternehmensdaten und Kontaktinformationen zur Greencells Group. Dieses Impressum gilt f\u00fcr alle Seiten unter dieser Domain.","og_url":"https:\/\/greencells.com\/de\/impressum\/","og_site_name":"Greencells Group","article_modified_time":"2025-06-24T14:54:09+00:00","twitter_card":"summary_large_image","twitter_misc":{"Gesch\u00e4tzte Lesezeit":"3\u00a0Minuten"},"schema":{"@context":"https:\/\/schema.org","@graph":[{"@type":"WebPage","@id":"https:\/\/greencells.com\/de\/impressum\/","url":"https:\/\/greencells.com\/de\/impressum\/","name":"Impressum | Greencells Group - Rechtliche Informationen & Kontakte","isPartOf":{"@id":"https:\/\/greencells.com\/de\/#website"},"datePublished":"2024-08-07T09:54:44+00:00","dateModified":"2025-06-24T14:54:09+00:00","description":"Hier finden Sie rechtliche Informationen, Unternehmensdaten und Kontaktinformationen zur Greencells Group. Dieses Impressum gilt f\u00fcr alle Seiten unter dieser Domain.","breadcrumb":{"@id":"https:\/\/greencells.com\/de\/impressum\/#breadcrumb"},"inLanguage":"de","potentialAction":[{"@type":"ReadAction","target":["https:\/\/greencells.com\/de\/impressum\/"]}]},{"@type":"BreadcrumbList","@id":"https:\/\/greencells.com\/de\/impressum\/#breadcrumb","itemListElement":[{"@type":"ListItem","position":1,"name":"Home","item":"https:\/\/greencells.com\/de\/startseite-greencells-group\/"},{"@type":"ListItem","position":2,"name":"Impressum"}]},{"@type":"WebSite","@id":"https:\/\/greencells.com\/de\/#website","url":"https:\/\/greencells.com\/de\/","name":"Greencells Group","description":"Greencells Group Homepage","potentialAction":[{"@type":"SearchAction","target":{"@type":"EntryPoint","urlTemplate":"https:\/\/greencells.com\/de\/?s={search_term_string}"},"query-input":{"@type":"PropertyValueSpecification","valueRequired":true,"valueName":"search_term_string"}}],"inLanguage":"de"}]}},"_links":{"self":[{"href":"https:\/\/greencells.com\/de\/wp-json\/wp\/v2\/pages\/17275","targetHints":{"allow":["GET"]}}],"collection":[{"href":"https:\/\/greencells.com\/de\/wp-json\/wp\/v2\/pages"}],"about":[{"href":"https:\/\/greencells.com\/de\/wp-json\/wp\/v2\/types\/page"}],"author":[{"embeddable":true,"href":"https:\/\/greencells.com\/de\/wp-json\/wp\/v2\/users\/18"}],"replies":[{"embeddable":true,"href":"https:\/\/greencells.com\/de\/wp-json\/wp\/v2\/comments?post=17275"}],"version-history":[{"count":24,"href":"https:\/\/greencells.com\/de\/wp-json\/wp\/v2\/pages\/17275\/revisions"}],"predecessor-version":[{"id":18307,"href":"https:\/\/greencells.com\/de\/wp-json\/wp\/v2\/pages\/17275\/revisions\/18307"}],"wp:attachment":[{"href":"https:\/\/greencells.com\/de\/wp-json\/wp\/v2\/media?parent=17275"}],"curies":[{"name":"wp","href":"https:\/\/api.w.org\/{rel}","templated":true}]}}