{"id":18529,"date":"2025-06-30T13:13:30","date_gmt":"2025-06-30T11:13:30","guid":{"rendered":"https:\/\/greencells.com\/kontakt\/regionale-hub-adressen\/"},"modified":"2026-02-04T11:29:14","modified_gmt":"2026-02-04T09:29:14","slug":"regionale-hub-adressen","status":"publish","type":"page","link":"https:\/\/greencells.com\/de\/kontakt\/regionale-hub-adressen\/","title":{"rendered":"Regionale Hub-Adressen"},"content":{"rendered":"<p>[et_pb_section fb_built=&#8220;1&#8243; fullwidth=&#8220;on&#8220; disabled_on=&#8220;off|off|off&#8220; admin_label=&#8220;Hero&#8220; _builder_version=&#8220;4.16&#8243; background_color=&#8220;#2b3648&#8243; custom_padding=&#8220;|||&#8220; transparent_background=&#8220;on&#8220; saved_tabs=&#8220;all&#8220; global_colors_info=&#8220;{}&#8220;][et_pb_fullwidth_header title=&#8220;ADRESSEN REGIONALER KNOTENPUNKTE&#8220; text_orientation=&#8220;center&#8220; background_overlay_color=&#8220;#85bd35&#8243; subhead_font_color=&#8220;#bebebe&#8220; _builder_version=&#8220;4.17.4&#8243; title_level=&#8220;h2&#8243; title_font=&#8220;Source Sans Pro|300|||||||&#8220; title_text_color=&#8220;#ffffff&#8220; title_font_size=&#8220;32px&#8220; title_letter_spacing=&#8220;16px&#8220; content_font=&#8220;Montserrat||||&#8220; content_text_color=&#8220;#bfbfbf&#8220; content_line_height=&#8220;1.8em&#8220; subhead_font=&#8220;Montserrat||||&#8220; subhead_text_color=&#8220;#bebebe&#8220; subhead_line_height=&#8220;1.8em&#8220; background_color=&#8220;#2b3648&#8243; background_enable_image=&#8220;off&#8220; custom_padding=&#8220;0%||0%||false|false&#8220; animation_style=&#8220;fade&#8220; animation_duration=&#8220;1500ms&#8220; title_line_height_last_edited=&#8220;off|desktop&#8220; global_colors_info=&#8220;{}&#8220; button_one_text_size__hover_enabled=&#8220;off&#8220; button_two_text_size__hover_enabled=&#8220;off&#8220; button_one_text_color__hover_enabled=&#8220;off&#8220; button_two_text_color__hover_enabled=&#8220;off&#8220; button_one_border_width__hover_enabled=&#8220;off&#8220; button_two_border_width__hover_enabled=&#8220;off&#8220; button_one_border_color__hover_enabled=&#8220;off&#8220; button_two_border_color__hover_enabled=&#8220;off&#8220; button_one_border_radius__hover_enabled=&#8220;off&#8220; button_two_border_radius__hover_enabled=&#8220;off&#8220; button_one_letter_spacing__hover_enabled=&#8220;off&#8220; button_two_letter_spacing__hover_enabled=&#8220;off&#8220; button_one_bg_color__hover_enabled=&#8220;off&#8220; button_two_bg_color__hover_enabled=&#8220;off&#8220;][\/et_pb_fullwidth_header][\/et_pb_section][et_pb_section fb_built=&#8220;1&#8243; _builder_version=&#8220;4.27.4&#8243; _module_preset=&#8220;default&#8220; custom_margin=&#8220;||0px||false|false&#8220; custom_padding=&#8220;0px||0px|||&#8220; locked=&#8220;off&#8220; global_colors_info=&#8220;{}&#8220;][et_pb_row _builder_version=&#8220;4.18.1&#8243; custom_padding=&#8220;20px||0px||false|false&#8220; locked=&#8220;off&#8220; global_colors_info=&#8220;{}&#8220; parallax_1__hover=&#8220;off&#8220; parallax_1__hover_enabled=&#8220;off&#8220; parallax_2__hover=&#8220;off&#8220; parallax_2__hover_enabled=&#8220;off&#8220; parallax_3__hover=&#8220;off&#8220; parallax_3__hover_enabled=&#8220;off&#8220; parallax_4__hover=&#8220;off&#8220; parallax_4__hover_enabled=&#8220;off&#8220; parallax_method_1__hover=&#8220;on&#8220; parallax_method_1__hover_enabled=&#8220;on&#8220; parallax_method_2__hover=&#8220;on&#8220; parallax_method_2__hover_enabled=&#8220;on&#8220; parallax_method_3__hover=&#8220;on&#8220; parallax_method_3__hover_enabled=&#8220;on&#8220; parallax_method_4__hover=&#8220;on&#8220; parallax_method_4__hover_enabled=&#8220;on&#8220;][et_pb_column type=&#8220;4_4&#8243; _builder_version=&#8220;4.16&#8243; custom_padding=&#8220;|||&#8220; global_colors_info=&#8220;{}&#8220; custom_padding__hover=&#8220;|||&#8220;][et_pb_text _builder_version=&#8220;4.27.4&#8243; text_font=&#8220;Ubuntu||||||||&#8220; text_text_color=&#8220;#838383&#8243; text_font_size=&#8220;18px&#8220; text_line_height=&#8220;30px&#8220; header_font=&#8220;Source Sans Pro||||||||&#8220; header_2_font=&#8220;Source Sans Pro|600|||||||&#8220; header_2_text_color=&#8220;#2b3648&#8243; header_2_font_size=&#8220;58px&#8220; header_2_line_height=&#8220;1.4em&#8220; header_4_font=&#8220;Source Sans Pro|||on|||||&#8220; header_4_text_color=&#8220;#85bd35&#8243; header_4_font_size=&#8220;16px&#8220; header_4_letter_spacing=&#8220;2px&#8220; header_4_line_height=&#8220;1.6em&#8220; text_orientation=&#8220;center&#8220; max_width=&#8220;1000%&#8220; module_alignment=&#8220;center&#8220; custom_margin=&#8220;||-8px||false|false&#8220; custom_padding=&#8220;40px||0px||false|false&#8220; header_2_font_size_tablet=&#8220;30px&#8220; header_2_font_size_phone=&#8220;22px&#8220; header_2_font_size_last_edited=&#8220;on|phone&#8220; header_4_font_size_tablet=&#8220;&#8220; header_4_font_size_phone=&#8220;14px&#8220; header_4_font_size_last_edited=&#8220;on|phone&#8220; locked=&#8220;off&#8220; global_colors_info=&#8220;{}&#8220;]<\/p>\n<h4 style=\"text-align: center;\">GLOBALE PROJEKTE, LOKALE PR\u00c4SENZ &#8211; WO SIE UNS FINDEN K\u00d6NNEN.<\/h4>\n<p>[\/et_pb_text][et_pb_text _builder_version=&#8220;4.27.4&#8243; text_font=&#8220;Ubuntu||||||||&#8220; text_text_color=&#8220;#838383&#8243; text_font_size=&#8220;18px&#8220; text_line_height=&#8220;30px&#8220; header_2_font=&#8220;Source Sans Pro||||||||&#8220; header_2_text_color=&#8220;#2b3648&#8243; header_2_font_size=&#8220;24px&#8220; header_2_letter_spacing=&#8220;6px&#8220; header_2_line_height=&#8220;1.4em&#8220; header_4_font=&#8220;Ubuntu|700||on|||||&#8220; header_4_text_color=&#8220;#85bd35&#8243; header_4_font_size=&#8220;16px&#8220; header_4_letter_spacing=&#8220;2px&#8220; header_4_line_height=&#8220;1.6em&#8220; text_orientation=&#8220;center&#8220; max_width=&#8220;1000%&#8220; module_alignment=&#8220;center&#8220; custom_margin=&#8220;0px||||false|false&#8220; custom_padding=&#8220;0px||0px||false|false&#8220; header_2_font_size_tablet=&#8220;30px&#8220; header_2_font_size_phone=&#8220;22px&#8220; header_2_font_size_last_edited=&#8220;on|phone&#8220; header_4_font_size_tablet=&#8220;&#8220; header_4_font_size_phone=&#8220;14px&#8220; header_4_font_size_last_edited=&#8220;on|phone&#8220; locked=&#8220;off&#8220; global_colors_info=&#8220;{}&#8220;]<\/p>\n<h2>UNSERE REGIONALEN DREHKREUZE<\/h2>\n<p>[\/et_pb_text][\/et_pb_column][\/et_pb_row][\/et_pb_section][et_pb_section fb_built=&#8220;1&#8243; _builder_version=&#8220;4.27.4&#8243; _module_preset=&#8220;default&#8220; background_color=&#8220;rgba(103,103,103,0.05)&#8220; custom_margin=&#8220;20px||||false|false&#8220; custom_padding=&#8220;20px||0px||false|false&#8220; global_colors_info=&#8220;{}&#8220;][et_pb_row _builder_version=&#8220;4.16&#8243; _module_preset=&#8220;default&#8220; global_colors_info=&#8220;{}&#8220;][et_pb_column type=&#8220;4_4&#8243; _builder_version=&#8220;4.16&#8243; _module_preset=&#8220;default&#8220; global_colors_info=&#8220;{}&#8220;][et_pb_text _builder_version=&#8220;4.17.4&#8243; _module_preset=&#8220;default&#8220; text_font=&#8220;Source Sans Pro|600|||||||&#8220; text_font_size=&#8220;31px&#8220; header_font=&#8220;Source Sans Pro||||||||&#8220; header_text_color=&#8220;#2B3648&#8243; header_font_size=&#8220;28px&#8220; header_letter_spacing=&#8220;6px&#8220; header_2_font=&#8220;Source Sans Pro||||||||&#8220; header_2_font_size=&#8220;28px&#8220; header_2_letter_spacing=&#8220;6px&#8220; background_color=&#8220;RGBA(0,0,0,0)&#8220; global_colors_info=&#8220;{}&#8220;]<\/p>\n<h2 style=\"text-align: center\">DEUTSCHLAND<\/h2>\n<p>[\/et_pb_text][\/et_pb_column][\/et_pb_row][\/et_pb_section][et_pb_section fb_built=&#8220;1&#8243; _builder_version=&#8220;4.27.4&#8243; _module_preset=&#8220;default&#8220; background_color=&#8220;#f7f7f7&#8243; custom_margin=&#8220;0px||||false|false&#8220; custom_padding=&#8220;0px||||false|false&#8220; global_colors_info=&#8220;{}&#8220;][et_pb_row column_structure=&#8220;1_3,2_3&#8243; _builder_version=&#8220;4.16&#8243; _module_preset=&#8220;default&#8220; global_colors_info=&#8220;{}&#8220;][et_pb_column type=&#8220;1_3&#8243; _builder_version=&#8220;4.16&#8243; _module_preset=&#8220;default&#8220; global_colors_info=&#8220;{}&#8220;][et_pb_text _builder_version=&#8220;4.18.0&#8243; _module_preset=&#8220;default&#8220; text_font=&#8220;Source Sans Pro||||||||&#8220; header_font=&#8220;Source Sans Pro|600|||||||&#8220; header_font_size=&#8220;36px&#8220; header_3_font=&#8220;Source Sans Pro||||||||&#8220; header_3_font_size=&#8220;18px&#8220; header_3_letter_spacing=&#8220;2px&#8220; header_3_line_height=&#8220;1.4em&#8220; global_colors_info=&#8220;{}&#8220;]<\/p>\n<h3>GREENCELLS GMBH:<br \/>HAUPTVERWALTUNG SAARBR\u00dcCKEN<\/h3>\n<p><span><\/span><\/p>\n<p><span>Bahnhofstra\u00dfe 28<\/span><br \/><span>66111 Saarbr\u00fccken<\/span><\/p>\n<p>Fabian Herr (CEO)<\/p>\n<p><span>Telefon: +49 681 992 669 10<br \/>Fax: +49 681 992 665 74<\/span><\/p>\n<p>[\/et_pb_text][\/et_pb_column][et_pb_column type=&#8220;2_3&#8243; _builder_version=&#8220;4.16&#8243; _module_preset=&#8220;default&#8220; global_colors_info=&#8220;{}&#8220;][et_pb_image src=&#8220;https:\/\/greencells.com\/wp-content\/uploads\/2023\/11\/GFX_081123_GC_Headquarters-scaled.jpg&#8220; title_text=&#8220;GFX_081123_GC_Headquarters&#8220; _builder_version=&#8220;4.23&#8243; _module_preset=&#8220;default&#8220; global_colors_info=&#8220;{}&#8220;][\/et_pb_image][\/et_pb_column][\/et_pb_row][\/et_pb_section][et_pb_section fb_built=&#8220;1&#8243; _builder_version=&#8220;4.27.4&#8243; _module_preset=&#8220;default&#8220; background_color=&#8220;#FFFFFF&#8220; custom_margin=&#8220;0px||||false|false&#8220; custom_padding=&#8220;30px||0px||false|false&#8220; global_colors_info=&#8220;{}&#8220;][et_pb_row _builder_version=&#8220;4.16&#8243; _module_preset=&#8220;default&#8220; global_colors_info=&#8220;{}&#8220;][et_pb_column type=&#8220;4_4&#8243; _builder_version=&#8220;4.16&#8243; _module_preset=&#8220;default&#8220; global_colors_info=&#8220;{}&#8220;][et_pb_text _builder_version=&#8220;4.27.4&#8243; _module_preset=&#8220;default&#8220; text_font=&#8220;Source Sans Pro|600|||||||&#8220; text_font_size=&#8220;31px&#8220; header_font=&#8220;Source Sans Pro||||||||&#8220; header_text_color=&#8220;#2B3648&#8243; header_font_size=&#8220;28px&#8220; header_letter_spacing=&#8220;6px&#8220; header_2_font=&#8220;Source Sans Pro||||||||&#8220; header_2_font_size=&#8220;28px&#8220; header_2_letter_spacing=&#8220;6px&#8220; background_color=&#8220;RGBA(0,0,0,0)&#8220; global_colors_info=&#8220;{}&#8220;]<\/p>\n<h2 style=\"text-align: center;\">RUM\u00c4NIEN<\/h2>\n<p>[\/et_pb_text][\/et_pb_column][\/et_pb_row][\/et_pb_section][et_pb_section fb_built=&#8220;1&#8243; _builder_version=&#8220;4.27.4&#8243; _module_preset=&#8220;default&#8220; custom_margin=&#8220;0px||30px||false|false&#8220; custom_padding=&#8220;0px||0px||false|false&#8220; locked=&#8220;off&#8220; global_colors_info=&#8220;{}&#8220;][et_pb_row column_structure=&#8220;1_3,2_3&#8243; _builder_version=&#8220;4.16&#8243; _module_preset=&#8220;default&#8220; global_colors_info=&#8220;{}&#8220;][et_pb_column type=&#8220;1_3&#8243; _builder_version=&#8220;4.16&#8243; _module_preset=&#8220;default&#8220; global_colors_info=&#8220;{}&#8220;][et_pb_text _builder_version=&#8220;4.27.5&#8243; _module_preset=&#8220;default&#8220; text_font=&#8220;Source Sans Pro||||||||&#8220; header_font=&#8220;Source Sans Pro|600|||||||&#8220; header_font_size=&#8220;36px&#8220; header_3_font=&#8220;Source Sans Pro||||||||&#8220; header_3_font_size=&#8220;18px&#8220; header_3_letter_spacing=&#8220;2px&#8220; header_3_line_height=&#8220;1.4em&#8220; hover_enabled=&#8220;0&#8243; global_colors_info=&#8220;{}&#8220; sticky_enabled=&#8220;0&#8243;]<\/p>\n<h3>GREENCELLS CEE S.R.L.<br \/>B\u00dcRO CLUJ NAPOCA<\/h3>\n<p><span><\/span><\/p>\n<p>Str. Alexandru Vaida Voevod, nr.53 B, 2. Stock<br \/>Cluj-Napoca, C.P. 400592, Rum\u00e4nien  <\/p>\n<p>Ede Nagy<br \/><span>(CEO)<br \/><\/span><\/p>\n<p><span>Telefon: +40 799 723 529<\/span><\/p>\n<p>[\/et_pb_text][\/et_pb_column][et_pb_column type=&#8220;2_3&#8243; _builder_version=&#8220;4.16&#8243; _module_preset=&#8220;default&#8220; global_colors_info=&#8220;{}&#8220;][et_pb_image src=&#8220;https:\/\/greencells.com\/wp-content\/uploads\/2022\/06\/GFX_300622_Office_Cluj.jpg&#8220; title_text=&#8220;GFX_300622_Office_Cluj&#8220; _builder_version=&#8220;4.17.4&#8243; _module_preset=&#8220;default&#8220; global_colors_info=&#8220;{}&#8220;][\/et_pb_image][\/et_pb_column][\/et_pb_row][\/et_pb_section]<\/p>\n","protected":false},"excerpt":{"rendered":"<p>GLOBALE PROJEKTE, LOKALE PR\u00c4SENZ &#8211; WO SIE UNS FINDEN K\u00d6NNEN.UNSERE REGIONALEN DREHKREUZEDEUTSCHLANDGREENCELLS GMBH:HAUPTVERWALTUNG SAARBR\u00dcCKEN Bahnhofstra\u00dfe 2866111 Saarbr\u00fccken Fabian Herr (CEO) Telefon: +49 681 992 669 10Fax: +49 681 992 665 74RUM\u00c4NIENGREENCELLS CEE S.R.L.B\u00dcRO CLUJ NAPOCA Str. Alexandru Vaida Voevod, nr.53 B, 2. StockCluj-Napoca, C.P. 400592, Rum\u00e4nien Ede Nagy(CEO) Telefon: +40 799 723 529<\/p>\n","protected":false},"author":18,"featured_media":0,"parent":18523,"menu_order":0,"comment_status":"closed","ping_status":"closed","template":"","meta":{"_et_pb_use_builder":"on","_et_pb_old_content":"","_et_gb_content_width":"","footnotes":""},"class_list":["post-18529","page","type-page","status-publish","hentry"],"yoast_head":"<!-- This site is optimized with the Yoast SEO plugin v27.4 - https:\/\/yoast.com\/product\/yoast-seo-wordpress\/ -->\n<title>Regionale Hub-Adressen | Greencells Group Standorte<\/title>\n<meta name=\"description\" content=\"Hier finden Sie die Kontaktdaten der regionalen Zentren der Greencells Group, einschlie\u00dflich unseres Hauptsitzes in Deutschland und unseres B\u00fcros in Rum\u00e4nien.\" \/>\n<meta name=\"robots\" content=\"index, follow, max-snippet:-1, max-image-preview:large, max-video-preview:-1\" \/>\n<link rel=\"canonical\" href=\"https:\/\/greencells.com\/de\/kontakt\/regionale-hub-adressen\/\" \/>\n<meta property=\"og:locale\" content=\"de_DE\" \/>\n<meta property=\"og:type\" content=\"article\" \/>\n<meta property=\"og:title\" content=\"Regionale Hub-Adressen | Greencells Group Standorte\" \/>\n<meta property=\"og:description\" content=\"Hier finden Sie die Kontaktdaten der regionalen Zentren der Greencells Group, einschlie\u00dflich unseres Hauptsitzes in Deutschland und unseres B\u00fcros in Rum\u00e4nien.\" \/>\n<meta property=\"og:url\" content=\"https:\/\/greencells.com\/de\/kontakt\/regionale-hub-adressen\/\" \/>\n<meta property=\"og:site_name\" content=\"Greencells Group\" \/>\n<meta property=\"article:modified_time\" content=\"2026-02-04T09:29:14+00:00\" \/>\n<meta name=\"twitter:card\" content=\"summary_large_image\" \/>\n<meta name=\"twitter:label1\" content=\"Gesch\u00e4tzte Lesezeit\" \/>\n\t<meta name=\"twitter:data1\" content=\"6\u00a0Minuten\" \/>\n<script type=\"application\/ld+json\" class=\"yoast-schema-graph\">{\"@context\":\"https:\\\/\\\/schema.org\",\"@graph\":[{\"@type\":\"WebPage\",\"@id\":\"https:\\\/\\\/greencells.com\\\/de\\\/kontakt\\\/regionale-hub-adressen\\\/\",\"url\":\"https:\\\/\\\/greencells.com\\\/de\\\/kontakt\\\/regionale-hub-adressen\\\/\",\"name\":\"Regionale Hub-Adressen | Greencells Group Standorte\",\"isPartOf\":{\"@id\":\"https:\\\/\\\/greencells.com\\\/de\\\/#website\"},\"datePublished\":\"2025-06-30T11:13:30+00:00\",\"dateModified\":\"2026-02-04T09:29:14+00:00\",\"description\":\"Hier finden Sie die Kontaktdaten der regionalen Zentren der Greencells Group, einschlie\u00dflich unseres Hauptsitzes in Deutschland und unseres B\u00fcros in Rum\u00e4nien.\",\"breadcrumb\":{\"@id\":\"https:\\\/\\\/greencells.com\\\/de\\\/kontakt\\\/regionale-hub-adressen\\\/#breadcrumb\"},\"inLanguage\":\"de\",\"potentialAction\":[{\"@type\":\"ReadAction\",\"target\":[\"https:\\\/\\\/greencells.com\\\/de\\\/kontakt\\\/regionale-hub-adressen\\\/\"]}]},{\"@type\":\"BreadcrumbList\",\"@id\":\"https:\\\/\\\/greencells.com\\\/de\\\/kontakt\\\/regionale-hub-adressen\\\/#breadcrumb\",\"itemListElement\":[{\"@type\":\"ListItem\",\"position\":1,\"name\":\"Home\",\"item\":\"https:\\\/\\\/greencells.com\\\/de\\\/startseite-greencells-group\\\/\"},{\"@type\":\"ListItem\",\"position\":2,\"name\":\"Kontakt\",\"item\":\"https:\\\/\\\/greencells.com\\\/de\\\/kontakt\\\/\"},{\"@type\":\"ListItem\",\"position\":3,\"name\":\"Regionale Hub-Adressen\"}]},{\"@type\":\"WebSite\",\"@id\":\"https:\\\/\\\/greencells.com\\\/de\\\/#website\",\"url\":\"https:\\\/\\\/greencells.com\\\/de\\\/\",\"name\":\"Greencells Group\",\"description\":\"Greencells Group Homepage\",\"potentialAction\":[{\"@type\":\"SearchAction\",\"target\":{\"@type\":\"EntryPoint\",\"urlTemplate\":\"https:\\\/\\\/greencells.com\\\/de\\\/?s={search_term_string}\"},\"query-input\":{\"@type\":\"PropertyValueSpecification\",\"valueRequired\":true,\"valueName\":\"search_term_string\"}}],\"inLanguage\":\"de\"}]}<\/script>\n<!-- \/ Yoast SEO plugin. -->","yoast_head_json":{"title":"Regionale Hub-Adressen | Greencells Group Standorte","description":"Hier finden Sie die Kontaktdaten der regionalen Zentren der Greencells Group, einschlie\u00dflich unseres Hauptsitzes in Deutschland und unseres B\u00fcros in Rum\u00e4nien.","robots":{"index":"index","follow":"follow","max-snippet":"max-snippet:-1","max-image-preview":"max-image-preview:large","max-video-preview":"max-video-preview:-1"},"canonical":"https:\/\/greencells.com\/de\/kontakt\/regionale-hub-adressen\/","og_locale":"de_DE","og_type":"article","og_title":"Regionale Hub-Adressen | Greencells Group Standorte","og_description":"Hier finden Sie die Kontaktdaten der regionalen Zentren der Greencells Group, einschlie\u00dflich unseres Hauptsitzes in Deutschland und unseres B\u00fcros in Rum\u00e4nien.","og_url":"https:\/\/greencells.com\/de\/kontakt\/regionale-hub-adressen\/","og_site_name":"Greencells Group","article_modified_time":"2026-02-04T09:29:14+00:00","twitter_card":"summary_large_image","twitter_misc":{"Gesch\u00e4tzte Lesezeit":"6\u00a0Minuten"},"schema":{"@context":"https:\/\/schema.org","@graph":[{"@type":"WebPage","@id":"https:\/\/greencells.com\/de\/kontakt\/regionale-hub-adressen\/","url":"https:\/\/greencells.com\/de\/kontakt\/regionale-hub-adressen\/","name":"Regionale Hub-Adressen | Greencells Group Standorte","isPartOf":{"@id":"https:\/\/greencells.com\/de\/#website"},"datePublished":"2025-06-30T11:13:30+00:00","dateModified":"2026-02-04T09:29:14+00:00","description":"Hier finden Sie die Kontaktdaten der regionalen Zentren der Greencells Group, einschlie\u00dflich unseres Hauptsitzes in Deutschland und unseres B\u00fcros in Rum\u00e4nien.","breadcrumb":{"@id":"https:\/\/greencells.com\/de\/kontakt\/regionale-hub-adressen\/#breadcrumb"},"inLanguage":"de","potentialAction":[{"@type":"ReadAction","target":["https:\/\/greencells.com\/de\/kontakt\/regionale-hub-adressen\/"]}]},{"@type":"BreadcrumbList","@id":"https:\/\/greencells.com\/de\/kontakt\/regionale-hub-adressen\/#breadcrumb","itemListElement":[{"@type":"ListItem","position":1,"name":"Home","item":"https:\/\/greencells.com\/de\/startseite-greencells-group\/"},{"@type":"ListItem","position":2,"name":"Kontakt","item":"https:\/\/greencells.com\/de\/kontakt\/"},{"@type":"ListItem","position":3,"name":"Regionale Hub-Adressen"}]},{"@type":"WebSite","@id":"https:\/\/greencells.com\/de\/#website","url":"https:\/\/greencells.com\/de\/","name":"Greencells Group","description":"Greencells Group Homepage","potentialAction":[{"@type":"SearchAction","target":{"@type":"EntryPoint","urlTemplate":"https:\/\/greencells.com\/de\/?s={search_term_string}"},"query-input":{"@type":"PropertyValueSpecification","valueRequired":true,"valueName":"search_term_string"}}],"inLanguage":"de"}]}},"_links":{"self":[{"href":"https:\/\/greencells.com\/de\/wp-json\/wp\/v2\/pages\/18529","targetHints":{"allow":["GET"]}}],"collection":[{"href":"https:\/\/greencells.com\/de\/wp-json\/wp\/v2\/pages"}],"about":[{"href":"https:\/\/greencells.com\/de\/wp-json\/wp\/v2\/types\/page"}],"author":[{"embeddable":true,"href":"https:\/\/greencells.com\/de\/wp-json\/wp\/v2\/users\/18"}],"replies":[{"embeddable":true,"href":"https:\/\/greencells.com\/de\/wp-json\/wp\/v2\/comments?post=18529"}],"version-history":[{"count":4,"href":"https:\/\/greencells.com\/de\/wp-json\/wp\/v2\/pages\/18529\/revisions"}],"predecessor-version":[{"id":19352,"href":"https:\/\/greencells.com\/de\/wp-json\/wp\/v2\/pages\/18529\/revisions\/19352"}],"up":[{"embeddable":true,"href":"https:\/\/greencells.com\/de\/wp-json\/wp\/v2\/pages\/18523"}],"wp:attachment":[{"href":"https:\/\/greencells.com\/de\/wp-json\/wp\/v2\/media?parent=18529"}],"curies":[{"name":"wp","href":"https:\/\/api.w.org\/{rel}","templated":true}]}}