{"id":18566,"date":"2025-06-30T15:57:08","date_gmt":"2025-06-30T13:57:08","guid":{"rendered":"https:\/\/greencells.com\/ueber-uns\/unsere-staerken\/"},"modified":"2026-03-23T18:30:31","modified_gmt":"2026-03-23T16:30:31","slug":"unsere-staerken","status":"publish","type":"page","link":"https:\/\/greencells.com\/de\/ueber-uns\/unsere-staerken\/","title":{"rendered":"Unsere St\u00e4rken"},"content":{"rendered":"<p>[et_pb_section fb_built=&#8220;1&#8243; fullwidth=&#8220;on&#8220; disabled_on=&#8220;off|off|off&#8220; admin_label=&#8220;Hero&#8220; _builder_version=&#8220;4.16&#8243; background_color=&#8220;#2b3648&#8243; custom_padding=&#8220;|||&#8220; transparent_background=&#8220;on&#8220; saved_tabs=&#8220;all&#8220; global_colors_info=&#8220;{}&#8220;][et_pb_fullwidth_header title=&#8220;UNSERE ST\u00c4RKEN&#8220; text_orientation=&#8220;center&#8220; background_overlay_color=&#8220;#85bd35&#8243; subhead_font_color=&#8220;#bebebe&#8220; _builder_version=&#8220;4.17.4&#8243; title_level=&#8220;h2&#8243; title_font=&#8220;Source Sans Pro|300|||||||&#8220; title_text_color=&#8220;#ffffff&#8220; title_font_size=&#8220;32px&#8220; title_letter_spacing=&#8220;16px&#8220; content_font=&#8220;Montserrat||||&#8220; content_text_color=&#8220;#bfbfbf&#8220; content_line_height=&#8220;1.8em&#8220; subhead_font=&#8220;Montserrat||||&#8220; subhead_text_color=&#8220;#bebebe&#8220; subhead_line_height=&#8220;1.8em&#8220; background_color=&#8220;#2b3648&#8243; background_enable_image=&#8220;off&#8220; custom_margin=&#8220;0px||||false|false&#8220; custom_padding=&#8220;0%||0%||false|false&#8220; animation_style=&#8220;fade&#8220; animation_duration=&#8220;1500ms&#8220; title_line_height_last_edited=&#8220;off|desktop&#8220; global_colors_info=&#8220;{}&#8220; button_one_text_size__hover_enabled=&#8220;off&#8220; button_two_text_size__hover_enabled=&#8220;off&#8220; button_one_text_color__hover_enabled=&#8220;off&#8220; button_two_text_color__hover_enabled=&#8220;off&#8220; button_one_border_width__hover_enabled=&#8220;off&#8220; button_two_border_width__hover_enabled=&#8220;off&#8220; button_one_border_color__hover_enabled=&#8220;off&#8220; button_two_border_color__hover_enabled=&#8220;off&#8220; button_one_border_radius__hover_enabled=&#8220;off&#8220; button_two_border_radius__hover_enabled=&#8220;off&#8220; button_one_letter_spacing__hover_enabled=&#8220;off&#8220; button_two_letter_spacing__hover_enabled=&#8220;off&#8220; button_one_bg_color__hover_enabled=&#8220;off&#8220; button_two_bg_color__hover_enabled=&#8220;off&#8220;][\/et_pb_fullwidth_header][et_pb_fullwidth_image src=&#8220;https:\/\/greencells.com\/wp-content\/uploads\/2025\/01\/PB_27012025_BerkellandI.jpg&#8220; title_text=&#8220;PROJEKT: BERKELLAND I&#8220; _builder_version=&#8220;4.27.4&#8243; _module_preset=&#8220;default&#8220; vertical_offset=&#8220;-475px&#8220; min_height=&#8220;100px&#8220; max_height=&#8220;300px&#8220; global_colors_info=&#8220;{}&#8220;][\/et_pb_fullwidth_image][\/et_pb_section][et_pb_section fb_built=&#8220;1&#8243; _builder_version=&#8220;4.27.4&#8243; _module_preset=&#8220;default&#8220; custom_margin=&#8220;||0px||false|false&#8220; custom_padding=&#8220;0px||0px|||&#8220; locked=&#8220;off&#8220; global_colors_info=&#8220;{}&#8220;][et_pb_row _builder_version=&#8220;4.18.1&#8243; custom_padding=&#8220;20px||0px||false|false&#8220; locked=&#8220;off&#8220; global_colors_info=&#8220;{}&#8220; parallax_1__hover=&#8220;off&#8220; parallax_1__hover_enabled=&#8220;off&#8220; parallax_2__hover=&#8220;off&#8220; parallax_2__hover_enabled=&#8220;off&#8220; parallax_3__hover=&#8220;off&#8220; parallax_3__hover_enabled=&#8220;off&#8220; parallax_4__hover=&#8220;off&#8220; parallax_4__hover_enabled=&#8220;off&#8220; parallax_method_1__hover=&#8220;on&#8220; parallax_method_1__hover_enabled=&#8220;on&#8220; parallax_method_2__hover=&#8220;on&#8220; parallax_method_2__hover_enabled=&#8220;on&#8220; parallax_method_3__hover=&#8220;on&#8220; parallax_method_3__hover_enabled=&#8220;on&#8220; parallax_method_4__hover=&#8220;on&#8220; parallax_method_4__hover_enabled=&#8220;on&#8220;][et_pb_column type=&#8220;4_4&#8243; _builder_version=&#8220;4.16&#8243; custom_padding=&#8220;|||&#8220; global_colors_info=&#8220;{}&#8220; custom_padding__hover=&#8220;|||&#8220;][et_pb_text _builder_version=&#8220;4.27.4&#8243; text_font=&#8220;Ubuntu||||||||&#8220; text_text_color=&#8220;#838383&#8243; text_font_size=&#8220;18px&#8220; text_line_height=&#8220;30px&#8220; header_font=&#8220;Source Sans Pro||||||||&#8220; header_2_font=&#8220;Source Sans Pro|600|||||||&#8220; header_2_text_color=&#8220;#2b3648&#8243; header_2_font_size=&#8220;58px&#8220; header_2_line_height=&#8220;1.4em&#8220; header_4_font=&#8220;Source Sans Pro|||on|||||&#8220; header_4_text_color=&#8220;#85bd35&#8243; header_4_font_size=&#8220;16px&#8220; header_4_letter_spacing=&#8220;2px&#8220; header_4_line_height=&#8220;1.6em&#8220; text_orientation=&#8220;center&#8220; max_width=&#8220;700px&#8220; module_alignment=&#8220;center&#8220; custom_margin=&#8220;||-8px||false|false&#8220; custom_padding=&#8220;40px||0px||false|false&#8220; header_2_font_size_tablet=&#8220;30px&#8220; header_2_font_size_phone=&#8220;22px&#8220; header_2_font_size_last_edited=&#8220;on|phone&#8220; header_4_font_size_tablet=&#8220;&#8220; header_4_font_size_phone=&#8220;14px&#8220; header_4_font_size_last_edited=&#8220;on|phone&#8220; locked=&#8220;off&#8220; global_colors_info=&#8220;{}&#8220;]<\/p>\n<h4 style=\"text-align: center;\">EPC-Exzellenz bei Solaranlagen im Versorgungsma\u00dfstab<\/h4>\n<p>[\/et_pb_text][et_pb_text _builder_version=&#8220;4.18.1&#8243; text_font=&#8220;Ubuntu||||||||&#8220; text_text_color=&#8220;#838383&#8243; text_font_size=&#8220;18px&#8220; text_line_height=&#8220;30px&#8220; header_2_font=&#8220;Source Sans Pro||||||||&#8220; header_2_text_color=&#8220;#2b3648&#8243; header_2_font_size=&#8220;24px&#8220; header_2_letter_spacing=&#8220;6px&#8220; header_2_line_height=&#8220;1.4em&#8220; header_4_font=&#8220;Ubuntu|700||on|||||&#8220; header_4_text_color=&#8220;#85bd35&#8243; header_4_font_size=&#8220;16px&#8220; header_4_letter_spacing=&#8220;2px&#8220; header_4_line_height=&#8220;1.6em&#8220; text_orientation=&#8220;center&#8220; max_width=&#8220;700px&#8220; module_alignment=&#8220;center&#8220; custom_margin=&#8220;0px||||false|false&#8220; custom_padding=&#8220;0px||0px||false|false&#8220; header_2_font_size_tablet=&#8220;30px&#8220; header_2_font_size_phone=&#8220;22px&#8220; header_2_font_size_last_edited=&#8220;on|phone&#8220; header_4_font_size_tablet=&#8220;&#8220; header_4_font_size_phone=&#8220;14px&#8220; header_4_font_size_last_edited=&#8220;on|phone&#8220; locked=&#8220;off&#8220; global_colors_info=&#8220;{}&#8220;]<\/p>\n<h2>UNSERE ST\u00c4RKEN<\/h2>\n<p>[\/et_pb_text][\/et_pb_column][\/et_pb_row][\/et_pb_section][et_pb_section fb_built=&#8220;1&#8243; _builder_version=&#8220;4.27.4&#8243; _module_preset=&#8220;default&#8220; custom_padding=&#8220;0px||40px||false|false&#8220; locked=&#8220;off&#8220; global_colors_info=&#8220;{}&#8220;][et_pb_row _builder_version=&#8220;4.27.4&#8243; _module_preset=&#8220;default&#8220; global_colors_info=&#8220;{}&#8220;][et_pb_column type=&#8220;4_4&#8243; _builder_version=&#8220;4.27.4&#8243; _module_preset=&#8220;default&#8220; global_colors_info=&#8220;{}&#8220;][et_pb_text _builder_version=&#8220;4.27.4&#8243; _module_preset=&#8220;default&#8220; header_3_font=&#8220;&#8211;et_global_heading_font||||||||&#8220; header_3_text_color=&#8220;#85BD35&#8243; header_3_font_size=&#8220;20px&#8220; header_3_letter_spacing=&#8220;2px&#8220; global_colors_info=&#8220;{}&#8220;]<\/p>\n<p style=\"text-align: justify;\"><strong>Die Greencells Gruppe<\/strong> ist einer der f\u00fchrenden Anbieter von Solarstrom-Gro\u00dfkraftwerken in Europa. Als reines EPC- und O&amp;M-Unternehmen konzentrieren wir uns ganz auf die Planung, den Bau und den langfristigen Betrieb von Photovoltaik-Gro\u00dfanlagen &#8211; effizient, zuverl\u00e4ssig und leistungsstark. <\/p>\n<p style=\"text-align: justify;\">Mit mehr als <strong>182 <\/strong>abgeschlossenen <strong>Projekten<\/strong> in \u00fcber <strong>21 L\u00e4ndern<\/strong> und <strong>3.3 <\/strong><strong><\/strong><strong>GWp<\/strong> installierter Kapazit\u00e4t beweist unsere Erfolgsbilanz, dass wir in der Lage sind, grenz-, zeit- und technologie\u00fcbergreifend zu liefern.<\/p>\n<p>&nbsp;<\/p>\n<h3 style=\"text-align: justify;\">EPC UND O&amp;M KOOPERIEREN BEI DER NUTZUNG VON SOLARENERGIE<\/h3>\n<p style=\"text-align: justify;\">Greencells bietet Solarl\u00f6sungen f\u00fcr Energieversorger an, die auf Leistung ausgelegt und langlebig sind.<\/p>\n<p style=\"text-align: justify;\">Wir haben uns auf die Planung, den Bau und die Wartung von Photovoltaikanlagen im \u00f6ffentlichen Bereich spezialisiert. Als EPC- und O&amp;M-Partner bieten wir eine durchg\u00e4ngige Projektabwicklung, die technische Pr\u00e4zision mit logistischer St\u00e4rke und bew\u00e4hrten Lieferf\u00e4higkeiten verbindet. <\/p>\n<h3 style=\"text-align: justify;\">VOLLE KONTROLLE DURCH EIGENE INGENIEUR- UND BAUSTELLENTEAMS<\/h3>\n<p style=\"text-align: justify;\">Wir bringen Struktur und Sicherheit in jedes Projekt &#8211; vom Konzept bis zum Fertigstellung.<\/p>\n<p style=\"text-align: justify;\">Unser hauseigenes Ingenieurteam sorgt f\u00fcr effiziente, kostenoptimierte und technisch fundierte L\u00f6sungen. Auf der Baustelle garantieren unsere eigenen Bauarbeiter mit Sitz in Cluj gleichbleibende Qualit\u00e4t und Unabh\u00e4ngigkeit von externen Subunternehmern. Dadurch haben wir die volle Kontrolle \u00fcber Zeitpl\u00e4ne, Kosten und Projektergebnisse.  <\/p>\n<h3 style=\"text-align: justify;\">O&amp;M-DIENSTLEISTUNGEN F\u00dcR LANGFRISTIGE LEISTUNG<\/h3>\n<p style=\"text-align: justify;\">Wir sch\u00fctzen Ihr Verm\u00f6gen. Wir optimieren Ihre Rendite. <\/p>\n<p style=\"text-align: justify;\">Greencells bietet ein umfassendes Angebot an Betriebs- und Wartungsdiensten, von der Fern\u00fcberwachung und Leistungsanalyse bis hin zur Wartung und Reparatur vor Ort. Unser Ziel: maximale Betriebszeit, Ertragsstabilit\u00e4t und zuverl\u00e4ssige Ertr\u00e4ge \u00fcber die gesamte Lebensdauer Ihrer Anlagen. <\/p>\n<h3 style=\"text-align: justify;\">ZUVERL\u00c4SSIG. SKALIERBAR. GEWINNBRINGEND.  <\/h3>\n<p style=\"text-align: justify;\">Unsere Partner vertrauen uns &#8211; weil wir liefern.<\/p>\n<p style=\"text-align: justify;\">Wir arbeiten mit internationalen Entwicklern, Investoren und Finanzinstituten zusammen, die sich auf unsere EPC-Erfahrung und unsere solide Erfolgsbilanz verlassen. Unsere skalierbare Struktur und unsere grenz\u00fcberschreitenden F\u00e4higkeiten machen uns zu einem bevorzugten Partner f\u00fcr gro\u00df angelegte Solarprojekte in ganz Europa und in Schwellenl\u00e4ndern. <\/p>\n<h3 style=\"text-align: justify;\">ANPASSUNGSF\u00c4HIGE L\u00d6SUNGEN F\u00dcR KOMPLEXE UMGEBUNGEN<\/h3>\n<p style=\"text-align: justify;\">Von Agro-PV bis zur Speicherintegration &#8211; wir schneidern die L\u00f6sung f\u00fcr Ihr Projekt.<\/p>\n<p style=\"text-align: justify;\">Wir sind erfahren in der Realisierung spezieller Solarsysteme: Hybridkonzepte, Integration von Batteriespeichern, landwirtschaftskompatible Designs, komplexe Netzanforderungen und vieles mehr. Unsere Ingenieur- und Vor-Ort-Teams passen sich an unterschiedliche Gel\u00e4ndeformen, Klimazonen und technische Herausforderungen an. <\/p>\n<p>[\/et_pb_text][\/et_pb_column][\/et_pb_row][\/et_pb_section][et_pb_section fb_built=&#8220;1&#8243; module_class=&#8220;show-on-laptop&#8220; _builder_version=&#8220;4.16&#8243; _module_preset=&#8220;default&#8220; background_color=&#8220;#f7f7f7&#8243; custom_padding=&#8220;0px|60px||60px|false|false&#8220; global_colors_info=&#8220;{}&#8220;][et_pb_row _builder_version=&#8220;4.16&#8243; _module_preset=&#8220;default&#8220; width=&#8220;100%&#8220; max_width=&#8220;100%&#8220; global_colors_info=&#8220;{}&#8220;][et_pb_column type=&#8220;4_4&#8243; _builder_version=&#8220;4.16&#8243; _module_preset=&#8220;default&#8220; global_colors_info=&#8220;{}&#8220;][et_pb_blurb title=&#8220;Namhafte Lieferanten&#8220; use_icon=&#8220;on&#8220; font_icon=&#8220;&#x39;||divi||400&#8243; icon_color=&#8220;#85bd35&#8243; icon_placement=&#8220;left&#8220; image_icon_width=&#8220;56px&#8220; content_max_width=&#8220;100%&#8220; content_max_width_tablet=&#8220;1100px&#8220; content_max_width_last_edited=&#8220;off|desktop&#8220; _builder_version=&#8220;4.16&#8243; header_font=&#8220;Ubuntu|700|||||||&#8220; header_text_color=&#8220;#2b3648&#8243; header_line_height=&#8220;1.4em&#8220; body_font=&#8220;Ubuntu||||||||&#8220; body_text_color=&#8220;#848484&#8243; body_line_height=&#8220;1.8em&#8220; custom_margin=&#8220;|||&#8220; custom_padding=&#8220;|||&#8220; animation_style=&#8220;slide&#8220; animation_direction=&#8220;right&#8220; animation_intensity_slide=&#8220;10%&#8220; animation=&#8220;off&#8220; icon_font_size=&#8220;56px&#8220; global_colors_info=&#8220;{}&#8220;]<\/p>\n<p>Um die Langlebigkeit und den maximalen Ertrag der Anlagen zu gew\u00e4hrleisten, verwendet Greencells ausschlie\u00dflich Tier-1-Komponenten von renommierten Modul- und Wechselrichterherstellern wie Longi, Jinko, JA Solar und Huawei.<\/p>\n<p>[\/et_pb_blurb][\/et_pb_column][\/et_pb_row][\/et_pb_section]<\/p>\n","protected":false},"excerpt":{"rendered":"<p>EPC-Exzellenz bei Solaranlagen im Versorgungsma\u00dfstabUNSERE ST\u00c4RKENDie Greencells Gruppe ist einer der f\u00fchrenden Anbieter von Solarstrom-Gro\u00dfkraftwerken in Europa. Als reines EPC- und O&amp;M-Unternehmen konzentrieren wir uns ganz auf die Planung, den Bau und den langfristigen Betrieb von Photovoltaik-Gro\u00dfanlagen &#8211; effizient, zuverl\u00e4ssig und leistungsstark. Mit mehr als 182 abgeschlossenen Projekten in \u00fcber 21 L\u00e4ndern und <\/p>\n","protected":false},"author":18,"featured_media":0,"parent":4075,"menu_order":0,"comment_status":"closed","ping_status":"closed","template":"","meta":{"_et_pb_use_builder":"on","_et_pb_old_content":"","_et_gb_content_width":"","footnotes":""},"class_list":["post-18566","page","type-page","status-publish","hentry"],"yoast_head":"<!-- This site is optimized with the Yoast SEO plugin v27.4 - https:\/\/yoast.com\/product\/yoast-seo-wordpress\/ -->\n<title>Unsere St\u00e4rken | Erfahrung, Netzwerk &amp; Branchen-Know-how<\/title>\n<meta name=\"description\" content=\"Greencells bietet EPC-Expertise, fundiertes Branchen-Know-how und ein zuverl\u00e4ssiges globales Netzwerk von Lieferanten und Finanzierungspartnern.\" \/>\n<meta name=\"robots\" content=\"index, follow, max-snippet:-1, max-image-preview:large, max-video-preview:-1\" \/>\n<link rel=\"canonical\" href=\"https:\/\/greencells.com\/de\/ueber-uns\/unsere-staerken\/\" \/>\n<meta property=\"og:locale\" content=\"de_DE\" \/>\n<meta property=\"og:type\" content=\"article\" \/>\n<meta property=\"og:title\" content=\"Unsere St\u00e4rken | Erfahrung, Netzwerk &amp; Branchen-Know-how\" \/>\n<meta property=\"og:description\" content=\"Greencells bietet EPC-Expertise, fundiertes Branchen-Know-how und ein zuverl\u00e4ssiges globales Netzwerk von Lieferanten und Finanzierungspartnern.\" \/>\n<meta property=\"og:url\" content=\"https:\/\/greencells.com\/de\/ueber-uns\/unsere-staerken\/\" \/>\n<meta property=\"og:site_name\" content=\"Greencells Group\" \/>\n<meta property=\"article:modified_time\" content=\"2026-03-23T16:30:31+00:00\" \/>\n<meta name=\"twitter:card\" content=\"summary_large_image\" \/>\n<meta name=\"twitter:label1\" content=\"Gesch\u00e4tzte Lesezeit\" \/>\n\t<meta name=\"twitter:data1\" content=\"7\u00a0Minuten\" \/>\n<script type=\"application\/ld+json\" class=\"yoast-schema-graph\">{\"@context\":\"https:\\\/\\\/schema.org\",\"@graph\":[{\"@type\":\"WebPage\",\"@id\":\"https:\\\/\\\/greencells.com\\\/de\\\/ueber-uns\\\/unsere-staerken\\\/\",\"url\":\"https:\\\/\\\/greencells.com\\\/de\\\/ueber-uns\\\/unsere-staerken\\\/\",\"name\":\"Unsere St\u00e4rken | Erfahrung, Netzwerk & Branchen-Know-how\",\"isPartOf\":{\"@id\":\"https:\\\/\\\/greencells.com\\\/de\\\/#website\"},\"datePublished\":\"2025-06-30T13:57:08+00:00\",\"dateModified\":\"2026-03-23T16:30:31+00:00\",\"description\":\"Greencells bietet EPC-Expertise, fundiertes Branchen-Know-how und ein zuverl\u00e4ssiges globales Netzwerk von Lieferanten und Finanzierungspartnern.\",\"breadcrumb\":{\"@id\":\"https:\\\/\\\/greencells.com\\\/de\\\/ueber-uns\\\/unsere-staerken\\\/#breadcrumb\"},\"inLanguage\":\"de\",\"potentialAction\":[{\"@type\":\"ReadAction\",\"target\":[\"https:\\\/\\\/greencells.com\\\/de\\\/ueber-uns\\\/unsere-staerken\\\/\"]}]},{\"@type\":\"BreadcrumbList\",\"@id\":\"https:\\\/\\\/greencells.com\\\/de\\\/ueber-uns\\\/unsere-staerken\\\/#breadcrumb\",\"itemListElement\":[{\"@type\":\"ListItem\",\"position\":1,\"name\":\"Home\",\"item\":\"https:\\\/\\\/greencells.com\\\/de\\\/startseite-greencells-group\\\/\"},{\"@type\":\"ListItem\",\"position\":2,\"name\":\"\u00dcber uns\",\"item\":\"https:\\\/\\\/greencells.com\\\/de\\\/ueber-uns\\\/\"},{\"@type\":\"ListItem\",\"position\":3,\"name\":\"Unsere St\u00e4rken\"}]},{\"@type\":\"WebSite\",\"@id\":\"https:\\\/\\\/greencells.com\\\/de\\\/#website\",\"url\":\"https:\\\/\\\/greencells.com\\\/de\\\/\",\"name\":\"Greencells Group\",\"description\":\"Greencells Group Homepage\",\"potentialAction\":[{\"@type\":\"SearchAction\",\"target\":{\"@type\":\"EntryPoint\",\"urlTemplate\":\"https:\\\/\\\/greencells.com\\\/de\\\/?s={search_term_string}\"},\"query-input\":{\"@type\":\"PropertyValueSpecification\",\"valueRequired\":true,\"valueName\":\"search_term_string\"}}],\"inLanguage\":\"de\"}]}<\/script>\n<!-- \/ Yoast SEO plugin. -->","yoast_head_json":{"title":"Unsere St\u00e4rken | Erfahrung, Netzwerk & Branchen-Know-how","description":"Greencells bietet EPC-Expertise, fundiertes Branchen-Know-how und ein zuverl\u00e4ssiges globales Netzwerk von Lieferanten und Finanzierungspartnern.","robots":{"index":"index","follow":"follow","max-snippet":"max-snippet:-1","max-image-preview":"max-image-preview:large","max-video-preview":"max-video-preview:-1"},"canonical":"https:\/\/greencells.com\/de\/ueber-uns\/unsere-staerken\/","og_locale":"de_DE","og_type":"article","og_title":"Unsere St\u00e4rken | Erfahrung, Netzwerk & Branchen-Know-how","og_description":"Greencells bietet EPC-Expertise, fundiertes Branchen-Know-how und ein zuverl\u00e4ssiges globales Netzwerk von Lieferanten und Finanzierungspartnern.","og_url":"https:\/\/greencells.com\/de\/ueber-uns\/unsere-staerken\/","og_site_name":"Greencells Group","article_modified_time":"2026-03-23T16:30:31+00:00","twitter_card":"summary_large_image","twitter_misc":{"Gesch\u00e4tzte Lesezeit":"7\u00a0Minuten"},"schema":{"@context":"https:\/\/schema.org","@graph":[{"@type":"WebPage","@id":"https:\/\/greencells.com\/de\/ueber-uns\/unsere-staerken\/","url":"https:\/\/greencells.com\/de\/ueber-uns\/unsere-staerken\/","name":"Unsere St\u00e4rken | Erfahrung, Netzwerk & Branchen-Know-how","isPartOf":{"@id":"https:\/\/greencells.com\/de\/#website"},"datePublished":"2025-06-30T13:57:08+00:00","dateModified":"2026-03-23T16:30:31+00:00","description":"Greencells bietet EPC-Expertise, fundiertes Branchen-Know-how und ein zuverl\u00e4ssiges globales Netzwerk von Lieferanten und Finanzierungspartnern.","breadcrumb":{"@id":"https:\/\/greencells.com\/de\/ueber-uns\/unsere-staerken\/#breadcrumb"},"inLanguage":"de","potentialAction":[{"@type":"ReadAction","target":["https:\/\/greencells.com\/de\/ueber-uns\/unsere-staerken\/"]}]},{"@type":"BreadcrumbList","@id":"https:\/\/greencells.com\/de\/ueber-uns\/unsere-staerken\/#breadcrumb","itemListElement":[{"@type":"ListItem","position":1,"name":"Home","item":"https:\/\/greencells.com\/de\/startseite-greencells-group\/"},{"@type":"ListItem","position":2,"name":"\u00dcber uns","item":"https:\/\/greencells.com\/de\/ueber-uns\/"},{"@type":"ListItem","position":3,"name":"Unsere St\u00e4rken"}]},{"@type":"WebSite","@id":"https:\/\/greencells.com\/de\/#website","url":"https:\/\/greencells.com\/de\/","name":"Greencells Group","description":"Greencells Group Homepage","potentialAction":[{"@type":"SearchAction","target":{"@type":"EntryPoint","urlTemplate":"https:\/\/greencells.com\/de\/?s={search_term_string}"},"query-input":{"@type":"PropertyValueSpecification","valueRequired":true,"valueName":"search_term_string"}}],"inLanguage":"de"}]}},"_links":{"self":[{"href":"https:\/\/greencells.com\/de\/wp-json\/wp\/v2\/pages\/18566","targetHints":{"allow":["GET"]}}],"collection":[{"href":"https:\/\/greencells.com\/de\/wp-json\/wp\/v2\/pages"}],"about":[{"href":"https:\/\/greencells.com\/de\/wp-json\/wp\/v2\/types\/page"}],"author":[{"embeddable":true,"href":"https:\/\/greencells.com\/de\/wp-json\/wp\/v2\/users\/18"}],"replies":[{"embeddable":true,"href":"https:\/\/greencells.com\/de\/wp-json\/wp\/v2\/comments?post=18566"}],"version-history":[{"count":4,"href":"https:\/\/greencells.com\/de\/wp-json\/wp\/v2\/pages\/18566\/revisions"}],"predecessor-version":[{"id":19511,"href":"https:\/\/greencells.com\/de\/wp-json\/wp\/v2\/pages\/18566\/revisions\/19511"}],"up":[{"embeddable":true,"href":"https:\/\/greencells.com\/de\/wp-json\/wp\/v2\/pages\/4075"}],"wp:attachment":[{"href":"https:\/\/greencells.com\/de\/wp-json\/wp\/v2\/media?parent=18566"}],"curies":[{"name":"wp","href":"https:\/\/api.w.org\/{rel}","templated":true}]}}