{"id":19513,"date":"2026-05-04T12:52:10","date_gmt":"2026-05-04T10:52:10","guid":{"rendered":"https:\/\/greencells.com\/?page_id=19513"},"modified":"2026-05-04T16:43:29","modified_gmt":"2026-05-04T14:43:29","slug":"leadership","status":"publish","type":"page","link":"https:\/\/greencells.com\/de\/ueber-uns\/leadership\/","title":{"rendered":"Leadership"},"content":{"rendered":"<p>[et_pb_section fb_built=&#8220;1&#8243; fullwidth=&#8220;on&#8220; disabled_on=&#8220;off|off|off&#8220; admin_label=&#8220;Hero&#8220; _builder_version=&#8220;4.16&#8243; background_color=&#8220;#2b3648&#8243; custom_padding=&#8220;|||&#8220; transparent_background=&#8220;on&#8220; global_colors_info=&#8220;{}&#8220;][et_pb_fullwidth_header title=&#8220;LEADERSHIP&#8220; text_orientation=&#8220;center&#8220; background_overlay_color=&#8220;#85bd35&#8243; subhead_font_color=&#8220;#bebebe&#8220; _builder_version=&#8220;4.17.4&#8243; title_level=&#8220;h3&#8243; title_font=&#8220;Source Sans Pro|300|||||||&#8220; title_text_color=&#8220;#ffffff&#8220; title_font_size=&#8220;32px&#8220; title_letter_spacing=&#8220;16px&#8220; content_font=&#8220;Montserrat||||&#8220; content_text_color=&#8220;#bfbfbf&#8220; content_line_height=&#8220;1.8em&#8220; subhead_font=&#8220;Montserrat||||&#8220; subhead_text_color=&#8220;#bebebe&#8220; subhead_line_height=&#8220;1.8em&#8220; background_color=&#8220;#2b3648&#8243; background_enable_image=&#8220;off&#8220; custom_padding=&#8220;0%||0%||false|false&#8220; animation_style=&#8220;fade&#8220; animation_duration=&#8220;1500ms&#8220; title_line_height_last_edited=&#8220;off|desktop&#8220; global_colors_info=&#8220;{}&#8220; button_one_text_size__hover_enabled=&#8220;off&#8220; button_two_text_size__hover_enabled=&#8220;off&#8220; button_one_text_color__hover_enabled=&#8220;off&#8220; button_two_text_color__hover_enabled=&#8220;off&#8220; button_one_border_width__hover_enabled=&#8220;off&#8220; button_two_border_width__hover_enabled=&#8220;off&#8220; button_one_border_color__hover_enabled=&#8220;off&#8220; button_two_border_color__hover_enabled=&#8220;off&#8220; button_one_border_radius__hover_enabled=&#8220;off&#8220; button_two_border_radius__hover_enabled=&#8220;off&#8220; button_one_letter_spacing__hover_enabled=&#8220;off&#8220; button_two_letter_spacing__hover_enabled=&#8220;off&#8220; button_one_bg_color__hover_enabled=&#8220;off&#8220; button_two_bg_color__hover_enabled=&#8220;off&#8220;][\/et_pb_fullwidth_header][\/et_pb_section][et_pb_section fb_built=&#8220;1&#8243; admin_label=&#8220;Team&#8220; _builder_version=&#8220;4.16&#8243; background_color=&#8220;#ffffff&#8220; background_enable_image=&#8220;off&#8220; parallax=&#8220;on&#8220; custom_margin=&#8220;||50px||false|false&#8220; custom_padding=&#8220;0px|0px|0px|0px|true|false&#8220; global_colors_info=&#8220;{}&#8220;][et_pb_row _builder_version=&#8220;4.18.1&#8243; custom_padding=&#8220;20px||0px||false|false&#8220; locked=&#8220;off&#8220; global_colors_info=&#8220;{}&#8220; parallax_1__hover=&#8220;off&#8220; parallax_1__hover_enabled=&#8220;off&#8220; parallax_2__hover=&#8220;off&#8220; parallax_2__hover_enabled=&#8220;off&#8220; parallax_3__hover=&#8220;off&#8220; parallax_3__hover_enabled=&#8220;off&#8220; parallax_4__hover=&#8220;off&#8220; parallax_4__hover_enabled=&#8220;off&#8220; parallax_method_1__hover=&#8220;on&#8220; parallax_method_1__hover_enabled=&#8220;on&#8220; parallax_method_2__hover=&#8220;on&#8220; parallax_method_2__hover_enabled=&#8220;on&#8220; parallax_method_3__hover=&#8220;on&#8220; parallax_method_3__hover_enabled=&#8220;on&#8220; parallax_method_4__hover=&#8220;on&#8220; parallax_method_4__hover_enabled=&#8220;on&#8220;][et_pb_column type=&#8220;4_4&#8243; _builder_version=&#8220;4.16&#8243; custom_padding=&#8220;|||&#8220; global_colors_info=&#8220;{}&#8220; custom_padding__hover=&#8220;|||&#8220;][et_pb_text _builder_version=&#8220;4.18.1&#8243; text_font=&#8220;Ubuntu||||||||&#8220; text_text_color=&#8220;#838383&#8243; text_font_size=&#8220;18px&#8220; text_line_height=&#8220;30px&#8220; header_font=&#8220;Source Sans Pro||||||||&#8220; header_2_font=&#8220;Source Sans Pro|600|||||||&#8220; header_2_text_color=&#8220;#2b3648&#8243; header_2_font_size=&#8220;58px&#8220; header_2_line_height=&#8220;1.4em&#8220; header_4_font=&#8220;Source Sans Pro|||on|||||&#8220; header_4_text_color=&#8220;#85bd35&#8243; header_4_font_size=&#8220;16px&#8220; header_4_letter_spacing=&#8220;2px&#8220; header_4_line_height=&#8220;1.6em&#8220; text_orientation=&#8220;center&#8220; max_width=&#8220;700px&#8220; module_alignment=&#8220;center&#8220; custom_margin=&#8220;||-8px||false|false&#8220; custom_padding=&#8220;40px||0px||false|false&#8220; header_2_font_size_tablet=&#8220;30px&#8220; header_2_font_size_phone=&#8220;22px&#8220; header_2_font_size_last_edited=&#8220;on|phone&#8220; header_4_font_size_tablet=&#8220;&#8220; header_4_font_size_phone=&#8220;14px&#8220; header_4_font_size_last_edited=&#8220;on|phone&#8220; locked=&#8220;off&#8220; global_colors_info=&#8220;{}&#8220;]<\/p>\n<h4><span>STRATEGIE UND F\u00dcHRUNG<\/span><\/h4>\n<p>[\/et_pb_text][et_pb_text _builder_version=&#8220;4.18.1&#8243; text_font=&#8220;Ubuntu||||||||&#8220; text_text_color=&#8220;#838383&#8243; text_font_size=&#8220;18px&#8220; text_line_height=&#8220;30px&#8220; header_2_font=&#8220;Source Sans Pro||||||||&#8220; header_2_text_color=&#8220;#2b3648&#8243; header_2_font_size=&#8220;24px&#8220; header_2_letter_spacing=&#8220;6px&#8220; header_2_line_height=&#8220;1.4em&#8220; header_4_font=&#8220;Ubuntu|700||on|||||&#8220; header_4_text_color=&#8220;#85bd35&#8243; header_4_font_size=&#8220;16px&#8220; header_4_letter_spacing=&#8220;2px&#8220; header_4_line_height=&#8220;1.6em&#8220; text_orientation=&#8220;center&#8220; max_width=&#8220;700px&#8220; module_alignment=&#8220;center&#8220; custom_margin=&#8220;0px||||false|false&#8220; custom_padding=&#8220;0px||0px||false|false&#8220; header_2_font_size_tablet=&#8220;30px&#8220; header_2_font_size_phone=&#8220;22px&#8220; header_2_font_size_last_edited=&#8220;on|phone&#8220; header_4_font_size_tablet=&#8220;&#8220; header_4_font_size_phone=&#8220;14px&#8220; header_4_font_size_last_edited=&#8220;on|phone&#8220; locked=&#8220;off&#8220; global_colors_info=&#8220;{}&#8220;]<\/p>\n<h2>UNSER SENIOR LEADERSHIP TEAM<\/h2>\n<p>[\/et_pb_text][\/et_pb_column][\/et_pb_row][et_pb_row _builder_version=&#8220;4.27.6&#8243; _module_preset=&#8220;default&#8220; global_colors_info=&#8220;{}&#8220;][et_pb_column type=&#8220;4_4&#8243; _builder_version=&#8220;4.27.6&#8243; _module_preset=&#8220;default&#8220; global_colors_info=&#8220;{}&#8220;][et_pb_text _builder_version=&#8220;4.27.6&#8243; _module_preset=&#8220;default&#8220; global_colors_info=&#8220;{}&#8220;]<\/p>\n<p style=\"text-align: justify;\">Unser Senior Leadership Team gibt die Richtung f\u00fcr Greencells vor und sorgt f\u00fcr eine einheitliche Umsetzung in allen Gesch\u00e4ftsbereichen.<\/p>\n<p style=\"text-align: justify;\">Mit seinem Hintergrund in den Bereichen Technik, Finanzen, Betrieb und Unternehmensfunktionen verbindet das Team strategisches Denken mit praktischer Erfahrung bei der Realisierung von Solarprojekten in ganz Europa.<\/p>\n<p style=\"text-align: justify;\">Sie sind daf\u00fcr verantwortlich, unsere langfristige Strategie voranzutreiben, unsere Marktposition zu st\u00e4rken und sicherzustellen, dass wir bei allem, was wir tun, Qualit\u00e4t, Zuverl\u00e4ssigkeit und Verantwortungsbewusstsein zeigen.<\/p>\n<p>[\/et_pb_text][\/et_pb_column][\/et_pb_row][\/et_pb_section][et_pb_section fb_built=&#8220;1&#8243; _builder_version=&#8220;4.17.4&#8243; _module_preset=&#8220;default&#8220; custom_margin=&#8220;-50px||-20px||false|false&#8220; custom_padding=&#8220;0px||115px||false|false&#8220; global_colors_info=&#8220;{}&#8220;][et_pb_row column_structure=&#8220;1_2,1_2&#8243; _builder_version=&#8220;4.17.4&#8243; _module_preset=&#8220;default&#8220; global_colors_info=&#8220;{}&#8220;][et_pb_column type=&#8220;1_2&#8243; _builder_version=&#8220;4.17.4&#8243; _module_preset=&#8220;default&#8220; global_colors_info=&#8220;{}&#8220;][et_pb_blurb title=&#8220;FABIAN HERR (CEO)&#8220; image=&#8220;https:\/\/greencells.com\/wp-content\/uploads\/2025\/03\/GFX_030325_Profile_Pic_Fabian_Herr.jpg&#8220; module_class=&#8220;blurb-toggle&#8220; _builder_version=&#8220;4.27.6&#8243; _module_preset=&#8220;default&#8220; body_text_color=&#8220;#848484&#8243; hover_enabled=&#8220;0&#8243; global_colors_info=&#8220;{}&#8220; sticky_enabled=&#8220;0&#8243;]<\/p>\n<p style=\"text-align: justify;\">Fabian Herr has over 15 years of experience in the solar industry. He has held various management positions driving operational excellence and leading renewable energy projects.<br \/>Before joining Greencells, he served as COO at Iqony Sustainable Energy Solutions (SENS), where he played a key role in optimizing processes and delivering turnkey EPC solutions across multiple regions.<br \/>At Greencells, Fabian focuses on operational excellence, process improvement, and strengthening the company\u2019s position as a reliable EPC partner in the global energy transition.<\/p>\n<p>[\/et_pb_blurb][\/et_pb_column][et_pb_column type=&#8220;1_2&#8243; _builder_version=&#8220;4.17.4&#8243; _module_preset=&#8220;default&#8220; global_colors_info=&#8220;{}&#8220;][et_pb_blurb title=&#8220;NICLAS WOLL (CFO)&#8220; image=&#8220;https:\/\/greencells.com\/wp-content\/uploads\/2026\/03\/GFX_PB_Niclas_Woll_030326.jpg&#8220; module_class=&#8220;blurb-toggle&#8220; _builder_version=&#8220;4.27.6&#8243; _module_preset=&#8220;default&#8220; body_text_color=&#8220;#848484&#8243; locked=&#8220;off&#8220; global_colors_info=&#8220;{}&#8220;]Niclas Woll verf\u00fcgt \u00fcber mehr als zwei Jahrzehnte internationaler Erfahrung im Finanzsektor.<br \/>\nIn leitenden Positionen bei Caterpillar und W.R. Grace war er f\u00fcr Finanz-, Buchhaltungs- und Steuerangelegenheiten zust\u00e4ndig und arbeitete zuvor als Wirtschaftspr\u00fcfer bei Ernst &#038; Young.<br \/>\nAls deutscher Wirtschaftspr\u00fcfer bringt er umfangreiches Fachwissen in den Bereichen Rechnungswesen, Steuern und Controlling mit.<br \/>\nMit seinem internationalen Hintergrund st\u00e4rkt Niclas die Finanzstruktur und Transparenz des Greencells-Konzerns.[\/et_pb_blurb][\/et_pb_column][\/et_pb_row][et_pb_row column_structure=&#8220;1_2,1_2&#8243; _builder_version=&#8220;4.27.6&#8243; _module_preset=&#8220;default&#8220; global_colors_info=&#8220;{}&#8220;][et_pb_column type=&#8220;1_2&#8243; _builder_version=&#8220;4.27.6&#8243; _module_preset=&#8220;default&#8220; global_colors_info=&#8220;{}&#8220;][et_pb_blurb title=&#8220;EDE-K\u00c1LM\u00c1N NAGY (CEO GREENCELLS CEE)&#8220; image=&#8220;https:\/\/greencells.com\/wp-content\/uploads\/2026\/03\/Ede_Nagy-3.jpg&#8220; module_class=&#8220;blurb-toggle&#8220; _builder_version=&#8220;4.27.6&#8243; _module_preset=&#8220;default&#8220; body_text_color=&#8220;#848484&#8243; custom_padding=&#8220;||0px|||&#8220; locked=&#8220;off&#8220; global_colors_info=&#8220;{}&#8220;]\u00dcber 25 Jahre F\u00fchrungserfahrung in den CEE-M\u00e4rkten mit voller P&#038;L-Verantwortung und starken Turnaround-Erfolgen.<br \/>Umfassende Erfahrung in EPC-Lieferungen, Industriebau und Solarprojekten in mehreren L\u00e4ndern.<br \/>Nachgewiesene Erfolgsbilanz in den Bereichen Gesch\u00e4ftsumwandlung, betriebliche Effizienz und Optimierung von Gesch\u00e4ftsprozessen.<br \/>Ausgepr\u00e4gte diplomatische F\u00e4higkeiten und F\u00e4higkeiten im Umgang mit Stakeholdern, effektive Zusammenarbeit mit Beh\u00f6rden und strategischen Partnern.<br \/>Mehrsprachige F\u00fchrungskraft mit langj\u00e4hriger Erfahrung in der Leitung grenz\u00fcberschreitender Teams und regionaler Operationen.[\/et_pb_blurb][\/et_pb_column][et_pb_column type=&#8220;1_2&#8243; _builder_version=&#8220;4.27.6&#8243; _module_preset=&#8220;default&#8220; global_colors_info=&#8220;{}&#8220;][et_pb_blurb title=&#8220;DANIEL SEUFFERT (DIRECTOR OPERATIONS)&#8220; image=&#8220;https:\/\/greencells.com\/wp-content\/uploads\/2025\/10\/GFX_PB_Daniel_Seuffert_011025.jpg&#8220; module_class=&#8220;blurb-toggle&#8220; _builder_version=&#8220;4.27.6&#8243; _module_preset=&#8220;default&#8220; body_text_color=&#8220;#848484&#8243; global_colors_info=&#8220;{}&#8220;]Daniel Seuffert verf\u00fcgt \u00fcber mehr als zwei Jahrzehnte Erfahrung in der Planung und dem Bau von Solarkraftwerken weltweit und bringt umfassendes technisches Know-how und F\u00fchrungsqualit\u00e4ten in Greencells ein.<br \/>Nachdem er zuvor als Operations Director f\u00fcr EMEA &#038; APAC bei JUWI t\u00e4tig war und mehr als 60 Ingenieure in verschiedenen Regionen leitete, ist er nun f\u00fcr die operative Durchf\u00fchrung der EPC-Projekte von Greencells verantwortlich.<br \/>Zu seinen Schwerpunkten geh\u00f6ren Projektmanagement, Engineering Excellence, Qualit\u00e4tssicherung und digitale Bau\u00fcberwachung. Mit seinem starken internationalen Hintergrund verbessert Daniel die operative Effizienz und Skalierbarkeit unseres EPC-Gesch\u00e4fts.[\/et_pb_blurb][\/et_pb_column][\/et_pb_row][et_pb_row column_structure=&#8220;1_2,1_2&#8243; _builder_version=&#8220;4.27.6&#8243; _module_preset=&#8220;default&#8220; global_colors_info=&#8220;{}&#8220;][et_pb_column type=&#8220;1_2&#8243; _builder_version=&#8220;4.27.6&#8243; _module_preset=&#8220;default&#8220; global_colors_info=&#8220;{}&#8220;][et_pb_blurb title=&#8220;FLORIAN JOH\u00c4NNTGEN (DIRECTOR SALES &amp; BD)&#8220; image=&#8220;https:\/\/greencells.com\/wp-content\/uploads\/2025\/10\/GFX_291025_PB_Florian_Johaenntgen.jpg&#8220; module_class=&#8220;blurb-toggle&#8220; _builder_version=&#8220;4.27.6&#8243; _module_preset=&#8220;default&#8220; body_font=&#8220;&#8211;et_global_body_font||||||||&#8220; body_text_color=&#8220;#848484&#8243; global_colors_info=&#8220;{}&#8220;]Seit seinem Eintritt bei Greencells hat Florian Joh\u00e4nntgen die Entwicklung des EPC-Gesch\u00e4fts des Unternehmens ma\u00dfgeblich mitgestaltet und langfristige Partnerschaften mit f\u00fchrenden Investoren und Entwicklern aufgebaut.<br \/>\nMit mehr als 15 Jahren Erfahrung im internationalen Vertrieb und Business Development f\u00fcr PV-Gro\u00dfprojekte verbindet er strategischen Weitblick mit einem klaren Fokus auf nachhaltiges Wachstum.<br \/>\nAls Director Sales &#038; Business Development ist er f\u00fcr die strategische Marktexpansion, langfristige Kundenbeziehungen und die Skalierbarkeit des Unternehmens in den europ\u00e4ischen M\u00e4rkten verantwortlich.[\/et_pb_blurb][\/et_pb_column][et_pb_column type=&#8220;1_2&#8243; _builder_version=&#8220;4.27.6&#8243; _module_preset=&#8220;default&#8220; global_colors_info=&#8220;{}&#8220;][et_pb_blurb title=&#8220;SVEN SANDMEYER (DIRECTOR CORPORATE AFFAIRS)&#8220; image=&#8220;https:\/\/greencells.com\/wp-content\/uploads\/2025\/10\/GFX_291025_PB_Sven_Sandmeyer.jpg&#8220; module_class=&#8220;blurb-toggle&#8220; _builder_version=&#8220;4.27.6&#8243; _module_preset=&#8220;default&#8220; body_text_color=&#8220;#848484&#8243; global_colors_info=&#8220;{}&#8220;]<\/p>\n<p>Seit seinem Eintritt bei Greencells im Jahr 2022 hat Sven Sandmeyer die strategische Entwicklung des Unternehmens ma\u00dfgeblich mitgestaltet. Er begann als Chief of Staff und wurde 2025 zum Director Corporate Affairs ernannt.<br \/>In seiner Rolle treibt er die Prozessoptimierung voran, implementiert skalierbare Systeme und f\u00f6rdert die abteilungs\u00fcbergreifende Zusammenarbeit.<br \/>Durch die Kombination von Effizienz und Wachstumsorientierung treibt er die kontinuierliche Weiterentwicklung von Greencells voran und unterst\u00fctzt die langfristige Vision des Unternehmens. <\/p>\n<p>[\/et_pb_blurb][\/et_pb_column][\/et_pb_row][et_pb_row _builder_version=&#8220;4.27.6&#8243; _module_preset=&#8220;default&#8220; locked=&#8220;off&#8220; global_colors_info=&#8220;{}&#8220;][et_pb_column type=&#8220;4_4&#8243; _builder_version=&#8220;4.27.6&#8243; _module_preset=&#8220;default&#8220; global_colors_info=&#8220;{}&#8220;][et_pb_code _builder_version=&#8220;4.27.6&#8243; _module_preset=&#8220;default&#8220; global_colors_info=&#8220;{}&#8220;]<script><!-- [et_pb_line_break_holder] -->jQuery(document).ready(function($) {<!-- [et_pb_line_break_holder] -->  $('.blurb-toggle .et_pb_blurb_container').on('click', function() {<!-- [et_pb_line_break_holder] -->    $(this).closest('.blurb-toggle').toggleClass('open');<!-- [et_pb_line_break_holder] -->  });<!-- [et_pb_line_break_holder] -->});<!-- [et_pb_line_break_holder] --><\/script>[\/et_pb_code][\/et_pb_column][\/et_pb_row][\/et_pb_section]<\/p>\n","protected":false},"excerpt":{"rendered":"<p>STRATEGIE UND F\u00dcHRUNGUNSER SENIOR LEADERSHIP TEAMUnser Senior Leadership Team gibt die Richtung f\u00fcr Greencells vor und sorgt f\u00fcr eine einheitliche Umsetzung in allen Gesch\u00e4ftsbereichen. Mit seinem Hintergrund in den Bereichen Technik, Finanzen, Betrieb und Unternehmensfunktionen verbindet das Team strategisches Denken mit praktischer Erfahrung bei der Realisierung von Solarprojekten in ganz Europa. Sie sind daf\u00fcr verantwortlich, [&hellip;]<\/p>\n","protected":false},"author":22,"featured_media":0,"parent":4075,"menu_order":0,"comment_status":"closed","ping_status":"closed","template":"","meta":{"_et_pb_use_builder":"on","_et_pb_old_content":"","_et_gb_content_width":"","footnotes":""},"class_list":["post-19513","page","type-page","status-publish","hentry"],"yoast_head":"<!-- This site is optimized with the Yoast SEO plugin v27.4 - https:\/\/yoast.com\/product\/yoast-seo-wordpress\/ -->\n<title>Senior Management | Leadership bei der Greencells Group<\/title>\n<meta name=\"description\" content=\"Lernen Sie das F\u00fchrungsteam von Greencells kennen - einem der f\u00fchrenden europ\u00e4ischen EPC-Anbieter f\u00fcr Solarkraftwerke im industriellen Ma\u00dfstab.\" \/>\n<meta name=\"robots\" content=\"index, follow, max-snippet:-1, max-image-preview:large, max-video-preview:-1\" \/>\n<link rel=\"canonical\" href=\"https:\/\/greencells.com\/de\/ueber-uns\/leadership\/\" \/>\n<meta property=\"og:locale\" content=\"de_DE\" \/>\n<meta property=\"og:type\" content=\"article\" \/>\n<meta property=\"og:title\" content=\"Senior Management | Leadership bei der Greencells Group\" \/>\n<meta property=\"og:description\" content=\"Lernen Sie das F\u00fchrungsteam von Greencells kennen - einem der f\u00fchrenden europ\u00e4ischen EPC-Anbieter f\u00fcr Solarkraftwerke im industriellen Ma\u00dfstab.\" \/>\n<meta property=\"og:url\" content=\"https:\/\/greencells.com\/de\/ueber-uns\/leadership\/\" \/>\n<meta property=\"og:site_name\" content=\"Greencells Group\" \/>\n<meta property=\"article:modified_time\" content=\"2026-05-04T14:43:29+00:00\" \/>\n<meta name=\"twitter:card\" content=\"summary_large_image\" \/>\n<meta name=\"twitter:label1\" content=\"Gesch\u00e4tzte Lesezeit\" \/>\n\t<meta name=\"twitter:data1\" content=\"4\u00a0Minuten\" \/>\n<script type=\"application\/ld+json\" class=\"yoast-schema-graph\">{\"@context\":\"https:\\\/\\\/schema.org\",\"@graph\":[{\"@type\":\"WebPage\",\"@id\":\"https:\\\/\\\/greencells.com\\\/de\\\/ueber-uns\\\/leadership\\\/\",\"url\":\"https:\\\/\\\/greencells.com\\\/de\\\/ueber-uns\\\/leadership\\\/\",\"name\":\"Senior Management | Leadership bei der Greencells Group\",\"isPartOf\":{\"@id\":\"https:\\\/\\\/greencells.com\\\/de\\\/#website\"},\"datePublished\":\"2026-05-04T10:52:10+00:00\",\"dateModified\":\"2026-05-04T14:43:29+00:00\",\"description\":\"Lernen Sie das F\u00fchrungsteam von Greencells kennen - einem der f\u00fchrenden europ\u00e4ischen EPC-Anbieter f\u00fcr Solarkraftwerke im industriellen Ma\u00dfstab.\",\"breadcrumb\":{\"@id\":\"https:\\\/\\\/greencells.com\\\/de\\\/ueber-uns\\\/leadership\\\/#breadcrumb\"},\"inLanguage\":\"de\",\"potentialAction\":[{\"@type\":\"ReadAction\",\"target\":[\"https:\\\/\\\/greencells.com\\\/de\\\/ueber-uns\\\/leadership\\\/\"]}]},{\"@type\":\"BreadcrumbList\",\"@id\":\"https:\\\/\\\/greencells.com\\\/de\\\/ueber-uns\\\/leadership\\\/#breadcrumb\",\"itemListElement\":[{\"@type\":\"ListItem\",\"position\":1,\"name\":\"Home\",\"item\":\"https:\\\/\\\/greencells.com\\\/de\\\/startseite-greencells-group\\\/\"},{\"@type\":\"ListItem\",\"position\":2,\"name\":\"\u00dcber uns\",\"item\":\"https:\\\/\\\/greencells.com\\\/de\\\/ueber-uns\\\/\"},{\"@type\":\"ListItem\",\"position\":3,\"name\":\"Leadership\"}]},{\"@type\":\"WebSite\",\"@id\":\"https:\\\/\\\/greencells.com\\\/de\\\/#website\",\"url\":\"https:\\\/\\\/greencells.com\\\/de\\\/\",\"name\":\"Greencells Group\",\"description\":\"Greencells Group Homepage\",\"potentialAction\":[{\"@type\":\"SearchAction\",\"target\":{\"@type\":\"EntryPoint\",\"urlTemplate\":\"https:\\\/\\\/greencells.com\\\/de\\\/?s={search_term_string}\"},\"query-input\":{\"@type\":\"PropertyValueSpecification\",\"valueRequired\":true,\"valueName\":\"search_term_string\"}}],\"inLanguage\":\"de\"}]}<\/script>\n<!-- \/ Yoast SEO plugin. -->","yoast_head_json":{"title":"Senior Management | Leadership bei der Greencells Group","description":"Lernen Sie das F\u00fchrungsteam von Greencells kennen - einem der f\u00fchrenden europ\u00e4ischen EPC-Anbieter f\u00fcr Solarkraftwerke im industriellen Ma\u00dfstab.","robots":{"index":"index","follow":"follow","max-snippet":"max-snippet:-1","max-image-preview":"max-image-preview:large","max-video-preview":"max-video-preview:-1"},"canonical":"https:\/\/greencells.com\/de\/ueber-uns\/leadership\/","og_locale":"de_DE","og_type":"article","og_title":"Senior Management | Leadership bei der Greencells Group","og_description":"Lernen Sie das F\u00fchrungsteam von Greencells kennen - einem der f\u00fchrenden europ\u00e4ischen EPC-Anbieter f\u00fcr Solarkraftwerke im industriellen Ma\u00dfstab.","og_url":"https:\/\/greencells.com\/de\/ueber-uns\/leadership\/","og_site_name":"Greencells Group","article_modified_time":"2026-05-04T14:43:29+00:00","twitter_card":"summary_large_image","twitter_misc":{"Gesch\u00e4tzte Lesezeit":"4\u00a0Minuten"},"schema":{"@context":"https:\/\/schema.org","@graph":[{"@type":"WebPage","@id":"https:\/\/greencells.com\/de\/ueber-uns\/leadership\/","url":"https:\/\/greencells.com\/de\/ueber-uns\/leadership\/","name":"Senior Management | Leadership bei der Greencells Group","isPartOf":{"@id":"https:\/\/greencells.com\/de\/#website"},"datePublished":"2026-05-04T10:52:10+00:00","dateModified":"2026-05-04T14:43:29+00:00","description":"Lernen Sie das F\u00fchrungsteam von Greencells kennen - einem der f\u00fchrenden europ\u00e4ischen EPC-Anbieter f\u00fcr Solarkraftwerke im industriellen Ma\u00dfstab.","breadcrumb":{"@id":"https:\/\/greencells.com\/de\/ueber-uns\/leadership\/#breadcrumb"},"inLanguage":"de","potentialAction":[{"@type":"ReadAction","target":["https:\/\/greencells.com\/de\/ueber-uns\/leadership\/"]}]},{"@type":"BreadcrumbList","@id":"https:\/\/greencells.com\/de\/ueber-uns\/leadership\/#breadcrumb","itemListElement":[{"@type":"ListItem","position":1,"name":"Home","item":"https:\/\/greencells.com\/de\/startseite-greencells-group\/"},{"@type":"ListItem","position":2,"name":"\u00dcber uns","item":"https:\/\/greencells.com\/de\/ueber-uns\/"},{"@type":"ListItem","position":3,"name":"Leadership"}]},{"@type":"WebSite","@id":"https:\/\/greencells.com\/de\/#website","url":"https:\/\/greencells.com\/de\/","name":"Greencells Group","description":"Greencells Group Homepage","potentialAction":[{"@type":"SearchAction","target":{"@type":"EntryPoint","urlTemplate":"https:\/\/greencells.com\/de\/?s={search_term_string}"},"query-input":{"@type":"PropertyValueSpecification","valueRequired":true,"valueName":"search_term_string"}}],"inLanguage":"de"}]}},"_links":{"self":[{"href":"https:\/\/greencells.com\/de\/wp-json\/wp\/v2\/pages\/19513","targetHints":{"allow":["GET"]}}],"collection":[{"href":"https:\/\/greencells.com\/de\/wp-json\/wp\/v2\/pages"}],"about":[{"href":"https:\/\/greencells.com\/de\/wp-json\/wp\/v2\/types\/page"}],"author":[{"embeddable":true,"href":"https:\/\/greencells.com\/de\/wp-json\/wp\/v2\/users\/22"}],"replies":[{"embeddable":true,"href":"https:\/\/greencells.com\/de\/wp-json\/wp\/v2\/comments?post=19513"}],"version-history":[{"count":30,"href":"https:\/\/greencells.com\/de\/wp-json\/wp\/v2\/pages\/19513\/revisions"}],"predecessor-version":[{"id":20269,"href":"https:\/\/greencells.com\/de\/wp-json\/wp\/v2\/pages\/19513\/revisions\/20269"}],"up":[{"embeddable":true,"href":"https:\/\/greencells.com\/de\/wp-json\/wp\/v2\/pages\/4075"}],"wp:attachment":[{"href":"https:\/\/greencells.com\/de\/wp-json\/wp\/v2\/media?parent=19513"}],"curies":[{"name":"wp","href":"https:\/\/api.w.org\/{rel}","templated":true}]}}