{"id":4387,"date":"2020-08-31T13:43:03","date_gmt":"2020-08-31T13:43:03","guid":{"rendered":"https:\/\/greencells.com\/news\/"},"modified":"2026-03-12T18:13:02","modified_gmt":"2026-03-12T16:13:02","slug":"news","status":"publish","type":"page","link":"https:\/\/greencells.com\/de\/news\/","title":{"rendered":"News"},"content":{"rendered":"<p>[et_pb_section fb_built=&#8220;1&#8243; fullwidth=&#8220;on&#8220; disabled_on=&#8220;off|off|off&#8220; admin_label=&#8220;Hero&#8220; _builder_version=&#8220;4.16&#8243; background_color=&#8220;#2b3648&#8243; custom_padding=&#8220;|||&#8220; transparent_background=&#8220;on&#8220; saved_tabs=&#8220;all&#8220; global_colors_info=&#8220;{}&#8220;][et_pb_fullwidth_header title=&#8220;NEWS&amp; UPDATES&#8220; text_orientation=&#8220;center&#8220; background_overlay_color=&#8220;#85bd35&#8243; subhead_font_color=&#8220;#bebebe&#8220; _builder_version=&#8220;4.17.4&#8243; title_level=&#8220;h2&#8243; title_font=&#8220;Source Sans Pro|300|||||||&#8220; title_text_color=&#8220;#ffffff&#8220; title_font_size=&#8220;32px&#8220; title_letter_spacing=&#8220;16px&#8220; content_font=&#8220;Montserrat||||&#8220; content_text_color=&#8220;#bfbfbf&#8220; content_line_height=&#8220;1.8em&#8220; subhead_font=&#8220;Montserrat||||&#8220; subhead_text_color=&#8220;#bebebe&#8220; subhead_line_height=&#8220;1.8em&#8220; background_color=&#8220;#2b3648&#8243; background_enable_image=&#8220;off&#8220; custom_padding=&#8220;0%||0%||false|false&#8220; animation_style=&#8220;fade&#8220; animation_duration=&#8220;1500ms&#8220; title_line_height_last_edited=&#8220;off|desktop&#8220; global_colors_info=&#8220;{}&#8220; button_one_text_size__hover_enabled=&#8220;off&#8220; button_two_text_size__hover_enabled=&#8220;off&#8220; button_one_text_color__hover_enabled=&#8220;off&#8220; button_two_text_color__hover_enabled=&#8220;off&#8220; button_one_border_width__hover_enabled=&#8220;off&#8220; button_two_border_width__hover_enabled=&#8220;off&#8220; button_one_border_color__hover_enabled=&#8220;off&#8220; button_two_border_color__hover_enabled=&#8220;off&#8220; button_one_border_radius__hover_enabled=&#8220;off&#8220; button_two_border_radius__hover_enabled=&#8220;off&#8220; button_one_letter_spacing__hover_enabled=&#8220;off&#8220; button_two_letter_spacing__hover_enabled=&#8220;off&#8220; button_one_bg_color__hover_enabled=&#8220;off&#8220; button_two_bg_color__hover_enabled=&#8220;off&#8220;][\/et_pb_fullwidth_header][\/et_pb_section][et_pb_section fb_built=&#8220;1&#8243; _builder_version=&#8220;4.27.4&#8243; _module_preset=&#8220;default&#8220; custom_margin=&#8220;||0px||false|false&#8220; custom_padding=&#8220;0px||0px|||&#8220; locked=&#8220;off&#8220; global_colors_info=&#8220;{}&#8220;][et_pb_row _builder_version=&#8220;4.18.1&#8243; custom_padding=&#8220;20px||0px||false|false&#8220; locked=&#8220;off&#8220; global_colors_info=&#8220;{}&#8220; parallax_1__hover=&#8220;off&#8220; parallax_1__hover_enabled=&#8220;off&#8220; parallax_2__hover=&#8220;off&#8220; parallax_2__hover_enabled=&#8220;off&#8220; parallax_3__hover=&#8220;off&#8220; parallax_3__hover_enabled=&#8220;off&#8220; parallax_4__hover=&#8220;off&#8220; parallax_4__hover_enabled=&#8220;off&#8220; parallax_method_1__hover=&#8220;on&#8220; parallax_method_1__hover_enabled=&#8220;on&#8220; parallax_method_2__hover=&#8220;on&#8220; parallax_method_2__hover_enabled=&#8220;on&#8220; parallax_method_3__hover=&#8220;on&#8220; parallax_method_3__hover_enabled=&#8220;on&#8220; parallax_method_4__hover=&#8220;on&#8220; parallax_method_4__hover_enabled=&#8220;on&#8220;][et_pb_column type=&#8220;4_4&#8243; _builder_version=&#8220;4.16&#8243; custom_padding=&#8220;|||&#8220; global_colors_info=&#8220;{}&#8220; custom_padding__hover=&#8220;|||&#8220;][et_pb_text _builder_version=&#8220;4.27.4&#8243; text_font=&#8220;Ubuntu||||||||&#8220; text_text_color=&#8220;#838383&#8243; text_font_size=&#8220;18px&#8220; text_line_height=&#8220;30px&#8220; header_font=&#8220;Source Sans Pro||||||||&#8220; header_2_font=&#8220;Source Sans Pro|600|||||||&#8220; header_2_text_color=&#8220;#2b3648&#8243; header_2_font_size=&#8220;58px&#8220; header_2_line_height=&#8220;1.4em&#8220; header_4_font=&#8220;Source Sans Pro|||on|||||&#8220; header_4_text_color=&#8220;#85bd35&#8243; header_4_font_size=&#8220;16px&#8220; header_4_letter_spacing=&#8220;2px&#8220; header_4_line_height=&#8220;1.6em&#8220; text_orientation=&#8220;center&#8220; max_width=&#8220;700px&#8220; module_alignment=&#8220;center&#8220; custom_margin=&#8220;||-8px||false|false&#8220; custom_padding=&#8220;40px||0px||false|false&#8220; header_2_font_size_tablet=&#8220;30px&#8220; header_2_font_size_phone=&#8220;22px&#8220; header_2_font_size_last_edited=&#8220;on|phone&#8220; header_4_font_size_tablet=&#8220;&#8220; header_4_font_size_phone=&#8220;14px&#8220; header_4_font_size_last_edited=&#8220;on|phone&#8220; locked=&#8220;off&#8220; global_colors_info=&#8220;{}&#8220;]<\/p>\n<h4 style=\"text-align: center;\">Meilensteine. Projekte. Einblicke in das Unternehmen.  <\/h4>\n<p>[\/et_pb_text][et_pb_text _builder_version=&#8220;4.27.4&#8243; text_font=&#8220;Ubuntu||||||||&#8220; text_text_color=&#8220;#838383&#8243; text_font_size=&#8220;18px&#8220; text_line_height=&#8220;30px&#8220; header_2_font=&#8220;Source Sans Pro||||||||&#8220; header_2_text_color=&#8220;#2b3648&#8243; header_2_font_size=&#8220;24px&#8220; header_2_letter_spacing=&#8220;6px&#8220; header_2_line_height=&#8220;1.4em&#8220; header_4_font=&#8220;Ubuntu|700||on|||||&#8220; header_4_text_color=&#8220;#85bd35&#8243; header_4_font_size=&#8220;16px&#8220; header_4_letter_spacing=&#8220;2px&#8220; header_4_line_height=&#8220;1.6em&#8220; text_orientation=&#8220;center&#8220; max_width=&#8220;700px&#8220; module_alignment=&#8220;center&#8220; custom_margin=&#8220;0px||||false|false&#8220; custom_padding=&#8220;0px||0px||false|false&#8220; header_2_font_size_tablet=&#8220;30px&#8220; header_2_font_size_phone=&#8220;22px&#8220; header_2_font_size_last_edited=&#8220;on|phone&#8220; header_4_font_size_tablet=&#8220;&#8220; header_4_font_size_phone=&#8220;14px&#8220; header_4_font_size_last_edited=&#8220;on|phone&#8220; locked=&#8220;off&#8220; global_colors_info=&#8220;{}&#8220;]<\/p>\n<h2>GREENCELLS NEWSROOM<\/h2>\n<p>[\/et_pb_text][\/et_pb_column][\/et_pb_row][\/et_pb_section][et_pb_section fb_built=&#8220;1&#8243; _builder_version=&#8220;4.27.4&#8243; _module_preset=&#8220;default&#8220; custom_padding=&#8220;0px||35px||false|false&#8220; locked=&#8220;off&#8220; global_colors_info=&#8220;{}&#8220;][et_pb_row _builder_version=&#8220;4.27.4&#8243; _module_preset=&#8220;default&#8220; global_colors_info=&#8220;{}&#8220;][et_pb_column type=&#8220;4_4&#8243; _builder_version=&#8220;4.27.4&#8243; _module_preset=&#8220;default&#8220; global_colors_info=&#8220;{}&#8220;][et_pb_text _builder_version=&#8220;4.27.4&#8243; _module_preset=&#8220;default&#8220; global_colors_info=&#8220;{}&#8220;]<\/p>\n<p data-start=\"251\" data-end=\"612\">Willkommen im offiziellen Nachrichtenbereich der <strong data-start=\"291\" data-end=\"311\">Greencells Group<\/strong>. Hier informieren wir Sie \u00fcber wichtige Neuigkeiten zu unseren <strong data-start=\"346\" data-end=\"378\">Solarprojekten<\/strong>, neuen <strong data-start=\"384\" data-end=\"409\">EPC- und O&amp;M-Vertr\u00e4gen<\/strong> sowie wichtigen <strong data-start=\"421\" data-end=\"445\">finanziellen Meilensteinen<\/strong>. Au\u00dferdem finden Sie hier Ank\u00fcndigungen zu <strong data-start=\"481\" data-end=\"507\">Unternehmensentwicklungen<\/strong>, Einblicke in <strong data-start=\"523\" data-end=\"546\">unser F\u00fchrungsteam<\/strong> und unsere Pr\u00e4senz auf f\u00fchrenden <strong data-start=\"576\" data-end=\"611\">Branchenmessen und Veranstaltungen<\/strong>.  <\/p>\n<p data-start=\"614\" data-end=\"752\">Von bahnbrechenden Projekten bis hin zu strategischen Entscheidungen &#8211; hier zeigen wir auf, was unsere Fortschritte bei der globalen Energiewende ausmacht.<\/p>\n<p>[\/et_pb_text][\/et_pb_column][\/et_pb_row][\/et_pb_section][et_pb_section fb_built=&#8220;1&#8243; _builder_version=&#8220;4.27.4&#8243; _module_preset=&#8220;default&#8220; background_color=&#8220;#f7f7f7&#8243; custom_padding=&#8220;35px|||||&#8220; hover_enabled=&#8220;0&#8243; global_colors_info=&#8220;{}&#8220; sticky_enabled=&#8220;0&#8243;][et_pb_row use_custom_gutter=&#8220;on&#8220; _builder_version=&#8220;4.16&#8243; _module_preset=&#8220;default&#8220; global_colors_info=&#8220;{}&#8220;][et_pb_column type=&#8220;4_4&#8243; _builder_version=&#8220;4.16&#8243; _module_preset=&#8220;default&#8220; hover_enabled=&#8220;0&#8243; global_colors_info=&#8220;{}&#8220; sticky_enabled=&#8220;0&#8243;][et_pb_blog posts_number=&#8220;9&#8243; include_categories=&#8220;all&#8220; excerpt_length=&#8220;100&#8243; show_more=&#8220;on&#8220; show_author=&#8220;off&#8220; show_categories=&#8220;off&#8220; _builder_version=&#8220;4.27.6&#8243; _module_preset=&#8220;default&#8220; header_font=&#8220;Source Sans Pro|||on|||||&#8220; header_text_color=&#8220;#2B3648&#8243; header_font_size=&#8220;18px&#8220; header_letter_spacing=&#8220;2px&#8220; header_line_height=&#8220;1.2em&#8220; body_font=&#8220;Source Sans Pro||||||||&#8220; body_text_color=&#8220;#848484&#8243; body_line_height=&#8220;1.3em&#8220; meta_font=&#8220;Source Sans Pro|||on|||||&#8220; meta_text_color=&#8220;#85bd35&#8243; meta_font_size=&#8220;16px&#8220; read_more_font=&#8220;Ubuntu|700|||||||&#8220; read_more_text_color=&#8220;#2b3648&#8243; read_more_font_size=&#8220;16px&#8220; hover_enabled=&#8220;0&#8243; custom_css_main_element=&#8220;.post-content-inner{font-weight:400;}&#8220; global_colors_info=&#8220;{}&#8220; sticky_enabled=&#8220;0&#8243; fullwidth=&#8220;off&#8220;][\/et_pb_blog][\/et_pb_column][\/et_pb_row][\/et_pb_section]<\/p>\n","protected":false},"excerpt":{"rendered":"<p>Meilensteine. Projekte. Einblicke in das Unternehmen. GREENCELLS NEWSROOMWillkommen im offiziellen Nachrichtenbereich der Greencells Group. Hier informieren wir Sie \u00fcber wichtige Neuigkeiten zu unseren Solarprojekten, neuen EPC- und O&amp;M-Vertr\u00e4gen sowie wichtigen finanziellen Meilensteinen. Au\u00dferdem finden Sie hier Ank\u00fcndigungen zu Unternehmensentwicklungen, Einblicke in unser F\u00fchrungsteam und unsere Pr\u00e4senz auf f\u00fchrenden Branchenmessen und Veranstaltungen. Von bahnbrechenden Projekten bis [&hellip;]<\/p>\n","protected":false},"author":18,"featured_media":5659,"parent":0,"menu_order":0,"comment_status":"closed","ping_status":"closed","template":"","meta":{"_et_pb_use_builder":"on","_et_pb_old_content":"","_et_gb_content_width":"","footnotes":""},"class_list":["post-4387","page","type-page","status-publish","has-post-thumbnail","hentry"],"yoast_head":"<!-- This site is optimized with the Yoast SEO plugin v27.2 - https:\/\/yoast.com\/product\/yoast-seo-wordpress\/ -->\n<title>Nachrichten | Greencells Group - Einblicke, Updates &amp; Highlights<\/title>\n<meta name=\"description\" content=\"Entdecken Sie die Neuigkeiten der Greencells Group: Unternehmens-Updates, Einblicke in das Team, Partnerschaften und Entwicklungen im Bereich Solar EPC und O&amp;M.\" \/>\n<meta name=\"robots\" content=\"index, follow, max-snippet:-1, max-image-preview:large, max-video-preview:-1\" \/>\n<link rel=\"canonical\" href=\"https:\/\/greencells.com\/de\/news\/\" \/>\n<meta property=\"og:locale\" content=\"de_DE\" \/>\n<meta property=\"og:type\" content=\"article\" \/>\n<meta property=\"og:title\" content=\"Nachrichten | Greencells Group - Einblicke, Updates &amp; Highlights\" \/>\n<meta property=\"og:description\" content=\"Entdecken Sie die Neuigkeiten der Greencells Group: Unternehmens-Updates, Einblicke in das Team, Partnerschaften und Entwicklungen im Bereich Solar EPC und O&amp;M.\" \/>\n<meta property=\"og:url\" content=\"https:\/\/greencells.com\/de\/news\/\" \/>\n<meta property=\"og:site_name\" content=\"Greencells Group\" \/>\n<meta property=\"article:modified_time\" content=\"2026-03-12T16:13:02+00:00\" \/>\n<meta property=\"og:image\" content=\"https:\/\/greencells.com\/wp-content\/uploads\/2020\/12\/kusel-Kopie-scaled.jpg\" \/>\n\t<meta property=\"og:image:width\" content=\"2560\" \/>\n\t<meta property=\"og:image:height\" content=\"1704\" \/>\n\t<meta property=\"og:image:type\" content=\"image\/jpeg\" \/>\n<meta name=\"twitter:card\" content=\"summary_large_image\" \/>\n<meta name=\"twitter:label1\" content=\"Gesch\u00e4tzte Lesezeit\" \/>\n\t<meta name=\"twitter:data1\" content=\"1\u00a0Minute\" \/>\n<script type=\"application\/ld+json\" class=\"yoast-schema-graph\">{\"@context\":\"https:\/\/schema.org\",\"@graph\":[{\"@type\":\"WebPage\",\"@id\":\"https:\/\/greencells.com\/de\/news\/\",\"url\":\"https:\/\/greencells.com\/de\/news\/\",\"name\":\"Nachrichten | Greencells Group - Einblicke, Updates & Highlights\",\"isPartOf\":{\"@id\":\"https:\/\/greencells.com\/de\/#website\"},\"primaryImageOfPage\":{\"@id\":\"https:\/\/greencells.com\/de\/news\/#primaryimage\"},\"image\":{\"@id\":\"https:\/\/greencells.com\/de\/news\/#primaryimage\"},\"thumbnailUrl\":\"https:\/\/greencells.com\/wp-content\/uploads\/2020\/12\/kusel-Kopie-scaled.jpg\",\"datePublished\":\"2020-08-31T13:43:03+00:00\",\"dateModified\":\"2026-03-12T16:13:02+00:00\",\"description\":\"Entdecken Sie die Neuigkeiten der Greencells Group: Unternehmens-Updates, Einblicke in das Team, Partnerschaften und Entwicklungen im Bereich Solar EPC und O&M.\",\"breadcrumb\":{\"@id\":\"https:\/\/greencells.com\/de\/news\/#breadcrumb\"},\"inLanguage\":\"de\",\"potentialAction\":[{\"@type\":\"ReadAction\",\"target\":[\"https:\/\/greencells.com\/de\/news\/\"]}]},{\"@type\":\"ImageObject\",\"inLanguage\":\"de\",\"@id\":\"https:\/\/greencells.com\/de\/news\/#primaryimage\",\"url\":\"https:\/\/greencells.com\/wp-content\/uploads\/2020\/12\/kusel-Kopie-scaled.jpg\",\"contentUrl\":\"https:\/\/greencells.com\/wp-content\/uploads\/2020\/12\/kusel-Kopie-scaled.jpg\",\"width\":2560,\"height\":1704},{\"@type\":\"BreadcrumbList\",\"@id\":\"https:\/\/greencells.com\/de\/news\/#breadcrumb\",\"itemListElement\":[{\"@type\":\"ListItem\",\"position\":1,\"name\":\"Home\",\"item\":\"https:\/\/greencells.com\/de\/startseite-greencells-group\/\"},{\"@type\":\"ListItem\",\"position\":2,\"name\":\"News\"}]},{\"@type\":\"WebSite\",\"@id\":\"https:\/\/greencells.com\/de\/#website\",\"url\":\"https:\/\/greencells.com\/de\/\",\"name\":\"Greencells Group\",\"description\":\"Greencells Group Homepage\",\"potentialAction\":[{\"@type\":\"SearchAction\",\"target\":{\"@type\":\"EntryPoint\",\"urlTemplate\":\"https:\/\/greencells.com\/de\/?s={search_term_string}\"},\"query-input\":{\"@type\":\"PropertyValueSpecification\",\"valueRequired\":true,\"valueName\":\"search_term_string\"}}],\"inLanguage\":\"de\"}]}<\/script>\n<!-- \/ Yoast SEO plugin. -->","yoast_head_json":{"title":"Nachrichten | Greencells Group - Einblicke, Updates & Highlights","description":"Entdecken Sie die Neuigkeiten der Greencells Group: Unternehmens-Updates, Einblicke in das Team, Partnerschaften und Entwicklungen im Bereich Solar EPC und O&M.","robots":{"index":"index","follow":"follow","max-snippet":"max-snippet:-1","max-image-preview":"max-image-preview:large","max-video-preview":"max-video-preview:-1"},"canonical":"https:\/\/greencells.com\/de\/news\/","og_locale":"de_DE","og_type":"article","og_title":"Nachrichten | Greencells Group - Einblicke, Updates & Highlights","og_description":"Entdecken Sie die Neuigkeiten der Greencells Group: Unternehmens-Updates, Einblicke in das Team, Partnerschaften und Entwicklungen im Bereich Solar EPC und O&M.","og_url":"https:\/\/greencells.com\/de\/news\/","og_site_name":"Greencells Group","article_modified_time":"2026-03-12T16:13:02+00:00","og_image":[{"width":2560,"height":1704,"url":"https:\/\/greencells.com\/wp-content\/uploads\/2020\/12\/kusel-Kopie-scaled.jpg","type":"image\/jpeg"}],"twitter_card":"summary_large_image","twitter_misc":{"Gesch\u00e4tzte Lesezeit":"1\u00a0Minute"},"schema":{"@context":"https:\/\/schema.org","@graph":[{"@type":"WebPage","@id":"https:\/\/greencells.com\/de\/news\/","url":"https:\/\/greencells.com\/de\/news\/","name":"Nachrichten | Greencells Group - Einblicke, Updates & Highlights","isPartOf":{"@id":"https:\/\/greencells.com\/de\/#website"},"primaryImageOfPage":{"@id":"https:\/\/greencells.com\/de\/news\/#primaryimage"},"image":{"@id":"https:\/\/greencells.com\/de\/news\/#primaryimage"},"thumbnailUrl":"https:\/\/greencells.com\/wp-content\/uploads\/2020\/12\/kusel-Kopie-scaled.jpg","datePublished":"2020-08-31T13:43:03+00:00","dateModified":"2026-03-12T16:13:02+00:00","description":"Entdecken Sie die Neuigkeiten der Greencells Group: Unternehmens-Updates, Einblicke in das Team, Partnerschaften und Entwicklungen im Bereich Solar EPC und O&M.","breadcrumb":{"@id":"https:\/\/greencells.com\/de\/news\/#breadcrumb"},"inLanguage":"de","potentialAction":[{"@type":"ReadAction","target":["https:\/\/greencells.com\/de\/news\/"]}]},{"@type":"ImageObject","inLanguage":"de","@id":"https:\/\/greencells.com\/de\/news\/#primaryimage","url":"https:\/\/greencells.com\/wp-content\/uploads\/2020\/12\/kusel-Kopie-scaled.jpg","contentUrl":"https:\/\/greencells.com\/wp-content\/uploads\/2020\/12\/kusel-Kopie-scaled.jpg","width":2560,"height":1704},{"@type":"BreadcrumbList","@id":"https:\/\/greencells.com\/de\/news\/#breadcrumb","itemListElement":[{"@type":"ListItem","position":1,"name":"Home","item":"https:\/\/greencells.com\/de\/startseite-greencells-group\/"},{"@type":"ListItem","position":2,"name":"News"}]},{"@type":"WebSite","@id":"https:\/\/greencells.com\/de\/#website","url":"https:\/\/greencells.com\/de\/","name":"Greencells Group","description":"Greencells Group Homepage","potentialAction":[{"@type":"SearchAction","target":{"@type":"EntryPoint","urlTemplate":"https:\/\/greencells.com\/de\/?s={search_term_string}"},"query-input":{"@type":"PropertyValueSpecification","valueRequired":true,"valueName":"search_term_string"}}],"inLanguage":"de"}]}},"_links":{"self":[{"href":"https:\/\/greencells.com\/de\/wp-json\/wp\/v2\/pages\/4387","targetHints":{"allow":["GET"]}}],"collection":[{"href":"https:\/\/greencells.com\/de\/wp-json\/wp\/v2\/pages"}],"about":[{"href":"https:\/\/greencells.com\/de\/wp-json\/wp\/v2\/types\/page"}],"author":[{"embeddable":true,"href":"https:\/\/greencells.com\/de\/wp-json\/wp\/v2\/users\/18"}],"replies":[{"embeddable":true,"href":"https:\/\/greencells.com\/de\/wp-json\/wp\/v2\/comments?post=4387"}],"version-history":[{"count":5,"href":"https:\/\/greencells.com\/de\/wp-json\/wp\/v2\/pages\/4387\/revisions"}],"predecessor-version":[{"id":19457,"href":"https:\/\/greencells.com\/de\/wp-json\/wp\/v2\/pages\/4387\/revisions\/19457"}],"wp:featuredmedia":[{"embeddable":true,"href":"https:\/\/greencells.com\/de\/wp-json\/wp\/v2\/media\/5659"}],"wp:attachment":[{"href":"https:\/\/greencells.com\/de\/wp-json\/wp\/v2\/media?parent=4387"}],"curies":[{"name":"wp","href":"https:\/\/api.w.org\/{rel}","templated":true}]}}