{"id":18788,"date":"2025-10-09T11:48:37","date_gmt":"2025-10-09T09:48:37","guid":{"rendered":"https:\/\/greencells.com\/despre-noi\/esg-ir\/"},"modified":"2026-03-23T18:16:37","modified_gmt":"2026-03-23T16:16:37","slug":"esg-ir","status":"publish","type":"page","link":"https:\/\/greencells.com\/ro\/despre-noi\/esg-ir\/","title":{"rendered":"ESG"},"content":{"rendered":"<p>[et_pb_section fb_built=&#8221;1&#8243; fullwidth=&#8221;on&#8221; disabled_on=&#8221;off|off|off&#8221; admin_label=&#8221;Hero&#8221; _builder_version=&#8221;4.16&#8243; background_color=&#8221;#2b3648&#8243; custom_padding=&#8221;|||&#8221; transparent_background=&#8221;on&#8221; saved_tabs=&#8221;all&#8221; global_colors_info=&#8221;{}&#8221;][et_pb_fullwidth_header title=&#8221;ESG&#8221; text_orientation=&#8221;center&#8221; background_overlay_color=&#8221;#85bd35&#8243; subhead_font_color=&#8221;#bebebe&#8221; _builder_version=&#8221;4.27.6&#8243; title_level=&#8221;h3&#8243; title_font=&#8221;Source Sans Pro|300|||||||&#8221; title_text_color=&#8221;#ffffff&#8221; title_font_size=&#8221;32px&#8221; title_letter_spacing=&#8221;16px&#8221; content_font=&#8221;Montserrat||||&#8221; content_text_color=&#8221;#bfbfbf&#8221; content_line_height=&#8221;1.8em&#8221; subhead_font=&#8221;Montserrat||||&#8221; subhead_text_color=&#8221;#bebebe&#8221; subhead_line_height=&#8221;1.8em&#8221; background_color=&#8221;#2b3648&#8243; background_enable_image=&#8221;off&#8221; custom_padding=&#8221;0%||0%||false|false&#8221; animation_style=&#8221;fade&#8221; animation_duration=&#8221;1500ms&#8221; hover_enabled=&#8221;0&#8243; title_line_height_last_edited=&#8221;off|desktop&#8221; global_colors_info=&#8221;{}&#8221; button_one_text_size__hover_enabled=&#8221;off&#8221; button_two_text_size__hover_enabled=&#8221;off&#8221; button_one_text_color__hover_enabled=&#8221;off&#8221; button_two_text_color__hover_enabled=&#8221;off&#8221; button_one_border_width__hover_enabled=&#8221;off&#8221; button_two_border_width__hover_enabled=&#8221;off&#8221; button_one_border_color__hover_enabled=&#8221;off&#8221; button_two_border_color__hover_enabled=&#8221;off&#8221; button_one_border_radius__hover_enabled=&#8221;off&#8221; button_two_border_radius__hover_enabled=&#8221;off&#8221; button_one_letter_spacing__hover_enabled=&#8221;off&#8221; button_two_letter_spacing__hover_enabled=&#8221;off&#8221; button_one_bg_color__hover_enabled=&#8221;off&#8221; button_two_bg_color__hover_enabled=&#8221;off&#8221; sticky_enabled=&#8221;0&#8243;][\/et_pb_fullwidth_header][et_pb_fullwidth_image src=&#8221;https:\/\/greencells.com\/wp-content\/uploads\/2023\/07\/GFX_170723_ESG_Header-scaled.jpg&#8221; title_text=&#8221;Antreprenor m\u00e2n\u0103 punct la ecran digital tablou de bord \u00een timp ce controlul \u0219i reducerea emisiilor de carbon pentru afaceri globale prietenos. Afaceri cu preocupare pentru mediu, credit de carbon \u0219i emisii zero. &#8221; _builder_version=&#8221;4.21.0&#8243; _module_preset=&#8221;default&#8221; vertical_offset=&#8221;-428px&#8221; height=&#8221;300px&#8221; global_colors_info=&#8221;{}&#8221;][\/et_pb_fullwidth_image][\/et_pb_section][et_pb_section fb_built=&#8221;1&#8243; _builder_version=&#8221;4.21.0&#8243; _module_preset=&#8221;default&#8221; min_height=&#8221;215.7px&#8221; custom_margin=&#8221;||0px||false|false&#8221; custom_padding=&#8221;0px||0px|||&#8221; locked=&#8221;off&#8221; global_colors_info=&#8221;{}&#8221;][et_pb_row _builder_version=&#8221;4.21.0&#8243; custom_padding=&#8221;50px||0px||false|false&#8221; locked=&#8221;off&#8221; global_colors_info=&#8221;{}&#8221; parallax_1__hover=&#8221;off&#8221; parallax_1__hover_enabled=&#8221;off&#8221; parallax_2__hover=&#8221;off&#8221; parallax_2__hover_enabled=&#8221;off&#8221; parallax_3__hover=&#8221;off&#8221; parallax_3__hover_enabled=&#8221;off&#8221; parallax_4__hover=&#8221;off&#8221; parallax_4__hover_enabled=&#8221;off&#8221; parallax_method_1__hover=&#8221;on&#8221; parallax_method_1__hover_enabled=&#8221;on&#8221; parallax_method_2__hover=&#8221;on&#8221; parallax_method_2__hover_enabled=&#8221;on&#8221; parallax_method_3__hover=&#8221;on&#8221; parallax_method_3__hover_enabled=&#8221;on&#8221; parallax_method_4__hover=&#8221;on&#8221; parallax_method_4__hover_enabled=&#8221;on&#8221;][et_pb_column type=&#8221;4_4&#8243; _builder_version=&#8221;4.16&#8243; custom_padding=&#8221;|||&#8221; global_colors_info=&#8221;{}&#8221; custom_padding__hover=&#8221;|||&#8221;][et_pb_text _builder_version=&#8221;4.18.1&#8243; text_font=&#8221;Ubuntu||||||||&#8221; text_text_color=&#8221;#838383&#8243; text_font_size=&#8221;18px&#8221; text_line_height=&#8221;30px&#8221; header_font=&#8221;Source Sans Pro||||||||&#8221; header_2_font=&#8221;Source Sans Pro|600|||||||&#8221; header_2_text_color=&#8221;#2b3648&#8243; header_2_font_size=&#8221;58px&#8221; header_2_line_height=&#8221;1.4em&#8221; header_4_font=&#8221;Source Sans Pro|||on|||||&#8221; header_4_text_color=&#8221;#85bd35&#8243; header_4_font_size=&#8221;16px&#8221; header_4_letter_spacing=&#8221;2px&#8221; header_4_line_height=&#8221;1.6em&#8221; text_orientation=&#8221;center&#8221; max_width=&#8221;700px&#8221; module_alignment=&#8221;center&#8221; min_height=&#8221;6.6px&#8221; custom_margin=&#8221;||-8px||false|false&#8221; custom_padding=&#8221;3px||0px||false|false&#8221; header_2_font_size_tablet=&#8221;30px&#8221; header_2_font_size_phone=&#8221;22px&#8221; header_2_font_size_last_edited=&#8221;on|phone&#8221; header_4_font_size_tablet=&#8221;&#8221; header_4_font_size_phone=&#8221;14px&#8221; header_4_font_size_last_edited=&#8221;on|phone&#8221; locked=&#8221;off&#8221; global_colors_info=&#8221;{}&#8221;]<\/p>\n<h4><span>MEDIU, SOCIAL, GUVERNARE<\/span><\/h4>\n<p>[\/et_pb_text][et_pb_text _builder_version=&#8221;4.21.0&#8243; text_font=&#8221;Source Sans Pro||||||||&#8221; text_text_color=&#8221;#838383&#8243; text_font_size=&#8221;18px&#8221; text_line_height=&#8221;30px&#8221; header_font=&#8221;Source Sans Pro||||||||&#8221; header_2_font=&#8221;Source Sans Pro||||||||&#8221; header_2_text_color=&#8221;#2b3648&#8243; header_2_font_size=&#8221;24px&#8221; header_2_letter_spacing=&#8221;6px&#8221; header_2_line_height=&#8221;1.4em&#8221; header_4_font=&#8221;Ubuntu|700||on|||||&#8221; header_4_text_color=&#8221;#85bd35&#8243; header_4_font_size=&#8221;16px&#8221; header_4_letter_spacing=&#8221;2px&#8221; header_4_line_height=&#8221;1.6em&#8221; text_orientation=&#8221;center&#8221; max_width=&#8221;700px&#8221; module_alignment=&#8221;center&#8221; custom_margin=&#8221;0px||||false|false&#8221; custom_padding=&#8221;0px||13px||false|false&#8221; header_2_font_size_tablet=&#8221;30px&#8221; header_2_font_size_phone=&#8221;22px&#8221; header_2_font_size_last_edited=&#8221;on|phone&#8221; header_4_font_size_tablet=&#8221;&#8221; header_4_font_size_phone=&#8221;14px&#8221; header_4_font_size_last_edited=&#8221;on|phone&#8221; locked=&#8221;off&#8221; global_colors_info=&#8221;{}&#8221;]<\/p>\n<h2>NE ASUM\u0102M RESPONSABILITATEA<\/h2>\n<p>[\/et_pb_text][\/et_pb_column][\/et_pb_row][et_pb_row _builder_version=&#8221;4.18.1&#8243; _module_preset=&#8221;default&#8221; custom_margin=&#8221;|auto|-25px|auto|false|false&#8221; custom_padding=&#8221;0px||0px||false|false&#8221; global_colors_info=&#8221;{}&#8221;][et_pb_column type=&#8221;4_4&#8243; _builder_version=&#8221;4.16&#8243; _module_preset=&#8221;default&#8221; global_colors_info=&#8221;{}&#8221;][et_pb_text _builder_version=&#8221;4.21.0&#8243; _module_preset=&#8221;default&#8221; text_font=&#8221;Source Sans Pro||||||||&#8221; text_orientation=&#8221;justified&#8221; min_height=&#8221;158.5px&#8221; custom_margin=&#8221;||-22px||false|false&#8221; custom_padding=&#8221;10px||45px||false|false&#8221; locked=&#8221;off&#8221; global_colors_info=&#8221;{}&#8221;]<\/p>\n<p style=\"text-align: left\"><span><span class=\"ui-provider fy b c d e f g h i j k l m n o p q r s t u v w x y z ab ac ae af ag ah ai aj ak\" dir=\"ltr\">\u00cen calitate de lider \u00een domeniul energiei solare la scar\u0103 larg\u0103, Greencells este deja \u00een prima linie \u00een lupta \u00eempotriva schimb\u0103rilor climatice. Pentru dezvoltarea \u0219i construc\u021bia centralelor noastre solare, dorim s\u0103 ne asigur\u0103m c\u0103 respect\u0103m cele mai recente standarde ESG. Prin urmare, Greencells abordeaz\u0103 \u00een mod strategic subiectele ESG la nivel intern \u0219i extern.  <\/span><\/span><\/p>\n<p>[\/et_pb_text][\/et_pb_column][\/et_pb_row][\/et_pb_section][et_pb_section fb_built=&#8221;1&#8243; admin_label=&#8221;Feature Section&#8221; module_class=&#8221;ubuntu-normal&#8221; _builder_version=&#8221;4.21.0&#8243; background_color=&#8221;#f7f7f7&#8243; min_height=&#8221;872px&#8221; custom_margin=&#8221;7px||0px||false|false&#8221; custom_padding=&#8221;22px||0px||false|false&#8221; locked=&#8221;off&#8221; global_colors_info=&#8221;{}&#8221;][et_pb_row column_structure=&#8221;1_6,1_6,1_6,1_6,1_6,1_6&#8243; make_equal=&#8221;on&#8221; _builder_version=&#8221;4.27.4&#8243; _module_preset=&#8221;default&#8221; min_height=&#8221;116px&#8221; custom_margin=&#8221;0px|auto|0px|auto|false|false&#8221; custom_padding=&#8221;19px||70px||false|false&#8221; global_colors_info=&#8221;{}&#8221;][et_pb_column type=&#8221;1_6&#8243; _builder_version=&#8221;4.27.4&#8243; _module_preset=&#8221;default&#8221; link_option_url=&#8221;RAPORT DE DURABILITATE 2024&#8243; global_colors_info=&#8221;{}&#8221;][et_pb_blurb title=&#8221;RAPORTUL DE SUSTENABILITATE GREENCELLS 2024&#8243; url=&#8221;https:\/\/greencells.com\/flipbook\/greencells-sustainability-report-2024\/&#8221; image=&#8221;https:\/\/greencells.com\/wp-content\/uploads\/2025\/08\/GFX_Sustainability_Report_2024_Cover_200825.jpg&#8221; _builder_version=&#8221;4.27.4&#8243; _module_preset=&#8221;default&#8221; header_font=&#8221;Source Sans Pro||||||||&#8221; header_text_color=&#8221;#85BD35&#8243; header_font_size=&#8221;16px&#8221; header_letter_spacing=&#8221;2px&#8221; header_line_height=&#8221;1.2em&#8221; body_font=&#8221;Source Sans Pro||||||||&#8221; global_colors_info=&#8221;{}&#8221;]<\/p>\n<p>Raportul nostru privind durabilitatea ofer\u0103 transparen\u021b\u0103 cu privire la modul \u00een care integr\u0103m principiile de mediu, sociale \u0219i de guvernan\u021b\u0103 \u00een opera\u021biunile noastre zilnice. Acesta eviden\u021biaz\u0103 m\u0103surile pe care le lu\u0103m pentru a ne reduce amprenta asupra mediului, pentru a promova un loc de munc\u0103 favorabil incluziunii, pentru a sus\u021bine standarde de guvernan\u021b\u0103 solide \u0219i pentru a crea valoare pe termen lung pentru p\u0103r\u021bile noastre interesate. <\/p>\n<p><span style=\"font-size: 17px;\"><\/span><\/p>\n<p><span><\/span><\/p>\n<p><span><\/span><\/p>\n<p><span><\/span><\/p>\n<p>[\/et_pb_blurb][\/et_pb_column][et_pb_column type=&#8221;1_6&#8243; _builder_version=&#8221;4.25.2&#8243; _module_preset=&#8221;default&#8221; global_colors_info=&#8221;{}&#8221;][et_pb_blurb title=&#8221;CADRU DE MEDIU, SOCIAL \u0218I DE GUVERNAN\u021a\u0102  &#8221; url=&#8221;https:\/\/greencells.com\/es\/flipbook\/greencells-sustainability-report-2024\/&#8221; image=&#8221;https:\/\/greencells.com\/wp-content\/uploads\/2023\/07\/GFX_170723_ESG_Framework_Cover-scaled.jpg&#8221; _builder_version=&#8221;4.27.4&#8243; _module_preset=&#8221;default&#8221; header_font=&#8221;Source Sans Pro||||||||&#8221; header_text_color=&#8221;#85BD35&#8243; header_font_size=&#8221;16px&#8221; header_letter_spacing=&#8221;2px&#8221; header_line_height=&#8221;1.2em&#8221; body_font=&#8221;Source Sans Pro||||||||&#8221; global_colors_info=&#8221;{}&#8221;]<\/p>\n<p><span style=\"font-size: 17px;\">Cadrul nostru ESG stabile\u0219te modul \u00een care noi, ca societate, ac\u021bion\u0103m pentru a ne asigura c\u0103 opera\u021biunile noastre sunt desf\u0103\u0219urate \u00eentr-un mod ecologic \u0219i responsabil din punct de vedere social,<\/span><span style=\"font-size: 17px;\"> modul \u00een care gestion\u0103m rela\u021biile cu angaja\u021bii, furnizorii, clien\u021bii \u0219i comunit\u0103\u021bile \u00een care ne desf\u0103\u0219ur\u0103m activitatea.<\/span><span style=\"font-size: 17px;\"><\/span><\/p>\n<p><span style=\"font-size: 17px;\"><\/span><\/p>\n<p><span><\/span><\/p>\n<p><span><\/span><\/p>\n<p><span><\/span><\/p>\n<p>[\/et_pb_blurb][\/et_pb_column][et_pb_column type=&#8221;1_6&#8243; _builder_version=&#8221;4.21.0&#8243; _module_preset=&#8221;default&#8221; global_colors_info=&#8221;{}&#8221;][et_pb_blurb title=&#8221;RAPORT PRIVIND UTILIZAREA FONDURILOR OBLIGA\u021aIUNII VERZI GARANTATE GREENCELLS 2020\/2025 &#8211; ANUL FISCAL 2023&#8243; url=&#8221;https:\/\/greencells.com\/?r3d=green-bond-mittelallokation-2023-deutsch&#8221; image=&#8221;https:\/\/greencells.com\/wp-content\/uploads\/2024\/06\/GFX_270624_Green_Bond_Mittelallokation_2023_DE.jpg&#8221; _builder_version=&#8221;4.27.4&#8243; _module_preset=&#8221;default&#8221; header_font=&#8221;||||||||&#8221; header_text_color=&#8221;#85BD35&#8243; header_font_size=&#8221;16px&#8221; header_letter_spacing=&#8221;2px&#8221; header_line_height=&#8221;1.2em&#8221; body_font=&#8221;||||||||&#8221; body_text_color=&#8221;#848484&#8243; custom_padding=&#8221;0px|||||&#8221; global_colors_info=&#8221;{}&#8221;]<\/p>\n<p><span>Pentru anul financiar 2023, raport\u0103m din nou cu privire la utilizarea fondurilor pentru obliga\u021biunea noastr\u0103 ecologic\u0103 2020 \/ 2025. Datorit\u0103 angajamentului investitorilor orienta\u021bi spre durabilitate, peste 8 milioane de euro au fost investite \u00een dezvoltarea de noi parcuri solare \u00een 2023.  Cu economii anuale de<sub>CO2<\/sub> estimate la aproximativ 1,39 milioane de tone, acestea vor avea o contribu\u021bie semnificativ\u0103 la protejarea climei. <\/span><\/p>\n<p>[\/et_pb_blurb][\/et_pb_column][et_pb_column type=&#8221;1_6&#8243; _builder_version=&#8221;4.21.0&#8243; _module_preset=&#8221;default&#8221; global_colors_info=&#8221;{}&#8221;][et_pb_blurb title=&#8221;RAPORT PRIVIND UTILIZAREA FONDURILOR OBLIGA\u021aIUNII VERZI GARANTATE GREENCELLS 2020\/2025 &#8211; ANUL FISCAL 2022&#8243; url=&#8221;https:\/\/greencells.com\/?r3d=green_bond_mittelallokation_2022_en&#8221; image=&#8221;https:\/\/greencells.com\/wp-content\/uploads\/2023\/08\/GFX_160823_Allokationsbericht-22-ENG.jpg&#8221; _builder_version=&#8221;4.27.4&#8243; _module_preset=&#8221;default&#8221; header_font=&#8221;Source Sans Pro||||||||&#8221; header_text_color=&#8221;#85BD35&#8243; header_font_size=&#8221;16px&#8221; header_letter_spacing=&#8221;2px&#8221; header_line_height=&#8221;1.2em&#8221; body_font=&#8221;||||||||&#8221; custom_padding=&#8221;0px|||||&#8221; global_colors_info=&#8221;{}&#8221;]<\/p>\n<p>\u00cen ceea ce prive\u0219te obliga\u021biunea noastr\u0103 ecologic\u0103, suntem obliga\u021bi s\u0103 raport\u0103m anual cu privire la alocarea fondurilor obliga\u021biunii ecologice. \u00cen acest context, raport\u0103m nu numai cu privire la alocarea fondurilor \u00een sine, ci \u0219i cu privire la contribu\u021bia sa pozitiv\u0103 la durabilitate. \u00cen 2022, fondurile Green Bond au sprijinit dezvoltarea de parcuri solare cu o capacitate total\u0103 de aproximativ 2,1 GW.  <\/p>\n<p>[\/et_pb_blurb][\/et_pb_column][et_pb_column type=&#8221;1_6&#8243; _builder_version=&#8221;4.21.0&#8243; _module_preset=&#8221;default&#8221; global_colors_info=&#8221;{}&#8221;][et_pb_blurb title=&#8221;RAPORT PRIVIND UTILIZAREA FONDURILOR OBLIGA\u021aIUNII VERZI GARANTATE GREENCELLS 2020\/2025 &#8211; ANUL FISCAL 2021&#8243; url=&#8221;https:\/\/greencells.com\/?r3d=green_bond_mittelallokation_2021_de&#8221; image=&#8221;https:\/\/greencells.com\/wp-content\/uploads\/2023\/08\/GFX_160823_Allokationsbericht-21-DE.jpg&#8221; _builder_version=&#8221;4.21.2&#8243; _module_preset=&#8221;default&#8221; header_font=&#8221;Source Sans Pro||||||||&#8221; header_text_color=&#8221;#85BD35&#8243; header_font_size=&#8221;16px&#8221; header_letter_spacing=&#8221;2px&#8221; header_line_height=&#8221;1.2em&#8221; body_font=&#8221;Source Sans Pro||||||||&#8221; global_colors_info=&#8221;{}&#8221;]<\/p>\n<p>\u00cen raportul nostru anual privind utilizarea fondurilor obliga\u021biunilor verzi, raport\u0103m nu numai cu privire la alocarea fondurilor \u00een sine, ci \u0219i cu privire la contribu\u021bia pozitiv\u0103 a acestora la durabilitate. \u00cen 2021, fondurile Green Bond au contribuit la dezvoltarea de parcuri solare care, \u00een viitor, vor economisi aproximativ 2 milioane tCO2 anual. <\/p>\n<p>[\/et_pb_blurb][\/et_pb_column][et_pb_column type=&#8221;1_6&#8243; _builder_version=&#8221;4.21.0&#8243; _module_preset=&#8221;default&#8221; global_colors_info=&#8221;{}&#8221;][et_pb_blurb title=&#8221;STUDIU DE CAZ &#8211; PROIECTUL DE REVITALIZARE A FOSTEI ZONE MINIERE ST. CHARLES  &#8221; url=&#8221;https:\/\/greencells.com\/wp-content\/uploads\/2023\/07\/GFX_250723_Case_Studies_St.Charles_DE.pdf&#8221; image=&#8221;https:\/\/greencells.com\/wp-content\/uploads\/2023\/07\/GFX_170723_Case_Studies_Cover-scaled.jpg&#8221; _builder_version=&#8221;4.21.0&#8243; _module_preset=&#8221;default&#8221; header_font=&#8221;Source Sans Pro||||||||&#8221; header_text_color=&#8221;#85BD35&#8243; header_font_size=&#8221;16px&#8221; header_letter_spacing=&#8221;2px&#8221; header_line_height=&#8221;1.2em&#8221; body_font=&#8221;Source Sans Pro||||||||&#8221; custom_margin=&#8221;2px|||||&#8221; global_colors_info=&#8221;{}&#8221;]<\/p>\n<p>Acest studiu de caz ilustreaz\u0103 abordarea progresist\u0103 a companiei noastre \u00een ceea ce prive\u0219te dezvoltarea de instala\u021bii solare la scar\u0103 larg\u0103 \u0219i integrarea responsabil\u0103 din punct de vedere ecologic \u0219i social a proiectelor noastre \u00een comunit\u0103\u021bile gazd\u0103.<\/p>\n<p>[\/et_pb_blurb][\/et_pb_column][\/et_pb_row][\/et_pb_section]<\/p>\n","protected":false},"excerpt":{"rendered":"<p>MEDIU, SOCIAL, GUVERNARENE ASUM\u0102M RESPONSABILITATEA\u00cen calitate de lider \u00een domeniul energiei solare la scar\u0103 larg\u0103, Greencells este deja \u00een prima linie \u00een lupta \u00eempotriva schimb\u0103rilor climatice. Pentru dezvoltarea \u0219i construc\u021bia centralelor noastre solare, dorim s\u0103 ne asigur\u0103m c\u0103 respect\u0103m cele mai recente standarde ESG. Prin urmare, Greencells abordeaz\u0103 \u00een mod strategic subiectele ESG la nivel [&hellip;]<\/p>\n","protected":false},"author":13,"featured_media":0,"parent":18779,"menu_order":0,"comment_status":"closed","ping_status":"closed","template":"","meta":{"_et_pb_use_builder":"on","_et_pb_old_content":"","_et_gb_content_width":"","footnotes":""},"class_list":["post-18788","page","type-page","status-publish","hentry"],"yoast_head":"<!-- This site is optimized with the Yoast SEO plugin v27.4 - https:\/\/yoast.com\/product\/yoast-seo-wordpress\/ -->\n<title>Greencells ESG | Greencells Group<\/title>\n<meta name=\"description\" content=\"Descoperi\u021bi abordarea ESG a Greencells \u0219i modul \u00een care sustenabilitatea \u0219i guvernan\u021ba responsabil\u0103 modeleaz\u0103 proiectele noastre solare din \u00eentreaga Europ\u0103.\" \/>\n<meta name=\"robots\" content=\"index, follow, max-snippet:-1, max-image-preview:large, max-video-preview:-1\" \/>\n<link rel=\"canonical\" href=\"https:\/\/greencells.com\/ro\/despre-noi\/esg-ir\/\" \/>\n<meta property=\"og:locale\" content=\"ro_RO\" \/>\n<meta property=\"og:type\" content=\"article\" \/>\n<meta property=\"og:title\" content=\"Greencells ESG | Greencells Group\" \/>\n<meta property=\"og:description\" content=\"Descoperi\u021bi abordarea ESG a Greencells \u0219i modul \u00een care sustenabilitatea \u0219i guvernan\u021ba responsabil\u0103 modeleaz\u0103 proiectele noastre solare din \u00eentreaga Europ\u0103.\" \/>\n<meta property=\"og:url\" content=\"https:\/\/greencells.com\/ro\/despre-noi\/esg-ir\/\" \/>\n<meta property=\"og:site_name\" content=\"Greencells Group\" \/>\n<meta property=\"article:modified_time\" content=\"2026-03-23T16:16:37+00:00\" \/>\n<meta name=\"twitter:card\" content=\"summary_large_image\" \/>\n<meta name=\"twitter:label1\" content=\"Timp estimat pentru citire\" \/>\n\t<meta name=\"twitter:data1\" content=\"9 minute\" \/>\n<script type=\"application\/ld+json\" class=\"yoast-schema-graph\">{\"@context\":\"https:\\\/\\\/schema.org\",\"@graph\":[{\"@type\":\"WebPage\",\"@id\":\"https:\\\/\\\/greencells.com\\\/ro\\\/despre-noi\\\/esg-ir\\\/\",\"url\":\"https:\\\/\\\/greencells.com\\\/ro\\\/despre-noi\\\/esg-ir\\\/\",\"name\":\"Greencells ESG | Greencells Group\",\"isPartOf\":{\"@id\":\"https:\\\/\\\/greencells.com\\\/ro\\\/#website\"},\"datePublished\":\"2025-10-09T09:48:37+00:00\",\"dateModified\":\"2026-03-23T16:16:37+00:00\",\"description\":\"Descoperi\u021bi abordarea ESG a Greencells \u0219i modul \u00een care sustenabilitatea \u0219i guvernan\u021ba responsabil\u0103 modeleaz\u0103 proiectele noastre solare din \u00eentreaga Europ\u0103.\",\"breadcrumb\":{\"@id\":\"https:\\\/\\\/greencells.com\\\/ro\\\/despre-noi\\\/esg-ir\\\/#breadcrumb\"},\"inLanguage\":\"ro-RO\",\"potentialAction\":[{\"@type\":\"ReadAction\",\"target\":[\"https:\\\/\\\/greencells.com\\\/ro\\\/despre-noi\\\/esg-ir\\\/\"]}]},{\"@type\":\"BreadcrumbList\",\"@id\":\"https:\\\/\\\/greencells.com\\\/ro\\\/despre-noi\\\/esg-ir\\\/#breadcrumb\",\"itemListElement\":[{\"@type\":\"ListItem\",\"position\":1,\"name\":\"Home\",\"item\":\"https:\\\/\\\/greencells.com\\\/ro\\\/acasa\\\/\"},{\"@type\":\"ListItem\",\"position\":2,\"name\":\"Despre noi\",\"item\":\"https:\\\/\\\/greencells.com\\\/ro\\\/despre-noi\\\/\"},{\"@type\":\"ListItem\",\"position\":3,\"name\":\"ESG\"}]},{\"@type\":\"WebSite\",\"@id\":\"https:\\\/\\\/greencells.com\\\/ro\\\/#website\",\"url\":\"https:\\\/\\\/greencells.com\\\/ro\\\/\",\"name\":\"Greencells Group\",\"description\":\"Greencells Group Homepage\",\"potentialAction\":[{\"@type\":\"SearchAction\",\"target\":{\"@type\":\"EntryPoint\",\"urlTemplate\":\"https:\\\/\\\/greencells.com\\\/ro\\\/?s={search_term_string}\"},\"query-input\":{\"@type\":\"PropertyValueSpecification\",\"valueRequired\":true,\"valueName\":\"search_term_string\"}}],\"inLanguage\":\"ro-RO\"}]}<\/script>\n<!-- \/ Yoast SEO plugin. -->","yoast_head_json":{"title":"Greencells ESG | Greencells Group","description":"Descoperi\u021bi abordarea ESG a Greencells \u0219i modul \u00een care sustenabilitatea \u0219i guvernan\u021ba responsabil\u0103 modeleaz\u0103 proiectele noastre solare din \u00eentreaga Europ\u0103.","robots":{"index":"index","follow":"follow","max-snippet":"max-snippet:-1","max-image-preview":"max-image-preview:large","max-video-preview":"max-video-preview:-1"},"canonical":"https:\/\/greencells.com\/ro\/despre-noi\/esg-ir\/","og_locale":"ro_RO","og_type":"article","og_title":"Greencells ESG | Greencells Group","og_description":"Descoperi\u021bi abordarea ESG a Greencells \u0219i modul \u00een care sustenabilitatea \u0219i guvernan\u021ba responsabil\u0103 modeleaz\u0103 proiectele noastre solare din \u00eentreaga Europ\u0103.","og_url":"https:\/\/greencells.com\/ro\/despre-noi\/esg-ir\/","og_site_name":"Greencells Group","article_modified_time":"2026-03-23T16:16:37+00:00","twitter_card":"summary_large_image","twitter_misc":{"Timp estimat pentru citire":"9 minute"},"schema":{"@context":"https:\/\/schema.org","@graph":[{"@type":"WebPage","@id":"https:\/\/greencells.com\/ro\/despre-noi\/esg-ir\/","url":"https:\/\/greencells.com\/ro\/despre-noi\/esg-ir\/","name":"Greencells ESG | Greencells Group","isPartOf":{"@id":"https:\/\/greencells.com\/ro\/#website"},"datePublished":"2025-10-09T09:48:37+00:00","dateModified":"2026-03-23T16:16:37+00:00","description":"Descoperi\u021bi abordarea ESG a Greencells \u0219i modul \u00een care sustenabilitatea \u0219i guvernan\u021ba responsabil\u0103 modeleaz\u0103 proiectele noastre solare din \u00eentreaga Europ\u0103.","breadcrumb":{"@id":"https:\/\/greencells.com\/ro\/despre-noi\/esg-ir\/#breadcrumb"},"inLanguage":"ro-RO","potentialAction":[{"@type":"ReadAction","target":["https:\/\/greencells.com\/ro\/despre-noi\/esg-ir\/"]}]},{"@type":"BreadcrumbList","@id":"https:\/\/greencells.com\/ro\/despre-noi\/esg-ir\/#breadcrumb","itemListElement":[{"@type":"ListItem","position":1,"name":"Home","item":"https:\/\/greencells.com\/ro\/acasa\/"},{"@type":"ListItem","position":2,"name":"Despre noi","item":"https:\/\/greencells.com\/ro\/despre-noi\/"},{"@type":"ListItem","position":3,"name":"ESG"}]},{"@type":"WebSite","@id":"https:\/\/greencells.com\/ro\/#website","url":"https:\/\/greencells.com\/ro\/","name":"Greencells Group","description":"Greencells Group Homepage","potentialAction":[{"@type":"SearchAction","target":{"@type":"EntryPoint","urlTemplate":"https:\/\/greencells.com\/ro\/?s={search_term_string}"},"query-input":{"@type":"PropertyValueSpecification","valueRequired":true,"valueName":"search_term_string"}}],"inLanguage":"ro-RO"}]}},"_links":{"self":[{"href":"https:\/\/greencells.com\/ro\/wp-json\/wp\/v2\/pages\/18788","targetHints":{"allow":["GET"]}}],"collection":[{"href":"https:\/\/greencells.com\/ro\/wp-json\/wp\/v2\/pages"}],"about":[{"href":"https:\/\/greencells.com\/ro\/wp-json\/wp\/v2\/types\/page"}],"author":[{"embeddable":true,"href":"https:\/\/greencells.com\/ro\/wp-json\/wp\/v2\/users\/13"}],"replies":[{"embeddable":true,"href":"https:\/\/greencells.com\/ro\/wp-json\/wp\/v2\/comments?post=18788"}],"version-history":[{"count":8,"href":"https:\/\/greencells.com\/ro\/wp-json\/wp\/v2\/pages\/18788\/revisions"}],"predecessor-version":[{"id":19509,"href":"https:\/\/greencells.com\/ro\/wp-json\/wp\/v2\/pages\/18788\/revisions\/19509"}],"up":[{"embeddable":true,"href":"https:\/\/greencells.com\/ro\/wp-json\/wp\/v2\/pages\/18779"}],"wp:attachment":[{"href":"https:\/\/greencells.com\/ro\/wp-json\/wp\/v2\/media?parent=18788"}],"curies":[{"name":"wp","href":"https:\/\/api.w.org\/{rel}","templated":true}]}}