{"id":18798,"date":"2025-10-09T11:49:55","date_gmt":"2025-10-09T09:49:55","guid":{"rendered":"https:\/\/greencells.com\/despre-noi\/management-superior\/"},"modified":"2025-10-09T11:49:57","modified_gmt":"2025-10-09T09:49:57","slug":"management-superior","status":"publish","type":"page","link":"https:\/\/greencells.com\/ro\/despre-noi\/management-superior\/","title":{"rendered":"Management superior"},"content":{"rendered":"<p>[et_pb_section fb_built=&#8221;1&#8243; fullwidth=&#8221;on&#8221; disabled_on=&#8221;off|off|off&#8221; admin_label=&#8221;Hero&#8221; _builder_version=&#8221;4.16&#8243; background_color=&#8221;#2b3648&#8243; custom_padding=&#8221;|||&#8221; transparent_background=&#8221;on&#8221; global_colors_info=&#8221;{}&#8221;][et_pb_fullwidth_header title=&#8221;MANAGEMENT SUPERIOR&#8221; text_orientation=&#8221;center&#8221; background_overlay_color=&#8221;#85bd35&#8243; subhead_font_color=&#8221;#bebebe&#8221; _builder_version=&#8221;4.17.4&#8243; title_level=&#8221;h3&#8243; title_font=&#8221;Source Sans Pro|300|||||||&#8221; title_text_color=&#8221;#ffffff&#8221; title_font_size=&#8221;32px&#8221; title_letter_spacing=&#8221;16px&#8221; content_font=&#8221;Montserrat||||&#8221; content_text_color=&#8221;#bfbfbf&#8221; content_line_height=&#8221;1.8em&#8221; subhead_font=&#8221;Montserrat||||&#8221; subhead_text_color=&#8221;#bebebe&#8221; subhead_line_height=&#8221;1.8em&#8221; background_color=&#8221;#2b3648&#8243; background_enable_image=&#8221;off&#8221; custom_padding=&#8221;0%||0%||false|false&#8221; animation_style=&#8221;fade&#8221; animation_duration=&#8221;1500ms&#8221; title_line_height_last_edited=&#8221;off|desktop&#8221; global_colors_info=&#8221;{}&#8221; button_one_text_size__hover_enabled=&#8221;off&#8221; button_two_text_size__hover_enabled=&#8221;off&#8221; button_one_text_color__hover_enabled=&#8221;off&#8221; button_two_text_color__hover_enabled=&#8221;off&#8221; button_one_border_width__hover_enabled=&#8221;off&#8221; button_two_border_width__hover_enabled=&#8221;off&#8221; button_one_border_color__hover_enabled=&#8221;off&#8221; button_two_border_color__hover_enabled=&#8221;off&#8221; button_one_border_radius__hover_enabled=&#8221;off&#8221; button_two_border_radius__hover_enabled=&#8221;off&#8221; button_one_letter_spacing__hover_enabled=&#8221;off&#8221; button_two_letter_spacing__hover_enabled=&#8221;off&#8221; button_one_bg_color__hover_enabled=&#8221;off&#8221; button_two_bg_color__hover_enabled=&#8221;off&#8221;][\/et_pb_fullwidth_header][\/et_pb_section][et_pb_section fb_built=&#8221;1&#8243; admin_label=&#8221;Team&#8221; _builder_version=&#8221;4.16&#8243; background_color=&#8221;#ffffff&#8221; background_enable_image=&#8221;off&#8221; parallax=&#8221;on&#8221; custom_margin=&#8221;||50px||false|false&#8221; custom_padding=&#8221;0px|0px|0px|0px|true|false&#8221; global_colors_info=&#8221;{}&#8221;][et_pb_row _builder_version=&#8221;4.16&#8243; custom_width_px__hover=&#8221;1080px&#8221; custom_width_px__hover_enabled=&#8221;1080px&#8221; custom_width_percent__hover=&#8221;80%&#8221; custom_width_percent__hover_enabled=&#8221;80%&#8221; global_colors_info=&#8221;{}&#8221; gutter_width__hover=&#8221;3&#8243; gutter_width__hover_enabled=&#8221;3&#8243; parallax_1__hover=&#8221;off&#8221; parallax_1__hover_enabled=&#8221;off&#8221; parallax_2__hover=&#8221;off&#8221; parallax_2__hover_enabled=&#8221;off&#8221; parallax_3__hover=&#8221;off&#8221; parallax_3__hover_enabled=&#8221;off&#8221; parallax_4__hover=&#8221;off&#8221; parallax_4__hover_enabled=&#8221;off&#8221; parallax_5__hover=&#8221;off&#8221; parallax_5__hover_enabled=&#8221;off&#8221; parallax_6__hover=&#8221;off&#8221; parallax_6__hover_enabled=&#8221;off&#8221; parallax_method_1__hover=&#8221;on&#8221; parallax_method_1__hover_enabled=&#8221;on&#8221; parallax_method_2__hover=&#8221;on&#8221; parallax_method_2__hover_enabled=&#8221;on&#8221; parallax_method_3__hover=&#8221;on&#8221; parallax_method_3__hover_enabled=&#8221;on&#8221; parallax_method_4__hover=&#8221;on&#8221; parallax_method_4__hover_enabled=&#8221;on&#8221; parallax_method_5__hover=&#8221;on&#8221; parallax_method_5__hover_enabled=&#8221;on&#8221; parallax_method_6__hover=&#8221;on&#8221; parallax_method_6__hover_enabled=&#8221;on&#8221; background_size__hover=&#8221;cover&#8221; background_size__hover_enabled=&#8221;cover&#8221; background_position__hover=&#8221;center&#8221; background_position__hover_enabled=&#8221;center&#8221; use_background_color_gradient__hover=&#8221;off&#8221; use_background_color_gradient__hover_enabled=&#8221;off&#8221; background_color_gradient_start__hover=&#8221;#2b87da&#8221; background_color_gradient_start__hover_enabled=&#8221;#2b87da&#8221; background_color_gradient_end__hover=&#8221;#29c4a9&#8243; background_color_gradient_end__hover_enabled=&#8221;#29c4a9&#8243; background_color_gradient_type__hover=&#8221;linear&#8221; background_color_gradient_type__hover_enabled=&#8221;linear&#8221; background_color_gradient_direction__hover=&#8221;180deg&#8221; background_color_gradient_direction__hover_enabled=&#8221;180deg&#8221; background_color_gradient_direction_radial__hover=&#8221;center&#8221; background_color_gradient_direction_radial__hover_enabled=&#8221;center&#8221; background_color_gradient_start_position__hover=&#8221;0%&#8221; background_color_gradient_start_position__hover_enabled=&#8221;0%&#8221; background_color_gradient_end_position__hover=&#8221;100%&#8221; background_color_gradient_end_position__hover_enabled=&#8221;100%&#8221; background_color_gradient_overlays_image__hover=&#8221;off&#8221; background_color_gradient_overlays_image__hover_enabled=&#8221;off&#8221; parallax__hover=&#8221;off&#8221; parallax__hover_enabled=&#8221;off&#8221; parallax_method__hover=&#8221;on&#8221; parallax_method__hover_enabled=&#8221;on&#8221; background_repeat__hover=&#8221;no-repeat&#8221; background_repeat__hover_enabled=&#8221;no-repeat&#8221; background_blend__hover=&#8221;normal&#8221; background_blend__hover_enabled=&#8221;normal&#8221; allow_player_pause__hover=&#8221;off&#8221; allow_player_pause__hover_enabled=&#8221;off&#8221; background_video_pause_outside_viewport__hover=&#8221;on&#8221; background_video_pause_outside_viewport__hover_enabled=&#8221;on&#8221; make_fullwidth__hover=&#8221;off&#8221; make_fullwidth__hover_enabled=&#8221;off&#8221; use_custom_width__hover=&#8221;off&#8221; use_custom_width__hover_enabled=&#8221;off&#8221; width_unit__hover=&#8221;on&#8221; width_unit__hover_enabled=&#8221;on&#8221; use_custom_gutter__hover=&#8221;off&#8221; use_custom_gutter__hover_enabled=&#8221;off&#8221; make_equal__hover=&#8221;off&#8221; make_equal__hover_enabled=&#8221;off&#8221; border_radii__hover=&#8221;on||||&#8221; border_radii__hover_enabled=&#8221;on||||&#8221; box_shadow_style__hover=&#8221;none&#8221; box_shadow_style__hover_enabled=&#8221;none&#8221; box_shadow_color__hover=&#8221;rgba(0,0,0,0.3)&#8221; box_shadow_color__hover_enabled=&#8221;rgba(0,0,0,0.3)&#8221; filter_hue_rotate__hover=&#8221;0deg&#8221; filter_hue_rotate__hover_enabled=&#8221;0deg&#8221; filter_saturate__hover=&#8221;100%&#8221; filter_saturate__hover_enabled=&#8221;100%&#8221; filter_brightness__hover=&#8221;100%&#8221; filter_brightness__hover_enabled=&#8221;100%&#8221; filter_contrast__hover=&#8221;100%&#8221; filter_contrast__hover_enabled=&#8221;100%&#8221; filter_invert__hover=&#8221;0%&#8221; filter_invert__hover_enabled=&#8221;0%&#8221; filter_sepia__hover=&#8221;0%&#8221; filter_sepia__hover_enabled=&#8221;0%&#8221; filter_opacity__hover=&#8221;100%&#8221; filter_opacity__hover_enabled=&#8221;100%&#8221; filter_blur__hover=&#8221;0px&#8221; filter_blur__hover_enabled=&#8221;0px&#8221; mix_blend_mode__hover=&#8221;normal&#8221; mix_blend_mode__hover_enabled=&#8221;normal&#8221; animation_style__hover=&#8221;none&#8221; animation_style__hover_enabled=&#8221;none&#8221; animation_repeat__hover=&#8221;once&#8221; animation_repeat__hover_enabled=&#8221;once&#8221; animation_direction__hover=&#8221;center&#8221; animation_direction__hover_enabled=&#8221;center&#8221; animation_duration__hover=&#8221;1000ms&#8221; animation_duration__hover_enabled=&#8221;1000ms&#8221; animation_delay__hover=&#8221;0ms&#8221; animation_delay__hover_enabled=&#8221;0ms&#8221; animation_intensity_slide__hover=&#8221;50%&#8221; animation_intensity_slide__hover_enabled=&#8221;50%&#8221; animation_intensity_zoom__hover=&#8221;50%&#8221; animation_intensity_zoom__hover_enabled=&#8221;50%&#8221; animation_intensity_flip__hover=&#8221;50%&#8221; animation_intensity_flip__hover_enabled=&#8221;50%&#8221; animation_intensity_fold__hover=&#8221;50%&#8221; animation_intensity_fold__hover_enabled=&#8221;50%&#8221; animation_intensity_roll__hover=&#8221;50%&#8221; animation_intensity_roll__hover_enabled=&#8221;50%&#8221; animation_starting_opacity__hover=&#8221;0%&#8221; animation_starting_opacity__hover_enabled=&#8221;0%&#8221; animation_speed_curve__hover=&#8221;ease-in-out&#8221; animation_speed_curve__hover_enabled=&#8221;ease-in-out&#8221; hover_transition_duration__hover=&#8221;300ms&#8221; hover_transition_duration__hover_enabled=&#8221;300ms&#8221; hover_transition_delay__hover=&#8221;0ms&#8221; hover_transition_delay__hover_enabled=&#8221;0ms&#8221; hover_transition_speed_curve__hover=&#8221;ease&#8221; hover_transition_speed_curve__hover_enabled=&#8221;ease&#8221; background_color_gradient_stops__hover=&#8221;#2b87da 0%|#29c4a9 100%&#8221;][et_pb_column type=&#8221;4_4&#8243; _builder_version=&#8221;4.16&#8243; custom_padding=&#8221;|||&#8221; global_colors_info=&#8221;{}&#8221; custom_padding__hover=&#8221;|||&#8221;][et_pb_text _builder_version=&#8221;4.18.0&#8243; text_font=&#8221;Ubuntu||||||||&#8221; text_text_color=&#8221;#838383&#8243; text_font_size=&#8221;18px&#8221; text_line_height=&#8221;1.6em&#8221; header_font=&#8221;Source Sans Pro|700|||||||&#8221; header_font_size=&#8221;65px&#8221; header_2_font=&#8221;Source Sans Pro|||on|||||&#8221; header_2_text_align=&#8221;left&#8221; header_2_text_color=&#8221;#2b3648&#8243; header_2_font_size=&#8221;28px&#8221; header_2_letter_spacing=&#8221;6px&#8221; header_2_line_height=&#8221;1.4em&#8221; header_4_font=&#8221;Ubuntu|700||on|||||&#8221; header_4_text_color=&#8221;#85bd35&#8243; header_4_letter_spacing=&#8221;2px&#8221; header_4_line_height=&#8221;1.6em&#8221; max_width=&#8221;600px&#8221; module_alignment=&#8221;center&#8221; custom_margin=&#8221;||-3px|||&#8221; custom_padding=&#8221;||0px|||&#8221; header_2_font_size_tablet=&#8221;30px&#8221; header_2_font_size_phone=&#8221;22px&#8221; header_2_font_size_last_edited=&#8221;on|phone&#8221; header_4_font_size_tablet=&#8221;&#8221; header_4_font_size_phone=&#8221;14px&#8221; header_4_font_size_last_edited=&#8221;on|phone&#8221; custom_css_before=&#8221;font-weight: 400;\t||&#8221; locked=&#8221;off&#8221; global_colors_info=&#8221;{}&#8221;]<\/p>\n<h2 style=\"text-align: center;\"><span>ECHIPA NOASTR\u0102 DE CONDUCERE<\/span><\/h2>\n<p>[\/et_pb_text][\/et_pb_column][\/et_pb_row][\/et_pb_section][et_pb_section fb_built=&#8221;1&#8243; _builder_version=&#8221;4.17.4&#8243; _module_preset=&#8221;default&#8221; custom_margin=&#8221;-50px||-20px||false|false&#8221; custom_padding=&#8221;0px||||false|false&#8221; global_colors_info=&#8221;{}&#8221;][et_pb_row _builder_version=&#8221;4.17.4&#8243; _module_preset=&#8221;default&#8221; global_colors_info=&#8221;{}&#8221;][et_pb_column type=&#8221;4_4&#8243; _builder_version=&#8221;4.17.4&#8243; _module_preset=&#8221;default&#8221; global_colors_info=&#8221;{}&#8221;][revslider_divi revslider_divi=&#8221;%91rev_slider alias=%22sm-carousel%22 slidertitle=%22Senior Management Carousel%22%93%91\/rev_slider%93&#8243; _builder_version=&#8221;4.18.0&#8243; _module_preset=&#8221;default&#8221; hover_enabled=&#8221;0&#8243; global_colors_info=&#8221;{}&#8221; sticky_enabled=&#8221;0&#8243;][\/revslider_divi][\/et_pb_column][\/et_pb_row][\/et_pb_section]<\/p>\n","protected":false},"excerpt":{"rendered":"<p>ECHIPA NOASTR\u0102 DE CONDUCERE<div class=\"et_pb_module revslider_divi revslider_divi_0\">\n\t\t\t\t\n\t\t\t\t\n\t\t\t\t\n\t\t\t\t\n\t\t\t\t\n\t\t\t\t\n\t\t\t\t<div class=\"et_pb_module_inner\">\n\t\t\t\t\t\n\t\t\t\t<p class=\"rs-p-wp-fix\"><\/p>\n\t\t\t\t<sr7-module data-alias=\"sm-carousel\" data-id=\"19\" id=\"SR7_19_1\" data-version=\"6.7.52\">\n\t\t\t\t\t<sr7-adjuster><\/sr7-adjuster>\n\t\t\t\t\t<sr7-content>\n\t\t\t\t\t\t<sr7-carousel>\n\t\t\t\t\t\t<sr7-slide id=\"SR7_19_1-49\" data-key=\"49\">\n\t\t\t\t\t\t\t<sr7-txt id=\"SR7_19_1-49-7\" class=\"sr7-layer\">Fabian Herr are peste 15 ani de experien\u021b\u0103 \u00een industria solar\u0103 \u0219i a ocupat diverse pozi\u021bii de management, contribuind la cre\u0219terea excelen\u021bei opera\u021bionale \u0219i la coordonarea proiectelor de energie regenerabil\u0103.<br \/>\n\u00cenainte de a se al\u0103tura companiei Greencells, a fost COO la Iqony Sustainable Energy Solutions (SENS), unde a avut un rol esen\u021bial \u00een optimizarea proceselor \u0219i furnizarea de solu\u021bii EPC la cheie \u00een mai multe regiuni.<br \/>\nLa Greencells, Fabian se concentreaz\u0103 pe excelen\u021ba opera\u021bional\u0103, dezvoltarea organiza\u021bional\u0103 \u0219i consolidarea pozi\u021biei companiei ca partener EPC de \u00eencredere \u00een tranzi\u021bia global\u0103 c\u0103tre energie curat\u0103.<\/sr7-txt>\n\t\t\t\t\t\t\t<sr7-txt id=\"SR7_19_1-49-9\" class=\"sr7-layer\">FABIAN HERR<\/sr7-txt>\n\t\t\t\t\t\t\t<sr7-txt id=\"SR7_19_1-49-10\" class=\"sr7-layer\">CEO<\/sr7-txt>\n\t\t\t\t\t\t<\/sr7-slide>\n\t\t\t\t\t\t<sr7-slide id=\"SR7_19_1-52\" data-key=\"52\">\n\t\t\t\t\t\t\t<sr7-txt id=\"SR7_19_1-52-7\" class=\"sr7-layer\">Cu peste dou\u0103 decenii de experien\u021b\u0103 \u00een proiectarea \u0219i construc\u021bia centralelor fotovoltaice de mari dimensiuni la nivel mondial, Daniel Seuffert aduce \u00een cadrul Greencells o expertiz\u0103 tehnic\u0103 solid\u0103 \u0219i abilit\u0103\u021bi de leadership.<br \/>\nAnterior, a ocupat func\u021bia de Operations Director pentru EMEA & APAC la JUWI, unde a coordonat peste 60 de ingineri \u00een mai multe regiuni. \u00cen prezent, este responsabil pentru implementarea opera\u021bional\u0103 a proiectelor EPC ale companiei Greencells.<br \/>\nAriile sale principale de expertiz\u0103 includ managementul proiectelor, excelen\u021ba inginereasc\u0103, asigurarea calit\u0103\u021bii \u0219i monitorizarea digital\u0103 a construc\u021biilor \u2013 contribuind la cre\u0219terea eficien\u021bei \u0219i scalabilit\u0103\u021bii opera\u021biunilor companiei.<\/sr7-txt>\n\t\t\t\t\t\t\t<sr7-txt id=\"SR7_19_1-52-9\" class=\"sr7-layer\">DANIEL SEUFFERT<\/sr7-txt>\n\t\t\t\t\t\t\t<sr7-txt id=\"SR7_19_1-52-10\" class=\"sr7-layer\">DIRECTOR OPERATIONS<\/sr7-txt>\n\t\t\t\t\t\t<\/sr7-slide>\n\t\t\t\t\t\t<sr7-slide id=\"SR7_19_1-55\" data-key=\"55\">\n\t\t\t\t\t\t\t<sr7-txt id=\"SR7_19_1-55-7\" class=\"sr7-layer\">De la intrarea sa \u00een compania Greencells, Florian Joh\u00e4nntgen a avut un rol esen\u021bial \u00een dezvoltarea activit\u0103\u021bilor EPC \u0219i \u00een construirea de parteneriate pe termen lung cu investitori \u0219i dezvoltatori de top.<br \/>\nCu peste 15 ani de experien\u021b\u0103 \u00een v\u00e2nz\u0103ri interna\u021bionale \u0219i dezvoltare de afaceri pentru proiecte fotovoltaice de mari dimensiuni, el \u00eembin\u0103 viziunea strategic\u0103 cu un accent clar pe cre\u0219tere durabil\u0103.<br \/>\n\u00cen calitate de Director Sales & Business Development, este responsabil pentru extinderea strategic\u0103 a pie\u021bei, rela\u021biile pe termen lung cu clien\u021bii \u0219i dezvoltarea \u0219i scalarea companiei pe pie\u021bele europene.<\/sr7-txt>\n\t\t\t\t\t\t\t<sr7-txt id=\"SR7_19_1-55-9\" class=\"sr7-layer\">FLORIAN JOH\u00c4NNTGEN<\/sr7-txt>\n\t\t\t\t\t\t\t<sr7-txt id=\"SR7_19_1-55-10\" class=\"sr7-layer\">DIRECTOR SALES & BUSINESS DEVELOPMENT<\/sr7-txt>\n\t\t\t\t\t\t<\/sr7-slide>\n\t\t\t\t\t\t<sr7-slide id=\"SR7_19_1-60\" data-key=\"60\">\n\t\t\t\t\t\t\t<sr7-txt id=\"SR7_19_1-60-7\" class=\"sr7-layer\">De c\u00e2nd s-a al\u0103turat Greencells \u00een 2022, Sven Sandmeyer a jucat un rol cheie \u00een conturarea dezvolt\u0103rii strategice a companiei. A \u00eenceput ca \u0219ef de cabinet \u0219i, dup\u0103 ce a preluat responsabilit\u0103\u021bi mai ample, a fost numit director de afaceri corporative \u00een 2025.<br \/>\n\u00cen cadrul func\u021biei sale, el conduce optimizarea proceselor, implementeaz\u0103 sisteme scalabile \u0219i \u00eencurajeaz\u0103 colaborarea \u00eentre departamente.<br \/>\nCombin\u00e2nd eficien\u021ba cu o mentalitate orientat\u0103 spre cre\u0219tere, munca sa stimuleaz\u0103 evolu\u021bia continu\u0103 a Greencells \u0219i sus\u021bine viziunea pe termen lung a companiei.<\/sr7-txt>\n\t\t\t\t\t\t\t<sr7-txt id=\"SR7_19_1-60-9\" class=\"sr7-layer\">SVEN SANDMEYER<\/sr7-txt>\n\t\t\t\t\t\t\t<sr7-txt id=\"SR7_19_1-60-10\" class=\"sr7-layer\">DIRECTOR CORPORATE AFFAIRS<\/sr7-txt>\n\t\t\t\t\t\t<\/sr7-slide>\n\t\t\t\t\t\t<sr7-slide id=\"SR7_19_1-64\" data-key=\"64\">\n\t\t\t\t\t\t\t<sr7-txt id=\"SR7_19_1-64-7\" class=\"sr7-layer\">Niclas Woll are peste dou\u0103 decenii de experien\u021b\u0103 interna\u021bional\u0103 \u00een domeniul financiar. \u00cen pozi\u021bii de conducere la Caterpillar \u0219i W.R. Grace, a fost responsabil pentru activit\u0103\u021bi de finance, accounting \u0219i tax, iar anterior a activat ca auditor la Ernst & Young. \u00cen calitate de auditor financiar certificat \u00een Germania (\u201eWirtschaftspr\u00fcfer\u201d), aduce o expertiz\u0103 solid\u0103 \u00een accounting, tax \u0219i controlling. Prin experien\u021ba sa interna\u021bional\u0103, Niclas consolideaz\u0103 structura financiar\u0103 \u0219i transparen\u021ba Greencells Group.<\/sr7-txt>\n\t\t\t\t\t\t\t<sr7-txt id=\"SR7_19_1-64-9\" class=\"sr7-layer\">NICLAS WOLL<\/sr7-txt>\n\t\t\t\t\t\t\t<sr7-txt id=\"SR7_19_1-64-10\" class=\"sr7-layer\">CFO<\/sr7-txt>\n\t\t\t\t\t\t<\/sr7-slide>\n\t\t\t\t\t\t<sr7-slide id=\"SR7_19_1-62\" data-key=\"62\">\n\t\t\t\t\t\t<\/sr7-slide>\n\t\t\t\t\t\t<\/sr7-carousel>\n\t\t\t\t\t<\/sr7-content>\n\t\t\t\t<\/sr7-module>\n\t\t\t\t<script>\n\t\t\t\t\twindow.SR7 ??={};SR7.PMH ??={}; SR7.PMH[\"SR7_19_1\"] = {cn:100,state:false,fn: function() { if (window._tpt!==undefined && window._tpt.prepareModuleHeight !== undefined) {  _tpt.prepareModuleHeight({id:\"SR7_19_1\",el:[557.995,750,700,600],type:'carousel',shdw:'0',gh:[500,500,500,600],gw:[1000,1000,600,480],vpt:['-200px'],size:{fullWidth:true, fullHeight:false},mh:'0',onh:0,onw:0,bg:{color:'#ffffff'},carousel:{pt:'0',pb:'0'}});   SR7.PMH[\"SR7_19_1\"].state=true;} else if(SR7.PMH[\"SR7_19_1\"].cn-->0)\tsetTimeout( SR7.PMH[\"SR7_19_1\"].fn,19);}};SR7.PMH[\"SR7_19_1\" ].fn();\n\t\t\t\t<\/script>\n\n\t\t\t\t<\/div>\n\t\t\t<\/div><\/p>\n","protected":false},"author":18,"featured_media":0,"parent":18779,"menu_order":0,"comment_status":"closed","ping_status":"closed","template":"","meta":{"_et_pb_use_builder":"on","_et_pb_old_content":"","_et_gb_content_width":"","footnotes":""},"class_list":["post-18798","page","type-page","status-publish","hentry"],"yoast_head":"<!-- This site is optimized with the Yoast SEO plugin v27.2 - https:\/\/yoast.com\/product\/yoast-seo-wordpress\/ -->\n<title>Management superior | Leadership la Greencells Group<\/title>\n<meta name=\"description\" content=\"Face\u021bi cuno\u0219tin\u021b\u0103 cu echipa de conducere din spatele Greencells - unul dintre cei mai importan\u021bi furnizori EPC din Europa pentru centralele solare utilitare.\" \/>\n<meta name=\"robots\" content=\"index, follow, max-snippet:-1, max-image-preview:large, max-video-preview:-1\" \/>\n<link rel=\"canonical\" href=\"https:\/\/greencells.com\/ro\/despre-noi\/management-superior\/\" \/>\n<meta property=\"og:locale\" content=\"ro_RO\" \/>\n<meta property=\"og:type\" content=\"article\" \/>\n<meta property=\"og:title\" content=\"Management superior | Leadership la Greencells Group\" \/>\n<meta property=\"og:description\" content=\"Face\u021bi cuno\u0219tin\u021b\u0103 cu echipa de conducere din spatele Greencells - unul dintre cei mai importan\u021bi furnizori EPC din Europa pentru centralele solare utilitare.\" \/>\n<meta property=\"og:url\" content=\"https:\/\/greencells.com\/ro\/despre-noi\/management-superior\/\" \/>\n<meta property=\"og:site_name\" content=\"Greencells Group\" \/>\n<meta property=\"article:modified_time\" content=\"2025-10-09T09:49:57+00:00\" \/>\n<meta name=\"twitter:card\" content=\"summary_large_image\" \/>\n<meta name=\"twitter:label1\" content=\"Timp estimat pentru citire\" \/>\n\t<meta name=\"twitter:data1\" content=\"6 minute\" \/>\n<script type=\"application\/ld+json\" class=\"yoast-schema-graph\">{\"@context\":\"https:\/\/schema.org\",\"@graph\":[{\"@type\":\"WebPage\",\"@id\":\"https:\/\/greencells.com\/ro\/despre-noi\/management-superior\/\",\"url\":\"https:\/\/greencells.com\/ro\/despre-noi\/management-superior\/\",\"name\":\"Management superior | Leadership la Greencells Group\",\"isPartOf\":{\"@id\":\"https:\/\/greencells.com\/ro\/#website\"},\"datePublished\":\"2025-10-09T09:49:55+00:00\",\"dateModified\":\"2025-10-09T09:49:57+00:00\",\"description\":\"Face\u021bi cuno\u0219tin\u021b\u0103 cu echipa de conducere din spatele Greencells - unul dintre cei mai importan\u021bi furnizori EPC din Europa pentru centralele solare utilitare.\",\"breadcrumb\":{\"@id\":\"https:\/\/greencells.com\/ro\/despre-noi\/management-superior\/#breadcrumb\"},\"inLanguage\":\"ro-RO\",\"potentialAction\":[{\"@type\":\"ReadAction\",\"target\":[\"https:\/\/greencells.com\/ro\/despre-noi\/management-superior\/\"]}]},{\"@type\":\"BreadcrumbList\",\"@id\":\"https:\/\/greencells.com\/ro\/despre-noi\/management-superior\/#breadcrumb\",\"itemListElement\":[{\"@type\":\"ListItem\",\"position\":1,\"name\":\"Home\",\"item\":\"https:\/\/greencells.com\/ro\/acasa\/\"},{\"@type\":\"ListItem\",\"position\":2,\"name\":\"Despre noi\",\"item\":\"https:\/\/greencells.com\/ro\/despre-noi\/\"},{\"@type\":\"ListItem\",\"position\":3,\"name\":\"Management superior\"}]},{\"@type\":\"WebSite\",\"@id\":\"https:\/\/greencells.com\/ro\/#website\",\"url\":\"https:\/\/greencells.com\/ro\/\",\"name\":\"Greencells Group\",\"description\":\"Greencells Group Homepage\",\"potentialAction\":[{\"@type\":\"SearchAction\",\"target\":{\"@type\":\"EntryPoint\",\"urlTemplate\":\"https:\/\/greencells.com\/ro\/?s={search_term_string}\"},\"query-input\":{\"@type\":\"PropertyValueSpecification\",\"valueRequired\":true,\"valueName\":\"search_term_string\"}}],\"inLanguage\":\"ro-RO\"}]}<\/script>\n<!-- \/ Yoast SEO plugin. -->","yoast_head_json":{"title":"Management superior | Leadership la Greencells Group","description":"Face\u021bi cuno\u0219tin\u021b\u0103 cu echipa de conducere din spatele Greencells - unul dintre cei mai importan\u021bi furnizori EPC din Europa pentru centralele solare utilitare.","robots":{"index":"index","follow":"follow","max-snippet":"max-snippet:-1","max-image-preview":"max-image-preview:large","max-video-preview":"max-video-preview:-1"},"canonical":"https:\/\/greencells.com\/ro\/despre-noi\/management-superior\/","og_locale":"ro_RO","og_type":"article","og_title":"Management superior | Leadership la Greencells Group","og_description":"Face\u021bi cuno\u0219tin\u021b\u0103 cu echipa de conducere din spatele Greencells - unul dintre cei mai importan\u021bi furnizori EPC din Europa pentru centralele solare utilitare.","og_url":"https:\/\/greencells.com\/ro\/despre-noi\/management-superior\/","og_site_name":"Greencells Group","article_modified_time":"2025-10-09T09:49:57+00:00","twitter_card":"summary_large_image","twitter_misc":{"Timp estimat pentru citire":"6 minute"},"schema":{"@context":"https:\/\/schema.org","@graph":[{"@type":"WebPage","@id":"https:\/\/greencells.com\/ro\/despre-noi\/management-superior\/","url":"https:\/\/greencells.com\/ro\/despre-noi\/management-superior\/","name":"Management superior | Leadership la Greencells Group","isPartOf":{"@id":"https:\/\/greencells.com\/ro\/#website"},"datePublished":"2025-10-09T09:49:55+00:00","dateModified":"2025-10-09T09:49:57+00:00","description":"Face\u021bi cuno\u0219tin\u021b\u0103 cu echipa de conducere din spatele Greencells - unul dintre cei mai importan\u021bi furnizori EPC din Europa pentru centralele solare utilitare.","breadcrumb":{"@id":"https:\/\/greencells.com\/ro\/despre-noi\/management-superior\/#breadcrumb"},"inLanguage":"ro-RO","potentialAction":[{"@type":"ReadAction","target":["https:\/\/greencells.com\/ro\/despre-noi\/management-superior\/"]}]},{"@type":"BreadcrumbList","@id":"https:\/\/greencells.com\/ro\/despre-noi\/management-superior\/#breadcrumb","itemListElement":[{"@type":"ListItem","position":1,"name":"Home","item":"https:\/\/greencells.com\/ro\/acasa\/"},{"@type":"ListItem","position":2,"name":"Despre noi","item":"https:\/\/greencells.com\/ro\/despre-noi\/"},{"@type":"ListItem","position":3,"name":"Management superior"}]},{"@type":"WebSite","@id":"https:\/\/greencells.com\/ro\/#website","url":"https:\/\/greencells.com\/ro\/","name":"Greencells Group","description":"Greencells Group Homepage","potentialAction":[{"@type":"SearchAction","target":{"@type":"EntryPoint","urlTemplate":"https:\/\/greencells.com\/ro\/?s={search_term_string}"},"query-input":{"@type":"PropertyValueSpecification","valueRequired":true,"valueName":"search_term_string"}}],"inLanguage":"ro-RO"}]}},"_links":{"self":[{"href":"https:\/\/greencells.com\/ro\/wp-json\/wp\/v2\/pages\/18798","targetHints":{"allow":["GET"]}}],"collection":[{"href":"https:\/\/greencells.com\/ro\/wp-json\/wp\/v2\/pages"}],"about":[{"href":"https:\/\/greencells.com\/ro\/wp-json\/wp\/v2\/types\/page"}],"author":[{"embeddable":true,"href":"https:\/\/greencells.com\/ro\/wp-json\/wp\/v2\/users\/18"}],"replies":[{"embeddable":true,"href":"https:\/\/greencells.com\/ro\/wp-json\/wp\/v2\/comments?post=18798"}],"version-history":[{"count":2,"href":"https:\/\/greencells.com\/ro\/wp-json\/wp\/v2\/pages\/18798\/revisions"}],"predecessor-version":[{"id":18800,"href":"https:\/\/greencells.com\/ro\/wp-json\/wp\/v2\/pages\/18798\/revisions\/18800"}],"up":[{"embeddable":true,"href":"https:\/\/greencells.com\/ro\/wp-json\/wp\/v2\/pages\/18779"}],"wp:attachment":[{"href":"https:\/\/greencells.com\/ro\/wp-json\/wp\/v2\/media?parent=18798"}],"curies":[{"name":"wp","href":"https:\/\/api.w.org\/{rel}","templated":true}]}}