{"id":18801,"date":"2025-10-09T11:50:29","date_gmt":"2025-10-09T09:50:29","guid":{"rendered":"https:\/\/greencells.com\/despre-noi\/punctele-noastre-forte\/"},"modified":"2025-10-20T15:35:10","modified_gmt":"2025-10-20T13:35:10","slug":"punctele-noastre-forte","status":"publish","type":"page","link":"https:\/\/greencells.com\/ro\/despre-noi\/punctele-noastre-forte\/","title":{"rendered":"Punctele noastre forte"},"content":{"rendered":"<p>[et_pb_section fb_built=&#8221;1&#8243; fullwidth=&#8221;on&#8221; disabled_on=&#8221;off|off|off&#8221; admin_label=&#8221;Hero&#8221; _builder_version=&#8221;4.16&#8243; background_color=&#8221;#2b3648&#8243; custom_padding=&#8221;|||&#8221; transparent_background=&#8221;on&#8221; saved_tabs=&#8221;all&#8221; global_colors_info=&#8221;{}&#8221;][et_pb_fullwidth_header title=&#8221;PUNCTELE NOASTRE FORTE&#8221; text_orientation=&#8221;center&#8221; background_overlay_color=&#8221;#85bd35&#8243; subhead_font_color=&#8221;#bebebe&#8221; _builder_version=&#8221;4.17.4&#8243; title_level=&#8221;h2&#8243; title_font=&#8221;Source Sans Pro|300|||||||&#8221; title_text_color=&#8221;#ffffff&#8221; title_font_size=&#8221;32px&#8221; title_letter_spacing=&#8221;16px&#8221; content_font=&#8221;Montserrat||||&#8221; content_text_color=&#8221;#bfbfbf&#8221; content_line_height=&#8221;1.8em&#8221; subhead_font=&#8221;Montserrat||||&#8221; subhead_text_color=&#8221;#bebebe&#8221; subhead_line_height=&#8221;1.8em&#8221; background_color=&#8221;#2b3648&#8243; background_enable_image=&#8221;off&#8221; custom_margin=&#8221;0px||||false|false&#8221; custom_padding=&#8221;0%||0%||false|false&#8221; animation_style=&#8221;fade&#8221; animation_duration=&#8221;1500ms&#8221; title_line_height_last_edited=&#8221;off|desktop&#8221; global_colors_info=&#8221;{}&#8221; button_one_text_size__hover_enabled=&#8221;off&#8221; button_two_text_size__hover_enabled=&#8221;off&#8221; button_one_text_color__hover_enabled=&#8221;off&#8221; button_two_text_color__hover_enabled=&#8221;off&#8221; button_one_border_width__hover_enabled=&#8221;off&#8221; button_two_border_width__hover_enabled=&#8221;off&#8221; button_one_border_color__hover_enabled=&#8221;off&#8221; button_two_border_color__hover_enabled=&#8221;off&#8221; button_one_border_radius__hover_enabled=&#8221;off&#8221; button_two_border_radius__hover_enabled=&#8221;off&#8221; button_one_letter_spacing__hover_enabled=&#8221;off&#8221; button_two_letter_spacing__hover_enabled=&#8221;off&#8221; button_one_bg_color__hover_enabled=&#8221;off&#8221; button_two_bg_color__hover_enabled=&#8221;off&#8221;][\/et_pb_fullwidth_header][et_pb_fullwidth_image src=&#8221;https:\/\/greencells.com\/wp-content\/uploads\/2025\/01\/PB_27012025_BerkellandI.jpg&#8221; title_text=&#8221;PROIECT: BERKELLAND I&#8221; _builder_version=&#8221;4.27.4&#8243; _module_preset=&#8221;default&#8221; vertical_offset=&#8221;-475px&#8221; min_height=&#8221;100px&#8221; max_height=&#8221;300px&#8221; global_colors_info=&#8221;{}&#8221;][\/et_pb_fullwidth_image][\/et_pb_section][et_pb_section fb_built=&#8221;1&#8243; _builder_version=&#8221;4.27.4&#8243; _module_preset=&#8221;default&#8221; custom_margin=&#8221;||0px||false|false&#8221; custom_padding=&#8221;0px||0px|||&#8221; locked=&#8221;off&#8221; global_colors_info=&#8221;{}&#8221;][et_pb_row _builder_version=&#8221;4.18.1&#8243; custom_padding=&#8221;20px||0px||false|false&#8221; locked=&#8221;off&#8221; global_colors_info=&#8221;{}&#8221; parallax_1__hover=&#8221;off&#8221; parallax_1__hover_enabled=&#8221;off&#8221; parallax_2__hover=&#8221;off&#8221; parallax_2__hover_enabled=&#8221;off&#8221; parallax_3__hover=&#8221;off&#8221; parallax_3__hover_enabled=&#8221;off&#8221; parallax_4__hover=&#8221;off&#8221; parallax_4__hover_enabled=&#8221;off&#8221; parallax_method_1__hover=&#8221;on&#8221; parallax_method_1__hover_enabled=&#8221;on&#8221; parallax_method_2__hover=&#8221;on&#8221; parallax_method_2__hover_enabled=&#8221;on&#8221; parallax_method_3__hover=&#8221;on&#8221; parallax_method_3__hover_enabled=&#8221;on&#8221; parallax_method_4__hover=&#8221;on&#8221; parallax_method_4__hover_enabled=&#8221;on&#8221;][et_pb_column type=&#8221;4_4&#8243; _builder_version=&#8221;4.16&#8243; custom_padding=&#8221;|||&#8221; global_colors_info=&#8221;{}&#8221; custom_padding__hover=&#8221;|||&#8221;][et_pb_text _builder_version=&#8221;4.27.4&#8243; text_font=&#8221;Ubuntu||||||||&#8221; text_text_color=&#8221;#838383&#8243; text_font_size=&#8221;18px&#8221; text_line_height=&#8221;30px&#8221; header_font=&#8221;Source Sans Pro||||||||&#8221; header_2_font=&#8221;Source Sans Pro|600|||||||&#8221; header_2_text_color=&#8221;#2b3648&#8243; header_2_font_size=&#8221;58px&#8221; header_2_line_height=&#8221;1.4em&#8221; header_4_font=&#8221;Source Sans Pro|||on|||||&#8221; header_4_text_color=&#8221;#85bd35&#8243; header_4_font_size=&#8221;16px&#8221; header_4_letter_spacing=&#8221;2px&#8221; header_4_line_height=&#8221;1.6em&#8221; text_orientation=&#8221;center&#8221; max_width=&#8221;700px&#8221; module_alignment=&#8221;center&#8221; custom_margin=&#8221;||-8px||false|false&#8221; custom_padding=&#8221;40px||0px||false|false&#8221; header_2_font_size_tablet=&#8221;30px&#8221; header_2_font_size_phone=&#8221;22px&#8221; header_2_font_size_last_edited=&#8221;on|phone&#8221; header_4_font_size_tablet=&#8221;&#8221; header_4_font_size_phone=&#8221;14px&#8221; header_4_font_size_last_edited=&#8221;on|phone&#8221; locked=&#8221;off&#8221; global_colors_info=&#8221;{}&#8221;]<\/p>\n<h4 style=\"text-align: center;\">Excelen\u021ba EPC \u00een domeniul energiei solare la scar\u0103 utilitar\u0103<\/h4>\n<p>[\/et_pb_text][et_pb_text _builder_version=&#8221;4.18.1&#8243; text_font=&#8221;Ubuntu||||||||&#8221; text_text_color=&#8221;#838383&#8243; text_font_size=&#8221;18px&#8221; text_line_height=&#8221;30px&#8221; header_2_font=&#8221;Source Sans Pro||||||||&#8221; header_2_text_color=&#8221;#2b3648&#8243; header_2_font_size=&#8221;24px&#8221; header_2_letter_spacing=&#8221;6px&#8221; header_2_line_height=&#8221;1.4em&#8221; header_4_font=&#8221;Ubuntu|700||on|||||&#8221; header_4_text_color=&#8221;#85bd35&#8243; header_4_font_size=&#8221;16px&#8221; header_4_letter_spacing=&#8221;2px&#8221; header_4_line_height=&#8221;1.6em&#8221; text_orientation=&#8221;center&#8221; max_width=&#8221;700px&#8221; module_alignment=&#8221;center&#8221; custom_margin=&#8221;0px||||false|false&#8221; custom_padding=&#8221;0px||0px||false|false&#8221; header_2_font_size_tablet=&#8221;30px&#8221; header_2_font_size_phone=&#8221;22px&#8221; header_2_font_size_last_edited=&#8221;on|phone&#8221; header_4_font_size_tablet=&#8221;&#8221; header_4_font_size_phone=&#8221;14px&#8221; header_4_font_size_last_edited=&#8221;on|phone&#8221; locked=&#8221;off&#8221; global_colors_info=&#8221;{}&#8221;]<\/p>\n<h2>PUNCTELE NOASTRE FORTE<\/h2>\n<p>[\/et_pb_text][\/et_pb_column][\/et_pb_row][\/et_pb_section][et_pb_section fb_built=&#8221;1&#8243; _builder_version=&#8221;4.27.4&#8243; _module_preset=&#8221;default&#8221; custom_padding=&#8221;0px||40px||false|false&#8221; locked=&#8221;off&#8221; global_colors_info=&#8221;{}&#8221;][et_pb_row _builder_version=&#8221;4.27.4&#8243; _module_preset=&#8221;default&#8221; global_colors_info=&#8221;{}&#8221;][et_pb_column type=&#8221;4_4&#8243; _builder_version=&#8221;4.27.4&#8243; _module_preset=&#8221;default&#8221; global_colors_info=&#8221;{}&#8221;][et_pb_text _builder_version=&#8221;4.27.4&#8243; _module_preset=&#8221;default&#8221; header_3_font=&#8221;&#8211;et_global_heading_font||||||||&#8221; header_3_text_color=&#8221;#85BD35&#8243; header_3_font_size=&#8221;20px&#8221; header_3_letter_spacing=&#8221;2px&#8221; hover_enabled=&#8221;0&#8243; global_colors_info=&#8221;{}&#8221; sticky_enabled=&#8221;0&#8243;]<\/p>\n<p style=\"text-align: justify;\"><strong>Greencells Group<\/strong> este unul dintre cei mai importan\u021bi furnizori europeni de centrale solare la scar\u0103 larg\u0103. \u00cen calitate de companie exclusiv\u0103 EPC \u0219i O&amp;M, ne concentr\u0103m \u00een \u00eentregime pe ingineria, construc\u021bia \u0219i operarea pe termen lung a sistemelor fotovoltaice la scar\u0103 larg\u0103 &#8211; eficient, fiabil \u0219i cu performan\u021be dovedite. <\/p>\n<p style=\"text-align: justify;\">Cu mai mult de <strong>182 <\/strong><strong>proiecte<\/strong> finalizate \u00een peste <strong>21 de \u021b\u0103ri<\/strong> \u0219i <strong>3.3 <\/strong><strong><\/strong><strong>GWp<\/strong> capacitate instalat\u0103, istoricul nostru dovede\u0219te capacitatea noastr\u0103 de a livra &#8211; dincolo de frontiere, termene \u0219i tehnologii.<\/p>\n<p>&nbsp;<\/p>\n<h3 style=\"text-align: justify;\">PARTENERUL DVS. EPC \u0218I O&amp;M PENTRU ENERGIA SOLAR\u0102 LA SCAR\u0102 LARG\u0102<\/h3>\n<p style=\"text-align: justify;\">Greencells ofer\u0103 solu\u021bii solare la scar\u0103 larg\u0103 &#8211; proiectate pentru performan\u021b\u0103, construite pentru a dura.<\/p>\n<p style=\"text-align: justify;\">Suntem specializa\u021bi \u00een proiectarea, construc\u021bia \u0219i \u00eentre\u021binerea sistemelor fotovoltaice la scar\u0103 larg\u0103. \u00cen calitate de partener EPC \u0219i O&amp;M, oferim execu\u021bie de proiect de la un cap\u0103t la altul, combin\u00e2nd precizia inginereasc\u0103 cu puterea logistic\u0103 \u0219i capacit\u0103\u021bile de livrare dovedite. <\/p>\n<h3 style=\"text-align: justify;\">CONTROL DEPLIN PRIN INTERMEDIUL ECHIPELOR INTERNE DE INGINERIE \u0218I DE \u0218ANTIER<\/h3>\n<p style=\"text-align: justify;\">Aducem structur\u0103 \u0219i siguran\u021b\u0103 fiec\u0103rui proiect &#8211; de la concept la finalizare.<\/p>\n<p style=\"text-align: justify;\">Echipa noastr\u0103 intern\u0103 de ingineri asigur\u0103 solu\u021bii eficiente, cu costuri optimizate \u0219i solide din punct de vedere tehnic. Pe \u0219antier, for\u021ba noastr\u0103 de munc\u0103 din Cluj garanteaz\u0103 calitatea constant\u0103 \u0219i independen\u021ba fa\u021b\u0103 de subcontractan\u021bii externi. Acest lucru ne ofer\u0103 control deplin asupra termenelor, costurilor \u0219i rezultatelor proiectului.  <\/p>\n<h3 style=\"text-align: justify;\">SERVICII O&amp;M PENTRU PERFORMAN\u021a\u0102 PE TERMEN LUNG<\/h3>\n<p style=\"text-align: justify;\">V\u0103 protej\u0103m activele. V\u0103 optimiz\u0103m randamentele. <\/p>\n<p style=\"text-align: justify;\">Greencells ofer\u0103 o gam\u0103 complet\u0103 de servicii de exploatare \u0219i \u00eentre\u021binere, de la monitorizarea de la distan\u021b\u0103 \u0219i analiza performan\u021belor p\u00e2n\u0103 la \u00eentre\u021binere \u0219i repara\u021bii pe teren. Obiectivul nostru: timp de func\u021bionare maxim, stabilitate a randamentului \u0219i randamente fiabile pe durata de via\u021b\u0103 a activelor dumneavoastr\u0103. <\/p>\n<h3 style=\"text-align: justify;\">FIABIL. SCALABIL. FINAN\u021aABIL.  <\/h3>\n<p style=\"text-align: justify;\">Partenerii no\u0219tri au \u00eencredere \u00een noi &#8211; pentru c\u0103 noi livr\u0103m.<\/p>\n<p style=\"text-align: justify;\">Lucr\u0103m cu dezvoltatori, investitori \u0219i institu\u021bii financiare interna\u021bionale care se bazeaz\u0103 pe experien\u021ba noastr\u0103 \u00een domeniul EPC \u0219i pe istoricul nostru de livr\u0103ri finan\u021babile. Structura noastr\u0103 scalabil\u0103 \u0219i capacit\u0103\u021bile transfrontaliere fac din noi un partener preferat pentru dezvolt\u0103ri solare la scar\u0103 larg\u0103 \u00een Europa \u0219i pe pie\u021bele emergente. <\/p>\n<h3 style=\"text-align: justify;\">SOLU\u021aII ADAPTABILE PENTRU MEDII COMPLEXE<\/h3>\n<p style=\"text-align: justify;\">De la agro-PV la integrarea sistemelor de stocare &#8211; adapt\u0103m solu\u021bia la proiectul dumneavoastr\u0103.<\/p>\n<p style=\"text-align: justify;\">Avem experien\u021b\u0103 \u00een furnizarea de sisteme solare specializate: concepte hibride, integrarea stoc\u0103rii bateriilor, proiecte compatibile cu agricultura, cerin\u021be de re\u021bea complexe \u0219i multe altele. Echipele noastre de ingineri \u0219i de la fa\u021ba locului se adapteaz\u0103 la diverse terenuri, clime \u0219i provoc\u0103ri tehnice. <\/p>\n<p>[\/et_pb_text][\/et_pb_column][\/et_pb_row][\/et_pb_section][et_pb_section fb_built=&#8221;1&#8243; module_class=&#8221;show-on-laptop&#8221; _builder_version=&#8221;4.16&#8243; _module_preset=&#8221;default&#8221; background_color=&#8221;#f7f7f7&#8243; custom_padding=&#8221;0px|60px||60px|false|false&#8221; global_colors_info=&#8221;{}&#8221;][et_pb_row _builder_version=&#8221;4.16&#8243; _module_preset=&#8221;default&#8221; width=&#8221;100%&#8221; max_width=&#8221;100%&#8221; global_colors_info=&#8221;{}&#8221;][et_pb_column type=&#8221;4_4&#8243; _builder_version=&#8221;4.16&#8243; _module_preset=&#8221;default&#8221; global_colors_info=&#8221;{}&#8221;][et_pb_blurb title=&#8221;Furnizori renumi\u021bi&#8221; use_icon=&#8221;on&#8221; font_icon=&#8221;&#x39;||divi||400&#8243; icon_color=&#8221;#85bd35&#8243; icon_placement=&#8221;left&#8221; image_icon_width=&#8221;56px&#8221; content_max_width=&#8221;100%&#8221; content_max_width_tablet=&#8221;1100px&#8221; content_max_width_last_edited=&#8221;off|desktop&#8221; _builder_version=&#8221;4.16&#8243; header_font=&#8221;Ubuntu|700|||||||&#8221; header_text_color=&#8221;#2b3648&#8243; header_line_height=&#8221;1.4em&#8221; body_font=&#8221;Ubuntu||||||||&#8221; body_text_color=&#8221;#848484&#8243; body_line_height=&#8221;1.8em&#8221; custom_margin=&#8221;|||&#8221; custom_padding=&#8221;|||&#8221; animation_style=&#8221;slide&#8221; animation_direction=&#8221;right&#8221; animation_intensity_slide=&#8221;10%&#8221; animation=&#8221;off&#8221; icon_font_size=&#8221;56px&#8221; global_colors_info=&#8221;{}&#8221;]<\/p>\n<p>Pentru a garanta longevitatea \u0219i randamentul maxim al plantelor, Greencells utilizeaz\u0103 numai componente Tier 1 de la furnizori renumi\u021bi de panouri \u0219i invertoare, precum Longi, Jinko, JA Solar \u0219i Huawei.<\/p>\n<p>[\/et_pb_blurb][\/et_pb_column][\/et_pb_row][\/et_pb_section]<\/p>\n","protected":false},"excerpt":{"rendered":"<p>Excelen\u021ba EPC \u00een domeniul energiei solare la scar\u0103 utilitar\u0103PUNCTELE NOASTRE FORTEGreencells Group este unul dintre cei mai importan\u021bi furnizori europeni de centrale solare la scar\u0103 larg\u0103. \u00cen calitate de companie exclusiv\u0103 EPC \u0219i O&amp;M, ne concentr\u0103m \u00een \u00eentregime pe ingineria, construc\u021bia \u0219i operarea pe termen lung a sistemelor fotovoltaice la scar\u0103 larg\u0103 &#8211; eficient, fiabil [&hellip;]<\/p>\n","protected":false},"author":18,"featured_media":0,"parent":18779,"menu_order":0,"comment_status":"closed","ping_status":"closed","template":"","meta":{"_et_pb_use_builder":"on","_et_pb_old_content":"","_et_gb_content_width":"","footnotes":""},"class_list":["post-18801","page","type-page","status-publish","hentry"],"yoast_head":"<!-- This site is optimized with the Yoast SEO plugin v27.2 - https:\/\/yoast.com\/product\/yoast-seo-wordpress\/ -->\n<title>Punctele noastre forte | Experien\u021b\u0103, re\u021bea \u0219i know-how industrial<\/title>\n<meta name=\"description\" content=\"Greencells ofer\u0103 expertiz\u0103 EPC, cuno\u0219tin\u021be profunde \u00een domeniu \u0219i o re\u021bea global\u0103 de \u00eencredere de furnizori \u0219i parteneri financiari.\" \/>\n<meta name=\"robots\" content=\"index, follow, max-snippet:-1, max-image-preview:large, max-video-preview:-1\" \/>\n<link rel=\"canonical\" href=\"https:\/\/greencells.com\/ro\/despre-noi\/punctele-noastre-forte\/\" \/>\n<meta property=\"og:locale\" content=\"ro_RO\" \/>\n<meta property=\"og:type\" content=\"article\" \/>\n<meta property=\"og:title\" content=\"Punctele noastre forte | Experien\u021b\u0103, re\u021bea \u0219i know-how industrial\" \/>\n<meta property=\"og:description\" content=\"Greencells ofer\u0103 expertiz\u0103 EPC, cuno\u0219tin\u021be profunde \u00een domeniu \u0219i o re\u021bea global\u0103 de \u00eencredere de furnizori \u0219i parteneri financiari.\" \/>\n<meta property=\"og:url\" content=\"https:\/\/greencells.com\/ro\/despre-noi\/punctele-noastre-forte\/\" \/>\n<meta property=\"og:site_name\" content=\"Greencells Group\" \/>\n<meta property=\"article:modified_time\" content=\"2025-10-20T13:35:10+00:00\" \/>\n<meta name=\"twitter:card\" content=\"summary_large_image\" \/>\n<meta name=\"twitter:label1\" content=\"Timp estimat pentru citire\" \/>\n\t<meta name=\"twitter:data1\" content=\"7 minute\" \/>\n<script type=\"application\/ld+json\" class=\"yoast-schema-graph\">{\"@context\":\"https:\/\/schema.org\",\"@graph\":[{\"@type\":\"WebPage\",\"@id\":\"https:\/\/greencells.com\/ro\/despre-noi\/punctele-noastre-forte\/\",\"url\":\"https:\/\/greencells.com\/ro\/despre-noi\/punctele-noastre-forte\/\",\"name\":\"Punctele noastre forte | Experien\u021b\u0103, re\u021bea \u0219i know-how industrial\",\"isPartOf\":{\"@id\":\"https:\/\/greencells.com\/ro\/#website\"},\"datePublished\":\"2025-10-09T09:50:29+00:00\",\"dateModified\":\"2025-10-20T13:35:10+00:00\",\"description\":\"Greencells ofer\u0103 expertiz\u0103 EPC, cuno\u0219tin\u021be profunde \u00een domeniu \u0219i o re\u021bea global\u0103 de \u00eencredere de furnizori \u0219i parteneri financiari.\",\"breadcrumb\":{\"@id\":\"https:\/\/greencells.com\/ro\/despre-noi\/punctele-noastre-forte\/#breadcrumb\"},\"inLanguage\":\"ro-RO\",\"potentialAction\":[{\"@type\":\"ReadAction\",\"target\":[\"https:\/\/greencells.com\/ro\/despre-noi\/punctele-noastre-forte\/\"]}]},{\"@type\":\"BreadcrumbList\",\"@id\":\"https:\/\/greencells.com\/ro\/despre-noi\/punctele-noastre-forte\/#breadcrumb\",\"itemListElement\":[{\"@type\":\"ListItem\",\"position\":1,\"name\":\"Home\",\"item\":\"https:\/\/greencells.com\/ro\/acasa\/\"},{\"@type\":\"ListItem\",\"position\":2,\"name\":\"Despre noi\",\"item\":\"https:\/\/greencells.com\/ro\/despre-noi\/\"},{\"@type\":\"ListItem\",\"position\":3,\"name\":\"Punctele noastre forte\"}]},{\"@type\":\"WebSite\",\"@id\":\"https:\/\/greencells.com\/ro\/#website\",\"url\":\"https:\/\/greencells.com\/ro\/\",\"name\":\"Greencells Group\",\"description\":\"Greencells Group Homepage\",\"potentialAction\":[{\"@type\":\"SearchAction\",\"target\":{\"@type\":\"EntryPoint\",\"urlTemplate\":\"https:\/\/greencells.com\/ro\/?s={search_term_string}\"},\"query-input\":{\"@type\":\"PropertyValueSpecification\",\"valueRequired\":true,\"valueName\":\"search_term_string\"}}],\"inLanguage\":\"ro-RO\"}]}<\/script>\n<!-- \/ Yoast SEO plugin. -->","yoast_head_json":{"title":"Punctele noastre forte | Experien\u021b\u0103, re\u021bea \u0219i know-how industrial","description":"Greencells ofer\u0103 expertiz\u0103 EPC, cuno\u0219tin\u021be profunde \u00een domeniu \u0219i o re\u021bea global\u0103 de \u00eencredere de furnizori \u0219i parteneri financiari.","robots":{"index":"index","follow":"follow","max-snippet":"max-snippet:-1","max-image-preview":"max-image-preview:large","max-video-preview":"max-video-preview:-1"},"canonical":"https:\/\/greencells.com\/ro\/despre-noi\/punctele-noastre-forte\/","og_locale":"ro_RO","og_type":"article","og_title":"Punctele noastre forte | Experien\u021b\u0103, re\u021bea \u0219i know-how industrial","og_description":"Greencells ofer\u0103 expertiz\u0103 EPC, cuno\u0219tin\u021be profunde \u00een domeniu \u0219i o re\u021bea global\u0103 de \u00eencredere de furnizori \u0219i parteneri financiari.","og_url":"https:\/\/greencells.com\/ro\/despre-noi\/punctele-noastre-forte\/","og_site_name":"Greencells Group","article_modified_time":"2025-10-20T13:35:10+00:00","twitter_card":"summary_large_image","twitter_misc":{"Timp estimat pentru citire":"7 minute"},"schema":{"@context":"https:\/\/schema.org","@graph":[{"@type":"WebPage","@id":"https:\/\/greencells.com\/ro\/despre-noi\/punctele-noastre-forte\/","url":"https:\/\/greencells.com\/ro\/despre-noi\/punctele-noastre-forte\/","name":"Punctele noastre forte | Experien\u021b\u0103, re\u021bea \u0219i know-how industrial","isPartOf":{"@id":"https:\/\/greencells.com\/ro\/#website"},"datePublished":"2025-10-09T09:50:29+00:00","dateModified":"2025-10-20T13:35:10+00:00","description":"Greencells ofer\u0103 expertiz\u0103 EPC, cuno\u0219tin\u021be profunde \u00een domeniu \u0219i o re\u021bea global\u0103 de \u00eencredere de furnizori \u0219i parteneri financiari.","breadcrumb":{"@id":"https:\/\/greencells.com\/ro\/despre-noi\/punctele-noastre-forte\/#breadcrumb"},"inLanguage":"ro-RO","potentialAction":[{"@type":"ReadAction","target":["https:\/\/greencells.com\/ro\/despre-noi\/punctele-noastre-forte\/"]}]},{"@type":"BreadcrumbList","@id":"https:\/\/greencells.com\/ro\/despre-noi\/punctele-noastre-forte\/#breadcrumb","itemListElement":[{"@type":"ListItem","position":1,"name":"Home","item":"https:\/\/greencells.com\/ro\/acasa\/"},{"@type":"ListItem","position":2,"name":"Despre noi","item":"https:\/\/greencells.com\/ro\/despre-noi\/"},{"@type":"ListItem","position":3,"name":"Punctele noastre forte"}]},{"@type":"WebSite","@id":"https:\/\/greencells.com\/ro\/#website","url":"https:\/\/greencells.com\/ro\/","name":"Greencells Group","description":"Greencells Group Homepage","potentialAction":[{"@type":"SearchAction","target":{"@type":"EntryPoint","urlTemplate":"https:\/\/greencells.com\/ro\/?s={search_term_string}"},"query-input":{"@type":"PropertyValueSpecification","valueRequired":true,"valueName":"search_term_string"}}],"inLanguage":"ro-RO"}]}},"_links":{"self":[{"href":"https:\/\/greencells.com\/ro\/wp-json\/wp\/v2\/pages\/18801","targetHints":{"allow":["GET"]}}],"collection":[{"href":"https:\/\/greencells.com\/ro\/wp-json\/wp\/v2\/pages"}],"about":[{"href":"https:\/\/greencells.com\/ro\/wp-json\/wp\/v2\/types\/page"}],"author":[{"embeddable":true,"href":"https:\/\/greencells.com\/ro\/wp-json\/wp\/v2\/users\/18"}],"replies":[{"embeddable":true,"href":"https:\/\/greencells.com\/ro\/wp-json\/wp\/v2\/comments?post=18801"}],"version-history":[{"count":5,"href":"https:\/\/greencells.com\/ro\/wp-json\/wp\/v2\/pages\/18801\/revisions"}],"predecessor-version":[{"id":19044,"href":"https:\/\/greencells.com\/ro\/wp-json\/wp\/v2\/pages\/18801\/revisions\/19044"}],"up":[{"embeddable":true,"href":"https:\/\/greencells.com\/ro\/wp-json\/wp\/v2\/pages\/18779"}],"wp:attachment":[{"href":"https:\/\/greencells.com\/ro\/wp-json\/wp\/v2\/media?parent=18801"}],"curies":[{"name":"wp","href":"https:\/\/api.w.org\/{rel}","templated":true}]}}