{"id":18808,"date":"2025-10-09T11:51:26","date_gmt":"2025-10-09T09:51:26","guid":{"rendered":"https:\/\/greencells.com\/imprint\/"},"modified":"2026-03-25T15:49:33","modified_gmt":"2026-03-25T13:49:33","slug":"imprint","status":"publish","type":"page","link":"https:\/\/greencells.com\/ro\/imprint\/","title":{"rendered":"Imprint"},"content":{"rendered":"<p>[et_pb_section fb_built=&#8221;1&#8243; fullwidth=&#8221;on&#8221; disabled_on=&#8221;off|off|off&#8221; admin_label=&#8221;Hero&#8221; _builder_version=&#8221;4.16&#8243; background_color=&#8221;#2b3648&#8243; custom_padding=&#8221;|||&#8221; transparent_background=&#8221;on&#8221; saved_tabs=&#8221;all&#8221; global_colors_info=&#8221;{}&#8221;][et_pb_fullwidth_header title=&#8221;IMPRINTARE&#8221; text_orientation=&#8221;center&#8221; background_overlay_color=&#8221;#85bd35&#8243; subhead_font_color=&#8221;#bebebe&#8221; _builder_version=&#8221;4.18.0&#8243; title_level=&#8221;h3&#8243; title_font=&#8221;Source Sans Pro|300|||||||&#8221; title_text_color=&#8221;#ffffff&#8221; title_font_size=&#8221;32px&#8221; title_letter_spacing=&#8221;16px&#8221; content_font=&#8221;Montserrat||||&#8221; content_text_color=&#8221;#bfbfbf&#8221; content_line_height=&#8221;1.8em&#8221; subhead_font=&#8221;Montserrat||||&#8221; subhead_text_color=&#8221;#bebebe&#8221; subhead_line_height=&#8221;1.8em&#8221; background_color=&#8221;#2b3648&#8243; background_enable_image=&#8221;off&#8221; custom_padding=&#8221;0%||0%||false|false&#8221; animation_style=&#8221;fade&#8221; animation_duration=&#8221;1500ms&#8221; title_line_height_last_edited=&#8221;off|desktop&#8221; global_colors_info=&#8221;{}&#8221; button_one_text_size__hover_enabled=&#8221;off&#8221; button_two_text_size__hover_enabled=&#8221;off&#8221; button_one_text_color__hover_enabled=&#8221;off&#8221; button_two_text_color__hover_enabled=&#8221;off&#8221; button_one_border_width__hover_enabled=&#8221;off&#8221; button_two_border_width__hover_enabled=&#8221;off&#8221; button_one_border_color__hover_enabled=&#8221;off&#8221; button_two_border_color__hover_enabled=&#8221;off&#8221; button_one_border_radius__hover_enabled=&#8221;off&#8221; button_two_border_radius__hover_enabled=&#8221;off&#8221; button_one_letter_spacing__hover_enabled=&#8221;off&#8221; button_two_letter_spacing__hover_enabled=&#8221;off&#8221; button_one_bg_color__hover_enabled=&#8221;off&#8221; button_two_bg_color__hover_enabled=&#8221;off&#8221;][\/et_pb_fullwidth_header][\/et_pb_section][et_pb_section fb_built=&#8221;1&#8243; _builder_version=&#8221;4.16&#8243; _module_preset=&#8221;default&#8221; custom_padding=&#8221;0px||0px|||&#8221; global_colors_info=&#8221;{}&#8221;][et_pb_row _builder_version=&#8221;4.16&#8243; _module_preset=&#8221;default&#8221; global_colors_info=&#8221;{}&#8221;][et_pb_column type=&#8221;4_4&#8243; _builder_version=&#8221;4.16&#8243; _module_preset=&#8221;default&#8221; global_colors_info=&#8221;{}&#8221;][lwp_divi_breadcrumbs _builder_version=&#8221;4.16&#8243; _module_preset=&#8221;default&#8221; global_colors_info=&#8221;{}&#8221;][\/lwp_divi_breadcrumbs][\/et_pb_column][\/et_pb_row][\/et_pb_section][et_pb_section fb_built=&#8221;1&#8243; _builder_version=&#8221;4.16&#8243; _module_preset=&#8221;default&#8221; custom_padding=&#8221;0px|||||&#8221; global_colors_info=&#8221;{}&#8221;][et_pb_row _builder_version=&#8221;4.16&#8243; _module_preset=&#8221;default&#8221; global_colors_info=&#8221;{}&#8221;][et_pb_column type=&#8221;4_4&#8243; _builder_version=&#8221;4.16&#8243; _module_preset=&#8221;default&#8221; global_colors_info=&#8221;{}&#8221;][et_pb_text _builder_version=&#8221;4.27.4&#8243; _module_preset=&#8221;default&#8221; text_font=&#8221;Source Sans Pro||||||||&#8221; header_font=&#8221;Source Sans Pro|600|||||||&#8221; header_2_font=&#8221;Source Sans Pro||||||||&#8221; header_2_font_size=&#8221;28px&#8221; header_2_letter_spacing=&#8221;3px&#8221; global_colors_info=&#8221;{}&#8221;]<\/p>\n<h2>IMPRINTARE<\/h2>\n<p>&nbsp;<\/p>\n<p><strong>INFORMA\u021aII \u00ceN CONFORMITATE CU \u00a7 5 TMG<\/strong><\/p>\n<p>Greencells GmbH<br \/>Bahnhofstr. 28<br \/>66111 Saarbr\u00fccken <\/p>\n<p>Registrul Comer\u021bului: HRB17943<br \/>Curtea de \u00eenregistrare: Tribunalul districtual Saarbr\u00fccken<\/p>\n<p><strong>REPREZENTATE DE DIRECTORI GENERALI<\/strong><\/p>\n<p>Fabian Herr<\/p>\n<p><strong>CONTACT<\/strong><\/p>\n<p>Telefon: +49 (0) 681 992 669 10<br \/>E-Mail: mail(at)greencells.com<\/p>\n<p><strong>SALES TAX-ID<\/strong><\/p>\n<p>Sales tax identification number according to \u00a7 27 a Umsatzsteuergesetz:<br \/>DE268444464<\/p>\n<p><strong>SOLU\u021aIONAREA LITIGIILOR \u00ceN CADRUL UE<\/strong><\/p>\n<p>Comisia European\u0103 pune la dispozi\u021bie o platform\u0103 pentru solu\u021bionarea online a litigiilor (OS): https:\/\/ec.europa.eu\/consumers\/odr.<br \/>Pute\u021bi g\u0103si adresa noastr\u0103 de e-mail \u00een amprenta de mai sus.<\/p>\n<p><strong>ORGANISM DE SOLU\u021aIONARE A LITIGIILOR \u00ceN MATERIE DE CONSUM\/ ARBITRAJ UNIVERSAL<\/strong><\/p>\n<p>Nu suntem dispu\u0219i sau obliga\u021bi s\u0103 particip\u0103m la procedurile de solu\u021bionare a litigiilor \u00een fa\u021ba unei comisii de arbitraj a consumatorilor.<\/p>\n<p><strong>R\u0102SPUNDEREA PENTRU CON\u021aINUT<\/strong><\/p>\n<p>\u00cen calitate de furnizor de servicii, suntem responsabili pentru propriul nostru con\u021binut de pe aceste pagini, \u00een conformitate cu \u00a7 7 alineatul 1 TMG \u00een temeiul legilor generale. \u00cen conformitate cu \u00a7 8 p\u00e2n\u0103 la 10 TMG, nu suntem obliga\u021bi s\u0103 monitoriz\u0103m informa\u021biile transmise sau stocate sau s\u0103 investig\u0103m circumstan\u021bele care indic\u0103 o activitate ilegal\u0103. <\/p>\n<p>Obliga\u021biile de a elimina sau de a bloca utilizarea informa\u021biilor \u00een temeiul legisla\u021biei generale r\u0103m\u00e2n neafectate. Cu toate acestea, r\u0103spunderea \u00een aceast\u0103 privin\u021b\u0103 este posibil\u0103 numai din momentul \u00een care devine cunoscut\u0103 o \u00eenc\u0103lcare concret\u0103 a legii. Dac\u0103 lu\u0103m cuno\u0219tin\u021b\u0103 de astfel de \u00eenc\u0103lc\u0103ri, vom elimina imediat con\u021binutul relevant.  <\/p>\n<p><strong>R\u0102SPUNDEREA PENTRU LINKURI<\/strong><\/p>\n<p>Oferta noastr\u0103 con\u021bine linkuri c\u0103tre site-uri externe ale unor ter\u021be p\u0103r\u021bi, asupra con\u021binutului c\u0103rora nu avem nicio influen\u021b\u0103. Prin urmare, nu ne putem asuma nicio r\u0103spundere pentru aceste con\u021binuturi externe. Furnizorul sau operatorul respectiv al site-urilor este \u00eentotdeauna responsabil pentru con\u021binutul site-urilor legate. Paginile legate au fost verificate cu privire la posibile \u00eenc\u0103lc\u0103ri ale legii \u00een momentul conect\u0103rii. Con\u021binuturile ilegale nu au fost recunoscute la momentul conect\u0103rii.    <\/p>\n<p>Cu toate acestea, un control permanent al con\u021binutului paginilor legate nu este rezonabil f\u0103r\u0103 dovezi concrete ale unei \u00eenc\u0103lc\u0103ri a legii. \u00cen cazul \u00een care lu\u0103m cuno\u0219tin\u021b\u0103 de orice \u00eenc\u0103lcare, vom elimina imediat aceste linkuri. <\/p>\n<p><strong>COPYRIGHT<\/strong><\/p>\n<p>Con\u021binutul \u0219i lucr\u0103rile create de operatorii site-ului pe aceste pagini fac obiectul legisla\u021biei germane privind drepturile de autor. Copierea, prelucrarea, distribuirea sau orice form\u0103 de comercializare a unui astfel de material dincolo de domeniul de aplicare al legii drepturilor de autor necesit\u0103 acordul prealabil scris al autorului sau creatorului respectiv. Desc\u0103rc\u0103rile \u0219i copiile de pe acest site sunt permise numai pentru uz privat, necomercial.  <\/p>\n<p>\u00cen m\u0103sura \u00een care con\u021binutul de pe acest site nu a fost creat de operator, drepturile de autor ale ter\u021bilor sunt respectate. \u00cen special, con\u021binutul ter\u021bilor este identificat ca atare. \u00cen cazul \u00een care, cu toate acestea, lua\u021bi cuno\u0219tin\u021b\u0103 de o \u00eenc\u0103lcare a drepturilor de autor, v\u0103 rug\u0103m s\u0103 ne informa\u021bi \u00een consecin\u021b\u0103. Dac\u0103 lu\u0103m cuno\u0219tin\u021b\u0103 de orice \u00eenc\u0103lcare, vom elimina imediat con\u021binutul respectiv.   <\/p>\n<p>[\/et_pb_text][\/et_pb_column][\/et_pb_row][\/et_pb_section]<\/p>\n","protected":false},"excerpt":{"rendered":"<p><div class=\"et_pb_module lwp_divi_breadcrumbs lwp_divi_breadcrumbs_0\">\n\t\t\t\t\n\t\t\t\t\n\t\t\t\t\n\t\t\t\t\n\t\t\t\t\n\t\t\t\t\n\t\t\t\t<div class=\"et_pb_module_inner\">\n\t\t\t\t\t<div class=\"lwp-breadcrumbs\"> <span class=\"before\"><\/span> <span vocab=\"https:\/\/schema.org\/\" typeof=\"BreadcrumbList\"><span property=\"itemListElement\" typeof=\"ListItem\"><a property=\"item\" typeof=\"WebPage\" href=\"https:\/\/greencells.com\/ro\/\" class=\"home\"><span property=\"name\">Home<\/span><\/a><meta property=\"position\" content=\"1\"><\/span> <span class=\"separator et-pb-icon\">&#x39;<\/span> <\/span><\/div>\n\t\t\t\t<\/div>\n\t\t\t<\/div>IMPRINTARE &nbsp; INFORMA\u021aII \u00ceN CONFORMITATE CU \u00a7 5 TMG Greencells GmbHBahnhofstr. 2866111 Saarbr\u00fccken Registrul Comer\u021bului: HRB17943Curtea de \u00eenregistrare: Tribunalul districtual Saarbr\u00fccken REPREZENTATE DE DIRECTORI GENERALI Fabian Herr CONTACT Telefon: +49 (0) 681 992 669 10E-Mail: mail(at)greencells.com SALES TAX-ID Sales tax identification number according to \u00a7 27 a Umsatzsteuergesetz:DE268444464 SOLU\u021aIONAREA LITIGIILOR \u00ceN CADRUL [&hellip;]<\/p>\n","protected":false},"author":18,"featured_media":0,"parent":0,"menu_order":0,"comment_status":"closed","ping_status":"closed","template":"","meta":{"_et_pb_use_builder":"on","_et_pb_old_content":"","_et_gb_content_width":"","footnotes":""},"class_list":["post-18808","page","type-page","status-publish","hentry"],"yoast_head":"<!-- This site is optimized with the Yoast SEO plugin v27.4 - https:\/\/yoast.com\/product\/yoast-seo-wordpress\/ -->\n<title>Imprint | Greencells Group - Informa\u021bii juridice \u0219i contacte<\/title>\n<meta name=\"description\" content=\"G\u0103si\u021bi informa\u021bii juridice, detalii despre companie \u0219i date de contact pentru Greencells Group. Aceast\u0103 amprent\u0103 se aplic\u0103 tuturor paginilor din acest domeniu.\" \/>\n<meta name=\"robots\" content=\"index, follow, max-snippet:-1, max-image-preview:large, max-video-preview:-1\" \/>\n<link rel=\"canonical\" href=\"https:\/\/greencells.com\/ro\/imprint\/\" \/>\n<meta property=\"og:locale\" content=\"ro_RO\" \/>\n<meta property=\"og:type\" content=\"article\" \/>\n<meta property=\"og:title\" content=\"Imprint | Greencells Group - Informa\u021bii juridice \u0219i contacte\" \/>\n<meta property=\"og:description\" content=\"G\u0103si\u021bi informa\u021bii juridice, detalii despre companie \u0219i date de contact pentru Greencells Group. Aceast\u0103 amprent\u0103 se aplic\u0103 tuturor paginilor din acest domeniu.\" \/>\n<meta property=\"og:url\" content=\"https:\/\/greencells.com\/ro\/imprint\/\" \/>\n<meta property=\"og:site_name\" content=\"Greencells Group\" \/>\n<meta property=\"article:modified_time\" content=\"2026-03-25T13:49:33+00:00\" \/>\n<meta name=\"twitter:card\" content=\"summary_large_image\" \/>\n<meta name=\"twitter:label1\" content=\"Timp estimat pentru citire\" \/>\n\t<meta name=\"twitter:data1\" content=\"4 minute\" \/>\n<script type=\"application\/ld+json\" class=\"yoast-schema-graph\">{\"@context\":\"https:\\\/\\\/schema.org\",\"@graph\":[{\"@type\":\"WebPage\",\"@id\":\"https:\\\/\\\/greencells.com\\\/ro\\\/imprint\\\/\",\"url\":\"https:\\\/\\\/greencells.com\\\/ro\\\/imprint\\\/\",\"name\":\"Imprint | Greencells Group - Informa\u021bii juridice \u0219i contacte\",\"isPartOf\":{\"@id\":\"https:\\\/\\\/greencells.com\\\/ro\\\/#website\"},\"datePublished\":\"2025-10-09T09:51:26+00:00\",\"dateModified\":\"2026-03-25T13:49:33+00:00\",\"description\":\"G\u0103si\u021bi informa\u021bii juridice, detalii despre companie \u0219i date de contact pentru Greencells Group. Aceast\u0103 amprent\u0103 se aplic\u0103 tuturor paginilor din acest domeniu.\",\"breadcrumb\":{\"@id\":\"https:\\\/\\\/greencells.com\\\/ro\\\/imprint\\\/#breadcrumb\"},\"inLanguage\":\"ro-RO\",\"potentialAction\":[{\"@type\":\"ReadAction\",\"target\":[\"https:\\\/\\\/greencells.com\\\/ro\\\/imprint\\\/\"]}]},{\"@type\":\"BreadcrumbList\",\"@id\":\"https:\\\/\\\/greencells.com\\\/ro\\\/imprint\\\/#breadcrumb\",\"itemListElement\":[{\"@type\":\"ListItem\",\"position\":1,\"name\":\"Home\",\"item\":\"https:\\\/\\\/greencells.com\\\/ro\\\/acasa\\\/\"},{\"@type\":\"ListItem\",\"position\":2,\"name\":\"Imprint\"}]},{\"@type\":\"WebSite\",\"@id\":\"https:\\\/\\\/greencells.com\\\/ro\\\/#website\",\"url\":\"https:\\\/\\\/greencells.com\\\/ro\\\/\",\"name\":\"Greencells Group\",\"description\":\"Greencells Group Homepage\",\"potentialAction\":[{\"@type\":\"SearchAction\",\"target\":{\"@type\":\"EntryPoint\",\"urlTemplate\":\"https:\\\/\\\/greencells.com\\\/ro\\\/?s={search_term_string}\"},\"query-input\":{\"@type\":\"PropertyValueSpecification\",\"valueRequired\":true,\"valueName\":\"search_term_string\"}}],\"inLanguage\":\"ro-RO\"}]}<\/script>\n<!-- \/ Yoast SEO plugin. -->","yoast_head_json":{"title":"Imprint | Greencells Group - Informa\u021bii juridice \u0219i contacte","description":"G\u0103si\u021bi informa\u021bii juridice, detalii despre companie \u0219i date de contact pentru Greencells Group. Aceast\u0103 amprent\u0103 se aplic\u0103 tuturor paginilor din acest domeniu.","robots":{"index":"index","follow":"follow","max-snippet":"max-snippet:-1","max-image-preview":"max-image-preview:large","max-video-preview":"max-video-preview:-1"},"canonical":"https:\/\/greencells.com\/ro\/imprint\/","og_locale":"ro_RO","og_type":"article","og_title":"Imprint | Greencells Group - Informa\u021bii juridice \u0219i contacte","og_description":"G\u0103si\u021bi informa\u021bii juridice, detalii despre companie \u0219i date de contact pentru Greencells Group. Aceast\u0103 amprent\u0103 se aplic\u0103 tuturor paginilor din acest domeniu.","og_url":"https:\/\/greencells.com\/ro\/imprint\/","og_site_name":"Greencells Group","article_modified_time":"2026-03-25T13:49:33+00:00","twitter_card":"summary_large_image","twitter_misc":{"Timp estimat pentru citire":"4 minute"},"schema":{"@context":"https:\/\/schema.org","@graph":[{"@type":"WebPage","@id":"https:\/\/greencells.com\/ro\/imprint\/","url":"https:\/\/greencells.com\/ro\/imprint\/","name":"Imprint | Greencells Group - Informa\u021bii juridice \u0219i contacte","isPartOf":{"@id":"https:\/\/greencells.com\/ro\/#website"},"datePublished":"2025-10-09T09:51:26+00:00","dateModified":"2026-03-25T13:49:33+00:00","description":"G\u0103si\u021bi informa\u021bii juridice, detalii despre companie \u0219i date de contact pentru Greencells Group. Aceast\u0103 amprent\u0103 se aplic\u0103 tuturor paginilor din acest domeniu.","breadcrumb":{"@id":"https:\/\/greencells.com\/ro\/imprint\/#breadcrumb"},"inLanguage":"ro-RO","potentialAction":[{"@type":"ReadAction","target":["https:\/\/greencells.com\/ro\/imprint\/"]}]},{"@type":"BreadcrumbList","@id":"https:\/\/greencells.com\/ro\/imprint\/#breadcrumb","itemListElement":[{"@type":"ListItem","position":1,"name":"Home","item":"https:\/\/greencells.com\/ro\/acasa\/"},{"@type":"ListItem","position":2,"name":"Imprint"}]},{"@type":"WebSite","@id":"https:\/\/greencells.com\/ro\/#website","url":"https:\/\/greencells.com\/ro\/","name":"Greencells Group","description":"Greencells Group Homepage","potentialAction":[{"@type":"SearchAction","target":{"@type":"EntryPoint","urlTemplate":"https:\/\/greencells.com\/ro\/?s={search_term_string}"},"query-input":{"@type":"PropertyValueSpecification","valueRequired":true,"valueName":"search_term_string"}}],"inLanguage":"ro-RO"}]}},"_links":{"self":[{"href":"https:\/\/greencells.com\/ro\/wp-json\/wp\/v2\/pages\/18808","targetHints":{"allow":["GET"]}}],"collection":[{"href":"https:\/\/greencells.com\/ro\/wp-json\/wp\/v2\/pages"}],"about":[{"href":"https:\/\/greencells.com\/ro\/wp-json\/wp\/v2\/types\/page"}],"author":[{"embeddable":true,"href":"https:\/\/greencells.com\/ro\/wp-json\/wp\/v2\/users\/18"}],"replies":[{"embeddable":true,"href":"https:\/\/greencells.com\/ro\/wp-json\/wp\/v2\/comments?post=18808"}],"version-history":[{"count":4,"href":"https:\/\/greencells.com\/ro\/wp-json\/wp\/v2\/pages\/18808\/revisions"}],"predecessor-version":[{"id":19542,"href":"https:\/\/greencells.com\/ro\/wp-json\/wp\/v2\/pages\/18808\/revisions\/19542"}],"wp:attachment":[{"href":"https:\/\/greencells.com\/ro\/wp-json\/wp\/v2\/media?parent=18808"}],"curies":[{"name":"wp","href":"https:\/\/api.w.org\/{rel}","templated":true}]}}