{"id":18811,"date":"2025-10-09T11:51:41","date_gmt":"2025-10-09T09:51:41","guid":{"rendered":"https:\/\/greencells.com\/relatii-cu-presa\/"},"modified":"2025-10-28T17:44:29","modified_gmt":"2025-10-28T15:44:29","slug":"relatii-cu-presa","status":"publish","type":"page","link":"https:\/\/greencells.com\/ro\/relatii-cu-presa\/","title":{"rendered":"Rela\u021bii cu presa"},"content":{"rendered":"<p>[et_pb_section fb_built=&#8221;1&#8243; fullwidth=&#8221;on&#8221; disabled_on=&#8221;off|off|off&#8221; admin_label=&#8221;Hero&#8221; _builder_version=&#8221;4.16&#8243; background_color=&#8221;#2b3648&#8243; custom_padding=&#8221;|||&#8221; transparent_background=&#8221;on&#8221; saved_tabs=&#8221;all&#8221; global_colors_info=&#8221;{}&#8221;][et_pb_fullwidth_header title=&#8221;RELA\u021aII CU PRESA&#8221; text_orientation=&#8221;center&#8221; background_overlay_color=&#8221;#85bd35&#8243; subhead_font_color=&#8221;#bebebe&#8221; _builder_version=&#8221;4.17.4&#8243; title_level=&#8221;h2&#8243; title_font=&#8221;Source Sans Pro|300|||||||&#8221; title_text_color=&#8221;#ffffff&#8221; title_font_size=&#8221;32px&#8221; title_letter_spacing=&#8221;16px&#8221; content_font=&#8221;Montserrat||||&#8221; content_text_color=&#8221;#bfbfbf&#8221; content_line_height=&#8221;1.8em&#8221; subhead_font=&#8221;Montserrat||||&#8221; subhead_text_color=&#8221;#bebebe&#8221; subhead_line_height=&#8221;1.8em&#8221; background_color=&#8221;#2b3648&#8243; background_enable_image=&#8221;off&#8221; custom_padding=&#8221;0%||0%||false|false&#8221; animation_style=&#8221;fade&#8221; animation_duration=&#8221;1500ms&#8221; title_line_height_last_edited=&#8221;off|desktop&#8221; global_colors_info=&#8221;{}&#8221; button_one_text_size__hover_enabled=&#8221;off&#8221; button_two_text_size__hover_enabled=&#8221;off&#8221; button_one_text_color__hover_enabled=&#8221;off&#8221; button_two_text_color__hover_enabled=&#8221;off&#8221; button_one_border_width__hover_enabled=&#8221;off&#8221; button_two_border_width__hover_enabled=&#8221;off&#8221; button_one_border_color__hover_enabled=&#8221;off&#8221; button_two_border_color__hover_enabled=&#8221;off&#8221; button_one_border_radius__hover_enabled=&#8221;off&#8221; button_two_border_radius__hover_enabled=&#8221;off&#8221; button_one_letter_spacing__hover_enabled=&#8221;off&#8221; button_two_letter_spacing__hover_enabled=&#8221;off&#8221; button_one_bg_color__hover_enabled=&#8221;off&#8221; button_two_bg_color__hover_enabled=&#8221;off&#8221;][\/et_pb_fullwidth_header][\/et_pb_section][et_pb_section fb_built=&#8221;1&#8243; _builder_version=&#8221;4.27.4&#8243; _module_preset=&#8221;default&#8221; custom_margin=&#8221;||0px||false|false&#8221; custom_padding=&#8221;0px||0px|||&#8221; locked=&#8221;off&#8221; global_colors_info=&#8221;{}&#8221;][et_pb_row _builder_version=&#8221;4.18.1&#8243; custom_padding=&#8221;20px||0px||false|false&#8221; locked=&#8221;off&#8221; global_colors_info=&#8221;{}&#8221; parallax_1__hover=&#8221;off&#8221; parallax_1__hover_enabled=&#8221;off&#8221; parallax_2__hover=&#8221;off&#8221; parallax_2__hover_enabled=&#8221;off&#8221; parallax_3__hover=&#8221;off&#8221; parallax_3__hover_enabled=&#8221;off&#8221; parallax_4__hover=&#8221;off&#8221; parallax_4__hover_enabled=&#8221;off&#8221; parallax_method_1__hover=&#8221;on&#8221; parallax_method_1__hover_enabled=&#8221;on&#8221; parallax_method_2__hover=&#8221;on&#8221; parallax_method_2__hover_enabled=&#8221;on&#8221; parallax_method_3__hover=&#8221;on&#8221; parallax_method_3__hover_enabled=&#8221;on&#8221; parallax_method_4__hover=&#8221;on&#8221; parallax_method_4__hover_enabled=&#8221;on&#8221;][et_pb_column type=&#8221;4_4&#8243; _builder_version=&#8221;4.16&#8243; custom_padding=&#8221;|||&#8221; global_colors_info=&#8221;{}&#8221; custom_padding__hover=&#8221;|||&#8221;][et_pb_text _builder_version=&#8221;4.27.4&#8243; text_font=&#8221;Ubuntu||||||||&#8221; text_text_color=&#8221;#838383&#8243; text_font_size=&#8221;18px&#8221; text_line_height=&#8221;30px&#8221; header_font=&#8221;Source Sans Pro||||||||&#8221; header_2_font=&#8221;Source Sans Pro|600|||||||&#8221; header_2_text_color=&#8221;#2b3648&#8243; header_2_font_size=&#8221;58px&#8221; header_2_line_height=&#8221;1.4em&#8221; header_4_font=&#8221;Source Sans Pro|||on|||||&#8221; header_4_text_color=&#8221;#85bd35&#8243; header_4_font_size=&#8221;16px&#8221; header_4_letter_spacing=&#8221;2px&#8221; header_4_line_height=&#8221;1.6em&#8221; text_orientation=&#8221;center&#8221; max_width=&#8221;1000%&#8221; module_alignment=&#8221;center&#8221; custom_margin=&#8221;||-8px||false|false&#8221; custom_padding=&#8221;40px||0px||false|false&#8221; header_2_font_size_tablet=&#8221;30px&#8221; header_2_font_size_phone=&#8221;22px&#8221; header_2_font_size_last_edited=&#8221;on|phone&#8221; header_4_font_size_tablet=&#8221;&#8221; header_4_font_size_phone=&#8221;14px&#8221; header_4_font_size_last_edited=&#8221;on|phone&#8221; locked=&#8221;off&#8221; global_colors_info=&#8221;{}&#8221;]<\/p>\n<h4 style=\"text-align: center;\">LINIA DVS. DIRECT\u0102 C\u0102TRE UNUL DINTRE CEI MAI IMPORTAN\u021aI FURNIZORI DE EPC SOLARE \u0218I O&amp;M DIN EUROPA.<\/h4>\n<p>[\/et_pb_text][et_pb_text _builder_version=&#8221;4.27.4&#8243; text_font=&#8221;Ubuntu||||||||&#8221; text_text_color=&#8221;#838383&#8243; text_font_size=&#8221;18px&#8221; text_line_height=&#8221;30px&#8221; header_2_font=&#8221;Source Sans Pro||||||||&#8221; header_2_text_color=&#8221;#2b3648&#8243; header_2_font_size=&#8221;24px&#8221; header_2_letter_spacing=&#8221;6px&#8221; header_2_line_height=&#8221;1.4em&#8221; header_4_font=&#8221;Ubuntu|700||on|||||&#8221; header_4_text_color=&#8221;#85bd35&#8243; header_4_font_size=&#8221;16px&#8221; header_4_letter_spacing=&#8221;2px&#8221; header_4_line_height=&#8221;1.6em&#8221; text_orientation=&#8221;center&#8221; max_width=&#8221;1000%&#8221; module_alignment=&#8221;center&#8221; custom_margin=&#8221;0px||||false|false&#8221; custom_padding=&#8221;0px||0px||false|false&#8221; header_2_font_size_tablet=&#8221;30px&#8221; header_2_font_size_phone=&#8221;22px&#8221; header_2_font_size_last_edited=&#8221;on|phone&#8221; header_4_font_size_tablet=&#8221;&#8221; header_4_font_size_phone=&#8221;14px&#8221; header_4_font_size_last_edited=&#8221;on|phone&#8221; locked=&#8221;off&#8221; global_colors_info=&#8221;{}&#8221;]<\/p>\n<h2>RELA\u021aII CU PRESA LA GREENCELLS GROUP<\/h2>\n<p>[\/et_pb_text][\/et_pb_column][\/et_pb_row][\/et_pb_section][et_pb_section fb_built=&#8221;1&#8243; _builder_version=&#8221;4.27.4&#8243; _module_preset=&#8221;default&#8221; custom_padding=&#8221;0px||0px||false|false&#8221; locked=&#8221;off&#8221; global_colors_info=&#8221;{}&#8221;][et_pb_row _builder_version=&#8221;4.27.4&#8243; _module_preset=&#8221;default&#8221; global_colors_info=&#8221;{}&#8221;][et_pb_column type=&#8221;4_4&#8243; _builder_version=&#8221;4.27.4&#8243; _module_preset=&#8221;default&#8221; global_colors_info=&#8221;{}&#8221;][et_pb_text _builder_version=&#8221;4.27.4&#8243; _module_preset=&#8221;default&#8221; global_colors_info=&#8221;{}&#8221;]<\/p>\n<p data-start=\"375\" data-end=\"628\" style=\"text-align: justify;\">Fie c\u0103 sunte\u021bi jurnalist, editor sau analist &#8211; echipa noastr\u0103 de Marketing \u0219i Comunicare este aici pentru a v\u0103 sprijini activitatea cu informa\u021bii, declara\u021bii \u0219i imagini la timp. Oferim informa\u021bii de \u00eencredere cu privire la proiectele noastre, etapele importante \u0219i evolu\u021biile corporative. <\/p>\n<p data-start=\"630\" data-end=\"723\" style=\"text-align: justify;\">V\u0103 rug\u0103m s\u0103 folosi\u021bi formularul de mai jos pentru toate solicit\u0103rile media. V\u0103 vom r\u0103spunde c\u00e2t mai cur\u00e2nd posibil. <\/p>\n<p data-start=\"1599\" data-end=\"1772\" style=\"text-align: justify;\">[\/et_pb_text][\/et_pb_column][\/et_pb_row][\/et_pb_section][et_pb_section fb_built=&#8221;1&#8243; _builder_version=&#8221;4.27.4&#8243; _module_preset=&#8221;default&#8221; background_color=&#8221;#FFFFFF&#8221; custom_margin=&#8221;0px||40px||false|false&#8221; custom_padding=&#8221;0px||0px||false|false&#8221; global_colors_info=&#8221;{}&#8221;][et_pb_row _builder_version=&#8221;4.27.4&#8243; _module_preset=&#8221;default&#8221; custom_padding=&#8221;0px||||false|false&#8221; global_colors_info=&#8221;{}&#8221;][et_pb_column type=&#8221;4_4&#8243; _builder_version=&#8221;4.27.4&#8243; _module_preset=&#8221;default&#8221; custom_padding=&#8221;0px||0px||false|false&#8221; global_colors_info=&#8221;{}&#8221;][et_pb_text _builder_version=&#8221;4.27.4&#8243; _module_preset=&#8221;default&#8221; custom_margin=&#8221;0px|0px|0px|0px|false|false&#8221; custom_padding=&#8221;0px||0px|30px|false|false&#8221; hover_enabled=&#8221;0&#8243; global_colors_info=&#8221;{}&#8221; sticky_enabled=&#8221;0&#8243;]<\/p>\n\n<div class=\"wpcf7 no-js\" id=\"wpcf7-f18873-o1\" lang=\"ro-RO\" dir=\"ltr\" data-wpcf7-id=\"18873\">\n<div class=\"screen-reader-response\"><p role=\"status\" aria-live=\"polite\" aria-atomic=\"true\"><\/p> <ul><\/ul><\/div>\n<form action=\"\/ro\/wp-json\/wp\/v2\/pages\/18811#wpcf7-f18873-o1\" method=\"post\" class=\"wpcf7-form init\" aria-label=\"Formular de contact\" novalidate=\"novalidate\" data-status=\"init\">\n<fieldset class=\"hidden-fields-container\"><input type=\"hidden\" name=\"_wpcf7\" value=\"18873\" \/><input type=\"hidden\" name=\"_wpcf7_version\" value=\"6.1.5\" \/><input type=\"hidden\" name=\"_wpcf7_locale\" value=\"ro_RO\" \/><input type=\"hidden\" name=\"_wpcf7_unit_tag\" value=\"wpcf7-f18873-o1\" \/><input type=\"hidden\" name=\"_wpcf7_container_post\" value=\"0\" \/><input type=\"hidden\" name=\"_wpcf7_posted_data_hash\" value=\"\" \/>\n<\/fieldset>\n<p><label>Nume complet (obligatoriu)<br \/>\n<span class=\"wpcf7-form-control-wrap\" data-name=\"your-name\"><input size=\"40\" maxlength=\"400\" class=\"wpcf7-form-control wpcf7-text wpcf7-validates-as-required\" aria-required=\"true\" aria-invalid=\"false\" placeholder=\"Numele complet al jurnalistului\" value=\"\" type=\"text\" name=\"your-name\" \/><\/span><\/label>\n<\/p>\n<p><label>Media Outlet \/ Publica\u021bie (obligatoriu)<br \/>\n<span class=\"wpcf7-form-control-wrap\" data-name=\"your-outlet\"><input size=\"40\" maxlength=\"400\" class=\"wpcf7-form-control wpcf7-text wpcf7-validates-as-required\" aria-required=\"true\" aria-invalid=\"false\" placeholder=\"Publica\u021bie \/ Nume media\" value=\"\" type=\"text\" name=\"your-outlet\" \/><\/span><\/label>\n<\/p>\n<p><label>E-mail (obligatoriu)<br \/>\n<span class=\"wpcf7-form-control-wrap\" data-name=\"your-email\"><input size=\"40\" maxlength=\"400\" class=\"wpcf7-form-control wpcf7-email wpcf7-validates-as-required wpcf7-text wpcf7-validates-as-email\" aria-required=\"true\" aria-invalid=\"false\" placeholder=\"you@media.com\" value=\"\" type=\"email\" name=\"your-email\" \/><\/span><\/label>\n<\/p>\n<p><label>Telefon (op\u021bional)<br \/>\n<span class=\"wpcf7-form-control-wrap\" data-name=\"your-phone\"><input size=\"40\" maxlength=\"400\" class=\"wpcf7-form-control wpcf7-tel wpcf7-text wpcf7-validates-as-tel\" aria-invalid=\"false\" placeholder=\"+49 123 456 789\" value=\"\" type=\"tel\" name=\"your-phone\" \/><\/span><\/label>\n<\/p>\n<p><label>Tip de cerere<br \/>\n<span class=\"wpcf7-form-control-wrap\" data-name=\"request-type\"><select class=\"wpcf7-form-control wpcf7-select wpcf7-validates-as-required\" aria-required=\"true\" aria-invalid=\"false\" name=\"request-type\"><option value=\"Interviu\">Interviu<\/option><option value=\"Declara\u021bie \/ ofert\u0103\">Declara\u021bie \/ ofert\u0103<\/option><option value=\"Cerere de imagine\">Cerere de imagine<\/option><option value=\"Informa\u021bii de fundal\">Informa\u021bii de fundal<\/option><option value=\"Altele\">Altele<\/option><\/select><\/span><\/label>\n<\/p>\n<p><label>Termen limit\u0103 (op\u021bional)<br \/>\n<span class=\"wpcf7-form-control-wrap\" data-name=\"your-deadline\"><input class=\"wpcf7-form-control wpcf7-date wpcf7-validates-as-date\" aria-invalid=\"false\" value=\"\" type=\"date\" name=\"your-deadline\" \/><\/span><\/label>\n<\/p>\n<p><label>Mesajul dvs.<br \/>\n<span class=\"wpcf7-form-control-wrap\" data-name=\"your-message\"><textarea cols=\"40\" rows=\"10\" maxlength=\"2000\" class=\"wpcf7-form-control wpcf7-textarea\" aria-invalid=\"false\" placeholder=\"Ce dori\u021bi de la noi?\" name=\"your-message\"><\/textarea><\/span><\/label>\n<\/p>\n<p><span class=\"wpcf7-form-control-wrap\" data-name=\"acceptance-909\"><span class=\"wpcf7-form-control wpcf7-acceptance\"><span class=\"wpcf7-list-item\"><label><input type=\"checkbox\" name=\"acceptance-909\" value=\"1\" aria-invalid=\"false\" \/><span class=\"wpcf7-list-item-label\">Sunt de acord ca datele mele s\u0103 fie stocate \u0219i prelucrate \u00een scopul gestion\u0103rii cererii mele \u00een conformitate cu <a href=\"politica de confiden\u021bialitate\/\" target=\"_blank\">politica de confiden\u021bialitate<\/a>.<\/span><\/label><\/span><\/span><\/span>\n<\/p>\n<p><div class=\"cf7-cf-turnstile\" style=\"margin-top: 0px; margin-bottom: -15px;\"> <div id=\"cf-turnstile-cf7-1796843188\" class=\"cf-turnstile\" data-sitekey=\"0x4AAAAAAAxgz4Lms8JruwuP\" data-theme=\"light\" data-language=\"auto\" data-size=\"\" data-retry=\"auto\" data-retry-interval=\"1000\" data-refresh-expired=\"auto\" data-refresh-timeout=\"auto\" data-action=\"contact-form-7\" data-callback=\"turnstileCF7Callback\" data-appearance=\"always\"><\/div> <script>document.addEventListener(\"DOMContentLoaded\", function() { setTimeout(function(){ var e=document.getElementById(\"cf-turnstile-cf7-1796843188\"); if(e&&!e.innerHTML.trim()){turnstile.render(e, {sitekey:\"0x4AAAAAAAxgz4Lms8JruwuP\"});} }, 200); });<\/script> <br class=\"cf-turnstile-br cf-turnstile-br-cf7-1796843188\"> <style>#cf-turnstile-cf7-1796843188 { margin-left: -15px; }<\/style> <script>document.addEventListener(\"DOMContentLoaded\",function(){document.querySelectorAll('.wpcf7-form').forEach(function(e){e.addEventListener('submit',function(){if(document.getElementById('cf-turnstile-cf7-1796843188')){setTimeout(function(){turnstile.reset('#cf-turnstile-cf7-1796843188');},1000)}})})});<\/script> <\/div><br\/><input class=\"wpcf7-form-control wpcf7-submit has-spinner\" type=\"submit\" value=\"TRIMITE\" \/>\n<\/p><p style=\"display: none !important;\" class=\"akismet-fields-container\" data-prefix=\"_wpcf7_ak_\"><label>&#916;<textarea name=\"_wpcf7_ak_hp_textarea\" cols=\"45\" rows=\"8\" maxlength=\"100\"><\/textarea><\/label><input type=\"hidden\" id=\"ak_js_1\" name=\"_wpcf7_ak_js\" value=\"1\"\/><script>document.getElementById( \"ak_js_1\" ).setAttribute( \"value\", ( new Date() ).getTime() );<\/script><\/p><div class=\"wpcf7-response-output\" aria-hidden=\"true\"><\/div>\n<\/form>\n<\/div>\n\n<p>[\/et_pb_text][\/et_pb_column][\/et_pb_row][\/et_pb_section]<\/p>\n","protected":false},"excerpt":{"rendered":"<p>LINIA DVS. DIRECT\u0102 C\u0102TRE UNUL DINTRE CEI MAI IMPORTAN\u021aI FURNIZORI DE EPC SOLARE \u0218I O&amp;M DIN EUROPA.RELA\u021aII CU PRESA LA GREENCELLS GROUPFie c\u0103 sunte\u021bi jurnalist, editor sau analist &#8211; echipa noastr\u0103 de Marketing \u0219i Comunicare este aici pentru a v\u0103 sprijini activitatea cu informa\u021bii, declara\u021bii \u0219i imagini la timp. Oferim informa\u021bii de \u00eencredere cu privire [&hellip;]<\/p>\n","protected":false},"author":18,"featured_media":0,"parent":0,"menu_order":0,"comment_status":"closed","ping_status":"closed","template":"","meta":{"_et_pb_use_builder":"on","_et_pb_old_content":"","_et_gb_content_width":"","footnotes":""},"class_list":["post-18811","page","type-page","status-publish","hentry"],"yoast_head":"<!-- This site is optimized with the Yoast SEO plugin v27.4 - https:\/\/yoast.com\/product\/yoast-seo-wordpress\/ -->\n<title>Rela\u021bii cu presa - Greencells Group<\/title>\n<meta name=\"description\" content=\"Rela\u021bii cu presa - Echipa de rela\u021bii cu presa Greencells este \u00eentotdeauna preg\u0103tit\u0103 s\u0103 r\u0103spund\u0103 solicit\u0103rilor dumneavoastr\u0103. V\u0103 rug\u0103m s\u0103 completa\u021bi formularul de contact.\" \/>\n<meta name=\"robots\" content=\"index, follow, max-snippet:-1, max-image-preview:large, max-video-preview:-1\" \/>\n<link rel=\"canonical\" href=\"https:\/\/greencells.com\/ro\/relatii-cu-presa\/\" \/>\n<meta property=\"og:locale\" content=\"ro_RO\" \/>\n<meta property=\"og:type\" content=\"article\" \/>\n<meta property=\"og:title\" content=\"Rela\u021bii cu presa - Greencells Group\" \/>\n<meta property=\"og:description\" content=\"Rela\u021bii cu presa - Echipa de rela\u021bii cu presa Greencells este \u00eentotdeauna preg\u0103tit\u0103 s\u0103 r\u0103spund\u0103 solicit\u0103rilor dumneavoastr\u0103. V\u0103 rug\u0103m s\u0103 completa\u021bi formularul de contact.\" \/>\n<meta property=\"og:url\" content=\"https:\/\/greencells.com\/ro\/relatii-cu-presa\/\" \/>\n<meta property=\"og:site_name\" content=\"Greencells Group\" \/>\n<meta property=\"article:modified_time\" content=\"2025-10-28T15:44:29+00:00\" \/>\n<meta name=\"twitter:card\" content=\"summary_large_image\" \/>\n<meta name=\"twitter:label1\" content=\"Timp estimat pentru citire\" \/>\n\t<meta name=\"twitter:data1\" content=\"4 minute\" \/>\n<script type=\"application\/ld+json\" class=\"yoast-schema-graph\">{\"@context\":\"https:\\\/\\\/schema.org\",\"@graph\":[{\"@type\":\"WebPage\",\"@id\":\"https:\\\/\\\/greencells.com\\\/ro\\\/relatii-cu-presa\\\/\",\"url\":\"https:\\\/\\\/greencells.com\\\/ro\\\/relatii-cu-presa\\\/\",\"name\":\"Rela\u021bii cu presa - Greencells Group\",\"isPartOf\":{\"@id\":\"https:\\\/\\\/greencells.com\\\/ro\\\/#website\"},\"datePublished\":\"2025-10-09T09:51:41+00:00\",\"dateModified\":\"2025-10-28T15:44:29+00:00\",\"description\":\"Rela\u021bii cu presa - Echipa de rela\u021bii cu presa Greencells este \u00eentotdeauna preg\u0103tit\u0103 s\u0103 r\u0103spund\u0103 solicit\u0103rilor dumneavoastr\u0103. V\u0103 rug\u0103m s\u0103 completa\u021bi formularul de contact.\",\"breadcrumb\":{\"@id\":\"https:\\\/\\\/greencells.com\\\/ro\\\/relatii-cu-presa\\\/#breadcrumb\"},\"inLanguage\":\"ro-RO\",\"potentialAction\":[{\"@type\":\"ReadAction\",\"target\":[\"https:\\\/\\\/greencells.com\\\/ro\\\/relatii-cu-presa\\\/\"]}]},{\"@type\":\"BreadcrumbList\",\"@id\":\"https:\\\/\\\/greencells.com\\\/ro\\\/relatii-cu-presa\\\/#breadcrumb\",\"itemListElement\":[{\"@type\":\"ListItem\",\"position\":1,\"name\":\"Home\",\"item\":\"https:\\\/\\\/greencells.com\\\/ro\\\/acasa\\\/\"},{\"@type\":\"ListItem\",\"position\":2,\"name\":\"Rela\u021bii cu presa\"}]},{\"@type\":\"WebSite\",\"@id\":\"https:\\\/\\\/greencells.com\\\/ro\\\/#website\",\"url\":\"https:\\\/\\\/greencells.com\\\/ro\\\/\",\"name\":\"Greencells Group\",\"description\":\"Greencells Group Homepage\",\"potentialAction\":[{\"@type\":\"SearchAction\",\"target\":{\"@type\":\"EntryPoint\",\"urlTemplate\":\"https:\\\/\\\/greencells.com\\\/ro\\\/?s={search_term_string}\"},\"query-input\":{\"@type\":\"PropertyValueSpecification\",\"valueRequired\":true,\"valueName\":\"search_term_string\"}}],\"inLanguage\":\"ro-RO\"}]}<\/script>\n<!-- \/ Yoast SEO plugin. -->","yoast_head_json":{"title":"Rela\u021bii cu presa - Greencells Group","description":"Rela\u021bii cu presa - Echipa de rela\u021bii cu presa Greencells este \u00eentotdeauna preg\u0103tit\u0103 s\u0103 r\u0103spund\u0103 solicit\u0103rilor dumneavoastr\u0103. V\u0103 rug\u0103m s\u0103 completa\u021bi formularul de contact.","robots":{"index":"index","follow":"follow","max-snippet":"max-snippet:-1","max-image-preview":"max-image-preview:large","max-video-preview":"max-video-preview:-1"},"canonical":"https:\/\/greencells.com\/ro\/relatii-cu-presa\/","og_locale":"ro_RO","og_type":"article","og_title":"Rela\u021bii cu presa - Greencells Group","og_description":"Rela\u021bii cu presa - Echipa de rela\u021bii cu presa Greencells este \u00eentotdeauna preg\u0103tit\u0103 s\u0103 r\u0103spund\u0103 solicit\u0103rilor dumneavoastr\u0103. V\u0103 rug\u0103m s\u0103 completa\u021bi formularul de contact.","og_url":"https:\/\/greencells.com\/ro\/relatii-cu-presa\/","og_site_name":"Greencells Group","article_modified_time":"2025-10-28T15:44:29+00:00","twitter_card":"summary_large_image","twitter_misc":{"Timp estimat pentru citire":"4 minute"},"schema":{"@context":"https:\/\/schema.org","@graph":[{"@type":"WebPage","@id":"https:\/\/greencells.com\/ro\/relatii-cu-presa\/","url":"https:\/\/greencells.com\/ro\/relatii-cu-presa\/","name":"Rela\u021bii cu presa - Greencells Group","isPartOf":{"@id":"https:\/\/greencells.com\/ro\/#website"},"datePublished":"2025-10-09T09:51:41+00:00","dateModified":"2025-10-28T15:44:29+00:00","description":"Rela\u021bii cu presa - Echipa de rela\u021bii cu presa Greencells este \u00eentotdeauna preg\u0103tit\u0103 s\u0103 r\u0103spund\u0103 solicit\u0103rilor dumneavoastr\u0103. V\u0103 rug\u0103m s\u0103 completa\u021bi formularul de contact.","breadcrumb":{"@id":"https:\/\/greencells.com\/ro\/relatii-cu-presa\/#breadcrumb"},"inLanguage":"ro-RO","potentialAction":[{"@type":"ReadAction","target":["https:\/\/greencells.com\/ro\/relatii-cu-presa\/"]}]},{"@type":"BreadcrumbList","@id":"https:\/\/greencells.com\/ro\/relatii-cu-presa\/#breadcrumb","itemListElement":[{"@type":"ListItem","position":1,"name":"Home","item":"https:\/\/greencells.com\/ro\/acasa\/"},{"@type":"ListItem","position":2,"name":"Rela\u021bii cu presa"}]},{"@type":"WebSite","@id":"https:\/\/greencells.com\/ro\/#website","url":"https:\/\/greencells.com\/ro\/","name":"Greencells Group","description":"Greencells Group Homepage","potentialAction":[{"@type":"SearchAction","target":{"@type":"EntryPoint","urlTemplate":"https:\/\/greencells.com\/ro\/?s={search_term_string}"},"query-input":{"@type":"PropertyValueSpecification","valueRequired":true,"valueName":"search_term_string"}}],"inLanguage":"ro-RO"}]}},"_links":{"self":[{"href":"https:\/\/greencells.com\/ro\/wp-json\/wp\/v2\/pages\/18811","targetHints":{"allow":["GET"]}}],"collection":[{"href":"https:\/\/greencells.com\/ro\/wp-json\/wp\/v2\/pages"}],"about":[{"href":"https:\/\/greencells.com\/ro\/wp-json\/wp\/v2\/types\/page"}],"author":[{"embeddable":true,"href":"https:\/\/greencells.com\/ro\/wp-json\/wp\/v2\/users\/18"}],"replies":[{"embeddable":true,"href":"https:\/\/greencells.com\/ro\/wp-json\/wp\/v2\/comments?post=18811"}],"version-history":[{"count":5,"href":"https:\/\/greencells.com\/ro\/wp-json\/wp\/v2\/pages\/18811\/revisions"}],"predecessor-version":[{"id":19132,"href":"https:\/\/greencells.com\/ro\/wp-json\/wp\/v2\/pages\/18811\/revisions\/19132"}],"wp:attachment":[{"href":"https:\/\/greencells.com\/ro\/wp-json\/wp\/v2\/media?parent=18811"}],"curies":[{"name":"wp","href":"https:\/\/api.w.org\/{rel}","templated":true}]}}