{"id":18823,"date":"2025-10-09T11:55:38","date_gmt":"2025-10-09T09:55:38","guid":{"rendered":"https:\/\/greencells.com\/termeni-si-conditii\/"},"modified":"2026-04-20T10:07:15","modified_gmt":"2026-04-20T08:07:15","slug":"termeni-si-conditii","status":"publish","type":"page","link":"https:\/\/greencells.com\/ro\/termeni-si-conditii\/","title":{"rendered":"Termeni \u0219i condi\u021bii"},"content":{"rendered":"<p>[et_pb_section fb_built=&#8221;1&#8243; fullwidth=&#8221;on&#8221; disabled_on=&#8221;off|off|off&#8221; admin_label=&#8221;Hero&#8221; _builder_version=&#8221;4.16&#8243; background_color=&#8221;#2b3648&#8243; custom_padding=&#8221;|||&#8221; transparent_background=&#8221;on&#8221; saved_tabs=&#8221;all&#8221; global_colors_info=&#8221;{}&#8221;][et_pb_fullwidth_header title=&#8221;TERMS AND CONDITIONS&#8221; text_orientation=&#8221;center&#8221; background_overlay_color=&#8221;#85bd35&#8243; subhead_font_color=&#8221;#bebebe&#8221; _builder_version=&#8221;4.27.6&#8243; title_level=&#8221;h2&#8243; title_font=&#8221;Source Sans Pro|300|||||||&#8221; title_text_color=&#8221;#ffffff&#8221; title_font_size=&#8221;32px&#8221; title_letter_spacing=&#8221;16px&#8221; content_font=&#8221;Montserrat||||&#8221; content_text_color=&#8221;#bfbfbf&#8221; content_line_height=&#8221;1.8em&#8221; subhead_font=&#8221;Montserrat||||&#8221; subhead_text_color=&#8221;#bebebe&#8221; subhead_line_height=&#8221;1.8em&#8221; background_color=&#8221;#2b3648&#8243; background_enable_image=&#8221;off&#8221; custom_padding=&#8221;0%||0%||false|false&#8221; animation_style=&#8221;fade&#8221; animation_duration=&#8221;1500ms&#8221; title_line_height_last_edited=&#8221;off|desktop&#8221; global_colors_info=&#8221;{}&#8221; button_one_text_size__hover_enabled=&#8221;off&#8221; button_two_text_size__hover_enabled=&#8221;off&#8221; button_one_text_color__hover_enabled=&#8221;off&#8221; button_two_text_color__hover_enabled=&#8221;off&#8221; button_one_border_width__hover_enabled=&#8221;off&#8221; button_two_border_width__hover_enabled=&#8221;off&#8221; button_one_border_color__hover_enabled=&#8221;off&#8221; button_two_border_color__hover_enabled=&#8221;off&#8221; button_one_border_radius__hover_enabled=&#8221;off&#8221; button_two_border_radius__hover_enabled=&#8221;off&#8221; button_one_letter_spacing__hover_enabled=&#8221;off&#8221; button_two_letter_spacing__hover_enabled=&#8221;off&#8221; button_one_bg_color__hover_enabled=&#8221;off&#8221; button_two_bg_color__hover_enabled=&#8221;off&#8221;][\/et_pb_fullwidth_header][et_pb_fullwidth_image src=&#8221;https:\/\/greencells.com\/wp-content\/uploads\/2022\/12\/GFX_201222_Compliance_Header-scaled.jpg&#8221; title_text=&#8221;Normele de conformitate \u0219i conceptul de politic\u0103 de reglementare legislativ\u0103.&#8221; _builder_version=&#8221;4.18.1&#8243; _module_preset=&#8221;default&#8221; vertical_offset=&#8221;-428px&#8221; min_height=&#8221;100px&#8221; max_height=&#8221;300px&#8221; global_colors_info=&#8221;{}&#8221;][\/et_pb_fullwidth_image][\/et_pb_section][et_pb_section fb_built=&#8221;1&#8243; _builder_version=&#8221;4.18.1&#8243; _module_preset=&#8221;default&#8221; background_color=&#8221;#f7f7f7&#8243; custom_padding=&#8221;35px|||||&#8221; locked=&#8221;off&#8221; global_colors_info=&#8221;{}&#8221;][et_pb_row _builder_version=&#8221;4.18.1&#8243; custom_margin=&#8221;20px||||false|false&#8221; custom_padding=&#8221;0px||0px||false|false&#8221; locked=&#8221;off&#8221; global_colors_info=&#8221;{}&#8221; parallax_1__hover=&#8221;off&#8221; parallax_1__hover_enabled=&#8221;off&#8221; parallax_2__hover=&#8221;off&#8221; parallax_2__hover_enabled=&#8221;off&#8221; parallax_3__hover=&#8221;off&#8221; parallax_3__hover_enabled=&#8221;off&#8221; parallax_4__hover=&#8221;off&#8221; parallax_4__hover_enabled=&#8221;off&#8221; parallax_method_1__hover=&#8221;on&#8221; parallax_method_1__hover_enabled=&#8221;on&#8221; parallax_method_2__hover=&#8221;on&#8221; parallax_method_2__hover_enabled=&#8221;on&#8221; parallax_method_3__hover=&#8221;on&#8221; parallax_method_3__hover_enabled=&#8221;on&#8221; parallax_method_4__hover=&#8221;on&#8221; parallax_method_4__hover_enabled=&#8221;on&#8221;][et_pb_column type=&#8221;4_4&#8243; _builder_version=&#8221;4.16&#8243; custom_padding=&#8221;|||&#8221; global_colors_info=&#8221;{}&#8221; custom_padding__hover=&#8221;|||&#8221;][et_pb_text _builder_version=&#8221;4.27.6&#8243; text_font=&#8221;Ubuntu||||||||&#8221; text_text_color=&#8221;#838383&#8243; text_font_size=&#8221;18px&#8221; text_line_height=&#8221;30px&#8221; header_font=&#8221;Source Sans Pro||||||||&#8221; header_2_font=&#8221;Source Sans Pro|600|||||||&#8221; header_2_text_color=&#8221;#2b3648&#8243; header_2_font_size=&#8221;58px&#8221; header_2_line_height=&#8221;1.4em&#8221; header_4_font=&#8221;Source Sans Pro|||on|||||&#8221; header_4_text_color=&#8221;#85bd35&#8243; header_4_font_size=&#8221;16px&#8221; header_4_letter_spacing=&#8221;2px&#8221; header_4_line_height=&#8221;1.6em&#8221; text_orientation=&#8221;center&#8221; max_width=&#8221;700px&#8221; module_alignment=&#8221;center&#8221; custom_margin=&#8221;||3px||false|false&#8221; custom_padding=&#8221;5px||0px||false|false&#8221; header_2_font_size_tablet=&#8221;30px&#8221; header_2_font_size_phone=&#8221;22px&#8221; header_2_font_size_last_edited=&#8221;on|phone&#8221; header_4_font_size_tablet=&#8221;&#8221; header_4_font_size_phone=&#8221;14px&#8221; header_4_font_size_last_edited=&#8221;on|phone&#8221; locked=&#8221;off&#8221; global_colors_info=&#8221;{}&#8221;]<\/p>\n<h4><span>TERMENI \u0218I CONDI\u021aII GENERALE<\/span><\/h4>\n<p><span><\/span><\/p>\n<p>[\/et_pb_text][et_pb_text _builder_version=&#8221;4.22.2&#8243; text_font=&#8221;Ubuntu||||||||&#8221; text_text_color=&#8221;#838383&#8243; text_font_size=&#8221;18px&#8221; text_line_height=&#8221;30px&#8221; header_2_font=&#8221;Source Sans Pro||||||||&#8221; header_2_text_color=&#8221;#2b3648&#8243; header_2_font_size=&#8221;24px&#8221; header_2_letter_spacing=&#8221;6px&#8221; header_2_line_height=&#8221;1.4em&#8221; header_4_font=&#8221;Ubuntu|700||on|||||&#8221; header_4_text_color=&#8221;#85bd35&#8243; header_4_font_size=&#8221;16px&#8221; header_4_letter_spacing=&#8221;2px&#8221; header_4_line_height=&#8221;1.6em&#8221; text_orientation=&#8221;center&#8221; max_width=&#8221;700px&#8221; module_alignment=&#8221;center&#8221; custom_margin=&#8221;||-10px||false|false&#8221; custom_padding=&#8221;0px||0px||false|false&#8221; header_2_font_size_tablet=&#8221;30px&#8221; header_2_font_size_phone=&#8221;22px&#8221; header_2_font_size_last_edited=&#8221;on|phone&#8221; header_4_font_size_tablet=&#8221;&#8221; header_4_font_size_phone=&#8221;14px&#8221; header_4_font_size_last_edited=&#8221;on|phone&#8221; locked=&#8221;off&#8221; global_colors_info=&#8221;{}&#8221;]<\/p>\n<h2>DESC\u0102RCARE DOCUMENT<\/h2>\n<p>[\/et_pb_text][\/et_pb_column][\/et_pb_row][et_pb_row _builder_version=&#8221;4.18.1&#8243; _module_preset=&#8221;default&#8221; custom_margin=&#8221;||0px||false|false&#8221; custom_padding=&#8221;0px||0px||false|false&#8221; global_colors_info=&#8221;{}&#8221;][et_pb_column type=&#8221;4_4&#8243; _builder_version=&#8221;4.16&#8243; _module_preset=&#8221;default&#8221; global_colors_info=&#8221;{}&#8221;][et_pb_text _builder_version=&#8221;4.22.2&#8243; _module_preset=&#8221;default&#8221; text_orientation=&#8221;justified&#8221; custom_padding=&#8221;14px||20px||false|false&#8221; locked=&#8221;off&#8221; global_colors_info=&#8221;{}&#8221;]<\/p>\n<p style=\"text-align: center;\">Aici pute\u021bi desc\u0103rca termenii \u0219i condi\u021biile noastre de achizi\u021bie actuale \u0219i arhivate.<\/p>\n<p>[\/et_pb_text][\/et_pb_column][\/et_pb_row][et_pb_row column_structure=&#8221;1_3,1_3,1_3&#8243; _builder_version=&#8221;4.22.2&#8243; _module_preset=&#8221;default&#8221; custom_padding=&#8221;50px||10px||false|false&#8221; global_colors_info=&#8221;{}&#8221;][et_pb_column type=&#8221;1_3&#8243; _builder_version=&#8221;4.16&#8243; _module_preset=&#8221;default&#8221; global_colors_info=&#8221;{}&#8221;][et_pb_blurb title=&#8221;VERSIUNEA 2.1 (ACTUAL\u0102)  &#8221; url=&#8221;https:\/\/greencells.com\/wp-content\/uploads\/2023\/10\/CD_260923_Terms_and_Conditions_V2.1.pdf&#8221; url_new_window=&#8221;on&#8221; use_icon=&#8221;on&#8221; font_icon=&#8221;&#x68;||divi||400&#8243; icon_color=&#8221;#85BD35&#8243; image_icon_background_color=&#8221;#2B3648&#8243; image_icon_width=&#8221;48px&#8221; _builder_version=&#8221;4.22.2&#8243; _module_preset=&#8221;default&#8221; header_level=&#8221;h6&#8243; header_font=&#8221;Source Sans Pro||||||||&#8221; header_font_size=&#8221;14px&#8221; header_letter_spacing=&#8221;2px&#8221; body_font=&#8221;Source Sans Pro||||||||&#8221; body_text_color=&#8221;#85BD35&#8243; body_font_size=&#8221;5px&#8221; image_icon_custom_padding=&#8221;25px|25px|25px|25px|false|false&#8221; text_orientation=&#8221;center&#8221; link_option_url=&#8221;https:\/\/greencells.com\/wp-content\/uploads\/2023\/10\/CD_260923_Terms_and_Conditions_V2.1.pdf&#8221; link_option_url_new_window=&#8221;on&#8221; border_radii_image=&#8221;on|100%|100%|100%|100%&#8221; use_circle=&#8221;on&#8221; circle_color=&#8221;#2B3648&#8243; locked=&#8221;off&#8221; global_colors_info=&#8221;{}&#8221; image_icon_background_color__sticky_enabled=&#8221;#ffffff&#8221; image_icon_background_color__sticky=&#8221;#ffffff&#8221;][\/et_pb_blurb][\/et_pb_column][et_pb_column type=&#8221;1_3&#8243; _builder_version=&#8221;4.16&#8243; _module_preset=&#8221;default&#8221; global_colors_info=&#8221;{}&#8221;][et_pb_blurb title=&#8221;VERSIUNEA 2.0 (07\/2023) &#8221; url=&#8221;https:\/\/greencells.com\/wp-content\/uploads\/2023\/07\/CD_120723_Terms_and_Conditions_DE_EN-3.pdf&#8221; url_new_window=&#8221;on&#8221; use_icon=&#8221;on&#8221; font_icon=&#8221;&#x68;||divi||400&#8243; icon_color=&#8221;#85BD35&#8243; image_icon_background_color=&#8221;#2B3648&#8243; image_icon_width=&#8221;48px&#8221; _builder_version=&#8221;4.22.2&#8243; _module_preset=&#8221;default&#8221; header_level=&#8221;h6&#8243; header_font=&#8221;Source Sans Pro||||||||&#8221; header_font_size=&#8221;14px&#8221; header_letter_spacing=&#8221;2px&#8221; body_font_size=&#8221;8px&#8221; image_icon_custom_padding=&#8221;25px|25px|25px|25px|false|false&#8221; text_orientation=&#8221;center&#8221; link_option_url=&#8221;https:\/\/greencells.com\/wp-content\/uploads\/2023\/07\/CD_120723_Terms_and_Conditions_DE_EN-3.pdf&#8221; link_option_url_new_window=&#8221;on&#8221; border_radii_image=&#8221;on|100%|100%|100%|100%&#8221; use_circle=&#8221;on&#8221; circle_color=&#8221;#2B3648&#8243; locked=&#8221;off&#8221; global_colors_info=&#8221;{}&#8221; image_icon_background_color__sticky_enabled=&#8221;#ffffff&#8221; image_icon_background_color__sticky=&#8221;#ffffff&#8221;][\/et_pb_blurb][\/et_pb_column][et_pb_column type=&#8221;1_3&#8243; _builder_version=&#8221;4.16&#8243; _module_preset=&#8221;default&#8221; global_colors_info=&#8221;{}&#8221;][et_pb_blurb title=&#8221;VERSIUNEA 1.0 (01\/2019)&#8221; url=&#8221;https:\/\/greencells.com\/wp-content\/uploads\/2023\/07\/CD_201222_Terms_and_Conditions_EN.pdf&#8221; url_new_window=&#8221;on&#8221; use_icon=&#8221;on&#8221; font_icon=&#8221;&#x68;||divi||400&#8243; icon_color=&#8221;#85BD35&#8243; image_icon_background_color=&#8221;#2B3648&#8243; image_icon_width=&#8221;48px&#8221; _builder_version=&#8221;4.22.2&#8243; _module_preset=&#8221;default&#8221; header_level=&#8221;h6&#8243; header_font=&#8221;Source Sans Pro||||||||&#8221; header_font_size=&#8221;14px&#8221; header_letter_spacing=&#8221;2px&#8221; body_font_size=&#8221;8px&#8221; image_icon_custom_padding=&#8221;25px|25px|25px|25px|false|false&#8221; text_orientation=&#8221;center&#8221; link_option_url=&#8221;https:\/\/greencells.com\/wp-content\/uploads\/2023\/07\/CD_201222_Terms_and_Conditions_EN.pdf&#8221; link_option_url_new_window=&#8221;on&#8221; border_radii_image=&#8221;on|100%|100%|100%|100%&#8221; use_circle=&#8221;on&#8221; circle_color=&#8221;#2B3648&#8243; locked=&#8221;off&#8221; global_colors_info=&#8221;{}&#8221; image_icon_background_color__sticky_enabled=&#8221;#ffffff&#8221; image_icon_background_color__sticky=&#8221;#ffffff&#8221;][\/et_pb_blurb][\/et_pb_column][\/et_pb_row][\/et_pb_section]<\/p>\n","protected":false},"excerpt":{"rendered":"<p>TERMENI \u0218I CONDI\u021aII GENERALE DESC\u0102RCARE DOCUMENTAici pute\u021bi desc\u0103rca termenii \u0219i condi\u021biile noastre de achizi\u021bie actuale \u0219i arhivate.<\/p>\n","protected":false},"author":13,"featured_media":0,"parent":0,"menu_order":0,"comment_status":"closed","ping_status":"closed","template":"","meta":{"_et_pb_use_builder":"on","_et_pb_old_content":"","_et_gb_content_width":"","footnotes":""},"class_list":["post-18823","page","type-page","status-publish","hentry"],"yoast_head":"<!-- This site is optimized with the Yoast SEO plugin v27.4 - https:\/\/yoast.com\/product\/yoast-seo-wordpress\/ -->\n<title>Termeni \u0219i condi\u021bii | Greencells Group - Legal Overview<\/title>\n<meta name=\"description\" content=\"Citi\u021bi termenii \u0219i condi\u021biile care reglementeaz\u0103 utilizarea de c\u0103tre dvs. a site-ului web \u0219i a serviciilor Greencells. Aceast\u0103 pagin\u0103 ofer\u0103 cadrul juridic actual.\" \/>\n<meta name=\"robots\" content=\"index, follow, max-snippet:-1, max-image-preview:large, max-video-preview:-1\" \/>\n<link rel=\"canonical\" href=\"https:\/\/greencells.com\/ro\/termeni-si-conditii\/\" \/>\n<meta property=\"og:locale\" content=\"ro_RO\" \/>\n<meta property=\"og:type\" content=\"article\" \/>\n<meta property=\"og:title\" content=\"Termeni \u0219i condi\u021bii | Greencells Group - Legal Overview\" \/>\n<meta property=\"og:description\" content=\"Citi\u021bi termenii \u0219i condi\u021biile care reglementeaz\u0103 utilizarea de c\u0103tre dvs. a site-ului web \u0219i a serviciilor Greencells. Aceast\u0103 pagin\u0103 ofer\u0103 cadrul juridic actual.\" \/>\n<meta property=\"og:url\" content=\"https:\/\/greencells.com\/ro\/termeni-si-conditii\/\" \/>\n<meta property=\"og:site_name\" content=\"Greencells Group\" \/>\n<meta property=\"article:modified_time\" content=\"2026-04-20T08:07:15+00:00\" \/>\n<meta name=\"twitter:card\" content=\"summary_large_image\" \/>\n<meta name=\"twitter:label1\" content=\"Timp estimat pentru citire\" \/>\n\t<meta name=\"twitter:data1\" content=\"6 minute\" \/>\n<script type=\"application\/ld+json\" class=\"yoast-schema-graph\">{\"@context\":\"https:\\\/\\\/schema.org\",\"@graph\":[{\"@type\":\"WebPage\",\"@id\":\"https:\\\/\\\/greencells.com\\\/ro\\\/termeni-si-conditii\\\/\",\"url\":\"https:\\\/\\\/greencells.com\\\/ro\\\/termeni-si-conditii\\\/\",\"name\":\"Termeni \u0219i condi\u021bii | Greencells Group - Legal Overview\",\"isPartOf\":{\"@id\":\"https:\\\/\\\/greencells.com\\\/ro\\\/#website\"},\"datePublished\":\"2025-10-09T09:55:38+00:00\",\"dateModified\":\"2026-04-20T08:07:15+00:00\",\"description\":\"Citi\u021bi termenii \u0219i condi\u021biile care reglementeaz\u0103 utilizarea de c\u0103tre dvs. a site-ului web \u0219i a serviciilor Greencells. Aceast\u0103 pagin\u0103 ofer\u0103 cadrul juridic actual.\",\"breadcrumb\":{\"@id\":\"https:\\\/\\\/greencells.com\\\/ro\\\/termeni-si-conditii\\\/#breadcrumb\"},\"inLanguage\":\"ro-RO\",\"potentialAction\":[{\"@type\":\"ReadAction\",\"target\":[\"https:\\\/\\\/greencells.com\\\/ro\\\/termeni-si-conditii\\\/\"]}]},{\"@type\":\"BreadcrumbList\",\"@id\":\"https:\\\/\\\/greencells.com\\\/ro\\\/termeni-si-conditii\\\/#breadcrumb\",\"itemListElement\":[{\"@type\":\"ListItem\",\"position\":1,\"name\":\"Home\",\"item\":\"https:\\\/\\\/greencells.com\\\/ro\\\/acasa\\\/\"},{\"@type\":\"ListItem\",\"position\":2,\"name\":\"Termeni \u0219i condi\u021bii\"}]},{\"@type\":\"WebSite\",\"@id\":\"https:\\\/\\\/greencells.com\\\/ro\\\/#website\",\"url\":\"https:\\\/\\\/greencells.com\\\/ro\\\/\",\"name\":\"Greencells Group\",\"description\":\"Greencells Group Homepage\",\"potentialAction\":[{\"@type\":\"SearchAction\",\"target\":{\"@type\":\"EntryPoint\",\"urlTemplate\":\"https:\\\/\\\/greencells.com\\\/ro\\\/?s={search_term_string}\"},\"query-input\":{\"@type\":\"PropertyValueSpecification\",\"valueRequired\":true,\"valueName\":\"search_term_string\"}}],\"inLanguage\":\"ro-RO\"}]}<\/script>\n<!-- \/ Yoast SEO plugin. -->","yoast_head_json":{"title":"Termeni \u0219i condi\u021bii | Greencells Group - Legal Overview","description":"Citi\u021bi termenii \u0219i condi\u021biile care reglementeaz\u0103 utilizarea de c\u0103tre dvs. a site-ului web \u0219i a serviciilor Greencells. Aceast\u0103 pagin\u0103 ofer\u0103 cadrul juridic actual.","robots":{"index":"index","follow":"follow","max-snippet":"max-snippet:-1","max-image-preview":"max-image-preview:large","max-video-preview":"max-video-preview:-1"},"canonical":"https:\/\/greencells.com\/ro\/termeni-si-conditii\/","og_locale":"ro_RO","og_type":"article","og_title":"Termeni \u0219i condi\u021bii | Greencells Group - Legal Overview","og_description":"Citi\u021bi termenii \u0219i condi\u021biile care reglementeaz\u0103 utilizarea de c\u0103tre dvs. a site-ului web \u0219i a serviciilor Greencells. Aceast\u0103 pagin\u0103 ofer\u0103 cadrul juridic actual.","og_url":"https:\/\/greencells.com\/ro\/termeni-si-conditii\/","og_site_name":"Greencells Group","article_modified_time":"2026-04-20T08:07:15+00:00","twitter_card":"summary_large_image","twitter_misc":{"Timp estimat pentru citire":"6 minute"},"schema":{"@context":"https:\/\/schema.org","@graph":[{"@type":"WebPage","@id":"https:\/\/greencells.com\/ro\/termeni-si-conditii\/","url":"https:\/\/greencells.com\/ro\/termeni-si-conditii\/","name":"Termeni \u0219i condi\u021bii | Greencells Group - Legal Overview","isPartOf":{"@id":"https:\/\/greencells.com\/ro\/#website"},"datePublished":"2025-10-09T09:55:38+00:00","dateModified":"2026-04-20T08:07:15+00:00","description":"Citi\u021bi termenii \u0219i condi\u021biile care reglementeaz\u0103 utilizarea de c\u0103tre dvs. a site-ului web \u0219i a serviciilor Greencells. Aceast\u0103 pagin\u0103 ofer\u0103 cadrul juridic actual.","breadcrumb":{"@id":"https:\/\/greencells.com\/ro\/termeni-si-conditii\/#breadcrumb"},"inLanguage":"ro-RO","potentialAction":[{"@type":"ReadAction","target":["https:\/\/greencells.com\/ro\/termeni-si-conditii\/"]}]},{"@type":"BreadcrumbList","@id":"https:\/\/greencells.com\/ro\/termeni-si-conditii\/#breadcrumb","itemListElement":[{"@type":"ListItem","position":1,"name":"Home","item":"https:\/\/greencells.com\/ro\/acasa\/"},{"@type":"ListItem","position":2,"name":"Termeni \u0219i condi\u021bii"}]},{"@type":"WebSite","@id":"https:\/\/greencells.com\/ro\/#website","url":"https:\/\/greencells.com\/ro\/","name":"Greencells Group","description":"Greencells Group Homepage","potentialAction":[{"@type":"SearchAction","target":{"@type":"EntryPoint","urlTemplate":"https:\/\/greencells.com\/ro\/?s={search_term_string}"},"query-input":{"@type":"PropertyValueSpecification","valueRequired":true,"valueName":"search_term_string"}}],"inLanguage":"ro-RO"}]}},"_links":{"self":[{"href":"https:\/\/greencells.com\/ro\/wp-json\/wp\/v2\/pages\/18823","targetHints":{"allow":["GET"]}}],"collection":[{"href":"https:\/\/greencells.com\/ro\/wp-json\/wp\/v2\/pages"}],"about":[{"href":"https:\/\/greencells.com\/ro\/wp-json\/wp\/v2\/types\/page"}],"author":[{"embeddable":true,"href":"https:\/\/greencells.com\/ro\/wp-json\/wp\/v2\/users\/13"}],"replies":[{"embeddable":true,"href":"https:\/\/greencells.com\/ro\/wp-json\/wp\/v2\/comments?post=18823"}],"version-history":[{"count":33,"href":"https:\/\/greencells.com\/ro\/wp-json\/wp\/v2\/pages\/18823\/revisions"}],"predecessor-version":[{"id":20019,"href":"https:\/\/greencells.com\/ro\/wp-json\/wp\/v2\/pages\/18823\/revisions\/20019"}],"wp:attachment":[{"href":"https:\/\/greencells.com\/ro\/wp-json\/wp\/v2\/media?parent=18823"}],"curies":[{"name":"wp","href":"https:\/\/api.w.org\/{rel}","templated":true}]}}