{"id":19514,"date":"2026-05-04T12:54:17","date_gmt":"2026-05-04T10:54:17","guid":{"rendered":"https:\/\/greencells.com\/?page_id=19514"},"modified":"2026-05-04T13:05:03","modified_gmt":"2026-05-04T11:05:03","slug":"leadership","status":"publish","type":"page","link":"https:\/\/greencells.com\/ro\/despre-noi\/leadership\/","title":{"rendered":"Leadership"},"content":{"rendered":"<p>[et_pb_section fb_built=&#8221;1&#8243; fullwidth=&#8221;on&#8221; disabled_on=&#8221;off|off|off&#8221; admin_label=&#8221;Hero&#8221; _builder_version=&#8221;4.16&#8243; background_color=&#8221;#2b3648&#8243; custom_padding=&#8221;|||&#8221; transparent_background=&#8221;on&#8221; global_colors_info=&#8221;{}&#8221;][et_pb_fullwidth_header title=&#8221;LEADERSHIP&#8221; text_orientation=&#8221;center&#8221; background_overlay_color=&#8221;#85bd35&#8243; subhead_font_color=&#8221;#bebebe&#8221; _builder_version=&#8221;4.17.4&#8243; title_level=&#8221;h3&#8243; title_font=&#8221;Source Sans Pro|300|||||||&#8221; title_text_color=&#8221;#ffffff&#8221; title_font_size=&#8221;32px&#8221; title_letter_spacing=&#8221;16px&#8221; content_font=&#8221;Montserrat||||&#8221; content_text_color=&#8221;#bfbfbf&#8221; content_line_height=&#8221;1.8em&#8221; subhead_font=&#8221;Montserrat||||&#8221; subhead_text_color=&#8221;#bebebe&#8221; subhead_line_height=&#8221;1.8em&#8221; background_color=&#8221;#2b3648&#8243; background_enable_image=&#8221;off&#8221; custom_padding=&#8221;0%||0%||false|false&#8221; animation_style=&#8221;fade&#8221; animation_duration=&#8221;1500ms&#8221; title_line_height_last_edited=&#8221;off|desktop&#8221; global_colors_info=&#8221;{}&#8221; button_one_text_size__hover_enabled=&#8221;off&#8221; button_two_text_size__hover_enabled=&#8221;off&#8221; button_one_text_color__hover_enabled=&#8221;off&#8221; button_two_text_color__hover_enabled=&#8221;off&#8221; button_one_border_width__hover_enabled=&#8221;off&#8221; button_two_border_width__hover_enabled=&#8221;off&#8221; button_one_border_color__hover_enabled=&#8221;off&#8221; button_two_border_color__hover_enabled=&#8221;off&#8221; button_one_border_radius__hover_enabled=&#8221;off&#8221; button_two_border_radius__hover_enabled=&#8221;off&#8221; button_one_letter_spacing__hover_enabled=&#8221;off&#8221; button_two_letter_spacing__hover_enabled=&#8221;off&#8221; button_one_bg_color__hover_enabled=&#8221;off&#8221; button_two_bg_color__hover_enabled=&#8221;off&#8221;][\/et_pb_fullwidth_header][\/et_pb_section][et_pb_section fb_built=&#8221;1&#8243; admin_label=&#8221;Team&#8221; _builder_version=&#8221;4.16&#8243; background_color=&#8221;#ffffff&#8221; background_enable_image=&#8221;off&#8221; parallax=&#8221;on&#8221; custom_margin=&#8221;||50px||false|false&#8221; custom_padding=&#8221;0px|0px|0px|0px|true|false&#8221; global_colors_info=&#8221;{}&#8221;][et_pb_row _builder_version=&#8221;4.18.1&#8243; custom_padding=&#8221;20px||0px||false|false&#8221; locked=&#8221;off&#8221; global_colors_info=&#8221;{}&#8221; parallax_1__hover=&#8221;off&#8221; parallax_1__hover_enabled=&#8221;off&#8221; parallax_2__hover=&#8221;off&#8221; parallax_2__hover_enabled=&#8221;off&#8221; parallax_3__hover=&#8221;off&#8221; parallax_3__hover_enabled=&#8221;off&#8221; parallax_4__hover=&#8221;off&#8221; parallax_4__hover_enabled=&#8221;off&#8221; parallax_method_1__hover=&#8221;on&#8221; parallax_method_1__hover_enabled=&#8221;on&#8221; parallax_method_2__hover=&#8221;on&#8221; parallax_method_2__hover_enabled=&#8221;on&#8221; parallax_method_3__hover=&#8221;on&#8221; parallax_method_3__hover_enabled=&#8221;on&#8221; parallax_method_4__hover=&#8221;on&#8221; parallax_method_4__hover_enabled=&#8221;on&#8221;][et_pb_column type=&#8221;4_4&#8243; _builder_version=&#8221;4.16&#8243; custom_padding=&#8221;|||&#8221; global_colors_info=&#8221;{}&#8221; custom_padding__hover=&#8221;|||&#8221;][et_pb_text _builder_version=&#8221;4.18.1&#8243; text_font=&#8221;Ubuntu||||||||&#8221; text_text_color=&#8221;#838383&#8243; text_font_size=&#8221;18px&#8221; text_line_height=&#8221;30px&#8221; header_font=&#8221;Source Sans Pro||||||||&#8221; header_2_font=&#8221;Source Sans Pro|600|||||||&#8221; header_2_text_color=&#8221;#2b3648&#8243; header_2_font_size=&#8221;58px&#8221; header_2_line_height=&#8221;1.4em&#8221; header_4_font=&#8221;Source Sans Pro|||on|||||&#8221; header_4_text_color=&#8221;#85bd35&#8243; header_4_font_size=&#8221;16px&#8221; header_4_letter_spacing=&#8221;2px&#8221; header_4_line_height=&#8221;1.6em&#8221; text_orientation=&#8221;center&#8221; max_width=&#8221;700px&#8221; module_alignment=&#8221;center&#8221; custom_margin=&#8221;||-8px||false|false&#8221; custom_padding=&#8221;40px||0px||false|false&#8221; header_2_font_size_tablet=&#8221;30px&#8221; header_2_font_size_phone=&#8221;22px&#8221; header_2_font_size_last_edited=&#8221;on|phone&#8221; header_4_font_size_tablet=&#8221;&#8221; header_4_font_size_phone=&#8221;14px&#8221; header_4_font_size_last_edited=&#8221;on|phone&#8221; locked=&#8221;off&#8221; global_colors_info=&#8221;{}&#8221;]<\/p>\n<h4><span>STRATEGIE \u0218I LEADERSHIP<\/span><\/h4>\n<p>[\/et_pb_text][et_pb_text _builder_version=&#8221;4.18.1&#8243; text_font=&#8221;Ubuntu||||||||&#8221; text_text_color=&#8221;#838383&#8243; text_font_size=&#8221;18px&#8221; text_line_height=&#8221;30px&#8221; header_2_font=&#8221;Source Sans Pro||||||||&#8221; header_2_text_color=&#8221;#2b3648&#8243; header_2_font_size=&#8221;24px&#8221; header_2_letter_spacing=&#8221;6px&#8221; header_2_line_height=&#8221;1.4em&#8221; header_4_font=&#8221;Ubuntu|700||on|||||&#8221; header_4_text_color=&#8221;#85bd35&#8243; header_4_font_size=&#8221;16px&#8221; header_4_letter_spacing=&#8221;2px&#8221; header_4_line_height=&#8221;1.6em&#8221; text_orientation=&#8221;center&#8221; max_width=&#8221;700px&#8221; module_alignment=&#8221;center&#8221; custom_margin=&#8221;0px||||false|false&#8221; custom_padding=&#8221;0px||0px||false|false&#8221; header_2_font_size_tablet=&#8221;30px&#8221; header_2_font_size_phone=&#8221;22px&#8221; header_2_font_size_last_edited=&#8221;on|phone&#8221; header_4_font_size_tablet=&#8221;&#8221; header_4_font_size_phone=&#8221;14px&#8221; header_4_font_size_last_edited=&#8221;on|phone&#8221; locked=&#8221;off&#8221; global_colors_info=&#8221;{}&#8221;]<\/p>\n<h2>ECHIPA NOASTR\u0102 DE CONDUCERE<\/h2>\n<p>[\/et_pb_text][\/et_pb_column][\/et_pb_row][et_pb_row _builder_version=&#8221;4.27.6&#8243; _module_preset=&#8221;default&#8221;][et_pb_column _builder_version=&#8221;4.27.6&#8243; _module_preset=&#8221;default&#8221; type=&#8221;4_4&#8243;][et_pb_text _builder_version=&#8221;4.27.6&#8243; _module_preset=&#8221;default&#8221; hover_enabled=&#8221;0&#8243; sticky_enabled=&#8221;0&#8243;]<\/p>\n<p>Echipa noastr\u0103 de conducere stabile\u0219te direc\u021bia pentru Greencells \u0219i asigur\u0103 o execu\u021bie consecvent\u0103 \u00een toate domeniile de activitate.<\/p>\n<p>Cu experien\u021b\u0103 \u00een inginerie, finan\u021be, opera\u021biuni \u0219i func\u021bii corporative, echipa combin\u0103 g\u00e2ndirea strategic\u0103 cu experien\u021ba practic\u0103 \u00een realizarea de proiecte solare la scar\u0103 larg\u0103 \u00een \u00eentreaga Europ\u0103.<\/p>\n<p>Ace\u0219tia sunt responsabili de conducerea strategiei noastre pe termen lung, de consolidarea pozi\u021biei noastre pe pia\u021b\u0103 \u0219i de asigurarea faptului c\u0103 oferim calitate, fiabilitate \u0219i responsabilitate \u00een tot ceea ce facem.<\/p>\n<p>[\/et_pb_text][\/et_pb_column][\/et_pb_row][\/et_pb_section][et_pb_section fb_built=&#8221;1&#8243; _builder_version=&#8221;4.17.4&#8243; _module_preset=&#8221;default&#8221; custom_margin=&#8221;-50px||-20px||false|false&#8221; custom_padding=&#8221;0px||115px||false|false&#8221; global_colors_info=&#8221;{}&#8221;][et_pb_row column_structure=&#8221;1_2,1_2&#8243; _builder_version=&#8221;4.17.4&#8243; _module_preset=&#8221;default&#8221; hover_enabled=&#8221;0&#8243; global_colors_info=&#8221;{}&#8221; sticky_enabled=&#8221;0&#8243;][et_pb_column type=&#8221;1_2&#8243; _builder_version=&#8221;4.17.4&#8243; _module_preset=&#8221;default&#8221; global_colors_info=&#8221;{}&#8221;][et_pb_blurb title=&#8221;FABIAN HERR (CEO)&#8221; image=&#8221;https:\/\/greencells.com\/wp-content\/uploads\/2025\/03\/GFX_030325_Profile_Pic_Fabian_Herr.jpg&#8221; module_class=&#8221;blurb-toggle&#8221; _builder_version=&#8221;4.27.6&#8243; _module_preset=&#8221;default&#8221; body_text_color=&#8221;#848484&#8243; hover_enabled=&#8221;0&#8243; global_colors_info=&#8221;{}&#8221; sticky_enabled=&#8221;0&#8243;]Fabian Herr are peste 15 ani de experien\u021b\u0103 \u00een industria energiei solare. El a de\u021binut diverse pozi\u021bii de management, promov\u00e2nd excelen\u021ba opera\u021bional\u0103 \u0219i conduc\u00e2nd proiecte de energie regenerabil\u0103.<br \/>\n\u00cenainte de a se al\u0103tura Greencells, Fabian Herr a fost COO la Iqony Sustainable Energy Solutions (SENS), unde a jucat un rol cheie \u00een optimizarea proceselor \u0219i furnizarea de solu\u021bii EPC la cheie \u00een mai multe regiuni.<br \/>\nLa Greencells, Fabian se concentreaz\u0103 pe excelen\u021ba opera\u021bional\u0103, \u00eembun\u0103t\u0103\u021birea proceselor \u0219i consolidarea pozi\u021biei companiei ca partener EPC de \u00eencredere \u00een tranzi\u021bia energetic\u0103 global\u0103.[\/et_pb_blurb][\/et_pb_column][et_pb_column type=&#8221;1_2&#8243; _builder_version=&#8221;4.17.4&#8243; _module_preset=&#8221;default&#8221; global_colors_info=&#8221;{}&#8221;][et_pb_blurb title=&#8221;NICLAS WOLL (CFO)&#8221; image=&#8221;https:\/\/greencells.com\/wp-content\/uploads\/2026\/03\/GFX_PB_Niclas_Woll_030326.jpg&#8221; _builder_version=&#8221;4.27.6&#8243; _module_preset=&#8221;default&#8221; body_text_color=&#8221;#848484&#8243; hover_enabled=&#8221;0&#8243; locked=&#8221;off&#8221; global_colors_info=&#8221;{}&#8221; module_class=&#8221;blurb-toggle&#8221; sticky_enabled=&#8221;0&#8243;]Niclas Woll aduce peste dou\u0103 decenii de experien\u021b\u0103 interna\u021bional\u0103 \u00een sectorul financiar.<br \/>\n\u00cen func\u021bii de conducere la Caterpillar \u0219i W.R. Grace, a fost responsabil de finan\u021be, contabilitate \u0219i chestiuni fiscale, iar anterior a lucrat ca auditor public autorizat la Ernst &#038; Young.<br \/>\n\u00cen calitate de auditor public german certificat, acesta contribuie cu o expertiz\u0103 extins\u0103 \u00een contabilitate, fiscalitate \u0219i control.<br \/>\nCu experien\u021ba sa interna\u021bional\u0103, Niclas consolideaz\u0103 structura financiar\u0103 \u0219i transparen\u021ba grupului Greencells.[\/et_pb_blurb][\/et_pb_column][\/et_pb_row][et_pb_row column_structure=&#8221;1_2,1_2&#8243; _builder_version=&#8221;4.27.6&#8243; _module_preset=&#8221;default&#8221; global_colors_info=&#8221;{}&#8221;][et_pb_column type=&#8221;1_2&#8243; _builder_version=&#8221;4.27.6&#8243; _module_preset=&#8221;default&#8221; global_colors_info=&#8221;{}&#8221;][et_pb_blurb title=&#8221;EDE-K\u00c1LM\u00c1N NAGY (CEO GREENCELLS CEE)&#8221; image=&#8221;https:\/\/greencells.com\/wp-content\/uploads\/2026\/03\/Ede_Nagy-3.jpg&#8221; _builder_version=&#8221;4.27.6&#8243; _module_preset=&#8221;default&#8221; body_text_color=&#8221;#848484&#8243; custom_padding=&#8221;||0px|||&#8221; hover_enabled=&#8221;0&#8243; locked=&#8221;off&#8221; global_colors_info=&#8221;{}&#8221; module_class=&#8221;blurb-toggle&#8221; sticky_enabled=&#8221;0&#8243;]Peste 25 de ani de leadership pe pie\u021bele din Europa Central\u0103 \u0219i de Est, cu responsabilit\u0103\u021bi totale de P&#038;L \u0219i realiz\u0103ri solide \u00een materie de redresare.<br \/>Experien\u021b\u0103 vast\u0103 \u00een livrarea EPC, construc\u021bii industriale \u0219i proiecte legate de energia solar\u0103 \u00een mai multe \u021b\u0103ri.<br \/>Experien\u021b\u0103 dovedit\u0103 \u00een transformarea afacerilor, eficien\u021ba opera\u021bional\u0103 \u0219i optimizarea proceselor comerciale.<br \/>Diplomatie puternic\u0103 \u0219i abilit\u0103\u021bi de gestionare a p\u0103r\u021bilor interesate, lucr\u00e2nd eficient cu autorit\u0103\u021bile \u0219i partenerii strategici.<br \/>Lider multilingv cu experien\u021b\u0103 \u00eendelungat\u0103 \u00een gestionarea echipelor transfrontaliere \u0219i a opera\u021biunilor regionale.[\/et_pb_blurb][\/et_pb_column][et_pb_column type=&#8221;1_2&#8243; _builder_version=&#8221;4.27.6&#8243; _module_preset=&#8221;default&#8221; global_colors_info=&#8221;{}&#8221;][et_pb_blurb title=&#8221;DANIEL SEUFFERT (DIRECTOR OPERATIONS)&#8221; image=&#8221;https:\/\/greencells.com\/wp-content\/uploads\/2025\/10\/GFX_PB_Daniel_Seuffert_011025.jpg&#8221; _builder_version=&#8221;4.27.6&#8243; _module_preset=&#8221;default&#8221; body_text_color=&#8221;#848484&#8243; hover_enabled=&#8221;0&#8243; global_colors_info=&#8221;{}&#8221; module_class=&#8221;blurb-toggle&#8221; sticky_enabled=&#8221;0&#8243;]Cu peste dou\u0103 decenii de experien\u021b\u0103 \u00een ingineria \u0219i construc\u021bia de centrale solare la scar\u0103 larg\u0103 \u00een \u00eentreaga lume, Daniel Seuffert aduce expertiz\u0103 tehnic\u0103 extins\u0103 \u0219i leadership la Greencells.<br \/>Dup\u0103 ce a ocupat anterior func\u021bia de director de opera\u021biuni pentru EMEA &#038; APAC la JUWI, gestion\u00e2nd peste 60 de ingineri \u00een mai multe regiuni, el supravegheaz\u0103 acum executarea opera\u021bional\u0103 a proiectelor EPC ale Greencells.<br \/>Domeniile sale de interes includ managementul proiectelor, excelen\u021ba \u00een inginerie, asigurarea calit\u0103\u021bii \u0219i monitorizarea digital\u0103 a construc\u021biei. Cu experien\u021ba sa interna\u021bional\u0103 solid\u0103, Daniel \u00eembun\u0103t\u0103\u021be\u0219te eficien\u021ba opera\u021bional\u0103 \u0219i scalabilitatea activit\u0103\u021bii noastre EPC.[\/et_pb_blurb][\/et_pb_column][\/et_pb_row][et_pb_row column_structure=&#8221;1_2,1_2&#8243; _builder_version=&#8221;4.27.6&#8243; _module_preset=&#8221;default&#8221; global_colors_info=&#8221;{}&#8221;][et_pb_column type=&#8221;1_2&#8243; _builder_version=&#8221;4.27.6&#8243; _module_preset=&#8221;default&#8221; global_colors_info=&#8221;{}&#8221;][et_pb_blurb title=&#8221;FLORIAN JOH\u00c4NNTGEN (DIRECTOR SALES &amp; BD)&#8221; image=&#8221;https:\/\/greencells.com\/wp-content\/uploads\/2025\/10\/GFX_291025_PB_Florian_Johaenntgen.jpg&#8221; _builder_version=&#8221;4.27.6&#8243; _module_preset=&#8221;default&#8221; body_font=&#8221;&#8211;et_global_body_font||||||||&#8221; body_text_color=&#8221;#848484&#8243; hover_enabled=&#8221;0&#8243; global_colors_info=&#8221;{}&#8221; module_class=&#8221;blurb-toggle&#8221; sticky_enabled=&#8221;0&#8243;]De c\u00e2nd s-a al\u0103turat Greencells, Florian Joh\u00e4nntgen a jucat un rol cheie \u00een dezvoltarea activit\u0103\u021bii EPC a companiei \u0219i \u00een crearea de parteneriate pe termen lung cu investitori \u0219i dezvoltatori de top.<br \/>\nCu peste 15 ani de experien\u021b\u0103 \u00een v\u00e2nz\u0103ri interna\u021bionale \u0219i \u00een dezvoltarea afacerilor pentru proiecte fotovoltaice la scar\u0103 larg\u0103, el combin\u0103 viziunea strategic\u0103 cu un accent clar pe cre\u0219terea durabil\u0103.<br \/>\n\u00cen calitate de director de v\u00e2nz\u0103ri \u0219i dezvoltare a afacerilor, el este responsabil pentru extinderea strategic\u0103 a pie\u021bei, rela\u021biile pe termen lung cu clien\u021bii \u0219i cre\u0219terea scalabilit\u0103\u021bii companiei pe pie\u021bele europene.[\/et_pb_blurb][\/et_pb_column][et_pb_column type=&#8221;1_2&#8243; _builder_version=&#8221;4.27.6&#8243; _module_preset=&#8221;default&#8221; global_colors_info=&#8221;{}&#8221;][et_pb_blurb title=&#8221;SVEN SANDMEYER (DIRECTOR CORPORATE AFFAIRS)&#8221; image=&#8221;https:\/\/greencells.com\/wp-content\/uploads\/2025\/10\/GFX_291025_PB_Sven_Sandmeyer.jpg&#8221; _builder_version=&#8221;4.27.6&#8243; _module_preset=&#8221;default&#8221; body_text_color=&#8221;#848484&#8243; hover_enabled=&#8221;0&#8243; global_colors_info=&#8221;{}&#8221; module_class=&#8221;blurb-toggle&#8221; sticky_enabled=&#8221;0&#8243;]<\/p>\n<p>De c\u00e2nd s-a al\u0103turat Greencells \u00een 2022, Sven Sandmeyer a jucat un rol cheie \u00een modelarea dezvolt\u0103rii strategice a companiei. A \u00eenceput ca \u0219ef de personal \u0219i, dup\u0103 ce a preluat responsabilit\u0103\u021bi mai largi, a fost numit director pentru afaceri corporative \u00een 2025.<br \/>\u00cen rolul s\u0103u, conduce optimizarea proceselor, implementeaz\u0103 sisteme scalabile \u0219i promoveaz\u0103 colaborarea \u00eentre departamente.<br \/>Combin\u00e2nd eficien\u021ba cu o mentalitate orientat\u0103 spre cre\u0219tere, munca sa conduce la evolu\u021bia continu\u0103 a Greencells \u0219i sprijin\u0103 viziunea pe termen lung a companiei. <\/p>\n<p>[\/et_pb_blurb][\/et_pb_column][\/et_pb_row][et_pb_row _builder_version=&#8221;4.27.6&#8243; _module_preset=&#8221;default&#8221; global_colors_info=&#8221;{}&#8221;][et_pb_column type=&#8221;4_4&#8243; _builder_version=&#8221;4.27.6&#8243; _module_preset=&#8221;default&#8221; global_colors_info=&#8221;{}&#8221;][et_pb_code _builder_version=&#8221;4.27.6&#8243; _module_preset=&#8221;default&#8221; global_colors_info=&#8221;{}&#8221;]<script><!-- [et_pb_line_break_holder] -->jQuery(document).ready(function($) {<!-- [et_pb_line_break_holder] -->  $('.blurb-toggle .et_pb_blurb_container').on('click', function() {<!-- [et_pb_line_break_holder] -->    $(this).closest('.blurb-toggle').toggleClass('open');<!-- [et_pb_line_break_holder] -->  });<!-- [et_pb_line_break_holder] -->});<!-- [et_pb_line_break_holder] --><\/script>[\/et_pb_code][\/et_pb_column][\/et_pb_row][\/et_pb_section]<\/p>\n","protected":false},"excerpt":{"rendered":"<p>STRATEGIE \u0218I LEADERSHIPECHIPA NOASTR\u0102 DE CONDUCEREEchipa noastr\u0103 de conducere stabile\u0219te direc\u021bia pentru Greencells \u0219i asigur\u0103 o execu\u021bie consecvent\u0103 \u00een toate domeniile de activitate. Cu experien\u021b\u0103 \u00een inginerie, finan\u021be, opera\u021biuni \u0219i func\u021bii corporative, echipa combin\u0103 g\u00e2ndirea strategic\u0103 cu experien\u021ba practic\u0103 \u00een realizarea de proiecte solare la scar\u0103 larg\u0103 \u00een \u00eentreaga Europ\u0103. Ace\u0219tia sunt responsabili de conducerea [&hellip;]<\/p>\n","protected":false},"author":22,"featured_media":0,"parent":18779,"menu_order":0,"comment_status":"closed","ping_status":"closed","template":"","meta":{"_et_pb_use_builder":"on","_et_pb_old_content":"","_et_gb_content_width":"","footnotes":""},"class_list":["post-19514","page","type-page","status-publish","hentry"],"yoast_head":"<!-- This site is optimized with the Yoast SEO plugin v27.4 - https:\/\/yoast.com\/product\/yoast-seo-wordpress\/ -->\n<title>Management superior | Leadership la Greencells Group<\/title>\n<meta name=\"description\" content=\"Face\u021bi cuno\u0219tin\u021b\u0103 cu echipa de conducere din spatele Greencells - unul dintre cei mai importan\u021bi furnizori EPC din Europa pentru centralele solare utilitare.\" \/>\n<meta name=\"robots\" content=\"index, follow, max-snippet:-1, max-image-preview:large, max-video-preview:-1\" \/>\n<link rel=\"canonical\" href=\"https:\/\/greencells.com\/ro\/despre-noi\/leadership\/\" \/>\n<meta property=\"og:locale\" content=\"ro_RO\" \/>\n<meta property=\"og:type\" content=\"article\" \/>\n<meta property=\"og:title\" content=\"Management superior | Leadership la Greencells Group\" \/>\n<meta property=\"og:description\" content=\"Face\u021bi cuno\u0219tin\u021b\u0103 cu echipa de conducere din spatele Greencells - unul dintre cei mai importan\u021bi furnizori EPC din Europa pentru centralele solare utilitare.\" \/>\n<meta property=\"og:url\" content=\"https:\/\/greencells.com\/ro\/despre-noi\/leadership\/\" \/>\n<meta property=\"og:site_name\" content=\"Greencells Group\" \/>\n<meta property=\"article:modified_time\" content=\"2026-05-04T11:05:03+00:00\" \/>\n<meta name=\"twitter:card\" content=\"summary_large_image\" \/>\n<meta name=\"twitter:label1\" content=\"Timp estimat pentru citire\" \/>\n\t<meta name=\"twitter:data1\" content=\"4 minute\" \/>\n<script type=\"application\/ld+json\" class=\"yoast-schema-graph\">{\"@context\":\"https:\\\/\\\/schema.org\",\"@graph\":[{\"@type\":\"WebPage\",\"@id\":\"https:\\\/\\\/greencells.com\\\/ro\\\/despre-noi\\\/leadership\\\/\",\"url\":\"https:\\\/\\\/greencells.com\\\/ro\\\/despre-noi\\\/leadership\\\/\",\"name\":\"Management superior | Leadership la Greencells Group\",\"isPartOf\":{\"@id\":\"https:\\\/\\\/greencells.com\\\/ro\\\/#website\"},\"datePublished\":\"2026-05-04T10:54:17+00:00\",\"dateModified\":\"2026-05-04T11:05:03+00:00\",\"description\":\"Face\u021bi cuno\u0219tin\u021b\u0103 cu echipa de conducere din spatele Greencells - unul dintre cei mai importan\u021bi furnizori EPC din Europa pentru centralele solare utilitare.\",\"breadcrumb\":{\"@id\":\"https:\\\/\\\/greencells.com\\\/ro\\\/despre-noi\\\/leadership\\\/#breadcrumb\"},\"inLanguage\":\"ro-RO\",\"potentialAction\":[{\"@type\":\"ReadAction\",\"target\":[\"https:\\\/\\\/greencells.com\\\/ro\\\/despre-noi\\\/leadership\\\/\"]}]},{\"@type\":\"BreadcrumbList\",\"@id\":\"https:\\\/\\\/greencells.com\\\/ro\\\/despre-noi\\\/leadership\\\/#breadcrumb\",\"itemListElement\":[{\"@type\":\"ListItem\",\"position\":1,\"name\":\"Home\",\"item\":\"https:\\\/\\\/greencells.com\\\/ro\\\/acasa\\\/\"},{\"@type\":\"ListItem\",\"position\":2,\"name\":\"Despre noi\",\"item\":\"https:\\\/\\\/greencells.com\\\/ro\\\/despre-noi\\\/\"},{\"@type\":\"ListItem\",\"position\":3,\"name\":\"Leadership\"}]},{\"@type\":\"WebSite\",\"@id\":\"https:\\\/\\\/greencells.com\\\/ro\\\/#website\",\"url\":\"https:\\\/\\\/greencells.com\\\/ro\\\/\",\"name\":\"Greencells Group\",\"description\":\"Greencells Group Homepage\",\"potentialAction\":[{\"@type\":\"SearchAction\",\"target\":{\"@type\":\"EntryPoint\",\"urlTemplate\":\"https:\\\/\\\/greencells.com\\\/ro\\\/?s={search_term_string}\"},\"query-input\":{\"@type\":\"PropertyValueSpecification\",\"valueRequired\":true,\"valueName\":\"search_term_string\"}}],\"inLanguage\":\"ro-RO\"}]}<\/script>\n<!-- \/ Yoast SEO plugin. -->","yoast_head_json":{"title":"Management superior | Leadership la Greencells Group","description":"Face\u021bi cuno\u0219tin\u021b\u0103 cu echipa de conducere din spatele Greencells - unul dintre cei mai importan\u021bi furnizori EPC din Europa pentru centralele solare utilitare.","robots":{"index":"index","follow":"follow","max-snippet":"max-snippet:-1","max-image-preview":"max-image-preview:large","max-video-preview":"max-video-preview:-1"},"canonical":"https:\/\/greencells.com\/ro\/despre-noi\/leadership\/","og_locale":"ro_RO","og_type":"article","og_title":"Management superior | Leadership la Greencells Group","og_description":"Face\u021bi cuno\u0219tin\u021b\u0103 cu echipa de conducere din spatele Greencells - unul dintre cei mai importan\u021bi furnizori EPC din Europa pentru centralele solare utilitare.","og_url":"https:\/\/greencells.com\/ro\/despre-noi\/leadership\/","og_site_name":"Greencells Group","article_modified_time":"2026-05-04T11:05:03+00:00","twitter_card":"summary_large_image","twitter_misc":{"Timp estimat pentru citire":"4 minute"},"schema":{"@context":"https:\/\/schema.org","@graph":[{"@type":"WebPage","@id":"https:\/\/greencells.com\/ro\/despre-noi\/leadership\/","url":"https:\/\/greencells.com\/ro\/despre-noi\/leadership\/","name":"Management superior | Leadership la Greencells Group","isPartOf":{"@id":"https:\/\/greencells.com\/ro\/#website"},"datePublished":"2026-05-04T10:54:17+00:00","dateModified":"2026-05-04T11:05:03+00:00","description":"Face\u021bi cuno\u0219tin\u021b\u0103 cu echipa de conducere din spatele Greencells - unul dintre cei mai importan\u021bi furnizori EPC din Europa pentru centralele solare utilitare.","breadcrumb":{"@id":"https:\/\/greencells.com\/ro\/despre-noi\/leadership\/#breadcrumb"},"inLanguage":"ro-RO","potentialAction":[{"@type":"ReadAction","target":["https:\/\/greencells.com\/ro\/despre-noi\/leadership\/"]}]},{"@type":"BreadcrumbList","@id":"https:\/\/greencells.com\/ro\/despre-noi\/leadership\/#breadcrumb","itemListElement":[{"@type":"ListItem","position":1,"name":"Home","item":"https:\/\/greencells.com\/ro\/acasa\/"},{"@type":"ListItem","position":2,"name":"Despre noi","item":"https:\/\/greencells.com\/ro\/despre-noi\/"},{"@type":"ListItem","position":3,"name":"Leadership"}]},{"@type":"WebSite","@id":"https:\/\/greencells.com\/ro\/#website","url":"https:\/\/greencells.com\/ro\/","name":"Greencells Group","description":"Greencells Group Homepage","potentialAction":[{"@type":"SearchAction","target":{"@type":"EntryPoint","urlTemplate":"https:\/\/greencells.com\/ro\/?s={search_term_string}"},"query-input":{"@type":"PropertyValueSpecification","valueRequired":true,"valueName":"search_term_string"}}],"inLanguage":"ro-RO"}]}},"_links":{"self":[{"href":"https:\/\/greencells.com\/ro\/wp-json\/wp\/v2\/pages\/19514","targetHints":{"allow":["GET"]}}],"collection":[{"href":"https:\/\/greencells.com\/ro\/wp-json\/wp\/v2\/pages"}],"about":[{"href":"https:\/\/greencells.com\/ro\/wp-json\/wp\/v2\/types\/page"}],"author":[{"embeddable":true,"href":"https:\/\/greencells.com\/ro\/wp-json\/wp\/v2\/users\/22"}],"replies":[{"embeddable":true,"href":"https:\/\/greencells.com\/ro\/wp-json\/wp\/v2\/comments?post=19514"}],"version-history":[{"count":22,"href":"https:\/\/greencells.com\/ro\/wp-json\/wp\/v2\/pages\/19514\/revisions"}],"predecessor-version":[{"id":20239,"href":"https:\/\/greencells.com\/ro\/wp-json\/wp\/v2\/pages\/19514\/revisions\/20239"}],"up":[{"embeddable":true,"href":"https:\/\/greencells.com\/ro\/wp-json\/wp\/v2\/pages\/18779"}],"wp:attachment":[{"href":"https:\/\/greencells.com\/ro\/wp-json\/wp\/v2\/media?parent=19514"}],"curies":[{"name":"wp","href":"https:\/\/api.w.org\/{rel}","templated":true}]}}