{"id":19703,"date":"2026-04-14T15:14:23","date_gmt":"2026-04-14T13:14:23","guid":{"rendered":"https:\/\/greencells.com\/?page_id=19703"},"modified":"2026-04-17T13:02:15","modified_gmt":"2026-04-17T11:02:15","slug":"cariere","status":"publish","type":"page","link":"https:\/\/greencells.com\/ro\/cariere\/","title":{"rendered":"Cariere"},"content":{"rendered":"<p>[et_pb_section fb_built=&#8221;1&#8243; fullwidth=&#8221;on&#8221; disabled_on=&#8221;off|off|off&#8221; admin_label=&#8221;Hero&#8221; _builder_version=&#8221;4.16&#8243; background_color=&#8221;#2b3648&#8243; custom_padding=&#8221;|||&#8221; transparent_background=&#8221;on&#8221; saved_tabs=&#8221;all&#8221; global_colors_info=&#8221;{}&#8221;][et_pb_fullwidth_header title=&#8221;CARIERE&#8221; text_orientation=&#8221;center&#8221; background_overlay_color=&#8221;#85bd35&#8243; subhead_font_color=&#8221;#bebebe&#8221; _builder_version=&#8221;4.27.5&#8243; title_level=&#8221;h3&#8243; title_font=&#8221;|300|||||||&#8221; title_text_color=&#8221;#ffffff&#8221; title_font_size=&#8221;32px&#8221; title_letter_spacing=&#8221;16px&#8221; content_font=&#8221;Montserrat||||&#8221; content_text_color=&#8221;#bfbfbf&#8221; content_line_height=&#8221;1.8em&#8221; subhead_font=&#8221;Montserrat||||&#8221; subhead_text_color=&#8221;#bebebe&#8221; subhead_line_height=&#8221;1.8em&#8221; background_color=&#8221;#2b3648&#8243; background_enable_image=&#8221;off&#8221; custom_padding=&#8221;0%||0%||false|false&#8221; animation_style=&#8221;fade&#8221; animation_duration=&#8221;1500ms&#8221; title_line_height_last_edited=&#8221;off|desktop&#8221; global_colors_info=&#8221;{}&#8221; button_one_text_size__hover_enabled=&#8221;off&#8221; button_two_text_size__hover_enabled=&#8221;off&#8221; button_one_text_color__hover_enabled=&#8221;off&#8221; button_two_text_color__hover_enabled=&#8221;off&#8221; button_one_border_width__hover_enabled=&#8221;off&#8221; button_two_border_width__hover_enabled=&#8221;off&#8221; button_one_border_color__hover_enabled=&#8221;off&#8221; button_two_border_color__hover_enabled=&#8221;off&#8221; button_one_border_radius__hover_enabled=&#8221;off&#8221; button_two_border_radius__hover_enabled=&#8221;off&#8221; button_one_letter_spacing__hover_enabled=&#8221;off&#8221; button_two_letter_spacing__hover_enabled=&#8221;off&#8221; button_one_bg_color__hover_enabled=&#8221;off&#8221; button_two_bg_color__hover_enabled=&#8221;off&#8221;][\/et_pb_fullwidth_header][\/et_pb_section][et_pb_section fb_built=&#8221;1&#8243; fullwidth=&#8221;on&#8221; _builder_version=&#8221;4.27.6&#8243; _module_preset=&#8221;default&#8221; background_image=&#8221;https:\/\/greencells.com\/wp-content\/uploads\/2026\/04\/GFX_Corporate_Careers_01_130426-scaled.jpg&#8221; background_position=&#8221;top_center&#8221; background_vertical_offset=&#8221;19%&#8221; custom_css_main_element=&#8221;overflow: hidden; height: 350px;&#8221; custom_css_free_form=&#8221;selector img { width: 100%; height: 100%; object-fit: cover; object-position: center 30%; }&#8221; global_colors_info=&#8221;{}&#8221;][et_pb_fullwidth_image src=&#8221;https:\/\/greencells.com\/wp-content\/uploads\/2026\/04\/GFX_Corporate_Careers_01_130426-scaled.jpg&#8221; title_text=&#8221;GFX_Corporate_Careers_01_130426&#8243; _builder_version=&#8221;4.27.6&#8243; _module_preset=&#8221;default&#8221; vertical_offset=&#8221;-778px&#8221; min_height=&#8221;100px&#8221; max_height=&#8221;300px&#8221; custom_css_main_element=&#8221;overflow: hidden; height: 350px;||&#8221; custom_css_free_form=&#8221;selector img { width: 100%; height: 100%; object-fit: cover; object-position: center 40%; }&#8221; global_colors_info=&#8221;{}&#8221;][\/et_pb_fullwidth_image][\/et_pb_section][et_pb_section fb_built=&#8221;1&#8243; _builder_version=&#8221;4.27.5&#8243; _module_preset=&#8221;default&#8221; min_height=&#8221;215.7px&#8221; custom_margin=&#8221;||0px||false|false&#8221; custom_padding=&#8221;0px||40px||false|false&#8221; locked=&#8221;off&#8221; global_colors_info=&#8221;{}&#8221;][et_pb_row _builder_version=&#8221;4.21.0&#8243; custom_padding=&#8221;50px||0px||false|false&#8221; locked=&#8221;off&#8221; global_colors_info=&#8221;{}&#8221; parallax_1__hover=&#8221;off&#8221; parallax_1__hover_enabled=&#8221;off&#8221; parallax_2__hover=&#8221;off&#8221; parallax_2__hover_enabled=&#8221;off&#8221; parallax_3__hover=&#8221;off&#8221; parallax_3__hover_enabled=&#8221;off&#8221; parallax_4__hover=&#8221;off&#8221; parallax_4__hover_enabled=&#8221;off&#8221; parallax_method_1__hover=&#8221;on&#8221; parallax_method_1__hover_enabled=&#8221;on&#8221; parallax_method_2__hover=&#8221;on&#8221; parallax_method_2__hover_enabled=&#8221;on&#8221; parallax_method_3__hover=&#8221;on&#8221; parallax_method_3__hover_enabled=&#8221;on&#8221; parallax_method_4__hover=&#8221;on&#8221; parallax_method_4__hover_enabled=&#8221;on&#8221;][et_pb_column type=&#8221;4_4&#8243; _builder_version=&#8221;4.16&#8243; custom_padding=&#8221;|||&#8221; global_colors_info=&#8221;{}&#8221; custom_padding__hover=&#8221;|||&#8221;][et_pb_text _builder_version=&#8221;4.27.5&#8243; text_font=&#8221;Ubuntu||||||||&#8221; text_text_color=&#8221;#838383&#8243; text_font_size=&#8221;18px&#8221; text_line_height=&#8221;30px&#8221; header_font=&#8221;Source Sans Pro||||||||&#8221; header_2_font=&#8221;Source Sans Pro|600|||||||&#8221; header_2_text_color=&#8221;#2b3648&#8243; header_2_font_size=&#8221;58px&#8221; header_2_line_height=&#8221;1.4em&#8221; header_4_font=&#8221;Source Sans Pro|||on|||||&#8221; header_4_text_color=&#8221;#85bd35&#8243; header_4_font_size=&#8221;16px&#8221; header_4_letter_spacing=&#8221;2px&#8221; header_4_line_height=&#8221;1.6em&#8221; text_orientation=&#8221;center&#8221; max_width=&#8221;700px&#8221; module_alignment=&#8221;center&#8221; min_height=&#8221;6.6px&#8221; custom_margin=&#8221;||0px||false|false&#8221; custom_padding=&#8221;3px||0px||false|false&#8221; header_2_font_size_tablet=&#8221;30px&#8221; header_2_font_size_phone=&#8221;22px&#8221; header_2_font_size_last_edited=&#8221;on|phone&#8221; header_4_font_size_tablet=&#8221;&#8221; header_4_font_size_phone=&#8221;14px&#8221; header_4_font_size_last_edited=&#8221;on|phone&#8221; locked=&#8221;off&#8221; global_colors_info=&#8221;{}&#8221;]<\/p>\n<h4>CONSTRUIM ENERGIE CURAT\u0102 &#8211; \u00ceMPREUN\u0102<\/h4>\n<p>[\/et_pb_text][et_pb_text _builder_version=&#8221;4.27.5&#8243; text_font=&#8221;Source Sans Pro||||||||&#8221; text_text_color=&#8221;#838383&#8243; text_font_size=&#8221;18px&#8221; text_line_height=&#8221;30px&#8221; header_font=&#8221;Source Sans Pro||||||||&#8221; header_2_font=&#8221;Source Sans Pro||||||||&#8221; header_2_text_color=&#8221;#2b3648&#8243; header_2_font_size=&#8221;24px&#8221; header_2_letter_spacing=&#8221;6px&#8221; header_2_line_height=&#8221;1.4em&#8221; header_4_font=&#8221;Ubuntu|700||on|||||&#8221; header_4_text_color=&#8221;#85bd35&#8243; header_4_font_size=&#8221;16px&#8221; header_4_letter_spacing=&#8221;2px&#8221; header_4_line_height=&#8221;1.6em&#8221; text_orientation=&#8221;center&#8221; max_width=&#8221;700px&#8221; module_alignment=&#8221;center&#8221; custom_margin=&#8221;0px||||false|false&#8221; custom_padding=&#8221;0px||13px||false|false&#8221; header_2_font_size_tablet=&#8221;30px&#8221; header_2_font_size_phone=&#8221;22px&#8221; header_2_font_size_last_edited=&#8221;on|phone&#8221; header_4_font_size_tablet=&#8221;&#8221; header_4_font_size_phone=&#8221;14px&#8221; header_4_font_size_last_edited=&#8221;on|phone&#8221; locked=&#8221;off&#8221; global_colors_info=&#8221;{}&#8221;]<\/p>\n<h2>CARIERE LA GREENCELLS<\/h2>\n<p>[\/et_pb_text][\/et_pb_column][\/et_pb_row][et_pb_row _builder_version=&#8221;4.18.1&#8243; _module_preset=&#8221;default&#8221; custom_margin=&#8221;|auto|-25px|auto|false|false&#8221; custom_padding=&#8221;0px||0px||false|false&#8221; global_colors_info=&#8221;{}&#8221;][et_pb_column type=&#8221;4_4&#8243; _builder_version=&#8221;4.16&#8243; _module_preset=&#8221;default&#8221; global_colors_info=&#8221;{}&#8221;][et_pb_text _builder_version=&#8221;4.27.6&#8243; _module_preset=&#8221;default&#8221; custom_padding=&#8221;||0px|||&#8221; hover_enabled=&#8221;0&#8243; locked=&#8221;off&#8221; global_colors_info=&#8221;{}&#8221; sticky_enabled=&#8221;0&#8243;]<\/p>\n<p>Greencells nu construie\u0219te doar centrale solare &#8211; noi contribuim la modelarea viitorului energetic al Europei. Cu convingere, responsabilitate \u0219i echipe puternice. <\/p>\n<p>Cu peste 180 de proiecte finalizate \u0219i o capacitate instalat\u0103 de peste 3,3 GWp, suntem unul dintre cei mai importan\u021bi furnizori de EPC \u0219i O&amp;M din Europa pentru energia solar\u0103 la scar\u0103 utilitar\u0103. Oferim servicii de inginerie, construc\u021bie \u0219i O&amp;M tehnic pentru centrale fotovoltaice conectate la re\u021bea \u00een Germania, \u021a\u0103rile de Jos, Regatul Unit, Irlanda, Rom\u00e2nia \u0219i Ungaria &#8211; \u00een mod eficient, fiabil \u0219i privind \u00eentotdeauna \u00eenainte. Informa\u021bii suplimentare despre compania noastr\u0103 pot fi g\u0103site <a href=\"https:\/\/staging.greencells.com\/about-us\/\">aici<\/a>.  <\/p>\n<p>Ce ne motiveaz\u0103:<strong><br \/>Construim solu\u021bii de energie curat\u0103 pentru un viitor mai bun.<\/strong><\/p>\n<p>Nu este doar o linie &#8211; este ceea ce reprezent\u0103m.<\/p>\n<p>Iar modul \u00een care lucr\u0103m reflect\u0103 acest lucru: Ne asum\u0103m responsabilitatea. Ascult\u0103m, g\u00e2ndim \u00een perspectiv\u0103 \u0219i ac\u021bion\u0103m cu scop. R\u0103m\u00e2nem pragmatici atunci c\u00e2nd lucrurile devin complexe. \u0218i ne sus\u021binem reciproc atunci c\u00e2nd conteaz\u0103. Pentru noi, calitatea nu este un angajament &#8211; este o mentalitate.    <\/p>\n<p>Fie c\u0103 gestiona\u021bi proiecte, concepe\u021bi sisteme, face\u021bi bilan\u021buri contabile sau modela\u021bi comunicarea &#8211; aici ve\u021bi g\u0103si libertate, nu structuri rigide. Ideile tale conteaz\u0103. Ini\u021biativa ta este binevenit\u0103. Iar impactul dumneavoastr\u0103 este tangibil &#8211; \u00een rezultate, \u00een echipe, \u00een tranzi\u021bia energetic\u0103.   <\/p>\n<p>La Greencells, ve\u021bi lucra \u00een echipe interculturale \u0219i interdisciplinare &#8211; cu ierarhii plate, cu o responsabilitate real\u0103 \u0219i cu \u0219ansa de a v\u0103 pune amprenta. Modelele de lucru flexibile, \u00eencrederea reciproc\u0103 \u0219i oportunit\u0103\u021bile de dezvoltare fac parte din cultura noastr\u0103 la fel de mult ca ambi\u021bia comun\u0103 de a avansa &#8211; profesional \u0219i personal. <\/p>\n<p><strong>Dac\u0103 vi se pare genul de loc pe care \u00eel c\u0103uta\u021bi &#8211; ne-ar pl\u0103cea s\u0103 v\u0103 cunoa\u0219tem.<\/strong><\/p>\n<p>&nbsp;<\/p>\n<p>[\/et_pb_text][\/et_pb_column][\/et_pb_row][\/et_pb_section][et_pb_section fb_built=&#8221;1&#8243; _builder_version=&#8221;4.27.5&#8243; _module_preset=&#8221;default&#8221; background_color=&#8221;#f7f7f7&#8243; min_height=&#8221;215.7px&#8221; custom_margin=&#8221;||0px||false|false&#8221; custom_padding=&#8221;0px||40px||false|false&#8221; locked=&#8221;off&#8221; global_colors_info=&#8221;{}&#8221;][et_pb_row _builder_version=&#8221;4.21.0&#8243; custom_padding=&#8221;50px||0px||false|false&#8221; locked=&#8221;off&#8221; global_colors_info=&#8221;{}&#8221; parallax_1__hover=&#8221;off&#8221; parallax_1__hover_enabled=&#8221;off&#8221; parallax_2__hover=&#8221;off&#8221; parallax_2__hover_enabled=&#8221;off&#8221; parallax_3__hover=&#8221;off&#8221; parallax_3__hover_enabled=&#8221;off&#8221; parallax_4__hover=&#8221;off&#8221; parallax_4__hover_enabled=&#8221;off&#8221; parallax_method_1__hover=&#8221;on&#8221; parallax_method_1__hover_enabled=&#8221;on&#8221; parallax_method_2__hover=&#8221;on&#8221; parallax_method_2__hover_enabled=&#8221;on&#8221; parallax_method_3__hover=&#8221;on&#8221; parallax_method_3__hover_enabled=&#8221;on&#8221; parallax_method_4__hover=&#8221;on&#8221; parallax_method_4__hover_enabled=&#8221;on&#8221;][et_pb_column type=&#8221;4_4&#8243; _builder_version=&#8221;4.16&#8243; custom_padding=&#8221;|||&#8221; global_colors_info=&#8221;{}&#8221; custom_padding__hover=&#8221;|||&#8221;][et_pb_text _builder_version=&#8221;4.27.6&#8243; text_font=&#8221;Ubuntu||||||||&#8221; text_text_color=&#8221;#838383&#8243; text_font_size=&#8221;18px&#8221; text_line_height=&#8221;30px&#8221; header_font=&#8221;Source Sans Pro||||||||&#8221; header_2_font=&#8221;Source Sans Pro|600|||||||&#8221; header_2_text_color=&#8221;#2b3648&#8243; header_2_font_size=&#8221;58px&#8221; header_2_line_height=&#8221;1.4em&#8221; header_4_font=&#8221;Source Sans Pro|||on|||||&#8221; header_4_text_color=&#8221;#85bd35&#8243; header_4_font_size=&#8221;16px&#8221; header_4_letter_spacing=&#8221;2px&#8221; header_4_line_height=&#8221;1.6em&#8221; text_orientation=&#8221;center&#8221; max_width=&#8221;700px&#8221; module_alignment=&#8221;center&#8221; min_height=&#8221;6.6px&#8221; custom_margin=&#8221;||0px||false|false&#8221; custom_padding=&#8221;3px||0px||false|false&#8221; hover_enabled=&#8221;0&#8243; header_2_font_size_tablet=&#8221;30px&#8221; header_2_font_size_phone=&#8221;22px&#8221; header_2_font_size_last_edited=&#8221;on|phone&#8221; header_4_font_size_tablet=&#8221;&#8221; header_4_font_size_phone=&#8221;14px&#8221; header_4_font_size_last_edited=&#8221;on|phone&#8221; locked=&#8221;off&#8221; global_colors_info=&#8221;{}&#8221; sticky_enabled=&#8221;0&#8243;]<\/p>\n<h4>OPORTUNIT\u0102\u021aI DE CARIER\u0102<\/h4>\n<p>[\/et_pb_text][et_pb_text _builder_version=&#8221;4.27.6&#8243; text_font=&#8221;Source Sans Pro||||||||&#8221; text_text_color=&#8221;#838383&#8243; text_font_size=&#8221;18px&#8221; text_line_height=&#8221;30px&#8221; header_font=&#8221;Source Sans Pro||||||||&#8221; header_2_font=&#8221;Source Sans Pro||||||||&#8221; header_2_text_color=&#8221;#2b3648&#8243; header_2_font_size=&#8221;24px&#8221; header_2_letter_spacing=&#8221;6px&#8221; header_2_line_height=&#8221;1.4em&#8221; header_4_font=&#8221;Ubuntu|700||on|||||&#8221; header_4_text_color=&#8221;#85bd35&#8243; header_4_font_size=&#8221;16px&#8221; header_4_letter_spacing=&#8221;2px&#8221; header_4_line_height=&#8221;1.6em&#8221; text_orientation=&#8221;center&#8221; max_width=&#8221;700px&#8221; module_alignment=&#8221;center&#8221; custom_margin=&#8221;0px||||false|false&#8221; custom_padding=&#8221;0px||13px||false|false&#8221; hover_enabled=&#8221;0&#8243; header_2_font_size_tablet=&#8221;30px&#8221; header_2_font_size_phone=&#8221;22px&#8221; header_2_font_size_last_edited=&#8221;on|phone&#8221; header_4_font_size_tablet=&#8221;&#8221; header_4_font_size_phone=&#8221;14px&#8221; header_4_font_size_last_edited=&#8221;on|phone&#8221; locked=&#8221;off&#8221; global_colors_info=&#8221;{}&#8221; sticky_enabled=&#8221;0&#8243;]<\/p>\n<h2>POZI\u021aII DESCHISE<\/h2>\n<p>[\/et_pb_text][\/et_pb_column][\/et_pb_row][et_pb_row _builder_version=&#8221;4.18.1&#8243; _module_preset=&#8221;default&#8221; custom_margin=&#8221;|auto|-25px|auto|false|false&#8221; custom_padding=&#8221;0px||0px||false|false&#8221; global_colors_info=&#8221;{}&#8221;][et_pb_column type=&#8221;4_4&#8243; _builder_version=&#8221;4.16&#8243; _module_preset=&#8221;default&#8221; global_colors_info=&#8221;{}&#8221;][et_pb_text _builder_version=&#8221;4.27.6&#8243; _module_preset=&#8221;default&#8221; text_font=&#8221;Source Sans Pro||||||||&#8221; text_orientation=&#8221;justified&#8221; min_height=&#8221;100px&#8221; custom_margin=&#8221;||0px||false|false&#8221; custom_padding=&#8221;10px||45px||false|false&#8221; hover_enabled=&#8221;0&#8243; locked=&#8221;off&#8221; global_colors_info=&#8221;{}&#8221; sticky_enabled=&#8221;0&#8243;]<\/p>\n<p>Explora\u021bi oportunit\u0103\u021bile actuale de carier\u0103 la Greencells. Fie c\u0103 dori\u021bi s\u0103 contribui\u021bi din partea echipelor noastre corporative sau direct pe \u0219antierele proiectelor noastre, ve\u021bi g\u0103si roluri care sprijin\u0103 dezvoltarea, construc\u021bia \u0219i operarea proiectelor solare la scar\u0103 utilitar\u0103 din \u00eentreaga Europ\u0103. <\/p>\n<p>Selecta\u021bi calea care se potrive\u0219te profilului dvs. \u0219i descoperi\u021bi cum pute\u021bi contribui la crearea de solu\u021bii de energie curat\u0103 \u00eempreun\u0103 cu noi.<\/p>\n<p>[\/et_pb_text][\/et_pb_column][\/et_pb_row][et_pb_row _builder_version=&#8221;4.27.6&#8243; _module_preset=&#8221;default&#8221; column_structure=&#8221;1_2,1_2&#8243;][et_pb_column _builder_version=&#8221;4.27.6&#8243; _module_preset=&#8221;default&#8221; type=&#8221;1_2&#8243;][et_pb_blurb title=&#8221;CARIERE CORPORATIVE&#8221; image=&#8221;https:\/\/greencells.com\/wp-content\/uploads\/2026\/04\/GFX_Corporate_Careers_04_130426-scaled.jpg&#8221; _builder_version=&#8221;4.27.6&#8243; _module_preset=&#8221;default&#8221; hover_enabled=&#8221;0&#8243; sticky_enabled=&#8221;0&#8243; title_text=&#8221;GFX_Corporate_Careers_04_130426&#8243; link_option_url_new_window=&#8221;on&#8221; url_new_window=&#8221;on&#8221; link_option_url=&#8221;https:\/\/greencells.com\/ro\/cariere\/cariere-corporative\/&#8221; url=&#8221;https:\/\/greencells.com\/ro\/cariere\/cariere-corporative\/&#8221; header_letter_spacing=&#8221;3px&#8221;]<\/p>\n<p>Al\u0103tura\u021bi-v\u0103 echipelor noastre corporative din domenii precum inginerie, finan\u021be, managementul proiectelor, juridic, resurse umane, marketing \u0219i servicii corporative. Lucra\u021bi \u00een centrul organiza\u021biei noastre \u0219i contribui\u021bi la modelarea viitorului proiectelor solare utilitare din \u00eentreaga Europ\u0103. <\/p>\n<p>[\/et_pb_blurb][\/et_pb_column][et_pb_column _builder_version=&#8221;4.27.6&#8243; _module_preset=&#8221;default&#8221; type=&#8221;1_2&#8243;][et_pb_blurb title=&#8221;CARIERE LA FA\u021aA LOCULUI&#8221; image=&#8221;https:\/\/greencells.com\/wp-content\/uploads\/2026\/04\/GFX_Onsite_Careers_01_160426-scaled.jpg&#8221; _builder_version=&#8221;4.27.6&#8243; _module_preset=&#8221;default&#8221; hover_enabled=&#8221;0&#8243; sticky_enabled=&#8221;0&#8243; title_text=&#8221;GFX_Onsite_Careers_01_160426&#8243; link_option_url_new_window=&#8221;on&#8221; url_new_window=&#8221;on&#8221; link_option_url=&#8221;https:\/\/greencells.com\/ro\/cariere\/cariere-in-executie\/&#8221; url=&#8221;https:\/\/greencells.com\/ro\/cariere\/cariere-in-executie\/&#8221; header_letter_spacing=&#8221;3px&#8221;]<\/p>\n<p>F\u0103 parte din echipele care construiesc proiectele noastre solare \u00een Europa. De la construc\u021bii \u0219i instala\u021bii electrice p\u00e2n\u0103 la punerea \u00een func\u021biune \u0219i gestionarea \u0219antierului &#8211; rolurile noastre la fa\u021ba locului transform\u0103 planurile \u00een parcuri solare opera\u021bionale. <\/p>\n<p>[\/et_pb_blurb][\/et_pb_column][\/et_pb_row][\/et_pb_section]<\/p>\n","protected":false},"excerpt":{"rendered":"<p>CONSTRUIM ENERGIE CURAT\u0102 &#8211; \u00ceMPREUN\u0102CARIERE LA GREENCELLSGreencells nu construie\u0219te doar centrale solare &#8211; noi contribuim la modelarea viitorului energetic al Europei. Cu convingere, responsabilitate \u0219i echipe puternice. Cu peste 180 de proiecte finalizate \u0219i o capacitate instalat\u0103 de peste 3,3 GWp, suntem unul dintre cei mai importan\u021bi furnizori de EPC \u0219i O&amp;M din Europa pentru [&hellip;]<\/p>\n","protected":false},"author":22,"featured_media":0,"parent":0,"menu_order":0,"comment_status":"closed","ping_status":"closed","template":"","meta":{"_et_pb_use_builder":"on","_et_pb_old_content":"","_et_gb_content_width":"","footnotes":""},"class_list":["post-19703","page","type-page","status-publish","hentry"],"yoast_head":"<!-- This site is optimized with the Yoast SEO plugin v27.4 - https:\/\/yoast.com\/product\/yoast-seo-wordpress\/ -->\n<title>Cariere | Greencells Group - Lucra\u021bi cu scop \u00een domeniul energiei solare<\/title>\n<meta name=\"description\" content=\"Cariere la Greencells Group: Al\u0103tura\u021bi-v\u0103 echipei noastre globale EPC \u0219i contribui\u021bi la modelarea viitorului energiei solare ca inginer, electrician sau controlor.\" \/>\n<meta name=\"robots\" content=\"index, follow, max-snippet:-1, max-image-preview:large, max-video-preview:-1\" \/>\n<link rel=\"canonical\" href=\"https:\/\/greencells.com\/ro\/cariere\/\" \/>\n<meta property=\"og:locale\" content=\"ro_RO\" \/>\n<meta property=\"og:type\" content=\"article\" \/>\n<meta property=\"og:title\" content=\"Cariere | Greencells Group - Lucra\u021bi cu scop \u00een domeniul energiei solare\" \/>\n<meta property=\"og:description\" content=\"Cariere la Greencells Group: Al\u0103tura\u021bi-v\u0103 echipei noastre globale EPC \u0219i contribui\u021bi la modelarea viitorului energiei solare ca inginer, electrician sau controlor.\" \/>\n<meta property=\"og:url\" content=\"https:\/\/greencells.com\/ro\/cariere\/\" \/>\n<meta property=\"og:site_name\" content=\"Greencells Group\" \/>\n<meta property=\"article:modified_time\" content=\"2026-04-17T11:02:15+00:00\" \/>\n<meta name=\"twitter:card\" content=\"summary_large_image\" \/>\n<meta name=\"twitter:label1\" content=\"Timp estimat pentru citire\" \/>\n\t<meta name=\"twitter:data1\" content=\"2 minute\" \/>\n<script type=\"application\/ld+json\" class=\"yoast-schema-graph\">{\"@context\":\"https:\\\/\\\/schema.org\",\"@graph\":[{\"@type\":\"WebPage\",\"@id\":\"https:\\\/\\\/greencells.com\\\/ro\\\/cariere\\\/\",\"url\":\"https:\\\/\\\/greencells.com\\\/ro\\\/cariere\\\/\",\"name\":\"Cariere | Greencells Group - Lucra\u021bi cu scop \u00een domeniul energiei solare\",\"isPartOf\":{\"@id\":\"https:\\\/\\\/greencells.com\\\/ro\\\/#website\"},\"datePublished\":\"2026-04-14T13:14:23+00:00\",\"dateModified\":\"2026-04-17T11:02:15+00:00\",\"description\":\"Cariere la Greencells Group: Al\u0103tura\u021bi-v\u0103 echipei noastre globale EPC \u0219i contribui\u021bi la modelarea viitorului energiei solare ca inginer, electrician sau controlor.\",\"breadcrumb\":{\"@id\":\"https:\\\/\\\/greencells.com\\\/ro\\\/cariere\\\/#breadcrumb\"},\"inLanguage\":\"ro-RO\",\"potentialAction\":[{\"@type\":\"ReadAction\",\"target\":[\"https:\\\/\\\/greencells.com\\\/ro\\\/cariere\\\/\"]}]},{\"@type\":\"BreadcrumbList\",\"@id\":\"https:\\\/\\\/greencells.com\\\/ro\\\/cariere\\\/#breadcrumb\",\"itemListElement\":[{\"@type\":\"ListItem\",\"position\":1,\"name\":\"Home\",\"item\":\"https:\\\/\\\/greencells.com\\\/ro\\\/acasa\\\/\"},{\"@type\":\"ListItem\",\"position\":2,\"name\":\"Cariere\"}]},{\"@type\":\"WebSite\",\"@id\":\"https:\\\/\\\/greencells.com\\\/ro\\\/#website\",\"url\":\"https:\\\/\\\/greencells.com\\\/ro\\\/\",\"name\":\"Greencells Group\",\"description\":\"Greencells Group Homepage\",\"potentialAction\":[{\"@type\":\"SearchAction\",\"target\":{\"@type\":\"EntryPoint\",\"urlTemplate\":\"https:\\\/\\\/greencells.com\\\/ro\\\/?s={search_term_string}\"},\"query-input\":{\"@type\":\"PropertyValueSpecification\",\"valueRequired\":true,\"valueName\":\"search_term_string\"}}],\"inLanguage\":\"ro-RO\"}]}<\/script>\n<!-- \/ Yoast SEO plugin. -->","yoast_head_json":{"title":"Cariere | Greencells Group - Lucra\u021bi cu scop \u00een domeniul energiei solare","description":"Cariere la Greencells Group: Al\u0103tura\u021bi-v\u0103 echipei noastre globale EPC \u0219i contribui\u021bi la modelarea viitorului energiei solare ca inginer, electrician sau controlor.","robots":{"index":"index","follow":"follow","max-snippet":"max-snippet:-1","max-image-preview":"max-image-preview:large","max-video-preview":"max-video-preview:-1"},"canonical":"https:\/\/greencells.com\/ro\/cariere\/","og_locale":"ro_RO","og_type":"article","og_title":"Cariere | Greencells Group - Lucra\u021bi cu scop \u00een domeniul energiei solare","og_description":"Cariere la Greencells Group: Al\u0103tura\u021bi-v\u0103 echipei noastre globale EPC \u0219i contribui\u021bi la modelarea viitorului energiei solare ca inginer, electrician sau controlor.","og_url":"https:\/\/greencells.com\/ro\/cariere\/","og_site_name":"Greencells Group","article_modified_time":"2026-04-17T11:02:15+00:00","twitter_card":"summary_large_image","twitter_misc":{"Timp estimat pentru citire":"2 minute"},"schema":{"@context":"https:\/\/schema.org","@graph":[{"@type":"WebPage","@id":"https:\/\/greencells.com\/ro\/cariere\/","url":"https:\/\/greencells.com\/ro\/cariere\/","name":"Cariere | Greencells Group - Lucra\u021bi cu scop \u00een domeniul energiei solare","isPartOf":{"@id":"https:\/\/greencells.com\/ro\/#website"},"datePublished":"2026-04-14T13:14:23+00:00","dateModified":"2026-04-17T11:02:15+00:00","description":"Cariere la Greencells Group: Al\u0103tura\u021bi-v\u0103 echipei noastre globale EPC \u0219i contribui\u021bi la modelarea viitorului energiei solare ca inginer, electrician sau controlor.","breadcrumb":{"@id":"https:\/\/greencells.com\/ro\/cariere\/#breadcrumb"},"inLanguage":"ro-RO","potentialAction":[{"@type":"ReadAction","target":["https:\/\/greencells.com\/ro\/cariere\/"]}]},{"@type":"BreadcrumbList","@id":"https:\/\/greencells.com\/ro\/cariere\/#breadcrumb","itemListElement":[{"@type":"ListItem","position":1,"name":"Home","item":"https:\/\/greencells.com\/ro\/acasa\/"},{"@type":"ListItem","position":2,"name":"Cariere"}]},{"@type":"WebSite","@id":"https:\/\/greencells.com\/ro\/#website","url":"https:\/\/greencells.com\/ro\/","name":"Greencells Group","description":"Greencells Group Homepage","potentialAction":[{"@type":"SearchAction","target":{"@type":"EntryPoint","urlTemplate":"https:\/\/greencells.com\/ro\/?s={search_term_string}"},"query-input":{"@type":"PropertyValueSpecification","valueRequired":true,"valueName":"search_term_string"}}],"inLanguage":"ro-RO"}]}},"_links":{"self":[{"href":"https:\/\/greencells.com\/ro\/wp-json\/wp\/v2\/pages\/19703","targetHints":{"allow":["GET"]}}],"collection":[{"href":"https:\/\/greencells.com\/ro\/wp-json\/wp\/v2\/pages"}],"about":[{"href":"https:\/\/greencells.com\/ro\/wp-json\/wp\/v2\/types\/page"}],"author":[{"embeddable":true,"href":"https:\/\/greencells.com\/ro\/wp-json\/wp\/v2\/users\/22"}],"replies":[{"embeddable":true,"href":"https:\/\/greencells.com\/ro\/wp-json\/wp\/v2\/comments?post=19703"}],"version-history":[{"count":9,"href":"https:\/\/greencells.com\/ro\/wp-json\/wp\/v2\/pages\/19703\/revisions"}],"predecessor-version":[{"id":19892,"href":"https:\/\/greencells.com\/ro\/wp-json\/wp\/v2\/pages\/19703\/revisions\/19892"}],"wp:attachment":[{"href":"https:\/\/greencells.com\/ro\/wp-json\/wp\/v2\/media?parent=19703"}],"curies":[{"name":"wp","href":"https:\/\/api.w.org\/{rel}","templated":true}]}}